{"id":49,"date":"2020-10-29T09:51:51","date_gmt":"2020-10-29T09:51:51","guid":{"rendered":"http:\/\/89.166.51.80\/~leppaveden\/hameenmaen-osakaskunta\/?page_id=49"},"modified":"2025-05-06T19:22:06","modified_gmt":"2025-05-06T19:22:06","slug":"paatokset","status":"publish","type":"page","link":"https:\/\/leppavedenhankasalmenkalatalousalue.fi\/finni\/paatokset\/","title":{"rendered":"Pyydys- ja pyyntirajoitukset"},"content":{"rendered":"\n<h2 class=\"wp-block-heading\"><\/h2>\n\n\n\n<h3 class=\"wp-block-heading\">Pyydys- ja pyyntirajoitukset<\/h3>\n\n\n\n<p><\/p>\n\n\n\n<p><strong>Pyydysrajoitukset:<\/strong><br>Solmuv\u00e4lilt\u00e4\u00e4n 31-49 mm verkkojen k\u00e4ytt\u00f6 on kielletty Peurungassa, Pieni-Peurungassa ja Iso-Kuukkasessa. <strong>Lis\u00e4ksi Peurungassa on v\u00e4livesi- ja pintaverkkojen k\u00e4ytt\u00f6 kielletty. <\/strong>Karhuj\u00e4rvess\u00e4, S\u00e4rkij\u00e4rvess\u00e4 ja Rajaj\u00e4rvess\u00e4 solmuv\u00e4lilt\u00e4\u00e4n alle 50mm verkkojen k\u00e4ytt\u00f6 on kielletty. Vatianj\u00e4rvell\u00e4 kalatalousalue on kielt\u00e4nyt solmuv\u00e4lilt\u00e4\u00e4n 31-54 mm verkkojen k\u00e4yt\u00f6n 1.6.-30.11 v\u00e4lisen\u00e4 aikana sek\u00e4 alle 55 mm verkkojen k\u00e4yt\u00f6n 1.12.-31.5. Verkon suurin sallittu korkeus on 5 m ja suurin sallittu verkkojatan pituus 180 m.<\/p>\n\n\n\n<p><\/p>\n\n\n\n<p><strong>Kalastusasetuksesta poikkeavat alamitat<\/strong><br>Rasvaev\u00e4leikatun taimenen alin pyyntimitta on 60 cm (Lepp\u00e4veden-Hankasalmen kalatalousalue \/ ELYn kalastusrajoitusp\u00e4\u00e4t\u00f6s). Ajantasaiset kalastusrajoitukset l\u00f6ytyv\u00e4t internetosoitteesta kalastusrajoitus.fi..<\/p>\n\n\n\n<p><strong>Rauhoitusalueet<\/strong><br>Peurungassa ja Pieni-Peurungassa Salmensilta molemmin puolin 100m sek\u00e4 Peurunkajoen suu Vatianj\u00e4rven puolella.<\/p>\n\n\n\n<p>Vesilintujen mets\u00e4stys on kielletty osakaskunnan alueella Pieni-Peurungassa ja Peurungassa. Piisamin pyynti mets\u00e4styslain mukaisesti.&nbsp; Ravustus on sallittua vain osakkaille.<\/p>\n","protected":false},"excerpt":{"rendered":"<p>Pyydys- ja pyyntirajoitukset Pyydysrajoitukset:Solmuv\u00e4lilt\u00e4\u00e4n 31-49 mm verkkojen k\u00e4ytt\u00f6 on kielletty Peurungassa, Pieni-Peurungassa ja Iso-Kuukkasessa. Lis\u00e4ksi Peurungassa on v\u00e4livesi- ja pintaverkkojen k\u00e4ytt\u00f6 kielletty. Karhuj\u00e4rvess\u00e4, S\u00e4rkij\u00e4rvess\u00e4 ja Rajaj\u00e4rvess\u00e4 solmuv\u00e4lilt\u00e4\u00e4n alle 50mm verkkojen k\u00e4ytt\u00f6 on kielletty. Vatianj\u00e4rvell\u00e4 kalatalousalue on kielt\u00e4nyt solmuv\u00e4lilt\u00e4\u00e4n 31-54 mm verkkojen k\u00e4yt\u00f6n 1.6.-30.11 v\u00e4lisen\u00e4 aikana sek\u00e4 alle 55 mm verkkojen k\u00e4yt\u00f6n 1.12.-31.5. Verkon suurin sallittu<\/p>\n<p><a class=\"moretag\" href=\"https:\/\/leppavedenhankasalmenkalatalousalue.fi\/finni\/paatokset\/\"> Lue lis\u00e4\u00e4 ><\/a><\/p>\n","protected":false},"author":1,"featured_media":0,"parent":0,"menu_order":0,"comment_status":"closed","ping_status":"closed","template":"basic-sivu.php","meta":{"_acf_changed":false,"footnotes":""},"class_list":["post-49","page","type-page","status-publish","hentry"],"acf":[],"yoast_head":"<!-- This site is optimized with the Yoast SEO plugin v27.1.1 - https:\/\/yoast.com\/product\/yoast-seo-wordpress\/ -->\n<title>Pyydys- ja pyyntirajoitukset - Finnin osakaskunta<\/title>\n<meta name=\"robots\" content=\"index, follow, max-snippet:-1, max-image-preview:large, max-video-preview:-1\" \/>\n<link rel=\"canonical\" href=\"https:\/\/leppavedenhankasalmenkalatalousalue.fi\/finni\/paatokset\/\" \/>\n<meta property=\"og:locale\" content=\"fi_FI\" \/>\n<meta property=\"og:type\" content=\"article\" \/>\n<meta property=\"og:title\" content=\"Pyydys- ja pyyntirajoitukset - Finnin osakaskunta\" \/>\n<meta property=\"og:description\" content=\"Pyydys- ja pyyntirajoitukset Pyydysrajoitukset:Solmuv\u00e4lilt\u00e4\u00e4n 31-49 mm verkkojen k\u00e4ytt\u00f6 on kielletty Peurungassa, Pieni-Peurungassa ja Iso-Kuukkasessa. Lis\u00e4ksi Peurungassa on v\u00e4livesi- ja pintaverkkojen k\u00e4ytt\u00f6 kielletty. Karhuj\u00e4rvess\u00e4, S\u00e4rkij\u00e4rvess\u00e4 ja Rajaj\u00e4rvess\u00e4 solmuv\u00e4lilt\u00e4\u00e4n alle 50mm verkkojen k\u00e4ytt\u00f6 on kielletty. Vatianj\u00e4rvell\u00e4 kalatalousalue on kielt\u00e4nyt solmuv\u00e4lilt\u00e4\u00e4n 31-54 mm verkkojen k\u00e4yt\u00f6n 1.6.-30.11 v\u00e4lisen\u00e4 aikana sek\u00e4 alle 55 mm verkkojen k\u00e4yt\u00f6n 1.12.-31.5. Verkon suurin sallittu Lue lis\u00e4\u00e4 &gt;\" \/>\n<meta property=\"og:url\" content=\"https:\/\/leppavedenhankasalmenkalatalousalue.fi\/finni\/paatokset\/\" \/>\n<meta property=\"og:site_name\" content=\"Finnin osakaskunta\" \/>\n<meta property=\"article:modified_time\" content=\"2025-05-06T19:22:06+00:00\" \/>\n<meta name=\"twitter:card\" content=\"summary_large_image\" \/>\n<meta name=\"twitter:label1\" content=\"Arvioitu lukuaika\" \/>\n\t<meta name=\"twitter:data1\" content=\"1 minuutti\" \/>\n<script type=\"application\/ld+json\" class=\"yoast-schema-graph\">{\"@context\":\"https:\/\/schema.org\",\"@graph\":[{\"@type\":\"WebPage\",\"@id\":\"https:\/\/leppavedenhankasalmenkalatalousalue.fi\/finni\/paatokset\/\",\"url\":\"https:\/\/leppavedenhankasalmenkalatalousalue.fi\/finni\/paatokset\/\",\"name\":\"Pyydys- ja pyyntirajoitukset - Finnin osakaskunta\",\"isPartOf\":{\"@id\":\"https:\/\/leppavedenhankasalmenkalatalousalue.fi\/finni\/#website\"},\"datePublished\":\"2020-10-29T09:51:51+00:00\",\"dateModified\":\"2025-05-06T19:22:06+00:00\",\"breadcrumb\":{\"@id\":\"https:\/\/leppavedenhankasalmenkalatalousalue.fi\/finni\/paatokset\/#breadcrumb\"},\"inLanguage\":\"fi\",\"potentialAction\":[{\"@type\":\"ReadAction\",\"target\":[\"https:\/\/leppavedenhankasalmenkalatalousalue.fi\/finni\/paatokset\/\"]}]},{\"@type\":\"BreadcrumbList\",\"@id\":\"https:\/\/leppavedenhankasalmenkalatalousalue.fi\/finni\/paatokset\/#breadcrumb\",\"itemListElement\":[{\"@type\":\"ListItem\",\"position\":1,\"name\":\"Home\",\"item\":\"https:\/\/leppavedenhankasalmenkalatalousalue.fi\/finni\/\"},{\"@type\":\"ListItem\",\"position\":2,\"name\":\"Pyydys- ja pyyntirajoitukset\"}]},{\"@type\":\"WebSite\",\"@id\":\"https:\/\/leppavedenhankasalmenkalatalousalue.fi\/finni\/#website\",\"url\":\"https:\/\/leppavedenhankasalmenkalatalousalue.fi\/finni\/\",\"name\":\"Finnin osakaskunta\",\"description\":\"\",\"potentialAction\":[{\"@type\":\"SearchAction\",\"target\":{\"@type\":\"EntryPoint\",\"urlTemplate\":\"https:\/\/leppavedenhankasalmenkalatalousalue.fi\/finni\/?s={search_term_string}\"},\"query-input\":{\"@type\":\"PropertyValueSpecification\",\"valueRequired\":true,\"valueName\":\"search_term_string\"}}],\"inLanguage\":\"fi\"}]}<\/script>\n<!-- \/ Yoast SEO plugin. -->","yoast_head_json":{"title":"Pyydys- ja pyyntirajoitukset - Finnin osakaskunta","robots":{"index":"index","follow":"follow","max-snippet":"max-snippet:-1","max-image-preview":"max-image-preview:large","max-video-preview":"max-video-preview:-1"},"canonical":"https:\/\/leppavedenhankasalmenkalatalousalue.fi\/finni\/paatokset\/","og_locale":"fi_FI","og_type":"article","og_title":"Pyydys- ja pyyntirajoitukset - Finnin osakaskunta","og_description":"Pyydys- ja pyyntirajoitukset Pyydysrajoitukset:Solmuv\u00e4lilt\u00e4\u00e4n 31-49 mm verkkojen k\u00e4ytt\u00f6 on kielletty Peurungassa, Pieni-Peurungassa ja Iso-Kuukkasessa. Lis\u00e4ksi Peurungassa on v\u00e4livesi- ja pintaverkkojen k\u00e4ytt\u00f6 kielletty. Karhuj\u00e4rvess\u00e4, S\u00e4rkij\u00e4rvess\u00e4 ja Rajaj\u00e4rvess\u00e4 solmuv\u00e4lilt\u00e4\u00e4n alle 50mm verkkojen k\u00e4ytt\u00f6 on kielletty. Vatianj\u00e4rvell\u00e4 kalatalousalue on kielt\u00e4nyt solmuv\u00e4lilt\u00e4\u00e4n 31-54 mm verkkojen k\u00e4yt\u00f6n 1.6.-30.11 v\u00e4lisen\u00e4 aikana sek\u00e4 alle 55 mm verkkojen k\u00e4yt\u00f6n 1.12.-31.5. Verkon suurin sallittu Lue lis\u00e4\u00e4 >","og_url":"https:\/\/leppavedenhankasalmenkalatalousalue.fi\/finni\/paatokset\/","og_site_name":"Finnin osakaskunta","article_modified_time":"2025-05-06T19:22:06+00:00","twitter_card":"summary_large_image","twitter_misc":{"Arvioitu lukuaika":"1 minuutti"},"schema":{"@context":"https:\/\/schema.org","@graph":[{"@type":"WebPage","@id":"https:\/\/leppavedenhankasalmenkalatalousalue.fi\/finni\/paatokset\/","url":"https:\/\/leppavedenhankasalmenkalatalousalue.fi\/finni\/paatokset\/","name":"Pyydys- ja pyyntirajoitukset - Finnin osakaskunta","isPartOf":{"@id":"https:\/\/leppavedenhankasalmenkalatalousalue.fi\/finni\/#website"},"datePublished":"2020-10-29T09:51:51+00:00","dateModified":"2025-05-06T19:22:06+00:00","breadcrumb":{"@id":"https:\/\/leppavedenhankasalmenkalatalousalue.fi\/finni\/paatokset\/#breadcrumb"},"inLanguage":"fi","potentialAction":[{"@type":"ReadAction","target":["https:\/\/leppavedenhankasalmenkalatalousalue.fi\/finni\/paatokset\/"]}]},{"@type":"BreadcrumbList","@id":"https:\/\/leppavedenhankasalmenkalatalousalue.fi\/finni\/paatokset\/#breadcrumb","itemListElement":[{"@type":"ListItem","position":1,"name":"Home","item":"https:\/\/leppavedenhankasalmenkalatalousalue.fi\/finni\/"},{"@type":"ListItem","position":2,"name":"Pyydys- ja pyyntirajoitukset"}]},{"@type":"WebSite","@id":"https:\/\/leppavedenhankasalmenkalatalousalue.fi\/finni\/#website","url":"https:\/\/leppavedenhankasalmenkalatalousalue.fi\/finni\/","name":"Finnin osakaskunta","description":"","potentialAction":[{"@type":"SearchAction","target":{"@type":"EntryPoint","urlTemplate":"https:\/\/leppavedenhankasalmenkalatalousalue.fi\/finni\/?s={search_term_string}"},"query-input":{"@type":"PropertyValueSpecification","valueRequired":true,"valueName":"search_term_string"}}],"inLanguage":"fi"}]}},"_links":{"self":[{"href":"https:\/\/leppavedenhankasalmenkalatalousalue.fi\/finni\/wp-json\/wp\/v2\/pages\/49","targetHints":{"allow":["GET"]}}],"collection":[{"href":"https:\/\/leppavedenhankasalmenkalatalousalue.fi\/finni\/wp-json\/wp\/v2\/pages"}],"about":[{"href":"https:\/\/leppavedenhankasalmenkalatalousalue.fi\/finni\/wp-json\/wp\/v2\/types\/page"}],"author":[{"embeddable":true,"href":"https:\/\/leppavedenhankasalmenkalatalousalue.fi\/finni\/wp-json\/wp\/v2\/users\/1"}],"replies":[{"embeddable":true,"href":"https:\/\/leppavedenhankasalmenkalatalousalue.fi\/finni\/wp-json\/wp\/v2\/comments?post=49"}],"version-history":[{"count":10,"href":"https:\/\/leppavedenhankasalmenkalatalousalue.fi\/finni\/wp-json\/wp\/v2\/pages\/49\/revisions"}],"predecessor-version":[{"id":312,"href":"https:\/\/leppavedenhankasalmenkalatalousalue.fi\/finni\/wp-json\/wp\/v2\/pages\/49\/revisions\/312"}],"wp:attachment":[{"href":"https:\/\/leppavedenhankasalmenkalatalousalue.fi\/finni\/wp-json\/wp\/v2\/media?parent=49"}],"curies":[{"name":"wp","href":"https:\/\/api.w.org\/{rel}","templated":true}]}}