{"id":86,"date":"2020-10-29T11:39:36","date_gmt":"2020-10-29T11:39:36","guid":{"rendered":"http:\/\/89.166.51.80\/~leppaveden\/hameenmaen-osakaskunta\/?page_id=86"},"modified":"2025-05-06T19:32:15","modified_gmt":"2025-05-06T19:32:15","slug":"lupamaksut-ja-ohjeet","status":"publish","type":"page","link":"https:\/\/leppavedenhankasalmenkalatalousalue.fi\/finni\/luvat\/lupamaksut-ja-ohjeet\/","title":{"rendered":"Lupaohjeet"},"content":{"rendered":"\n<h2 class=\"wp-block-heading\">Lupaohjeet<\/h2>\n\n\n\n<h4 class=\"wp-block-heading\">Pyydysluvat<\/h4>\n\n\n\n<p>Pyydyslupia myyd\u00e4\u00e4n vain Laukaan kunnan Petruman kyl\u00e4ss\u00e4 vakituisesti tai tilap\u00e4isesti asuville sek\u00e4 osakkaille. Yhden pyydysyksik\u00f6n hinta on 5 \u20ac. Luvat ovat voimassa 1.5.2025-30.4.2026 v\u00e4lisen ajan.\u00a0 Kyl\u00e4ss\u00e4 asuvalla, joka ei omista kalastusoikeutta, on\u00a0osto-oikeus enint\u00e4\u00e4n 6\u00a0yksikk\u00f6\u00f6n. Osakkailla on vastaavasti\u00a0osto-oikeus enint\u00e4\u00e4n 12 yksikk\u00f6\u00f6n.\u00a0Lis\u00e4ksi osakkaalla on k\u00e4ytett\u00e4viss\u00e4\u00e4n osuusluvun mukainen m\u00e4\u00e4r\u00e4 yksik\u00f6it\u00e4, joista ei perit\u00e4 maksua. <strong>Siirretyist\u00e4 osakkaiden kalastusoikeuksista on ilmoitettava kirjallisesti hoitokunnalle.<\/strong><\/p>\n\n\n\n<p><\/p>\n\n\n\n<p>Pyydysten vaatimat lupayksik\u00f6t ovat seuraavat:<\/p>\n\n\n\n<div class=\"wp-block-columns is-layout-flex wp-container-core-columns-is-layout-9d6595d7 wp-block-columns-is-layout-flex\">\n<div class=\"wp-block-column is-layout-flow wp-block-column-is-layout-flow\" style=\"flex-basis:100%\">\n<p>Verkko max. 3 m x 30 m&nbsp;&nbsp;&nbsp;&nbsp;&nbsp;&nbsp;&nbsp;&nbsp;&nbsp;&nbsp;&nbsp;&nbsp;&nbsp;&nbsp;&nbsp;&nbsp;&nbsp;&nbsp;&nbsp;&nbsp;&nbsp;&nbsp;&nbsp; &nbsp; 3 yksikk\u00f6\u00e4<br>Verkko max. 5 m x 30 m&nbsp;&nbsp;&nbsp;&nbsp;&nbsp;&nbsp;&nbsp;&nbsp;&nbsp;&nbsp;&nbsp;&nbsp;&nbsp;&nbsp;&nbsp; &nbsp;&nbsp;&nbsp;  &nbsp;&nbsp;&nbsp; &nbsp;   6 yksikk\u00f6\u00e4<br>Katiska&nbsp;&nbsp;&nbsp;&nbsp;&nbsp;&nbsp;&nbsp;&nbsp;&nbsp;&nbsp;&nbsp;&nbsp;&nbsp;&nbsp;&nbsp;&nbsp;&nbsp;&nbsp;&nbsp;&nbsp;&nbsp;&nbsp;&nbsp;&nbsp;&nbsp;&nbsp;&nbsp;&nbsp;&nbsp;&nbsp;&nbsp;&nbsp;&nbsp;&nbsp;&nbsp;&nbsp;&nbsp;&nbsp;&nbsp;&nbsp;&nbsp;&nbsp;&nbsp;&nbsp;&nbsp;&nbsp;&nbsp; &nbsp; &nbsp; &nbsp; &nbsp; 1 yksikk\u00f6<br>Rantarys\u00e4 halkaisija alle 1 m&nbsp;&nbsp;&nbsp;&nbsp;&nbsp;&nbsp;&nbsp;&nbsp;&nbsp;&nbsp;&nbsp;&nbsp;&nbsp; &nbsp;&nbsp;&nbsp; &nbsp; 1 yksikk\u00f6<br>Pystyrys\u00e4, merta&nbsp;&nbsp;&nbsp;&nbsp;&nbsp;&nbsp;&nbsp;&nbsp;&nbsp;&nbsp;&nbsp;&nbsp;&nbsp;&nbsp;&nbsp;&nbsp;&nbsp;&nbsp;&nbsp;&nbsp;&nbsp;&nbsp;&nbsp;&nbsp;&nbsp;&nbsp;&nbsp;&nbsp;&nbsp;&nbsp; &nbsp; &nbsp;&nbsp; &nbsp;&nbsp; 1 yksikk\u00f6<br>Rapumerta 10 kpl &nbsp;&nbsp;&nbsp;&nbsp;&nbsp;&nbsp;&nbsp;&nbsp;&nbsp;&nbsp;&nbsp;&nbsp;&nbsp;&nbsp;&nbsp;&nbsp;&nbsp;&nbsp;&nbsp;&nbsp;&nbsp;&nbsp;&nbsp;&nbsp;&nbsp;&nbsp;&nbsp;&nbsp;&nbsp;&nbsp; &nbsp;&nbsp; &nbsp;&nbsp; 3 yksikk\u00f6\u00e4&nbsp;Vain osakkaat!<br>Tuulastus&nbsp;&nbsp;&nbsp;&nbsp;&nbsp;&nbsp;&nbsp;&nbsp;&nbsp;&nbsp;&nbsp;&nbsp;&nbsp;&nbsp;&nbsp;&nbsp;&nbsp;&nbsp;&nbsp;&nbsp;&nbsp;&nbsp;&nbsp;&nbsp;&nbsp;&nbsp;&nbsp;&nbsp;&nbsp;&nbsp;&nbsp;&nbsp;&nbsp;&nbsp;&nbsp;&nbsp;&nbsp;&nbsp; &nbsp;&nbsp;&nbsp; &nbsp;&nbsp;&nbsp;&nbsp; &nbsp;&nbsp; 5 yksikk\u00f6\u00e4<br>Koukut kaikenlaiset 1 kpl&nbsp;&nbsp;&nbsp;&nbsp;&nbsp;&nbsp;&nbsp;&nbsp;&nbsp;&nbsp;&nbsp;&nbsp;&nbsp;&nbsp;&nbsp;&nbsp;&nbsp;&nbsp;&nbsp;&nbsp;&nbsp;&nbsp; &nbsp;&nbsp; 1 yksikk\u00f6 \/ koukku<\/p>\n<\/div>\n<\/div>\n\n\n\n<p>Lis\u00e4tietoja saa Tuomo Kollaselta, puh. 040 558 5642.<\/p>\n\n\n\n<h4 class=\"wp-block-heading\">Vieheluvat<\/h4>\n\n\n\n<p>Peurunkaan, Pieni-Peurunkaan ja Vatianj\u00e4rveen kalastuskunnan alueelle myy viehekalastuslupia (virtakalastuslupa) Lepp\u00e4veden-Hankasalmen kalatalousalue (ostaluvat.fi).&nbsp;<a href=\"https:\/\/www.ostaluvat.fi\/lupa.tmpl?sivu_id=113&amp;id=352\" target=\"_blank\" rel=\"noreferrer noopener\">Lepp\u00e4veden kanavareitin vieheluvat<\/a><\/p>\n\n\n\n<p>Osakkailla on vapaa oikeus kalastaa Finnin osakaskunnan vesialueilla enint\u00e4\u00e4n viitt\u00e4 vapaa k\u00e4ytt\u00e4en.<\/p>\n","protected":false},"excerpt":{"rendered":"<p>Lupaohjeet Pyydysluvat Pyydyslupia myyd\u00e4\u00e4n vain Laukaan kunnan Petruman kyl\u00e4ss\u00e4 vakituisesti tai tilap\u00e4isesti asuville sek\u00e4 osakkaille. Yhden pyydysyksik\u00f6n hinta on 5 \u20ac. Luvat ovat voimassa 1.5.2025-30.4.2026 v\u00e4lisen ajan.\u00a0 Kyl\u00e4ss\u00e4 asuvalla, joka ei omista kalastusoikeutta, on\u00a0osto-oikeus enint\u00e4\u00e4n 6\u00a0yksikk\u00f6\u00f6n. Osakkailla on vastaavasti\u00a0osto-oikeus enint\u00e4\u00e4n 12 yksikk\u00f6\u00f6n.\u00a0Lis\u00e4ksi osakkaalla on k\u00e4ytett\u00e4viss\u00e4\u00e4n osuusluvun mukainen m\u00e4\u00e4r\u00e4 yksik\u00f6it\u00e4, joista ei perit\u00e4 maksua. Siirretyist\u00e4 osakkaiden<\/p>\n<p><a class=\"moretag\" href=\"https:\/\/leppavedenhankasalmenkalatalousalue.fi\/finni\/luvat\/lupamaksut-ja-ohjeet\/\"> Lue lis\u00e4\u00e4 ><\/a><\/p>\n","protected":false},"author":1,"featured_media":0,"parent":45,"menu_order":0,"comment_status":"closed","ping_status":"closed","template":"basic-sivu.php","meta":{"_acf_changed":false,"footnotes":""},"class_list":["post-86","page","type-page","status-publish","hentry"],"acf":[],"yoast_head":"<!-- This site is optimized with the Yoast SEO plugin v27.1.1 - https:\/\/yoast.com\/product\/yoast-seo-wordpress\/ -->\n<title>Lupaohjeet - Finnin osakaskunta<\/title>\n<meta name=\"robots\" content=\"index, follow, max-snippet:-1, max-image-preview:large, max-video-preview:-1\" \/>\n<link rel=\"canonical\" href=\"https:\/\/leppavedenhankasalmenkalatalousalue.fi\/finni\/luvat\/lupamaksut-ja-ohjeet\/\" \/>\n<meta property=\"og:locale\" content=\"fi_FI\" \/>\n<meta property=\"og:type\" content=\"article\" \/>\n<meta property=\"og:title\" content=\"Lupaohjeet - Finnin osakaskunta\" \/>\n<meta property=\"og:description\" content=\"Lupaohjeet Pyydysluvat Pyydyslupia myyd\u00e4\u00e4n vain Laukaan kunnan Petruman kyl\u00e4ss\u00e4 vakituisesti tai tilap\u00e4isesti asuville sek\u00e4 osakkaille. Yhden pyydysyksik\u00f6n hinta on 5 \u20ac. Luvat ovat voimassa 1.5.2025-30.4.2026 v\u00e4lisen ajan.\u00a0 Kyl\u00e4ss\u00e4 asuvalla, joka ei omista kalastusoikeutta, on\u00a0osto-oikeus enint\u00e4\u00e4n 6\u00a0yksikk\u00f6\u00f6n. Osakkailla on vastaavasti\u00a0osto-oikeus enint\u00e4\u00e4n 12 yksikk\u00f6\u00f6n.\u00a0Lis\u00e4ksi osakkaalla on k\u00e4ytett\u00e4viss\u00e4\u00e4n osuusluvun mukainen m\u00e4\u00e4r\u00e4 yksik\u00f6it\u00e4, joista ei perit\u00e4 maksua. Siirretyist\u00e4 osakkaiden Lue lis\u00e4\u00e4 &gt;\" \/>\n<meta property=\"og:url\" content=\"https:\/\/leppavedenhankasalmenkalatalousalue.fi\/finni\/luvat\/lupamaksut-ja-ohjeet\/\" \/>\n<meta property=\"og:site_name\" content=\"Finnin osakaskunta\" \/>\n<meta property=\"article:modified_time\" content=\"2025-05-06T19:32:15+00:00\" \/>\n<meta name=\"twitter:card\" content=\"summary_large_image\" \/>\n<meta name=\"twitter:label1\" content=\"Arvioitu lukuaika\" \/>\n\t<meta name=\"twitter:data1\" content=\"1 minuutti\" \/>\n<script type=\"application\/ld+json\" class=\"yoast-schema-graph\">{\"@context\":\"https:\/\/schema.org\",\"@graph\":[{\"@type\":\"WebPage\",\"@id\":\"https:\/\/leppavedenhankasalmenkalatalousalue.fi\/finni\/luvat\/lupamaksut-ja-ohjeet\/\",\"url\":\"https:\/\/leppavedenhankasalmenkalatalousalue.fi\/finni\/luvat\/lupamaksut-ja-ohjeet\/\",\"name\":\"Lupaohjeet - Finnin osakaskunta\",\"isPartOf\":{\"@id\":\"https:\/\/leppavedenhankasalmenkalatalousalue.fi\/finni\/#website\"},\"datePublished\":\"2020-10-29T11:39:36+00:00\",\"dateModified\":\"2025-05-06T19:32:15+00:00\",\"breadcrumb\":{\"@id\":\"https:\/\/leppavedenhankasalmenkalatalousalue.fi\/finni\/luvat\/lupamaksut-ja-ohjeet\/#breadcrumb\"},\"inLanguage\":\"fi\",\"potentialAction\":[{\"@type\":\"ReadAction\",\"target\":[\"https:\/\/leppavedenhankasalmenkalatalousalue.fi\/finni\/luvat\/lupamaksut-ja-ohjeet\/\"]}]},{\"@type\":\"BreadcrumbList\",\"@id\":\"https:\/\/leppavedenhankasalmenkalatalousalue.fi\/finni\/luvat\/lupamaksut-ja-ohjeet\/#breadcrumb\",\"itemListElement\":[{\"@type\":\"ListItem\",\"position\":1,\"name\":\"Home\",\"item\":\"https:\/\/leppavedenhankasalmenkalatalousalue.fi\/finni\/\"},{\"@type\":\"ListItem\",\"position\":2,\"name\":\"Yksityinen: Luvat\",\"item\":\"https:\/\/leppavedenhankasalmenkalatalousalue.fi\/finni\/?page_id=45\"},{\"@type\":\"ListItem\",\"position\":3,\"name\":\"Lupaohjeet\"}]},{\"@type\":\"WebSite\",\"@id\":\"https:\/\/leppavedenhankasalmenkalatalousalue.fi\/finni\/#website\",\"url\":\"https:\/\/leppavedenhankasalmenkalatalousalue.fi\/finni\/\",\"name\":\"Finnin osakaskunta\",\"description\":\"\",\"potentialAction\":[{\"@type\":\"SearchAction\",\"target\":{\"@type\":\"EntryPoint\",\"urlTemplate\":\"https:\/\/leppavedenhankasalmenkalatalousalue.fi\/finni\/?s={search_term_string}\"},\"query-input\":{\"@type\":\"PropertyValueSpecification\",\"valueRequired\":true,\"valueName\":\"search_term_string\"}}],\"inLanguage\":\"fi\"}]}<\/script>\n<!-- \/ Yoast SEO plugin. -->","yoast_head_json":{"title":"Lupaohjeet - Finnin osakaskunta","robots":{"index":"index","follow":"follow","max-snippet":"max-snippet:-1","max-image-preview":"max-image-preview:large","max-video-preview":"max-video-preview:-1"},"canonical":"https:\/\/leppavedenhankasalmenkalatalousalue.fi\/finni\/luvat\/lupamaksut-ja-ohjeet\/","og_locale":"fi_FI","og_type":"article","og_title":"Lupaohjeet - Finnin osakaskunta","og_description":"Lupaohjeet Pyydysluvat Pyydyslupia myyd\u00e4\u00e4n vain Laukaan kunnan Petruman kyl\u00e4ss\u00e4 vakituisesti tai tilap\u00e4isesti asuville sek\u00e4 osakkaille. Yhden pyydysyksik\u00f6n hinta on 5 \u20ac. Luvat ovat voimassa 1.5.2025-30.4.2026 v\u00e4lisen ajan.\u00a0 Kyl\u00e4ss\u00e4 asuvalla, joka ei omista kalastusoikeutta, on\u00a0osto-oikeus enint\u00e4\u00e4n 6\u00a0yksikk\u00f6\u00f6n. Osakkailla on vastaavasti\u00a0osto-oikeus enint\u00e4\u00e4n 12 yksikk\u00f6\u00f6n.\u00a0Lis\u00e4ksi osakkaalla on k\u00e4ytett\u00e4viss\u00e4\u00e4n osuusluvun mukainen m\u00e4\u00e4r\u00e4 yksik\u00f6it\u00e4, joista ei perit\u00e4 maksua. Siirretyist\u00e4 osakkaiden Lue lis\u00e4\u00e4 >","og_url":"https:\/\/leppavedenhankasalmenkalatalousalue.fi\/finni\/luvat\/lupamaksut-ja-ohjeet\/","og_site_name":"Finnin osakaskunta","article_modified_time":"2025-05-06T19:32:15+00:00","twitter_card":"summary_large_image","twitter_misc":{"Arvioitu lukuaika":"1 minuutti"},"schema":{"@context":"https:\/\/schema.org","@graph":[{"@type":"WebPage","@id":"https:\/\/leppavedenhankasalmenkalatalousalue.fi\/finni\/luvat\/lupamaksut-ja-ohjeet\/","url":"https:\/\/leppavedenhankasalmenkalatalousalue.fi\/finni\/luvat\/lupamaksut-ja-ohjeet\/","name":"Lupaohjeet - Finnin osakaskunta","isPartOf":{"@id":"https:\/\/leppavedenhankasalmenkalatalousalue.fi\/finni\/#website"},"datePublished":"2020-10-29T11:39:36+00:00","dateModified":"2025-05-06T19:32:15+00:00","breadcrumb":{"@id":"https:\/\/leppavedenhankasalmenkalatalousalue.fi\/finni\/luvat\/lupamaksut-ja-ohjeet\/#breadcrumb"},"inLanguage":"fi","potentialAction":[{"@type":"ReadAction","target":["https:\/\/leppavedenhankasalmenkalatalousalue.fi\/finni\/luvat\/lupamaksut-ja-ohjeet\/"]}]},{"@type":"BreadcrumbList","@id":"https:\/\/leppavedenhankasalmenkalatalousalue.fi\/finni\/luvat\/lupamaksut-ja-ohjeet\/#breadcrumb","itemListElement":[{"@type":"ListItem","position":1,"name":"Home","item":"https:\/\/leppavedenhankasalmenkalatalousalue.fi\/finni\/"},{"@type":"ListItem","position":2,"name":"Yksityinen: Luvat","item":"https:\/\/leppavedenhankasalmenkalatalousalue.fi\/finni\/?page_id=45"},{"@type":"ListItem","position":3,"name":"Lupaohjeet"}]},{"@type":"WebSite","@id":"https:\/\/leppavedenhankasalmenkalatalousalue.fi\/finni\/#website","url":"https:\/\/leppavedenhankasalmenkalatalousalue.fi\/finni\/","name":"Finnin osakaskunta","description":"","potentialAction":[{"@type":"SearchAction","target":{"@type":"EntryPoint","urlTemplate":"https:\/\/leppavedenhankasalmenkalatalousalue.fi\/finni\/?s={search_term_string}"},"query-input":{"@type":"PropertyValueSpecification","valueRequired":true,"valueName":"search_term_string"}}],"inLanguage":"fi"}]}},"_links":{"self":[{"href":"https:\/\/leppavedenhankasalmenkalatalousalue.fi\/finni\/wp-json\/wp\/v2\/pages\/86","targetHints":{"allow":["GET"]}}],"collection":[{"href":"https:\/\/leppavedenhankasalmenkalatalousalue.fi\/finni\/wp-json\/wp\/v2\/pages"}],"about":[{"href":"https:\/\/leppavedenhankasalmenkalatalousalue.fi\/finni\/wp-json\/wp\/v2\/types\/page"}],"author":[{"embeddable":true,"href":"https:\/\/leppavedenhankasalmenkalatalousalue.fi\/finni\/wp-json\/wp\/v2\/users\/1"}],"replies":[{"embeddable":true,"href":"https:\/\/leppavedenhankasalmenkalatalousalue.fi\/finni\/wp-json\/wp\/v2\/comments?post=86"}],"version-history":[{"count":33,"href":"https:\/\/leppavedenhankasalmenkalatalousalue.fi\/finni\/wp-json\/wp\/v2\/pages\/86\/revisions"}],"predecessor-version":[{"id":317,"href":"https:\/\/leppavedenhankasalmenkalatalousalue.fi\/finni\/wp-json\/wp\/v2\/pages\/86\/revisions\/317"}],"up":[{"embeddable":true,"href":"https:\/\/leppavedenhankasalmenkalatalousalue.fi\/finni\/wp-json\/wp\/v2\/pages\/45"}],"wp:attachment":[{"href":"https:\/\/leppavedenhankasalmenkalatalousalue.fi\/finni\/wp-json\/wp\/v2\/media?parent=86"}],"curies":[{"name":"wp","href":"https:\/\/api.w.org\/{rel}","templated":true}]}}