{"id":158,"date":"2020-10-29T12:25:46","date_gmt":"2020-10-29T12:25:46","guid":{"rendered":"http:\/\/89.166.51.80\/~leppaveden\/makiaistenmaan-osakaskunta\/?page_id=158"},"modified":"2026-03-03T17:46:56","modified_gmt":"2026-03-03T17:46:56","slug":"vuosikokous","status":"publish","type":"page","link":"https:\/\/leppavedenhankasalmenkalatalousalue.fi\/hoho\/hallinto\/vuosikokous\/","title":{"rendered":"Vuosikokous"},"content":{"rendered":"\n<h2 class=\"wp-block-heading\">Vuosikokous<\/h2>\n\n\n\n<p><strong>HOHON KALASTUSKUNNAN VUOSIKOKOUS<\/strong><\/p>\n\n\n\n<p>Hohon kalastuskunnan vuosikokous pidet\u00e4\u00e4n Lievestuoreella Jyv\u00e4s-Pakarin kokoustiloissa, osoitteessa, Lievestuoreen Liisantie 15, maanantaina 30.3.2026 kello 14.00 Kokouksessa k\u00e4sitell\u00e4\u00e4n s\u00e4\u00e4nt\u00f6jen m\u00e4\u00e4r\u00e4\u00e4m\u00e4t asiat. P\u00f6yt\u00e4kirja on n\u00e4ht\u00e4v\u00e4n\u00e4 7.4.2026- 20.4.2026 puheenjohtajan luona.<\/p>\n\n\n\n<p><strong>Hoitokunta<\/strong><\/p>\n","protected":false},"excerpt":{"rendered":"<p>Vuosikokous HOHON KALASTUSKUNNAN VUOSIKOKOUS Hohon kalastuskunnan vuosikokous pidet\u00e4\u00e4n Lievestuoreella Jyv\u00e4s-Pakarin kokoustiloissa, osoitteessa, Lievestuoreen Liisantie 15, maanantaina 30.3.2026 kello 14.00 Kokouksessa k\u00e4sitell\u00e4\u00e4n s\u00e4\u00e4nt\u00f6jen m\u00e4\u00e4r\u00e4\u00e4m\u00e4t asiat. P\u00f6yt\u00e4kirja on n\u00e4ht\u00e4v\u00e4n\u00e4 7.4.2026- 20.4.2026 puheenjohtajan luona. Hoitokunta<\/p>\n","protected":false},"author":1,"featured_media":0,"parent":32,"menu_order":0,"comment_status":"closed","ping_status":"closed","template":"basic-sivu.php","meta":{"_acf_changed":false,"footnotes":""},"class_list":["post-158","page","type-page","status-publish","hentry"],"acf":[],"yoast_head":"<!-- This site is optimized with the Yoast SEO plugin v27.1.1 - https:\/\/yoast.com\/product\/yoast-seo-wordpress\/ -->\n<title>Vuosikokous - Hohon osakaskunta<\/title>\n<meta name=\"robots\" content=\"index, follow, max-snippet:-1, max-image-preview:large, max-video-preview:-1\" \/>\n<link rel=\"canonical\" href=\"https:\/\/leppavedenhankasalmenkalatalousalue.fi\/hoho\/hallinto\/vuosikokous\/\" \/>\n<meta property=\"og:locale\" content=\"fi_FI\" \/>\n<meta property=\"og:type\" content=\"article\" \/>\n<meta property=\"og:title\" content=\"Vuosikokous - Hohon osakaskunta\" \/>\n<meta property=\"og:description\" content=\"Vuosikokous HOHON KALASTUSKUNNAN VUOSIKOKOUS Hohon kalastuskunnan vuosikokous pidet\u00e4\u00e4n Lievestuoreella Jyv\u00e4s-Pakarin kokoustiloissa, osoitteessa, Lievestuoreen Liisantie 15, maanantaina 30.3.2026 kello 14.00 Kokouksessa k\u00e4sitell\u00e4\u00e4n s\u00e4\u00e4nt\u00f6jen m\u00e4\u00e4r\u00e4\u00e4m\u00e4t asiat. P\u00f6yt\u00e4kirja on n\u00e4ht\u00e4v\u00e4n\u00e4 7.4.2026- 20.4.2026 puheenjohtajan luona. Hoitokunta\" \/>\n<meta property=\"og:url\" content=\"https:\/\/leppavedenhankasalmenkalatalousalue.fi\/hoho\/hallinto\/vuosikokous\/\" \/>\n<meta property=\"og:site_name\" content=\"Hohon osakaskunta\" \/>\n<meta property=\"article:modified_time\" content=\"2026-03-03T17:46:56+00:00\" \/>\n<meta name=\"twitter:card\" content=\"summary_large_image\" \/>\n<meta name=\"twitter:label1\" content=\"Arvioitu lukuaika\" \/>\n\t<meta name=\"twitter:data1\" content=\"1 minuutti\" \/>\n<script type=\"application\/ld+json\" class=\"yoast-schema-graph\">{\"@context\":\"https:\/\/schema.org\",\"@graph\":[{\"@type\":\"WebPage\",\"@id\":\"https:\/\/leppavedenhankasalmenkalatalousalue.fi\/hoho\/hallinto\/vuosikokous\/\",\"url\":\"https:\/\/leppavedenhankasalmenkalatalousalue.fi\/hoho\/hallinto\/vuosikokous\/\",\"name\":\"Vuosikokous - Hohon osakaskunta\",\"isPartOf\":{\"@id\":\"https:\/\/leppavedenhankasalmenkalatalousalue.fi\/hoho\/#website\"},\"datePublished\":\"2020-10-29T12:25:46+00:00\",\"dateModified\":\"2026-03-03T17:46:56+00:00\",\"breadcrumb\":{\"@id\":\"https:\/\/leppavedenhankasalmenkalatalousalue.fi\/hoho\/hallinto\/vuosikokous\/#breadcrumb\"},\"inLanguage\":\"fi\",\"potentialAction\":[{\"@type\":\"ReadAction\",\"target\":[\"https:\/\/leppavedenhankasalmenkalatalousalue.fi\/hoho\/hallinto\/vuosikokous\/\"]}]},{\"@type\":\"BreadcrumbList\",\"@id\":\"https:\/\/leppavedenhankasalmenkalatalousalue.fi\/hoho\/hallinto\/vuosikokous\/#breadcrumb\",\"itemListElement\":[{\"@type\":\"ListItem\",\"position\":1,\"name\":\"Home\",\"item\":\"https:\/\/leppavedenhankasalmenkalatalousalue.fi\/hoho\/\"},{\"@type\":\"ListItem\",\"position\":2,\"name\":\"Hallinto\",\"item\":\"https:\/\/leppavedenhankasalmenkalatalousalue.fi\/hoho\/hallinto\/\"},{\"@type\":\"ListItem\",\"position\":3,\"name\":\"Vuosikokous\"}]},{\"@type\":\"WebSite\",\"@id\":\"https:\/\/leppavedenhankasalmenkalatalousalue.fi\/hoho\/#website\",\"url\":\"https:\/\/leppavedenhankasalmenkalatalousalue.fi\/hoho\/\",\"name\":\"Hohon osakaskunta\",\"description\":\"\",\"potentialAction\":[{\"@type\":\"SearchAction\",\"target\":{\"@type\":\"EntryPoint\",\"urlTemplate\":\"https:\/\/leppavedenhankasalmenkalatalousalue.fi\/hoho\/?s={search_term_string}\"},\"query-input\":{\"@type\":\"PropertyValueSpecification\",\"valueRequired\":true,\"valueName\":\"search_term_string\"}}],\"inLanguage\":\"fi\"}]}<\/script>\n<!-- \/ Yoast SEO plugin. -->","yoast_head_json":{"title":"Vuosikokous - Hohon osakaskunta","robots":{"index":"index","follow":"follow","max-snippet":"max-snippet:-1","max-image-preview":"max-image-preview:large","max-video-preview":"max-video-preview:-1"},"canonical":"https:\/\/leppavedenhankasalmenkalatalousalue.fi\/hoho\/hallinto\/vuosikokous\/","og_locale":"fi_FI","og_type":"article","og_title":"Vuosikokous - Hohon osakaskunta","og_description":"Vuosikokous HOHON KALASTUSKUNNAN VUOSIKOKOUS Hohon kalastuskunnan vuosikokous pidet\u00e4\u00e4n Lievestuoreella Jyv\u00e4s-Pakarin kokoustiloissa, osoitteessa, Lievestuoreen Liisantie 15, maanantaina 30.3.2026 kello 14.00 Kokouksessa k\u00e4sitell\u00e4\u00e4n s\u00e4\u00e4nt\u00f6jen m\u00e4\u00e4r\u00e4\u00e4m\u00e4t asiat. P\u00f6yt\u00e4kirja on n\u00e4ht\u00e4v\u00e4n\u00e4 7.4.2026- 20.4.2026 puheenjohtajan luona. Hoitokunta","og_url":"https:\/\/leppavedenhankasalmenkalatalousalue.fi\/hoho\/hallinto\/vuosikokous\/","og_site_name":"Hohon osakaskunta","article_modified_time":"2026-03-03T17:46:56+00:00","twitter_card":"summary_large_image","twitter_misc":{"Arvioitu lukuaika":"1 minuutti"},"schema":{"@context":"https:\/\/schema.org","@graph":[{"@type":"WebPage","@id":"https:\/\/leppavedenhankasalmenkalatalousalue.fi\/hoho\/hallinto\/vuosikokous\/","url":"https:\/\/leppavedenhankasalmenkalatalousalue.fi\/hoho\/hallinto\/vuosikokous\/","name":"Vuosikokous - Hohon osakaskunta","isPartOf":{"@id":"https:\/\/leppavedenhankasalmenkalatalousalue.fi\/hoho\/#website"},"datePublished":"2020-10-29T12:25:46+00:00","dateModified":"2026-03-03T17:46:56+00:00","breadcrumb":{"@id":"https:\/\/leppavedenhankasalmenkalatalousalue.fi\/hoho\/hallinto\/vuosikokous\/#breadcrumb"},"inLanguage":"fi","potentialAction":[{"@type":"ReadAction","target":["https:\/\/leppavedenhankasalmenkalatalousalue.fi\/hoho\/hallinto\/vuosikokous\/"]}]},{"@type":"BreadcrumbList","@id":"https:\/\/leppavedenhankasalmenkalatalousalue.fi\/hoho\/hallinto\/vuosikokous\/#breadcrumb","itemListElement":[{"@type":"ListItem","position":1,"name":"Home","item":"https:\/\/leppavedenhankasalmenkalatalousalue.fi\/hoho\/"},{"@type":"ListItem","position":2,"name":"Hallinto","item":"https:\/\/leppavedenhankasalmenkalatalousalue.fi\/hoho\/hallinto\/"},{"@type":"ListItem","position":3,"name":"Vuosikokous"}]},{"@type":"WebSite","@id":"https:\/\/leppavedenhankasalmenkalatalousalue.fi\/hoho\/#website","url":"https:\/\/leppavedenhankasalmenkalatalousalue.fi\/hoho\/","name":"Hohon osakaskunta","description":"","potentialAction":[{"@type":"SearchAction","target":{"@type":"EntryPoint","urlTemplate":"https:\/\/leppavedenhankasalmenkalatalousalue.fi\/hoho\/?s={search_term_string}"},"query-input":{"@type":"PropertyValueSpecification","valueRequired":true,"valueName":"search_term_string"}}],"inLanguage":"fi"}]}},"_links":{"self":[{"href":"https:\/\/leppavedenhankasalmenkalatalousalue.fi\/hoho\/wp-json\/wp\/v2\/pages\/158","targetHints":{"allow":["GET"]}}],"collection":[{"href":"https:\/\/leppavedenhankasalmenkalatalousalue.fi\/hoho\/wp-json\/wp\/v2\/pages"}],"about":[{"href":"https:\/\/leppavedenhankasalmenkalatalousalue.fi\/hoho\/wp-json\/wp\/v2\/types\/page"}],"author":[{"embeddable":true,"href":"https:\/\/leppavedenhankasalmenkalatalousalue.fi\/hoho\/wp-json\/wp\/v2\/users\/1"}],"replies":[{"embeddable":true,"href":"https:\/\/leppavedenhankasalmenkalatalousalue.fi\/hoho\/wp-json\/wp\/v2\/comments?post=158"}],"version-history":[{"count":9,"href":"https:\/\/leppavedenhankasalmenkalatalousalue.fi\/hoho\/wp-json\/wp\/v2\/pages\/158\/revisions"}],"predecessor-version":[{"id":354,"href":"https:\/\/leppavedenhankasalmenkalatalousalue.fi\/hoho\/wp-json\/wp\/v2\/pages\/158\/revisions\/354"}],"up":[{"embeddable":true,"href":"https:\/\/leppavedenhankasalmenkalatalousalue.fi\/hoho\/wp-json\/wp\/v2\/pages\/32"}],"wp:attachment":[{"href":"https:\/\/leppavedenhankasalmenkalatalousalue.fi\/hoho\/wp-json\/wp\/v2\/media?parent=158"}],"curies":[{"name":"wp","href":"https:\/\/api.w.org\/{rel}","templated":true}]}}