{"id":86,"date":"2020-10-29T11:39:36","date_gmt":"2020-10-29T11:39:36","guid":{"rendered":"http:\/\/89.166.51.80\/~leppaveden\/makiaistenmaan-osakaskunta\/?page_id=86"},"modified":"2025-04-15T04:12:26","modified_gmt":"2025-04-15T04:12:26","slug":"lupamaksut-ja-ohjeet","status":"publish","type":"page","link":"https:\/\/leppavedenhankasalmenkalatalousalue.fi\/hoho\/luvat\/lupamaksut-ja-ohjeet\/","title":{"rendered":"Lupamaksut ja ohjeet"},"content":{"rendered":"\n<h2 class=\"wp-block-heading\">Lupamaksut ja ohjeet<\/h2>\n\n\n\n<h4 class=\"wp-block-heading\">KALASTUSLUPAOHJE HOHON KK 2025<\/h4>\n\n\n\n<p><strong>OSAKKAILLE:\u00a0<\/strong>Myyd\u00e4\u00e4n kaikille osakkaille\u00a0<strong>10 pyydysmerkki\u00e4 \/a\u00b4 5 \u20ac .Lupa oikeuttaa yhteen 3mx30m verkkoon\/merkki.<\/strong><\/p>\n\n\n\n<p>Lis\u00e4ksi niille osakkaille, joilla osuusluvan mukainen pyydysyksikk\u00f6m\u00e4\u00e4r\u00e4 ylitt\u00e4\u00e4 20 yksikk\u00f6\u00e4, on oikeus lunastaa osuuslukuaan vastaava pyydysyksikk\u00f6m\u00e4\u00e4r\u00e4 ( =yli 10 verkkomerkki\u00e4 ). Silt\u00e4 osin kuin pyydysyksik\u00f6iden lunastus ei perustu osuusluvun mukaiseen oikeuteen, pyydysyksik\u00f6t ovat henkil\u00f6kohtaisia, eik\u00e4 niit\u00e4 saa luovuttaa kolmannelle.<\/p>\n\n\n\n<p>Osakkaille luovutettavilla pyydysyksik\u00f6ill\u00e4 ei saa kalastaa nuotalla, avorys\u00e4ll\u00e4 tai troolilla ilman osakaskunnan kokouksen hakemuksesta ja hoitokunnan esityksest\u00e4 my\u00f6nt\u00e4m\u00e4\u00e4 kalastuksen j\u00e4rjest\u00e4misen sis\u00e4lt\u00e4v\u00e4\u00e4 lupaa. Osakkaalta tai osakkuuden luovutuksen perusteella&nbsp; em. lupaa hakevalta ei perit\u00e4 erillist\u00e4 lupamaksua. Luovutuksesta on ilmoitettava s\u00e4\u00e4nt\u00f6jen mukaisesti hoitokunnalle.<\/p>\n\n\n\n<p>Osakaskunnan s\u00e4\u00e4nn\u00f6iss\u00e4 mm. erikoislupia varten varatusta kiinti\u00f6st\u00e4 kalastusoikeutta voidaan&nbsp; my\u00f6nt\u00e4\u00e4 edell\u00e4 p\u00e4\u00e4tetyn lis\u00e4ksi erikseen osakaskunnan kokouksen p\u00e4\u00e4t\u00f6ksell\u00e4 hakemuksesta ja hoitokunnan esityksest\u00e4.<\/p>\n\n\n\n<p>Kalastuskunnan alueilla Hohonjoessa, Hohonlammessa ja Lapinj\u00e4rvess\u00e4 ei osakas tarvitse maksettua pyydysmerkki\u00e4. Pyydys on kuitenkin merkitt\u00e4v\u00e4 ja siin\u00e4 on oltava kalastajan nimi. Huom. Hohonjoki on m\u00e4\u00e4ritelty vaelluskalavesist\u00f6n koski- ja virta-alueeksi jota koskee tietyt kalastusrajoitukset. <a href=\"https:\/\/www.kalastusrajoitus.fi\/#\/kalastusrajoitus\" target=\"_blank\" rel=\"noreferrer noopener\">Kalastusrajoitus.fi.<\/a> <a href=\"https:\/\/ahven.net\/kalastus\/pyydysten-merkinta\/\" target=\"_blank\" rel=\"noreferrer noopener\">Pyydysten merkint\u00e4.<\/a><\/p>\n\n\n\n<p><strong>MUILLE MYYD\u00c4\u00c4N<\/strong>&nbsp;(= ei manttaalioikeutta Hohon kk:ssa) verkkomerkkej\u00e4 KHY:n kautta.<\/p>\n\n\n\n<p><strong>Katiskapyynti on ilmaista Lievestuoreenj\u00e4rvell\u00e4<\/strong>. Katiskan laskennallinen pyydysarvo on yksi pyydysyksikk\u00f6. Katiska ei tarvitse pyydysmerkki\u00e4, vain kalastajan yhteystiedot polaan (nimi,puh.nro+ pola v\u00e4hint\u00e4\u00e4n 15 cm korkea). Katiskakalastus on hoitokalastusta, kaikki luvalliset kalat pois j\u00e4rvelt\u00e4.<\/p>\n\n\n\n<p>Lievestuoreenj\u00e4rvess\u00e4 ns. Kuilun alueella on verkko- ja rys\u00e4kalastus kielletty ymp\u00e4ri vuoden Majasaaren sillasta Koppelsaareen ja sen etel\u00e4k\u00e4rjest\u00e4 Laitisen vanhan puunajotien p\u00e4\u00e4h\u00e4n.<\/p>\n\n\n\n<p>15.10.-30.11. verkkokalastus kielletty rajana Koppelsaaren kohdalta alkaen venev\u00e4yl\u00e4- Majasaaren vihre\u00e4 v\u00e4yl\u00e4merkki-Montolan niemen \u201dp\u00e4\u00e4niemi\u201d it\u00e4- ja etel\u00e4puolella.<\/p>\n\n\n\n<p>J\u00e4rven hoitosuunnitelman mukaisesti verkkojen alle 55 mm&nbsp; k\u00e4ytt\u00f6 ajalla 1.12.-31.5. on&nbsp; kielletty. Alle 80 mm verkot ovat kiellettyj\u00e4 lahtivesill\u00e4 kuhan kuturauhoituksena&nbsp; 10.5.-15.6.. v\u00e4lisen ajan<\/p>\n\n\n\n<p>Kallaanlahdella pyydyskalastus vain osakkaille. <strong>Kaikki kalastus on kielletty 10.5.-15.6. v\u00e4lisen\u00e4 aikana.<\/strong> Muuna aikana yksi 3x 60m verkko. Kaikilla alueilla siikaverkot v\u00e4hint\u00e4\u00e4n 45 mm.<\/p>\n\n\n\n<p>10.5.-15.6. pyydyskalastuskielto Montolan niemen l\u00e4nsipuolella venev\u00e4yl\u00e4\u00e4n saakka, pohjoisrajana Kalattoman karin v\u00e4yl\u00e4merkki &#8211; Suurosen rantavaja.<\/p>\n\n\n\n<p><strong>Rasvaev\u00e4llinen taimen on kokonaan rauhoitettu!<\/strong><\/p>\n\n\n\n<p>Uistelulupa k\u00e4sitt\u00e4\u00e4 6 vapaa\/vene. Pyyntirajoitus 2 lohikalaa\/vuorokausi ja suositus 5 kuhaa\/vrk. Pilkitt\u00e4ess\u00e4 lupa ootto-ongen k\u00e4yt\u00f6lle.<\/p>\n\n\n\n<p><strong>Kuilun alue<\/strong>&nbsp;on lohikalapitoisten virtavesien luettelossa. Tarvitaan Lievestuoreen KHY:n lupa. Kuilun rajoituksina 5 siikaa, 2 lohikalaa\/vuorokausi, madon k\u00e4ytt\u00f6 sy\u00f6ttin\u00e4 kielletty, rauhoitettu kalastukselta kokonaan 1.9.-30.11. (lains\u00e4\u00e4d\u00e4nt\u00f6).<\/p>\n\n\n\n<p>Lis\u00e4tietoja saatavilla Hohon kk pj. Mauno Tarvainen p. 050-4105586 ja siht. Heikki Salminen p. 0400-311816. Heikki Salminen toimii my\u00f6s alueella kalastuksenvalvojana muiden viranomaisten lis\u00e4ksi.<\/p>\n\n\n\n<p>Hohon kk:n kalastusmerkit ovat myynniss\u00e4&nbsp;<strong>Mauno Tarvaisella ja Heikki Salmisella<\/strong>. Maksut suoritetaan pankkiin Keski &#8211; Suomen Op Hohon KK:n tilille FI97 5232 0240 0052 71.<\/p>\n\n\n\n<h4 class=\"wp-block-heading\">LIEVESTUOREENJ\u00c4RVEN KALASTUKSENHOITOYHTYM\u00c4N KALASTUSLUPAOHJEET 2025-2026<\/h4>\n\n\n\n<p>Lievestuoreenj\u00e4rveen voi ostaa enint\u00e4\u00e4n 6 merkki\u00e4\/kalastaja a`10 \u20ac. Lupa oikeuttaa 3mx30m verkkoon\/merkki, maksimikorkeus 6m (yli 3m verkko vaatii 2 merkki\u00e4). Kartassa merkityt alueet vain kalastuskuntien omilla luvilla ja ohjeilla.<\/p>\n\n\n\n<p><strong>Kalastusrajoitukset<\/strong>, <strong>ELY\/KHS<\/strong>: SILM\u00c4KOOT alle 55 mm kielletty 1.12.-31.5.<\/p>\n\n\n\n<p>PYYDYSKALASTUS KIELLETTY NS. KUILUN ALUEELLA koko vuoden, rajat Majasaaren silta-Koppelsaari-Laitisen rannan j\u00e4rveen p\u00e4\u00e4ttyv\u00e4 patotie. Kalastuskielto 1.9.-30.11.<\/p>\n\n\n\n<p>PYYDYSKALASTUS kielletty 10.5.-15.6. kuhan kudun turvaamiseksi&nbsp; alueella, joka alkaa Suurosen rantavajasta, siit\u00e4 l\u00e4nteen Kalattomankarin mustavalkoiseen v\u00e4yl\u00e4merkkiin, josta venev\u00e4yl\u00e4\u00e4 etel\u00e4\u00e4n kuilun alueelle. Alueen it\u00e4raja Montolan niemi-Raita-ahon niemi. Kallaanlahdella kaikki kalastus kielletty 10.5.-15.6. Kuhan oletetulla kutupaikalla ei pyynti\u00e4 10.5.-15.6.<\/p>\n\n\n\n<p>PYYDYSKALASTUS kielletty siian kudun turvaamiseksi 15.10-30.11. rajojen Majasaaren vihre\u00e4 v\u00e4yl\u00e4merkki- Montolan p\u00e4\u00e4niemi (merkki rannassa) etel\u00e4-it\u00e4puolella.<\/p>\n\n\n\n<p>Siikaverkon silm\u00e4koko v\u00e4hint\u00e4\u00e4n 45 mm.<\/p>\n\n\n\n<p><strong>Lains\u00e4\u00e4d\u00e4nt\u00f6\u00e4: <\/strong>kuhan alamitta 42 cm, istutettu taimen 50 cm (luonnonkala&nbsp; rauhoitettu), j\u00e4rvilohi 60cm. Yhden kalastajan\/porukan suurin verkkom\u00e4\u00e4r\u00e4 240 m.<\/p>\n\n\n\n<p>Pyydysmerkki talvella 1,2 m salko, 2cm heijastin. Kes\u00e4ll\u00e4 1,2 m salko,jossa 20cmx20 cm lippu<\/p>\n\n\n\n<p>ja heijastin, kohoverkoissa ja matalan veden verkoissa kaksi lippua. K\u00e4ytett\u00e4v\u00e4 uppoavia naruja.<\/p>\n\n\n\n<p>Merkkisalkoon kalastajan nimi, yhteystieto ja verkkomerkit.<\/p>\n\n\n\n<p><strong>Katiska<\/strong>, 4 kpl, ei yhtym\u00e4n alueella tarvitse pyydysmerkki\u00e4, oltava 15cm korkea pola ja yhteystiedot.<\/p>\n\n\n\n<p>Kaikki luvalliset kalat pois j\u00e4rvelt\u00e4.<\/p>\n\n\n\n<p><strong>PERHO- JA UISTINKALASTUKSEEN SAAT LUVAN MAKSAMALLA SEN TILILLE FI02 4760 0010 0131 36&nbsp; Konneveden op,&nbsp; tai verkosta:&nbsp;&nbsp;&nbsp;&nbsp;&nbsp; &nbsp;&nbsp;&nbsp;&nbsp;&nbsp;&nbsp;&nbsp;&nbsp;&nbsp;&nbsp;&nbsp;&nbsp;&nbsp;&nbsp;&nbsp;&nbsp;&nbsp;&nbsp;&nbsp;&nbsp;&nbsp;&nbsp;&nbsp;&nbsp;&nbsp;&nbsp;&nbsp;&nbsp;&nbsp;&nbsp;&nbsp;&nbsp;&nbsp;&nbsp;&nbsp;&nbsp;&nbsp;&nbsp;&nbsp;&nbsp;&nbsp;&nbsp;&nbsp;&nbsp;&nbsp;&nbsp;&nbsp;&nbsp;&nbsp;&nbsp;&nbsp;&nbsp;&nbsp;&nbsp;&nbsp;&nbsp;<\/strong><\/p>\n\n\n\n<figure class=\"wp-block-image size-large is-resized\"><a href=\"http:\/\/ostaluvat.fi\"><img loading=\"lazy\" decoding=\"async\" width=\"1024\" height=\"277\" src=\"https:\/\/leppavedenhankasalmenkalatalousalue.fi\/hoho\/wp-content\/uploads\/sites\/14\/2021\/04\/logo_hor_rgb-1024x277.jpg\" alt=\"\" class=\"wp-image-282\" style=\"width:188px;height:51px\" srcset=\"https:\/\/leppavedenhankasalmenkalatalousalue.fi\/hoho\/wp-content\/uploads\/sites\/14\/2021\/04\/logo_hor_rgb-1024x277.jpg 1024w, https:\/\/leppavedenhankasalmenkalatalousalue.fi\/hoho\/wp-content\/uploads\/sites\/14\/2021\/04\/logo_hor_rgb-300x81.jpg 300w, https:\/\/leppavedenhankasalmenkalatalousalue.fi\/hoho\/wp-content\/uploads\/sites\/14\/2021\/04\/logo_hor_rgb-768x208.jpg 768w, https:\/\/leppavedenhankasalmenkalatalousalue.fi\/hoho\/wp-content\/uploads\/sites\/14\/2021\/04\/logo_hor_rgb.jpg 1035w\" sizes=\"auto, (max-width: 1024px) 100vw, 1024px\" \/><\/a><\/figure>\n\n\n\n<p>Lievestuoreen khy:n lupa maksaa 50 \u20ac 18v ja vanh.,12-18v. 10 \u20ac, kahden viikon lupa 20\u20ac\/5\u20ac. Liepeen lupa on venekohtainen ja <strong>SIT\u00c4 K\u00c4YTETT\u00c4ESS\u00c4 PYYNNISS\u00c4 SAA OLLA 6 VAPAA.<\/strong> Kausilupa on voimassa 1.5.2025-30.4.2026, pilkitt\u00e4ess\u00e4 ootto- onki sallittu t\u00e4ll\u00e4 luvalla.<\/p>\n\n\n\n<p>KUILUN VIRTA ON LOHIKALAPITOINEN VIRTAVESI. KALASTUS KIELLETTY 1.9.-30.11. Madon k\u00e4ytt\u00f6 sy\u00f6ttin\u00e4 kielletty. Vain khy:n luvalla.<\/p>\n\n\n\n<p>Kiinti\u00f6 <strong>perho- ja uistinkalastukseen:<\/strong> 2 lohikalaa\/vrk\/lupa, 5 kuhaa \/vrk\/lupa.<\/p>\n\n\n\n<p>Kalastuskunnat j\u00e4rjest\u00e4v\u00e4t haukikilpailun. Toimita punnistustodistus Heikki Salmiselle p. 0400 311816.<\/p>\n\n\n\n<p>TUO KAIKKI J\u00c4RVELLE VIEM\u00c4SI SIELT\u00c4 MY\u00d6S POIS. PIDET\u00c4\u00c4N J\u00c4RVI PUHTAANA.MUISTATHAN OTTAA RANTA-ASUKKAAT JA MUUT VESILL\u00c4 OLIJAT HUOMIOON.<\/p>\n\n\n\n<p>Kalastusta valvovat Kalatalousalueen valvojat, poliisi sek\u00e4 Lasse Manninen, Mauno Tarvainen ja Heikki Salminen kalastuskuntien valtuuttamina.<\/p>\n\n\n\n<p>T\u00e4m\u00e4 ohje on kalastajan ja lupien antajan v\u00e4linen sopimus, joka velvoittaa hoitamaan j\u00e4rve\u00e4 ja jokaista toimimaan ohjeiden ja hyvien tapojen mukaisesti. Rikkomuksen vuoksi lupa voidaan perua.<\/p>\n\n\n\n<p>1988-2024 kalastuskunnat ovat istuttaneet j\u00e4rveen kuhaa 463000kpl, siikaa n. 494000 kpl, taimenta<\/p>\n\n\n\n<p>n. 43500 kpl, j\u00e4rvilohta n. 33500 kpl ja harjusta n.11000kpl.<\/p>\n\n\n\n<p><\/p>\n","protected":false},"excerpt":{"rendered":"<p>Lupamaksut ja ohjeet KALASTUSLUPAOHJE HOHON KK 2025 OSAKKAILLE:\u00a0Myyd\u00e4\u00e4n kaikille osakkaille\u00a010 pyydysmerkki\u00e4 \/a\u00b4 5 \u20ac .Lupa oikeuttaa yhteen 3mx30m verkkoon\/merkki. Lis\u00e4ksi niille osakkaille, joilla osuusluvan mukainen pyydysyksikk\u00f6m\u00e4\u00e4r\u00e4 ylitt\u00e4\u00e4 20 yksikk\u00f6\u00e4, on oikeus lunastaa osuuslukuaan vastaava pyydysyksikk\u00f6m\u00e4\u00e4r\u00e4 ( =yli 10 verkkomerkki\u00e4 ). Silt\u00e4 osin kuin pyydysyksik\u00f6iden lunastus ei perustu osuusluvun mukaiseen oikeuteen, pyydysyksik\u00f6t ovat henkil\u00f6kohtaisia, eik\u00e4 niit\u00e4<\/p>\n<p><a class=\"moretag\" href=\"https:\/\/leppavedenhankasalmenkalatalousalue.fi\/hoho\/luvat\/lupamaksut-ja-ohjeet\/\"> Lue lis\u00e4\u00e4 ><\/a><\/p>\n","protected":false},"author":1,"featured_media":0,"parent":45,"menu_order":0,"comment_status":"closed","ping_status":"closed","template":"basic-sivu.php","meta":{"_acf_changed":false,"footnotes":""},"class_list":["post-86","page","type-page","status-publish","hentry"],"acf":[],"yoast_head":"<!-- This site is optimized with the Yoast SEO plugin v27.1.1 - https:\/\/yoast.com\/product\/yoast-seo-wordpress\/ -->\n<title>Lupamaksut ja ohjeet - Hohon osakaskunta<\/title>\n<meta name=\"robots\" content=\"index, follow, max-snippet:-1, max-image-preview:large, max-video-preview:-1\" \/>\n<link rel=\"canonical\" href=\"https:\/\/leppavedenhankasalmenkalatalousalue.fi\/hoho\/luvat\/lupamaksut-ja-ohjeet\/\" \/>\n<meta property=\"og:locale\" content=\"fi_FI\" \/>\n<meta property=\"og:type\" content=\"article\" \/>\n<meta property=\"og:title\" content=\"Lupamaksut ja ohjeet - Hohon osakaskunta\" \/>\n<meta property=\"og:description\" content=\"Lupamaksut ja ohjeet KALASTUSLUPAOHJE HOHON KK 2025 OSAKKAILLE:\u00a0Myyd\u00e4\u00e4n kaikille osakkaille\u00a010 pyydysmerkki\u00e4 \/a\u00b4 5 \u20ac .Lupa oikeuttaa yhteen 3mx30m verkkoon\/merkki. Lis\u00e4ksi niille osakkaille, joilla osuusluvan mukainen pyydysyksikk\u00f6m\u00e4\u00e4r\u00e4 ylitt\u00e4\u00e4 20 yksikk\u00f6\u00e4, on oikeus lunastaa osuuslukuaan vastaava pyydysyksikk\u00f6m\u00e4\u00e4r\u00e4 ( =yli 10 verkkomerkki\u00e4 ). Silt\u00e4 osin kuin pyydysyksik\u00f6iden lunastus ei perustu osuusluvun mukaiseen oikeuteen, pyydysyksik\u00f6t ovat henkil\u00f6kohtaisia, eik\u00e4 niit\u00e4 Lue lis\u00e4\u00e4 &gt;\" \/>\n<meta property=\"og:url\" content=\"https:\/\/leppavedenhankasalmenkalatalousalue.fi\/hoho\/luvat\/lupamaksut-ja-ohjeet\/\" \/>\n<meta property=\"og:site_name\" content=\"Hohon osakaskunta\" \/>\n<meta property=\"article:modified_time\" content=\"2025-04-15T04:12:26+00:00\" \/>\n<meta property=\"og:image\" content=\"https:\/\/leppavedenhankasalmenkalatalousalue.fi\/hoho\/wp-content\/uploads\/sites\/14\/2021\/04\/logo_hor_rgb.jpg\" \/>\n\t<meta property=\"og:image:width\" content=\"1035\" \/>\n\t<meta property=\"og:image:height\" content=\"280\" \/>\n\t<meta property=\"og:image:type\" content=\"image\/jpeg\" \/>\n<meta name=\"twitter:card\" content=\"summary_large_image\" \/>\n<meta name=\"twitter:label1\" content=\"Arvioitu lukuaika\" \/>\n\t<meta name=\"twitter:data1\" content=\"5 minuuttia\" \/>\n<script type=\"application\/ld+json\" class=\"yoast-schema-graph\">{\"@context\":\"https:\/\/schema.org\",\"@graph\":[{\"@type\":\"WebPage\",\"@id\":\"https:\/\/leppavedenhankasalmenkalatalousalue.fi\/hoho\/luvat\/lupamaksut-ja-ohjeet\/\",\"url\":\"https:\/\/leppavedenhankasalmenkalatalousalue.fi\/hoho\/luvat\/lupamaksut-ja-ohjeet\/\",\"name\":\"Lupamaksut ja ohjeet - Hohon osakaskunta\",\"isPartOf\":{\"@id\":\"https:\/\/leppavedenhankasalmenkalatalousalue.fi\/hoho\/#website\"},\"primaryImageOfPage\":{\"@id\":\"https:\/\/leppavedenhankasalmenkalatalousalue.fi\/hoho\/luvat\/lupamaksut-ja-ohjeet\/#primaryimage\"},\"image\":{\"@id\":\"https:\/\/leppavedenhankasalmenkalatalousalue.fi\/hoho\/luvat\/lupamaksut-ja-ohjeet\/#primaryimage\"},\"thumbnailUrl\":\"https:\/\/leppavedenhankasalmenkalatalousalue.fi\/hoho\/wp-content\/uploads\/sites\/14\/2021\/04\/logo_hor_rgb-1024x277.jpg\",\"datePublished\":\"2020-10-29T11:39:36+00:00\",\"dateModified\":\"2025-04-15T04:12:26+00:00\",\"breadcrumb\":{\"@id\":\"https:\/\/leppavedenhankasalmenkalatalousalue.fi\/hoho\/luvat\/lupamaksut-ja-ohjeet\/#breadcrumb\"},\"inLanguage\":\"fi\",\"potentialAction\":[{\"@type\":\"ReadAction\",\"target\":[\"https:\/\/leppavedenhankasalmenkalatalousalue.fi\/hoho\/luvat\/lupamaksut-ja-ohjeet\/\"]}]},{\"@type\":\"ImageObject\",\"inLanguage\":\"fi\",\"@id\":\"https:\/\/leppavedenhankasalmenkalatalousalue.fi\/hoho\/luvat\/lupamaksut-ja-ohjeet\/#primaryimage\",\"url\":\"https:\/\/leppavedenhankasalmenkalatalousalue.fi\/hoho\/wp-content\/uploads\/sites\/14\/2021\/04\/logo_hor_rgb.jpg\",\"contentUrl\":\"https:\/\/leppavedenhankasalmenkalatalousalue.fi\/hoho\/wp-content\/uploads\/sites\/14\/2021\/04\/logo_hor_rgb.jpg\",\"width\":1035,\"height\":280},{\"@type\":\"BreadcrumbList\",\"@id\":\"https:\/\/leppavedenhankasalmenkalatalousalue.fi\/hoho\/luvat\/lupamaksut-ja-ohjeet\/#breadcrumb\",\"itemListElement\":[{\"@type\":\"ListItem\",\"position\":1,\"name\":\"Home\",\"item\":\"https:\/\/leppavedenhankasalmenkalatalousalue.fi\/hoho\/\"},{\"@type\":\"ListItem\",\"position\":2,\"name\":\"Luvat\",\"item\":\"https:\/\/leppavedenhankasalmenkalatalousalue.fi\/hoho\/luvat\/\"},{\"@type\":\"ListItem\",\"position\":3,\"name\":\"Lupamaksut ja ohjeet\"}]},{\"@type\":\"WebSite\",\"@id\":\"https:\/\/leppavedenhankasalmenkalatalousalue.fi\/hoho\/#website\",\"url\":\"https:\/\/leppavedenhankasalmenkalatalousalue.fi\/hoho\/\",\"name\":\"Hohon osakaskunta\",\"description\":\"\",\"potentialAction\":[{\"@type\":\"SearchAction\",\"target\":{\"@type\":\"EntryPoint\",\"urlTemplate\":\"https:\/\/leppavedenhankasalmenkalatalousalue.fi\/hoho\/?s={search_term_string}\"},\"query-input\":{\"@type\":\"PropertyValueSpecification\",\"valueRequired\":true,\"valueName\":\"search_term_string\"}}],\"inLanguage\":\"fi\"}]}<\/script>\n<!-- \/ Yoast SEO plugin. -->","yoast_head_json":{"title":"Lupamaksut ja ohjeet - Hohon osakaskunta","robots":{"index":"index","follow":"follow","max-snippet":"max-snippet:-1","max-image-preview":"max-image-preview:large","max-video-preview":"max-video-preview:-1"},"canonical":"https:\/\/leppavedenhankasalmenkalatalousalue.fi\/hoho\/luvat\/lupamaksut-ja-ohjeet\/","og_locale":"fi_FI","og_type":"article","og_title":"Lupamaksut ja ohjeet - Hohon osakaskunta","og_description":"Lupamaksut ja ohjeet KALASTUSLUPAOHJE HOHON KK 2025 OSAKKAILLE:\u00a0Myyd\u00e4\u00e4n kaikille osakkaille\u00a010 pyydysmerkki\u00e4 \/a\u00b4 5 \u20ac .Lupa oikeuttaa yhteen 3mx30m verkkoon\/merkki. Lis\u00e4ksi niille osakkaille, joilla osuusluvan mukainen pyydysyksikk\u00f6m\u00e4\u00e4r\u00e4 ylitt\u00e4\u00e4 20 yksikk\u00f6\u00e4, on oikeus lunastaa osuuslukuaan vastaava pyydysyksikk\u00f6m\u00e4\u00e4r\u00e4 ( =yli 10 verkkomerkki\u00e4 ). Silt\u00e4 osin kuin pyydysyksik\u00f6iden lunastus ei perustu osuusluvun mukaiseen oikeuteen, pyydysyksik\u00f6t ovat henkil\u00f6kohtaisia, eik\u00e4 niit\u00e4 Lue lis\u00e4\u00e4 >","og_url":"https:\/\/leppavedenhankasalmenkalatalousalue.fi\/hoho\/luvat\/lupamaksut-ja-ohjeet\/","og_site_name":"Hohon osakaskunta","article_modified_time":"2025-04-15T04:12:26+00:00","og_image":[{"width":1035,"height":280,"url":"https:\/\/leppavedenhankasalmenkalatalousalue.fi\/hoho\/wp-content\/uploads\/sites\/14\/2021\/04\/logo_hor_rgb.jpg","type":"image\/jpeg"}],"twitter_card":"summary_large_image","twitter_misc":{"Arvioitu lukuaika":"5 minuuttia"},"schema":{"@context":"https:\/\/schema.org","@graph":[{"@type":"WebPage","@id":"https:\/\/leppavedenhankasalmenkalatalousalue.fi\/hoho\/luvat\/lupamaksut-ja-ohjeet\/","url":"https:\/\/leppavedenhankasalmenkalatalousalue.fi\/hoho\/luvat\/lupamaksut-ja-ohjeet\/","name":"Lupamaksut ja ohjeet - Hohon osakaskunta","isPartOf":{"@id":"https:\/\/leppavedenhankasalmenkalatalousalue.fi\/hoho\/#website"},"primaryImageOfPage":{"@id":"https:\/\/leppavedenhankasalmenkalatalousalue.fi\/hoho\/luvat\/lupamaksut-ja-ohjeet\/#primaryimage"},"image":{"@id":"https:\/\/leppavedenhankasalmenkalatalousalue.fi\/hoho\/luvat\/lupamaksut-ja-ohjeet\/#primaryimage"},"thumbnailUrl":"https:\/\/leppavedenhankasalmenkalatalousalue.fi\/hoho\/wp-content\/uploads\/sites\/14\/2021\/04\/logo_hor_rgb-1024x277.jpg","datePublished":"2020-10-29T11:39:36+00:00","dateModified":"2025-04-15T04:12:26+00:00","breadcrumb":{"@id":"https:\/\/leppavedenhankasalmenkalatalousalue.fi\/hoho\/luvat\/lupamaksut-ja-ohjeet\/#breadcrumb"},"inLanguage":"fi","potentialAction":[{"@type":"ReadAction","target":["https:\/\/leppavedenhankasalmenkalatalousalue.fi\/hoho\/luvat\/lupamaksut-ja-ohjeet\/"]}]},{"@type":"ImageObject","inLanguage":"fi","@id":"https:\/\/leppavedenhankasalmenkalatalousalue.fi\/hoho\/luvat\/lupamaksut-ja-ohjeet\/#primaryimage","url":"https:\/\/leppavedenhankasalmenkalatalousalue.fi\/hoho\/wp-content\/uploads\/sites\/14\/2021\/04\/logo_hor_rgb.jpg","contentUrl":"https:\/\/leppavedenhankasalmenkalatalousalue.fi\/hoho\/wp-content\/uploads\/sites\/14\/2021\/04\/logo_hor_rgb.jpg","width":1035,"height":280},{"@type":"BreadcrumbList","@id":"https:\/\/leppavedenhankasalmenkalatalousalue.fi\/hoho\/luvat\/lupamaksut-ja-ohjeet\/#breadcrumb","itemListElement":[{"@type":"ListItem","position":1,"name":"Home","item":"https:\/\/leppavedenhankasalmenkalatalousalue.fi\/hoho\/"},{"@type":"ListItem","position":2,"name":"Luvat","item":"https:\/\/leppavedenhankasalmenkalatalousalue.fi\/hoho\/luvat\/"},{"@type":"ListItem","position":3,"name":"Lupamaksut ja ohjeet"}]},{"@type":"WebSite","@id":"https:\/\/leppavedenhankasalmenkalatalousalue.fi\/hoho\/#website","url":"https:\/\/leppavedenhankasalmenkalatalousalue.fi\/hoho\/","name":"Hohon osakaskunta","description":"","potentialAction":[{"@type":"SearchAction","target":{"@type":"EntryPoint","urlTemplate":"https:\/\/leppavedenhankasalmenkalatalousalue.fi\/hoho\/?s={search_term_string}"},"query-input":{"@type":"PropertyValueSpecification","valueRequired":true,"valueName":"search_term_string"}}],"inLanguage":"fi"}]}},"_links":{"self":[{"href":"https:\/\/leppavedenhankasalmenkalatalousalue.fi\/hoho\/wp-json\/wp\/v2\/pages\/86","targetHints":{"allow":["GET"]}}],"collection":[{"href":"https:\/\/leppavedenhankasalmenkalatalousalue.fi\/hoho\/wp-json\/wp\/v2\/pages"}],"about":[{"href":"https:\/\/leppavedenhankasalmenkalatalousalue.fi\/hoho\/wp-json\/wp\/v2\/types\/page"}],"author":[{"embeddable":true,"href":"https:\/\/leppavedenhankasalmenkalatalousalue.fi\/hoho\/wp-json\/wp\/v2\/users\/1"}],"replies":[{"embeddable":true,"href":"https:\/\/leppavedenhankasalmenkalatalousalue.fi\/hoho\/wp-json\/wp\/v2\/comments?post=86"}],"version-history":[{"count":24,"href":"https:\/\/leppavedenhankasalmenkalatalousalue.fi\/hoho\/wp-json\/wp\/v2\/pages\/86\/revisions"}],"predecessor-version":[{"id":349,"href":"https:\/\/leppavedenhankasalmenkalatalousalue.fi\/hoho\/wp-json\/wp\/v2\/pages\/86\/revisions\/349"}],"up":[{"embeddable":true,"href":"https:\/\/leppavedenhankasalmenkalatalousalue.fi\/hoho\/wp-json\/wp\/v2\/pages\/45"}],"wp:attachment":[{"href":"https:\/\/leppavedenhankasalmenkalatalousalue.fi\/hoho\/wp-json\/wp\/v2\/media?parent=86"}],"curies":[{"name":"wp","href":"https:\/\/api.w.org\/{rel}","templated":true}]}}