{"id":97,"date":"2020-10-29T11:48:36","date_gmt":"2020-10-29T11:48:36","guid":{"rendered":"http:\/\/89.166.51.80\/~leppaveden\/pertunmaankylan-osakaskunta\/?page_id=97"},"modified":"2020-11-03T09:23:36","modified_gmt":"2020-11-03T09:23:36","slug":"pyydysmerkinnat","status":"publish","type":"page","link":"https:\/\/leppavedenhankasalmenkalatalousalue.fi\/kangashakki\/luvat\/pyydysmerkinnat\/","title":{"rendered":"Pyydysmerkinn\u00e4t"},"content":{"rendered":"\n<h2 class=\"wp-block-heading\">Pyydysmerkinn\u00e4t<\/h2>\n\n\n\n<p><strong>Muovisia pyydysmerkkej\u00e4 ei ole en\u00e4\u00e4 k\u00e4yt\u00f6ss\u00e4.<\/strong>&nbsp;Pyydykset tulee merkit\u00e4 voimassa olevan kalastuslain ja asetuksen mukaisesti. Lippusalossa tulee olla selke\u00e4sti merkittyn\u00e4&nbsp;kalastajan nimi ja puhelinnumero&nbsp;tai&nbsp;nimi ja osoitetiedot.<\/p>\n\n\n\n<p>Miss\u00e4 yleisesti liikutaan moottoriveneill\u00e4, tulee lippusalon pituuden olla 1,2m. Pienill\u00e4 j\u00e4rvill\u00e4 ja lammeilla, sek\u00e4 matalilla lahdilla ja rantavy\u00f6hykkeill\u00e4 riitt\u00e4\u00e4 40cm lippukoho tai v\u00e4hint\u00e4\u00e4n 15cm veden pinnan yl\u00e4puolelle ulottuva koho.<\/p>\n\n\n\n<figure class=\"wp-block-image size-large\"><img loading=\"lazy\" decoding=\"async\" width=\"800\" height=\"181\" src=\"https:\/\/leppavedenhankasalmenkalatalousalue.fi\/\/pertunmaankylan-osakaskunta\/wp-content\/uploads\/sites\/18\/2020\/11\/sivu2_alaosa.jpg\" alt=\"\" class=\"wp-image-267\" srcset=\"https:\/\/leppavedenhankasalmenkalatalousalue.fi\/kangashakki\/wp-content\/uploads\/sites\/18\/2020\/11\/sivu2_alaosa.jpg 800w, https:\/\/leppavedenhankasalmenkalatalousalue.fi\/kangashakki\/wp-content\/uploads\/sites\/18\/2020\/11\/sivu2_alaosa-300x68.jpg 300w, https:\/\/leppavedenhankasalmenkalatalousalue.fi\/kangashakki\/wp-content\/uploads\/sites\/18\/2020\/11\/sivu2_alaosa-768x174.jpg 768w\" sizes=\"auto, (max-width: 800px) 100vw, 800px\" \/><\/figure>\n","protected":false},"excerpt":{"rendered":"<p>Pyydysmerkinn\u00e4t Muovisia pyydysmerkkej\u00e4 ei ole en\u00e4\u00e4 k\u00e4yt\u00f6ss\u00e4.&nbsp;Pyydykset tulee merkit\u00e4 voimassa olevan kalastuslain ja asetuksen mukaisesti. Lippusalossa tulee olla selke\u00e4sti merkittyn\u00e4&nbsp;kalastajan nimi ja puhelinnumero&nbsp;tai&nbsp;nimi ja osoitetiedot. Miss\u00e4 yleisesti liikutaan moottoriveneill\u00e4, tulee lippusalon pituuden olla 1,2m. Pienill\u00e4 j\u00e4rvill\u00e4 ja lammeilla, sek\u00e4 matalilla lahdilla ja rantavy\u00f6hykkeill\u00e4 riitt\u00e4\u00e4 40cm lippukoho tai v\u00e4hint\u00e4\u00e4n 15cm veden pinnan yl\u00e4puolelle ulottuva koho.<\/p>\n","protected":false},"author":1,"featured_media":0,"parent":45,"menu_order":0,"comment_status":"closed","ping_status":"closed","template":"basic-sivu.php","meta":{"_acf_changed":false,"footnotes":""},"class_list":["post-97","page","type-page","status-publish","hentry"],"acf":[],"yoast_head":"<!-- This site is optimized with the Yoast SEO plugin v27.1.1 - https:\/\/yoast.com\/product\/yoast-seo-wordpress\/ -->\n<title>Pyydysmerkinn\u00e4t - Kangash\u00e4kin osakaskunta<\/title>\n<meta name=\"robots\" content=\"index, follow, max-snippet:-1, max-image-preview:large, max-video-preview:-1\" \/>\n<link rel=\"canonical\" href=\"https:\/\/leppavedenhankasalmenkalatalousalue.fi\/kangashakki\/luvat\/pyydysmerkinnat\/\" \/>\n<meta property=\"og:locale\" content=\"fi_FI\" \/>\n<meta property=\"og:type\" content=\"article\" \/>\n<meta property=\"og:title\" content=\"Pyydysmerkinn\u00e4t - Kangash\u00e4kin osakaskunta\" \/>\n<meta property=\"og:description\" content=\"Pyydysmerkinn\u00e4t Muovisia pyydysmerkkej\u00e4 ei ole en\u00e4\u00e4 k\u00e4yt\u00f6ss\u00e4.&nbsp;Pyydykset tulee merkit\u00e4 voimassa olevan kalastuslain ja asetuksen mukaisesti. Lippusalossa tulee olla selke\u00e4sti merkittyn\u00e4&nbsp;kalastajan nimi ja puhelinnumero&nbsp;tai&nbsp;nimi ja osoitetiedot. Miss\u00e4 yleisesti liikutaan moottoriveneill\u00e4, tulee lippusalon pituuden olla 1,2m. Pienill\u00e4 j\u00e4rvill\u00e4 ja lammeilla, sek\u00e4 matalilla lahdilla ja rantavy\u00f6hykkeill\u00e4 riitt\u00e4\u00e4 40cm lippukoho tai v\u00e4hint\u00e4\u00e4n 15cm veden pinnan yl\u00e4puolelle ulottuva koho.\" \/>\n<meta property=\"og:url\" content=\"https:\/\/leppavedenhankasalmenkalatalousalue.fi\/kangashakki\/luvat\/pyydysmerkinnat\/\" \/>\n<meta property=\"og:site_name\" content=\"Kangash\u00e4kin osakaskunta\" \/>\n<meta property=\"article:modified_time\" content=\"2020-11-03T09:23:36+00:00\" \/>\n<meta property=\"og:image\" content=\"https:\/\/leppavedenhankasalmenkalatalousalue.fi\/\/pertunmaankylan-osakaskunta\/wp-content\/uploads\/sites\/18\/2020\/11\/sivu2_alaosa.jpg\" \/>\n<meta name=\"twitter:card\" content=\"summary_large_image\" \/>\n<script type=\"application\/ld+json\" class=\"yoast-schema-graph\">{\"@context\":\"https:\/\/schema.org\",\"@graph\":[{\"@type\":\"WebPage\",\"@id\":\"https:\/\/leppavedenhankasalmenkalatalousalue.fi\/kangashakki\/luvat\/pyydysmerkinnat\/\",\"url\":\"https:\/\/leppavedenhankasalmenkalatalousalue.fi\/kangashakki\/luvat\/pyydysmerkinnat\/\",\"name\":\"Pyydysmerkinn\u00e4t - Kangash\u00e4kin osakaskunta\",\"isPartOf\":{\"@id\":\"https:\/\/leppavedenhankasalmenkalatalousalue.fi\/kangashakki\/#website\"},\"primaryImageOfPage\":{\"@id\":\"https:\/\/leppavedenhankasalmenkalatalousalue.fi\/kangashakki\/luvat\/pyydysmerkinnat\/#primaryimage\"},\"image\":{\"@id\":\"https:\/\/leppavedenhankasalmenkalatalousalue.fi\/kangashakki\/luvat\/pyydysmerkinnat\/#primaryimage\"},\"thumbnailUrl\":\"https:\/\/leppavedenhankasalmenkalatalousalue.fi\/\/pertunmaankylan-osakaskunta\/wp-content\/uploads\/sites\/18\/2020\/11\/sivu2_alaosa.jpg\",\"datePublished\":\"2020-10-29T11:48:36+00:00\",\"dateModified\":\"2020-11-03T09:23:36+00:00\",\"breadcrumb\":{\"@id\":\"https:\/\/leppavedenhankasalmenkalatalousalue.fi\/kangashakki\/luvat\/pyydysmerkinnat\/#breadcrumb\"},\"inLanguage\":\"fi\",\"potentialAction\":[{\"@type\":\"ReadAction\",\"target\":[\"https:\/\/leppavedenhankasalmenkalatalousalue.fi\/kangashakki\/luvat\/pyydysmerkinnat\/\"]}]},{\"@type\":\"ImageObject\",\"inLanguage\":\"fi\",\"@id\":\"https:\/\/leppavedenhankasalmenkalatalousalue.fi\/kangashakki\/luvat\/pyydysmerkinnat\/#primaryimage\",\"url\":\"https:\/\/leppavedenhankasalmenkalatalousalue.fi\/\/pertunmaankylan-osakaskunta\/wp-content\/uploads\/sites\/18\/2020\/11\/sivu2_alaosa.jpg\",\"contentUrl\":\"https:\/\/leppavedenhankasalmenkalatalousalue.fi\/\/pertunmaankylan-osakaskunta\/wp-content\/uploads\/sites\/18\/2020\/11\/sivu2_alaosa.jpg\"},{\"@type\":\"BreadcrumbList\",\"@id\":\"https:\/\/leppavedenhankasalmenkalatalousalue.fi\/kangashakki\/luvat\/pyydysmerkinnat\/#breadcrumb\",\"itemListElement\":[{\"@type\":\"ListItem\",\"position\":1,\"name\":\"Home\",\"item\":\"https:\/\/leppavedenhankasalmenkalatalousalue.fi\/kangashakki\/\"},{\"@type\":\"ListItem\",\"position\":2,\"name\":\"Yksityinen: Luvat\",\"item\":\"https:\/\/leppavedenhankasalmenkalatalousalue.fi\/kangashakki\/?page_id=45\"},{\"@type\":\"ListItem\",\"position\":3,\"name\":\"Pyydysmerkinn\u00e4t\"}]},{\"@type\":\"WebSite\",\"@id\":\"https:\/\/leppavedenhankasalmenkalatalousalue.fi\/kangashakki\/#website\",\"url\":\"https:\/\/leppavedenhankasalmenkalatalousalue.fi\/kangashakki\/\",\"name\":\"Kangash\u00e4kin osakaskunta\",\"description\":\"\",\"potentialAction\":[{\"@type\":\"SearchAction\",\"target\":{\"@type\":\"EntryPoint\",\"urlTemplate\":\"https:\/\/leppavedenhankasalmenkalatalousalue.fi\/kangashakki\/?s={search_term_string}\"},\"query-input\":{\"@type\":\"PropertyValueSpecification\",\"valueRequired\":true,\"valueName\":\"search_term_string\"}}],\"inLanguage\":\"fi\"}]}<\/script>\n<!-- \/ Yoast SEO plugin. -->","yoast_head_json":{"title":"Pyydysmerkinn\u00e4t - Kangash\u00e4kin osakaskunta","robots":{"index":"index","follow":"follow","max-snippet":"max-snippet:-1","max-image-preview":"max-image-preview:large","max-video-preview":"max-video-preview:-1"},"canonical":"https:\/\/leppavedenhankasalmenkalatalousalue.fi\/kangashakki\/luvat\/pyydysmerkinnat\/","og_locale":"fi_FI","og_type":"article","og_title":"Pyydysmerkinn\u00e4t - Kangash\u00e4kin osakaskunta","og_description":"Pyydysmerkinn\u00e4t Muovisia pyydysmerkkej\u00e4 ei ole en\u00e4\u00e4 k\u00e4yt\u00f6ss\u00e4.&nbsp;Pyydykset tulee merkit\u00e4 voimassa olevan kalastuslain ja asetuksen mukaisesti. Lippusalossa tulee olla selke\u00e4sti merkittyn\u00e4&nbsp;kalastajan nimi ja puhelinnumero&nbsp;tai&nbsp;nimi ja osoitetiedot. Miss\u00e4 yleisesti liikutaan moottoriveneill\u00e4, tulee lippusalon pituuden olla 1,2m. Pienill\u00e4 j\u00e4rvill\u00e4 ja lammeilla, sek\u00e4 matalilla lahdilla ja rantavy\u00f6hykkeill\u00e4 riitt\u00e4\u00e4 40cm lippukoho tai v\u00e4hint\u00e4\u00e4n 15cm veden pinnan yl\u00e4puolelle ulottuva koho.","og_url":"https:\/\/leppavedenhankasalmenkalatalousalue.fi\/kangashakki\/luvat\/pyydysmerkinnat\/","og_site_name":"Kangash\u00e4kin osakaskunta","article_modified_time":"2020-11-03T09:23:36+00:00","og_image":[{"url":"https:\/\/leppavedenhankasalmenkalatalousalue.fi\/\/pertunmaankylan-osakaskunta\/wp-content\/uploads\/sites\/18\/2020\/11\/sivu2_alaosa.jpg","type":"","width":"","height":""}],"twitter_card":"summary_large_image","schema":{"@context":"https:\/\/schema.org","@graph":[{"@type":"WebPage","@id":"https:\/\/leppavedenhankasalmenkalatalousalue.fi\/kangashakki\/luvat\/pyydysmerkinnat\/","url":"https:\/\/leppavedenhankasalmenkalatalousalue.fi\/kangashakki\/luvat\/pyydysmerkinnat\/","name":"Pyydysmerkinn\u00e4t - Kangash\u00e4kin osakaskunta","isPartOf":{"@id":"https:\/\/leppavedenhankasalmenkalatalousalue.fi\/kangashakki\/#website"},"primaryImageOfPage":{"@id":"https:\/\/leppavedenhankasalmenkalatalousalue.fi\/kangashakki\/luvat\/pyydysmerkinnat\/#primaryimage"},"image":{"@id":"https:\/\/leppavedenhankasalmenkalatalousalue.fi\/kangashakki\/luvat\/pyydysmerkinnat\/#primaryimage"},"thumbnailUrl":"https:\/\/leppavedenhankasalmenkalatalousalue.fi\/\/pertunmaankylan-osakaskunta\/wp-content\/uploads\/sites\/18\/2020\/11\/sivu2_alaosa.jpg","datePublished":"2020-10-29T11:48:36+00:00","dateModified":"2020-11-03T09:23:36+00:00","breadcrumb":{"@id":"https:\/\/leppavedenhankasalmenkalatalousalue.fi\/kangashakki\/luvat\/pyydysmerkinnat\/#breadcrumb"},"inLanguage":"fi","potentialAction":[{"@type":"ReadAction","target":["https:\/\/leppavedenhankasalmenkalatalousalue.fi\/kangashakki\/luvat\/pyydysmerkinnat\/"]}]},{"@type":"ImageObject","inLanguage":"fi","@id":"https:\/\/leppavedenhankasalmenkalatalousalue.fi\/kangashakki\/luvat\/pyydysmerkinnat\/#primaryimage","url":"https:\/\/leppavedenhankasalmenkalatalousalue.fi\/\/pertunmaankylan-osakaskunta\/wp-content\/uploads\/sites\/18\/2020\/11\/sivu2_alaosa.jpg","contentUrl":"https:\/\/leppavedenhankasalmenkalatalousalue.fi\/\/pertunmaankylan-osakaskunta\/wp-content\/uploads\/sites\/18\/2020\/11\/sivu2_alaosa.jpg"},{"@type":"BreadcrumbList","@id":"https:\/\/leppavedenhankasalmenkalatalousalue.fi\/kangashakki\/luvat\/pyydysmerkinnat\/#breadcrumb","itemListElement":[{"@type":"ListItem","position":1,"name":"Home","item":"https:\/\/leppavedenhankasalmenkalatalousalue.fi\/kangashakki\/"},{"@type":"ListItem","position":2,"name":"Yksityinen: Luvat","item":"https:\/\/leppavedenhankasalmenkalatalousalue.fi\/kangashakki\/?page_id=45"},{"@type":"ListItem","position":3,"name":"Pyydysmerkinn\u00e4t"}]},{"@type":"WebSite","@id":"https:\/\/leppavedenhankasalmenkalatalousalue.fi\/kangashakki\/#website","url":"https:\/\/leppavedenhankasalmenkalatalousalue.fi\/kangashakki\/","name":"Kangash\u00e4kin osakaskunta","description":"","potentialAction":[{"@type":"SearchAction","target":{"@type":"EntryPoint","urlTemplate":"https:\/\/leppavedenhankasalmenkalatalousalue.fi\/kangashakki\/?s={search_term_string}"},"query-input":{"@type":"PropertyValueSpecification","valueRequired":true,"valueName":"search_term_string"}}],"inLanguage":"fi"}]}},"_links":{"self":[{"href":"https:\/\/leppavedenhankasalmenkalatalousalue.fi\/kangashakki\/wp-json\/wp\/v2\/pages\/97","targetHints":{"allow":["GET"]}}],"collection":[{"href":"https:\/\/leppavedenhankasalmenkalatalousalue.fi\/kangashakki\/wp-json\/wp\/v2\/pages"}],"about":[{"href":"https:\/\/leppavedenhankasalmenkalatalousalue.fi\/kangashakki\/wp-json\/wp\/v2\/types\/page"}],"author":[{"embeddable":true,"href":"https:\/\/leppavedenhankasalmenkalatalousalue.fi\/kangashakki\/wp-json\/wp\/v2\/users\/1"}],"replies":[{"embeddable":true,"href":"https:\/\/leppavedenhankasalmenkalatalousalue.fi\/kangashakki\/wp-json\/wp\/v2\/comments?post=97"}],"version-history":[{"count":8,"href":"https:\/\/leppavedenhankasalmenkalatalousalue.fi\/kangashakki\/wp-json\/wp\/v2\/pages\/97\/revisions"}],"predecessor-version":[{"id":268,"href":"https:\/\/leppavedenhankasalmenkalatalousalue.fi\/kangashakki\/wp-json\/wp\/v2\/pages\/97\/revisions\/268"}],"up":[{"embeddable":true,"href":"https:\/\/leppavedenhankasalmenkalatalousalue.fi\/kangashakki\/wp-json\/wp\/v2\/pages\/45"}],"wp:attachment":[{"href":"https:\/\/leppavedenhankasalmenkalatalousalue.fi\/kangashakki\/wp-json\/wp\/v2\/media?parent=97"}],"curies":[{"name":"wp","href":"https:\/\/api.w.org\/{rel}","templated":true}]}}