{"id":26,"date":"2020-10-29T08:31:59","date_gmt":"2020-10-29T08:31:59","guid":{"rendered":"http:\/\/89.166.51.80\/~leppaveden\/ruskealan-osakaskunta\/?page_id=26"},"modified":"2021-09-02T11:46:03","modified_gmt":"2021-09-02T11:46:03","slug":"tiedot","status":"publish","type":"page","link":"https:\/\/leppavedenhankasalmenkalatalousalue.fi\/karkkaala\/tiedot\/","title":{"rendered":"Tiedot"},"content":{"rendered":"\n<h2 class=\"wp-block-heading\">Yhteystiedot<\/h2>\n\n\n\n<p>Puheenjohtaja:\u00a0Tero Puttonen<br>Lahdenkyl\u00e4ntie 330<br>44300 Konnevesi<br>040-8269995<br>karkkaalankalastuskunta@gmail.com<\/p>\n\n\n\n<h2 class=\"wp-block-heading\">Sijainti<\/h2>\n\n\n\n<figure class=\"wp-block-image size-large\"><img loading=\"lazy\" decoding=\"async\" width=\"727\" height=\"893\" src=\"https:\/\/leppavedenhankasalmenkalatalousalue.fi\/\/karkkaala\/wp-content\/uploads\/sites\/25\/2021\/01\/karttajpg1-1.jpg\" alt=\"\" class=\"wp-image-261\" srcset=\"https:\/\/leppavedenhankasalmenkalatalousalue.fi\/karkkaala\/wp-content\/uploads\/sites\/25\/2021\/01\/karttajpg1-1.jpg 727w, https:\/\/leppavedenhankasalmenkalatalousalue.fi\/karkkaala\/wp-content\/uploads\/sites\/25\/2021\/01\/karttajpg1-1-244x300.jpg 244w\" sizes=\"auto, (max-width: 727px) 100vw, 727px\" \/><\/figure>\n","protected":false},"excerpt":{"rendered":"<p>Yhteystiedot Puheenjohtaja:\u00a0Tero PuttonenLahdenkyl\u00e4ntie 33044300 Konnevesi040-8269995karkkaalankalastuskunta@gmail.com Sijainti<\/p>\n","protected":false},"author":1,"featured_media":0,"parent":0,"menu_order":0,"comment_status":"closed","ping_status":"closed","template":"basic-sivu.php","meta":{"_acf_changed":false,"footnotes":""},"class_list":["post-26","page","type-page","status-publish","hentry"],"acf":[],"yoast_head":"<!-- This site is optimized with the Yoast SEO plugin v27.1.1 - https:\/\/yoast.com\/product\/yoast-seo-wordpress\/ -->\n<title>Tiedot - K\u00e4rkk\u00e4\u00e4l\u00e4n osakaskunta<\/title>\n<meta name=\"robots\" content=\"index, follow, max-snippet:-1, max-image-preview:large, max-video-preview:-1\" \/>\n<link rel=\"canonical\" href=\"https:\/\/leppavedenhankasalmenkalatalousalue.fi\/karkkaala\/tiedot\/\" \/>\n<meta property=\"og:locale\" content=\"fi_FI\" \/>\n<meta property=\"og:type\" content=\"article\" \/>\n<meta property=\"og:title\" content=\"Tiedot - K\u00e4rkk\u00e4\u00e4l\u00e4n osakaskunta\" \/>\n<meta property=\"og:description\" content=\"Yhteystiedot Puheenjohtaja:\u00a0Tero PuttonenLahdenkyl\u00e4ntie 33044300 Konnevesi040-8269995karkkaalankalastuskunta@gmail.com Sijainti\" \/>\n<meta property=\"og:url\" content=\"https:\/\/leppavedenhankasalmenkalatalousalue.fi\/karkkaala\/tiedot\/\" \/>\n<meta property=\"og:site_name\" content=\"K\u00e4rkk\u00e4\u00e4l\u00e4n osakaskunta\" \/>\n<meta property=\"article:modified_time\" content=\"2021-09-02T11:46:03+00:00\" \/>\n<meta property=\"og:image\" content=\"https:\/\/leppavedenhankasalmenkalatalousalue.fi\/\/karkkaala\/wp-content\/uploads\/sites\/25\/2021\/01\/karttajpg1-1.jpg\" \/>\n<meta name=\"twitter:card\" content=\"summary_large_image\" \/>\n<meta name=\"twitter:label1\" content=\"Arvioitu lukuaika\" \/>\n\t<meta name=\"twitter:data1\" content=\"1 minuutti\" \/>\n<script type=\"application\/ld+json\" class=\"yoast-schema-graph\">{\"@context\":\"https:\/\/schema.org\",\"@graph\":[{\"@type\":\"WebPage\",\"@id\":\"https:\/\/leppavedenhankasalmenkalatalousalue.fi\/karkkaala\/tiedot\/\",\"url\":\"https:\/\/leppavedenhankasalmenkalatalousalue.fi\/karkkaala\/tiedot\/\",\"name\":\"Tiedot - K\u00e4rkk\u00e4\u00e4l\u00e4n osakaskunta\",\"isPartOf\":{\"@id\":\"https:\/\/leppavedenhankasalmenkalatalousalue.fi\/karkkaala\/#website\"},\"primaryImageOfPage\":{\"@id\":\"https:\/\/leppavedenhankasalmenkalatalousalue.fi\/karkkaala\/tiedot\/#primaryimage\"},\"image\":{\"@id\":\"https:\/\/leppavedenhankasalmenkalatalousalue.fi\/karkkaala\/tiedot\/#primaryimage\"},\"thumbnailUrl\":\"https:\/\/leppavedenhankasalmenkalatalousalue.fi\/\/karkkaala\/wp-content\/uploads\/sites\/25\/2021\/01\/karttajpg1-1.jpg\",\"datePublished\":\"2020-10-29T08:31:59+00:00\",\"dateModified\":\"2021-09-02T11:46:03+00:00\",\"breadcrumb\":{\"@id\":\"https:\/\/leppavedenhankasalmenkalatalousalue.fi\/karkkaala\/tiedot\/#breadcrumb\"},\"inLanguage\":\"fi\",\"potentialAction\":[{\"@type\":\"ReadAction\",\"target\":[\"https:\/\/leppavedenhankasalmenkalatalousalue.fi\/karkkaala\/tiedot\/\"]}]},{\"@type\":\"ImageObject\",\"inLanguage\":\"fi\",\"@id\":\"https:\/\/leppavedenhankasalmenkalatalousalue.fi\/karkkaala\/tiedot\/#primaryimage\",\"url\":\"https:\/\/leppavedenhankasalmenkalatalousalue.fi\/\/karkkaala\/wp-content\/uploads\/sites\/25\/2021\/01\/karttajpg1-1.jpg\",\"contentUrl\":\"https:\/\/leppavedenhankasalmenkalatalousalue.fi\/\/karkkaala\/wp-content\/uploads\/sites\/25\/2021\/01\/karttajpg1-1.jpg\"},{\"@type\":\"BreadcrumbList\",\"@id\":\"https:\/\/leppavedenhankasalmenkalatalousalue.fi\/karkkaala\/tiedot\/#breadcrumb\",\"itemListElement\":[{\"@type\":\"ListItem\",\"position\":1,\"name\":\"Home\",\"item\":\"https:\/\/leppavedenhankasalmenkalatalousalue.fi\/karkkaala\/\"},{\"@type\":\"ListItem\",\"position\":2,\"name\":\"Tiedot\"}]},{\"@type\":\"WebSite\",\"@id\":\"https:\/\/leppavedenhankasalmenkalatalousalue.fi\/karkkaala\/#website\",\"url\":\"https:\/\/leppavedenhankasalmenkalatalousalue.fi\/karkkaala\/\",\"name\":\"K\u00e4rkk\u00e4\u00e4l\u00e4n osakaskunta\",\"description\":\"\",\"potentialAction\":[{\"@type\":\"SearchAction\",\"target\":{\"@type\":\"EntryPoint\",\"urlTemplate\":\"https:\/\/leppavedenhankasalmenkalatalousalue.fi\/karkkaala\/?s={search_term_string}\"},\"query-input\":{\"@type\":\"PropertyValueSpecification\",\"valueRequired\":true,\"valueName\":\"search_term_string\"}}],\"inLanguage\":\"fi\"}]}<\/script>\n<!-- \/ Yoast SEO plugin. -->","yoast_head_json":{"title":"Tiedot - K\u00e4rkk\u00e4\u00e4l\u00e4n osakaskunta","robots":{"index":"index","follow":"follow","max-snippet":"max-snippet:-1","max-image-preview":"max-image-preview:large","max-video-preview":"max-video-preview:-1"},"canonical":"https:\/\/leppavedenhankasalmenkalatalousalue.fi\/karkkaala\/tiedot\/","og_locale":"fi_FI","og_type":"article","og_title":"Tiedot - K\u00e4rkk\u00e4\u00e4l\u00e4n osakaskunta","og_description":"Yhteystiedot Puheenjohtaja:\u00a0Tero PuttonenLahdenkyl\u00e4ntie 33044300 Konnevesi040-8269995karkkaalankalastuskunta@gmail.com Sijainti","og_url":"https:\/\/leppavedenhankasalmenkalatalousalue.fi\/karkkaala\/tiedot\/","og_site_name":"K\u00e4rkk\u00e4\u00e4l\u00e4n osakaskunta","article_modified_time":"2021-09-02T11:46:03+00:00","og_image":[{"url":"https:\/\/leppavedenhankasalmenkalatalousalue.fi\/\/karkkaala\/wp-content\/uploads\/sites\/25\/2021\/01\/karttajpg1-1.jpg","type":"","width":"","height":""}],"twitter_card":"summary_large_image","twitter_misc":{"Arvioitu lukuaika":"1 minuutti"},"schema":{"@context":"https:\/\/schema.org","@graph":[{"@type":"WebPage","@id":"https:\/\/leppavedenhankasalmenkalatalousalue.fi\/karkkaala\/tiedot\/","url":"https:\/\/leppavedenhankasalmenkalatalousalue.fi\/karkkaala\/tiedot\/","name":"Tiedot - K\u00e4rkk\u00e4\u00e4l\u00e4n osakaskunta","isPartOf":{"@id":"https:\/\/leppavedenhankasalmenkalatalousalue.fi\/karkkaala\/#website"},"primaryImageOfPage":{"@id":"https:\/\/leppavedenhankasalmenkalatalousalue.fi\/karkkaala\/tiedot\/#primaryimage"},"image":{"@id":"https:\/\/leppavedenhankasalmenkalatalousalue.fi\/karkkaala\/tiedot\/#primaryimage"},"thumbnailUrl":"https:\/\/leppavedenhankasalmenkalatalousalue.fi\/\/karkkaala\/wp-content\/uploads\/sites\/25\/2021\/01\/karttajpg1-1.jpg","datePublished":"2020-10-29T08:31:59+00:00","dateModified":"2021-09-02T11:46:03+00:00","breadcrumb":{"@id":"https:\/\/leppavedenhankasalmenkalatalousalue.fi\/karkkaala\/tiedot\/#breadcrumb"},"inLanguage":"fi","potentialAction":[{"@type":"ReadAction","target":["https:\/\/leppavedenhankasalmenkalatalousalue.fi\/karkkaala\/tiedot\/"]}]},{"@type":"ImageObject","inLanguage":"fi","@id":"https:\/\/leppavedenhankasalmenkalatalousalue.fi\/karkkaala\/tiedot\/#primaryimage","url":"https:\/\/leppavedenhankasalmenkalatalousalue.fi\/\/karkkaala\/wp-content\/uploads\/sites\/25\/2021\/01\/karttajpg1-1.jpg","contentUrl":"https:\/\/leppavedenhankasalmenkalatalousalue.fi\/\/karkkaala\/wp-content\/uploads\/sites\/25\/2021\/01\/karttajpg1-1.jpg"},{"@type":"BreadcrumbList","@id":"https:\/\/leppavedenhankasalmenkalatalousalue.fi\/karkkaala\/tiedot\/#breadcrumb","itemListElement":[{"@type":"ListItem","position":1,"name":"Home","item":"https:\/\/leppavedenhankasalmenkalatalousalue.fi\/karkkaala\/"},{"@type":"ListItem","position":2,"name":"Tiedot"}]},{"@type":"WebSite","@id":"https:\/\/leppavedenhankasalmenkalatalousalue.fi\/karkkaala\/#website","url":"https:\/\/leppavedenhankasalmenkalatalousalue.fi\/karkkaala\/","name":"K\u00e4rkk\u00e4\u00e4l\u00e4n osakaskunta","description":"","potentialAction":[{"@type":"SearchAction","target":{"@type":"EntryPoint","urlTemplate":"https:\/\/leppavedenhankasalmenkalatalousalue.fi\/karkkaala\/?s={search_term_string}"},"query-input":{"@type":"PropertyValueSpecification","valueRequired":true,"valueName":"search_term_string"}}],"inLanguage":"fi"}]}},"_links":{"self":[{"href":"https:\/\/leppavedenhankasalmenkalatalousalue.fi\/karkkaala\/wp-json\/wp\/v2\/pages\/26","targetHints":{"allow":["GET"]}}],"collection":[{"href":"https:\/\/leppavedenhankasalmenkalatalousalue.fi\/karkkaala\/wp-json\/wp\/v2\/pages"}],"about":[{"href":"https:\/\/leppavedenhankasalmenkalatalousalue.fi\/karkkaala\/wp-json\/wp\/v2\/types\/page"}],"author":[{"embeddable":true,"href":"https:\/\/leppavedenhankasalmenkalatalousalue.fi\/karkkaala\/wp-json\/wp\/v2\/users\/1"}],"replies":[{"embeddable":true,"href":"https:\/\/leppavedenhankasalmenkalatalousalue.fi\/karkkaala\/wp-json\/wp\/v2\/comments?post=26"}],"version-history":[{"count":25,"href":"https:\/\/leppavedenhankasalmenkalatalousalue.fi\/karkkaala\/wp-json\/wp\/v2\/pages\/26\/revisions"}],"predecessor-version":[{"id":289,"href":"https:\/\/leppavedenhankasalmenkalatalousalue.fi\/karkkaala\/wp-json\/wp\/v2\/pages\/26\/revisions\/289"}],"wp:attachment":[{"href":"https:\/\/leppavedenhankasalmenkalatalousalue.fi\/karkkaala\/wp-json\/wp\/v2\/media?parent=26"}],"curies":[{"name":"wp","href":"https:\/\/api.w.org\/{rel}","templated":true}]}}