{"id":290,"date":"2021-01-15T12:50:18","date_gmt":"2021-01-15T12:50:18","guid":{"rendered":"http:\/\/89.166.51.80\/~leppaveden\/montola\/?page_id=290"},"modified":"2026-03-27T09:59:34","modified_gmt":"2026-03-27T09:59:34","slug":"lievestuoreenjarven-kalastuksenhoitoyhtyman-lupaohje-2020-21","status":"publish","type":"page","link":"https:\/\/leppavedenhankasalmenkalatalousalue.fi\/montola\/luvat\/lievestuoreenjarven-kalastuksenhoitoyhtyman-lupaohje-2020-21\/","title":{"rendered":"Lievestuoreenj\u00e4rven kalastuksenhoitoyhtym\u00e4n lupaohje 2026-2027"},"content":{"rendered":"\n<p class=\"has-medium-font-size\"><strong>LIEVESTUOREENJ\u00c4RVEN KHY, KALASTUSLUPAOHJEET 2026-202<\/strong>7<\/p>\n\n\n\n<p><strong>VERKKOLUVAT <\/strong>(voimassaoloaika 1.5.2026-30.4.2027) myy S\u00c4\u00c4ST\u00d6MARKET, Kelkkam\u00e4ki (vain k\u00e4teismaksu)<\/p>\n\n\n\n<p>Lievestuoreenj\u00e4rveen voi ostaa enint\u00e4\u00e4n 6 merkki\u00e4\/kalastaja a`10\u20ac. Lupa oikeuttaa 3m x 30m verkkoon\/merkki, maksimikorkeus 6m (yli 3m verkko vaatii 2 merkki\u00e4). Kartassa merkityt alueet vain kalastuskuntien omilla luvilla ja ohjeilla.<\/p>\n\n\n\n<p><strong>Kalastusrajoitukset<\/strong>: ELY\/KHS alle 55 mm kielletty 1.12.-31.5.<\/p>\n\n\n\n<p>VERKKOKALASTUS KIELLETTY NS. KUILUN ALUEELLA koko vuoden, rajat Majasaaren silta-Koppelsaari-Laitisen rannan j\u00e4rveen p\u00e4\u00e4ttyv\u00e4 patotie. 1.9. &#8211; 30.11. kalastuskielto.<\/p>\n\n\n\n<p>PYYDYSKALASTUS kielletty 10.5.-15.6. alueella, joka alkaa Suurosen rantavajasta, siit\u00e4 l\u00e4nteen Kalattomankarin mustavalkoiseen v\u00e4yl\u00e4merkkiin, josta venev\u00e4yl\u00e4\u00e4 etel\u00e4\u00e4n kuilun alueelle. Alueen it\u00e4raja Montolan niemi &#8211; Raita-ahon niemi.<\/p>\n\n\n\n<p><strong>KALLAANLAHDELLA ON KAIKKI KALASTUS KIELLETTY 10.5. &#8211; 15.6. (ELY\/KHS)<\/strong><\/p>\n\n\n\n<p>PYYDYSKALASTUS kielletty siian kudun turvaamiseksi 15.10-30.11. rajojen Majasaaren vihre\u00e4 v\u00e4yl\u00e4merkki- Montolan p\u00e4\u00e4niemi (merkki rannassa) etel\u00e4-it\u00e4puolella.<\/p>\n\n\n\n<p>Siikaverkon silm\u00e4koko v\u00e4hint\u00e4\u00e4n 45 mm.<\/p>\n\n\n\n<p><strong>Lains\u00e4\u00e4d\u00e4nt\u00f6\u00e4: <\/strong>kuhan alamitta 42 cm, istutettu taimen 50 cm (luonnonkala rauhoitettu), j\u00e4rvilohi 60 cm. Yhden kalastajan\/porukan suurin verkkom\u00e4\u00e4r\u00e4 240 m.<\/p>\n\n\n\n<p>Pyydysmerkki talvella 1,2 m salko, 2cm heijastin. Kes\u00e4ll\u00e4 1,2 m salko, jossa 20 cm x 20 cm lippu<\/p>\n\n\n\n<p>ja heijastin, kohoverkoissa ja matalan veden verkoissa kaksi lippua. K\u00e4ytett\u00e4v\u00e4 uppoavia naruja.<\/p>\n\n\n\n<p>Merkkisalkoon kalastajan nimi, yhteystieto ja verkkomerkit.<\/p>\n\n\n\n<p><strong>Katiska<\/strong> ei yhtym\u00e4n alueella tarvitse pyydysmerkki\u00e4. Oltava 15 cm korkea pola ja yhteystiedot.<\/p>\n\n\n\n<p>Kaikki luvalliset kalat pois j\u00e4rvelt\u00e4.<\/p>\n\n\n\n<p><strong>PERHO- JA UISTINKALASTUKSEEN SAAT LUVAN MAKSAMALLA SEN TILILLE FI02 4760 0010 0131 36 Konneveden op, tai Osta luvat.fi sivustolta. <\/strong>Lievestuoreen khy:n lupa maksaa 50\u20ac 18v ja vanh.,12-18v. 10 \u20ac, kahden viikon lupa 20\u20ac\/5\u20ac. Liepeen lupa on venekohtainen ja <strong>SIT\u00c4 K\u00c4YTETT\u00c4ESS\u00c4 PYYNNISS\u00c4 SAA OLLA 6 VAPAA. PILKITESS\u00c4 LUPA MY\u00d6S OOTTO-ONKIIN<\/strong>. LUPA VOIMASSA 1.5.2026-30.4.2027.<\/p>\n\n\n\n<p>KUILUN VIRTA ON LOHIKALAPITOINEN VIRTAVESI. KALASTUS KIELLETTY 1.9.-30.11. Madon k\u00e4ytt\u00f6 sy\u00f6ttin\u00e4 kielletty. Vain khy:n luvalla.<\/p>\n\n\n\n<p>Kiinti\u00f6 <strong>perho- ja uistinkalastukseen:<\/strong> 2 lohikalaa\/vrk\/lupa, 5 kuhaa \/vrk\/lupa.<\/p>\n\n\n\n<p>Kalastuskunnat j\u00e4rjest\u00e4v\u00e4t haukikilpailun. Toimita punnitustodistus Heikki Salmiselle p .0400 311816.<\/p>\n\n\n\n<p>TUO KAIKKI J\u00c4RVELLE VIEM\u00c4SI SIELT\u00c4 MY\u00d6S POIS. PIDET\u00c4\u00c4N J\u00c4RVI PUHTAANA.MUISTATHAN OTTAA RANTA-ASUKKAAT JA MUUT VESILL\u00c4 OLIJAT HUOMIOON.<\/p>\n\n\n\n<p>Kalastusta valvovat Kalatalousalueen valvojat, poliisi sek\u00e4 Mauno Tarvainen, Heikki Salminen ja Lasse Manninen kalastuskuntien valtuuttamina.<\/p>\n\n\n\n<p>T\u00e4m\u00e4 ohje on kalastajan ja lupien antajan v\u00e4linen sopimus, joka velvoittaa hoitamaan j\u00e4rve\u00e4 ja jokaista toimimaan ohjeiden ja hyvien tapojen mukaisesti. Rikkomuksen vuoksi lupa voidaan perua.<\/p>\n\n\n\n<p>1988-2025 kalastuskunnat ovat istuttaneet j\u00e4rveen kuhaa n. 463000 kpl, siikaa n. 480000 kpl, taimenta<\/p>\n\n\n\n<p>n. 43000 kpl, j\u00e4rvilohta n. 33500 kpl ja harjusta n. 11000 kpl.<\/p>\n","protected":false},"excerpt":{"rendered":"<p>LIEVESTUOREENJ\u00c4RVEN KHY, KALASTUSLUPAOHJEET 2026-2027 VERKKOLUVAT (voimassaoloaika 1.5.2026-30.4.2027) myy S\u00c4\u00c4ST\u00d6MARKET, Kelkkam\u00e4ki (vain k\u00e4teismaksu) Lievestuoreenj\u00e4rveen voi ostaa enint\u00e4\u00e4n 6 merkki\u00e4\/kalastaja a`10\u20ac. Lupa oikeuttaa 3m x 30m verkkoon\/merkki, maksimikorkeus 6m (yli 3m verkko vaatii 2 merkki\u00e4). Kartassa merkityt alueet vain kalastuskuntien omilla luvilla ja ohjeilla. Kalastusrajoitukset: ELY\/KHS alle 55 mm kielletty 1.12.-31.5. VERKKOKALASTUS KIELLETTY NS. KUILUN ALUEELLA koko<\/p>\n<p><a class=\"moretag\" href=\"https:\/\/leppavedenhankasalmenkalatalousalue.fi\/montola\/luvat\/lievestuoreenjarven-kalastuksenhoitoyhtyman-lupaohje-2020-21\/\"> Lue lis\u00e4\u00e4 ><\/a><\/p>\n","protected":false},"author":1,"featured_media":0,"parent":45,"menu_order":0,"comment_status":"closed","ping_status":"closed","template":"basic-sivu.php","meta":{"_acf_changed":false,"footnotes":""},"class_list":["post-290","page","type-page","status-publish","hentry"],"acf":[],"yoast_head":"<!-- This site is optimized with the Yoast SEO plugin v27.1.1 - https:\/\/yoast.com\/product\/yoast-seo-wordpress\/ -->\n<title>Lievestuoreenj\u00e4rven kalastuksenhoitoyhtym\u00e4n lupaohje 2026-2027 - Montolan osakaskunta<\/title>\n<meta name=\"robots\" content=\"index, follow, max-snippet:-1, max-image-preview:large, max-video-preview:-1\" \/>\n<link rel=\"canonical\" href=\"https:\/\/leppavedenhankasalmenkalatalousalue.fi\/montola\/luvat\/lievestuoreenjarven-kalastuksenhoitoyhtyman-lupaohje-2020-21\/\" \/>\n<meta property=\"og:locale\" content=\"fi_FI\" \/>\n<meta property=\"og:type\" content=\"article\" \/>\n<meta property=\"og:title\" content=\"Lievestuoreenj\u00e4rven kalastuksenhoitoyhtym\u00e4n lupaohje 2026-2027 - Montolan osakaskunta\" \/>\n<meta property=\"og:description\" content=\"LIEVESTUOREENJ\u00c4RVEN KHY, KALASTUSLUPAOHJEET 2026-2027 VERKKOLUVAT (voimassaoloaika 1.5.2026-30.4.2027) myy S\u00c4\u00c4ST\u00d6MARKET, Kelkkam\u00e4ki (vain k\u00e4teismaksu) Lievestuoreenj\u00e4rveen voi ostaa enint\u00e4\u00e4n 6 merkki\u00e4\/kalastaja a`10\u20ac. Lupa oikeuttaa 3m x 30m verkkoon\/merkki, maksimikorkeus 6m (yli 3m verkko vaatii 2 merkki\u00e4). Kartassa merkityt alueet vain kalastuskuntien omilla luvilla ja ohjeilla. Kalastusrajoitukset: ELY\/KHS alle 55 mm kielletty 1.12.-31.5. VERKKOKALASTUS KIELLETTY NS. KUILUN ALUEELLA koko Lue lis\u00e4\u00e4 &gt;\" \/>\n<meta property=\"og:url\" content=\"https:\/\/leppavedenhankasalmenkalatalousalue.fi\/montola\/luvat\/lievestuoreenjarven-kalastuksenhoitoyhtyman-lupaohje-2020-21\/\" \/>\n<meta property=\"og:site_name\" content=\"Montolan osakaskunta\" \/>\n<meta property=\"article:modified_time\" content=\"2026-03-27T09:59:34+00:00\" \/>\n<meta name=\"twitter:card\" content=\"summary_large_image\" \/>\n<meta name=\"twitter:label1\" content=\"Arvioitu lukuaika\" \/>\n\t<meta name=\"twitter:data1\" content=\"3 minuuttia\" \/>\n<script type=\"application\/ld+json\" class=\"yoast-schema-graph\">{\"@context\":\"https:\/\/schema.org\",\"@graph\":[{\"@type\":\"WebPage\",\"@id\":\"https:\/\/leppavedenhankasalmenkalatalousalue.fi\/montola\/luvat\/lievestuoreenjarven-kalastuksenhoitoyhtyman-lupaohje-2020-21\/\",\"url\":\"https:\/\/leppavedenhankasalmenkalatalousalue.fi\/montola\/luvat\/lievestuoreenjarven-kalastuksenhoitoyhtyman-lupaohje-2020-21\/\",\"name\":\"Lievestuoreenj\u00e4rven kalastuksenhoitoyhtym\u00e4n lupaohje 2026-2027 - Montolan osakaskunta\",\"isPartOf\":{\"@id\":\"https:\/\/leppavedenhankasalmenkalatalousalue.fi\/montola\/#website\"},\"datePublished\":\"2021-01-15T12:50:18+00:00\",\"dateModified\":\"2026-03-27T09:59:34+00:00\",\"breadcrumb\":{\"@id\":\"https:\/\/leppavedenhankasalmenkalatalousalue.fi\/montola\/luvat\/lievestuoreenjarven-kalastuksenhoitoyhtyman-lupaohje-2020-21\/#breadcrumb\"},\"inLanguage\":\"fi\",\"potentialAction\":[{\"@type\":\"ReadAction\",\"target\":[\"https:\/\/leppavedenhankasalmenkalatalousalue.fi\/montola\/luvat\/lievestuoreenjarven-kalastuksenhoitoyhtyman-lupaohje-2020-21\/\"]}]},{\"@type\":\"BreadcrumbList\",\"@id\":\"https:\/\/leppavedenhankasalmenkalatalousalue.fi\/montola\/luvat\/lievestuoreenjarven-kalastuksenhoitoyhtyman-lupaohje-2020-21\/#breadcrumb\",\"itemListElement\":[{\"@type\":\"ListItem\",\"position\":1,\"name\":\"Home\",\"item\":\"https:\/\/leppavedenhankasalmenkalatalousalue.fi\/montola\/\"},{\"@type\":\"ListItem\",\"position\":2,\"name\":\"Luvat\",\"item\":\"https:\/\/leppavedenhankasalmenkalatalousalue.fi\/montola\/luvat\/\"},{\"@type\":\"ListItem\",\"position\":3,\"name\":\"Lievestuoreenj\u00e4rven kalastuksenhoitoyhtym\u00e4n lupaohje 2026-2027\"}]},{\"@type\":\"WebSite\",\"@id\":\"https:\/\/leppavedenhankasalmenkalatalousalue.fi\/montola\/#website\",\"url\":\"https:\/\/leppavedenhankasalmenkalatalousalue.fi\/montola\/\",\"name\":\"Montolan osakaskunta\",\"description\":\"\",\"potentialAction\":[{\"@type\":\"SearchAction\",\"target\":{\"@type\":\"EntryPoint\",\"urlTemplate\":\"https:\/\/leppavedenhankasalmenkalatalousalue.fi\/montola\/?s={search_term_string}\"},\"query-input\":{\"@type\":\"PropertyValueSpecification\",\"valueRequired\":true,\"valueName\":\"search_term_string\"}}],\"inLanguage\":\"fi\"}]}<\/script>\n<!-- \/ Yoast SEO plugin. -->","yoast_head_json":{"title":"Lievestuoreenj\u00e4rven kalastuksenhoitoyhtym\u00e4n lupaohje 2026-2027 - Montolan osakaskunta","robots":{"index":"index","follow":"follow","max-snippet":"max-snippet:-1","max-image-preview":"max-image-preview:large","max-video-preview":"max-video-preview:-1"},"canonical":"https:\/\/leppavedenhankasalmenkalatalousalue.fi\/montola\/luvat\/lievestuoreenjarven-kalastuksenhoitoyhtyman-lupaohje-2020-21\/","og_locale":"fi_FI","og_type":"article","og_title":"Lievestuoreenj\u00e4rven kalastuksenhoitoyhtym\u00e4n lupaohje 2026-2027 - Montolan osakaskunta","og_description":"LIEVESTUOREENJ\u00c4RVEN KHY, KALASTUSLUPAOHJEET 2026-2027 VERKKOLUVAT (voimassaoloaika 1.5.2026-30.4.2027) myy S\u00c4\u00c4ST\u00d6MARKET, Kelkkam\u00e4ki (vain k\u00e4teismaksu) Lievestuoreenj\u00e4rveen voi ostaa enint\u00e4\u00e4n 6 merkki\u00e4\/kalastaja a`10\u20ac. Lupa oikeuttaa 3m x 30m verkkoon\/merkki, maksimikorkeus 6m (yli 3m verkko vaatii 2 merkki\u00e4). Kartassa merkityt alueet vain kalastuskuntien omilla luvilla ja ohjeilla. Kalastusrajoitukset: ELY\/KHS alle 55 mm kielletty 1.12.-31.5. VERKKOKALASTUS KIELLETTY NS. KUILUN ALUEELLA koko Lue lis\u00e4\u00e4 >","og_url":"https:\/\/leppavedenhankasalmenkalatalousalue.fi\/montola\/luvat\/lievestuoreenjarven-kalastuksenhoitoyhtyman-lupaohje-2020-21\/","og_site_name":"Montolan osakaskunta","article_modified_time":"2026-03-27T09:59:34+00:00","twitter_card":"summary_large_image","twitter_misc":{"Arvioitu lukuaika":"3 minuuttia"},"schema":{"@context":"https:\/\/schema.org","@graph":[{"@type":"WebPage","@id":"https:\/\/leppavedenhankasalmenkalatalousalue.fi\/montola\/luvat\/lievestuoreenjarven-kalastuksenhoitoyhtyman-lupaohje-2020-21\/","url":"https:\/\/leppavedenhankasalmenkalatalousalue.fi\/montola\/luvat\/lievestuoreenjarven-kalastuksenhoitoyhtyman-lupaohje-2020-21\/","name":"Lievestuoreenj\u00e4rven kalastuksenhoitoyhtym\u00e4n lupaohje 2026-2027 - Montolan osakaskunta","isPartOf":{"@id":"https:\/\/leppavedenhankasalmenkalatalousalue.fi\/montola\/#website"},"datePublished":"2021-01-15T12:50:18+00:00","dateModified":"2026-03-27T09:59:34+00:00","breadcrumb":{"@id":"https:\/\/leppavedenhankasalmenkalatalousalue.fi\/montola\/luvat\/lievestuoreenjarven-kalastuksenhoitoyhtyman-lupaohje-2020-21\/#breadcrumb"},"inLanguage":"fi","potentialAction":[{"@type":"ReadAction","target":["https:\/\/leppavedenhankasalmenkalatalousalue.fi\/montola\/luvat\/lievestuoreenjarven-kalastuksenhoitoyhtyman-lupaohje-2020-21\/"]}]},{"@type":"BreadcrumbList","@id":"https:\/\/leppavedenhankasalmenkalatalousalue.fi\/montola\/luvat\/lievestuoreenjarven-kalastuksenhoitoyhtyman-lupaohje-2020-21\/#breadcrumb","itemListElement":[{"@type":"ListItem","position":1,"name":"Home","item":"https:\/\/leppavedenhankasalmenkalatalousalue.fi\/montola\/"},{"@type":"ListItem","position":2,"name":"Luvat","item":"https:\/\/leppavedenhankasalmenkalatalousalue.fi\/montola\/luvat\/"},{"@type":"ListItem","position":3,"name":"Lievestuoreenj\u00e4rven kalastuksenhoitoyhtym\u00e4n lupaohje 2026-2027"}]},{"@type":"WebSite","@id":"https:\/\/leppavedenhankasalmenkalatalousalue.fi\/montola\/#website","url":"https:\/\/leppavedenhankasalmenkalatalousalue.fi\/montola\/","name":"Montolan osakaskunta","description":"","potentialAction":[{"@type":"SearchAction","target":{"@type":"EntryPoint","urlTemplate":"https:\/\/leppavedenhankasalmenkalatalousalue.fi\/montola\/?s={search_term_string}"},"query-input":{"@type":"PropertyValueSpecification","valueRequired":true,"valueName":"search_term_string"}}],"inLanguage":"fi"}]}},"_links":{"self":[{"href":"https:\/\/leppavedenhankasalmenkalatalousalue.fi\/montola\/wp-json\/wp\/v2\/pages\/290","targetHints":{"allow":["GET"]}}],"collection":[{"href":"https:\/\/leppavedenhankasalmenkalatalousalue.fi\/montola\/wp-json\/wp\/v2\/pages"}],"about":[{"href":"https:\/\/leppavedenhankasalmenkalatalousalue.fi\/montola\/wp-json\/wp\/v2\/types\/page"}],"author":[{"embeddable":true,"href":"https:\/\/leppavedenhankasalmenkalatalousalue.fi\/montola\/wp-json\/wp\/v2\/users\/1"}],"replies":[{"embeddable":true,"href":"https:\/\/leppavedenhankasalmenkalatalousalue.fi\/montola\/wp-json\/wp\/v2\/comments?post=290"}],"version-history":[{"count":14,"href":"https:\/\/leppavedenhankasalmenkalatalousalue.fi\/montola\/wp-json\/wp\/v2\/pages\/290\/revisions"}],"predecessor-version":[{"id":448,"href":"https:\/\/leppavedenhankasalmenkalatalousalue.fi\/montola\/wp-json\/wp\/v2\/pages\/290\/revisions\/448"}],"up":[{"embeddable":true,"href":"https:\/\/leppavedenhankasalmenkalatalousalue.fi\/montola\/wp-json\/wp\/v2\/pages\/45"}],"wp:attachment":[{"href":"https:\/\/leppavedenhankasalmenkalatalousalue.fi\/montola\/wp-json\/wp\/v2\/media?parent=290"}],"curies":[{"name":"wp","href":"https:\/\/api.w.org\/{rel}","templated":true}]}}