{"id":86,"date":"2020-10-29T11:39:36","date_gmt":"2020-10-29T11:39:36","guid":{"rendered":"http:\/\/89.166.51.80\/~leppaveden\/vahvaselan-osakaskunta\/?page_id=86"},"modified":"2026-03-27T10:05:07","modified_gmt":"2026-03-27T10:05:07","slug":"lupamaksut-ja-ohjeet","status":"publish","type":"page","link":"https:\/\/leppavedenhankasalmenkalatalousalue.fi\/montola\/luvat\/lupamaksut-ja-ohjeet\/","title":{"rendered":"Kalastuksen ja sorsastuksen lupamaksut ja ohjeet"},"content":{"rendered":"\n<h2 class=\"wp-block-heading\"><\/h2>\n\n\n\n<h3 class=\"wp-block-heading\">Kalastus 2026<\/h3>\n\n\n\n<div style=\"height:1px\" aria-hidden=\"true\" class=\"wp-block-spacer\"><\/div>\n\n\n\n<h5 class=\"wp-block-heading\"><strong>PYYNTI- JA PYYDYSRAJOITUKSET<\/strong><\/h5>\n\n\n\n<p><\/p>\n\n\n\n<p>Kuilun alueella on verkko- ja rys\u00e4kalastus kielletty ymp\u00e4ri vuoden Majasaaren sillasta Koppelsaareen ja sen etel\u00e4k\u00e4rjest\u00e4 Laitisen vanhan puunajotien p\u00e4\u00e4h\u00e4n. 15.10.-30.11. pyydyskalastus kielletty rajana Koppelsaaren kohdalta alkaen venev\u00e4yl\u00e4- Majasaaren vihre\u00e4 v\u00e4yl\u00e4merkki-Montolan niemen \u201dp\u00e4\u00e4niemi\u201d it\u00e4- ja etel\u00e4puolella.<\/p>\n\n\n\n<p>Majasaaren ymp\u00e4rist\u00f6 ja sen it\u00e4puoli Raita-ahon salmeen saakka on 10.5.-15.6.. rauhoitettu verkkokalastukselta lupaohjeen mukaisesti. J\u00e4rven hoitosuunnitelman mukaisesti alle 55 mm verkkojen  k\u00e4ytt\u00f6 ajalla 1.12.-31.5. on kielletty. Kaikilla alueilla siikaverkkojen silm\u00e4koko v\u00e4hint\u00e4\u00e4n 45 mm.<\/p>\n\n\n\n<p><strong>Kallaanlahdella kalastus vain osakkaille, ei KHY:n merkeill\u00e4. Kaikenlaisen kalastuksen kielto 10.5.-15.6. (ELY\/KHS).<\/strong> Muuna aikana saa kalastaa yhdell\u00e4 (enint\u00e4\u00e4n 60 m pitk\u00e4) verkolla. <\/p>\n\n\n\n<p><strong>Verkkokalastus on  kielletty<\/strong> 10.5.-15.6. kuhan kudun turvaamiseksi alueella, joka alkaa Suurosen rantavajasta, siit\u00e4 l\u00e4nteen Kalattomankarin mustavalkoiseen v\u00e4yl\u00e4merkkiin, josta venev\u00e4yl\u00e4\u00e4 etel\u00e4\u00e4n Lokinsaaren punavalkoiseen v\u00e4yl\u00e4merkkiin, josta Kukkosaareen ja Majaniemeen. Alueen it\u00e4raja Montolan niemi-Raita-ahon niemi.<\/p>\n\n\n\n<p><strong>Kalastuskunnan pyydysmerkit voi lunastaa Viljo Hokkaselta (050 3534838) ja Raimo H\u00e4nniselt\u00e4 (040 7026674) esitt\u00e4m\u00e4ll\u00e4 maksutosite.<\/strong><\/p>\n\n\n\n<p>Lis\u00e4tietoja antaa kalastuskunnan esimies Viljo Hokkanen<\/p>\n\n\n\n<p><\/p>\n\n\n\n<p><\/p>\n\n\n\n<div style=\"height:100px\" aria-hidden=\"true\" class=\"wp-block-spacer\"><\/div>\n\n\n\n<h4 class=\"wp-block-heading\">SORSASTUS 2026<\/h4>\n\n\n\n<p><strong>1. Lievestuoreenj\u00e4rven yhteislupa<\/strong><\/p>\n\n\n\n<p>Montolan osakaskunnan osakas ei tarvitse lupaa omalla osakaskuntansa Lievestuoreenj\u00e4rven sel\u00e4npuoleisella alueella. Sorsastuslupaa ei voi siirt\u00e4\u00e4 ulkopuoliselle.<\/p>\n\n\n\n<p>Ulkopuolisille myyd\u00e4\u00e4n\u00a0<strong>yhteislupaa(Montolan kk + Hohon kk + Markkulan kk Lievestuoreen j\u00e4rven sel\u00e4n puoleiset alueet) yhteislupa-alueille 35 euron<\/strong>\u00a0hintaan\u00a0<strong>mets\u00e4styskauden loppuun<\/strong>\u00a0(oikeuttaa mets\u00e4st\u00e4m\u00e4\u00e4n kaikkina mets\u00e4stysp\u00e4ivin\u00e4). <strong>Yhteislupa ei koske Kallaanlahden aluetta.<\/strong><\/p>\n\n\n\n<p><strong>HUOM!<\/strong>&nbsp;Kaikki mets\u00e4stys on kielletty Hyypp\u00e4\u00e4nniemen, Ahturinniemen alueilla sek\u00e4 Saarilammissa. Lapinluodon \u2013 Koulusaarten alueella Lievestuoreenj\u00e4rvell\u00e4 mets\u00e4stys on kielletty \u2013 alue rauhoitettu.&nbsp;<\/p>\n\n\n\n<p><strong>\u00a0Kallaanlahdessa<\/strong>\u00a0mets\u00e4stys on sallittu\u00a0<strong>vain Montolan kk:n osakkaille\u00a0<\/strong>omalla vesialueella syyskuun loppuun saakka.<strong>\u00a0<\/strong>Sorsastuslupa maksaa 20 euroa. Mets\u00e4stysoikeutta ei voi siirt\u00e4\u00e4 osakaskuntaan kuulumattomille.<\/p>\n\n\n\n<p><strong>2. Hohonjoki ja Hohonlampi<\/strong><\/p>\n\n\n\n<p>Mets\u00e4stys sallittu vain Hohon kk:n osakkaille omalla alueillaan&nbsp;<strong>\u2013 <\/strong>ei maksua!<\/p>\n\n\n\n<p><strong>3. LAPINJ\u00c4RVEN yhteislupa (koko mets\u00e4styskausi viikonloppuisin)<\/strong><\/p>\n\n\n\n<p>Myyd\u00e4\u00e4n yhteislupaa Hohon \u2013 ja Montolan kk alueille sek\u00e4 Kankaisten kruununmaan osakaskunnan alueelle. Mets\u00e4stysalueelle kulku yleisen tien kautta (Hohontie).<\/p>\n\n\n\n<p><strong>Mets\u00e4styskausimaksun hinta 60 euroa kaikilta,<\/strong>&nbsp;paitsi Kankaisten kruununmaan osakaskunnan j\u00e4senilt\u00e4 ilmaista koko kauden omalla Lapinj\u00e4rven Toivakan kunnan puoleisella alueella.<\/p>\n\n\n\n<p><strong>Mets\u00e4stys alkaa to 20.08.2026 klo 12.00 ja on sallittu Lapinj\u00e4rvell\u00e4 to 20.8 &#8211; su 24.08.2026.<\/strong><\/p>\n\n\n\n<p>Mets\u00e4stys jatkuu\u00a0<strong>pe 28.8. alkaen ja on sallittua vain viikonloppuisin (pe-la-su) mets\u00e4styskauden loppuun.<\/strong><\/p>\n\n\n\n<p><strong>Luvat voi maksaa Keski-Suomen Osuuspankkiin tilille FI40 5232 0240 0211 38.&nbsp;<\/strong>Maksutosite on oltava mukana mets\u00e4stett\u00e4ess\u00e4.<\/p>\n\n\n\n<p><strong>MUISTA!<\/strong>&nbsp;Vesilintuja ei saa ampua lyijyhauleilla vesill\u00e4 eik\u00e4 maalla.<\/p>\n\n\n\n<p><strong>Valvonta:<\/strong>&nbsp;Valvonnan suorittaa Laukaan rhy:n valvojat, poliisi sek\u00e4 osakaskuntien nime\u00e4m\u00e4t henkil\u00f6t.<\/p>\n\n\n\n<p><strong>Lis\u00e4tietoja mets\u00e4stysasioista saatavilla:<\/strong><\/p>\n\n\n\n<p>Montolan kk pj. Viljo Hokkanen p 050-3534838 , Hohon kk pj. Mauno Tarvainen p. 050-4105586 , Kankaisten kruununmaan osakaskunnan pj. Jukka Laitinen 0400-340062 ja Markkulan kk pj. Lasse Manninen 040&nbsp;5158349<\/p>\n","protected":false},"excerpt":{"rendered":"<p>Kalastus 2026 PYYNTI- JA PYYDYSRAJOITUKSET Kuilun alueella on verkko- ja rys\u00e4kalastus kielletty ymp\u00e4ri vuoden Majasaaren sillasta Koppelsaareen ja sen etel\u00e4k\u00e4rjest\u00e4 Laitisen vanhan puunajotien p\u00e4\u00e4h\u00e4n. 15.10.-30.11. pyydyskalastus kielletty rajana Koppelsaaren kohdalta alkaen venev\u00e4yl\u00e4- Majasaaren vihre\u00e4 v\u00e4yl\u00e4merkki-Montolan niemen \u201dp\u00e4\u00e4niemi\u201d it\u00e4- ja etel\u00e4puolella. Majasaaren ymp\u00e4rist\u00f6 ja sen it\u00e4puoli Raita-ahon salmeen saakka on 10.5.-15.6.. rauhoitettu verkkokalastukselta lupaohjeen mukaisesti. J\u00e4rven<\/p>\n<p><a class=\"moretag\" href=\"https:\/\/leppavedenhankasalmenkalatalousalue.fi\/montola\/luvat\/lupamaksut-ja-ohjeet\/\"> Lue lis\u00e4\u00e4 ><\/a><\/p>\n","protected":false},"author":1,"featured_media":0,"parent":45,"menu_order":0,"comment_status":"closed","ping_status":"closed","template":"basic-sivu.php","meta":{"_acf_changed":false,"footnotes":""},"class_list":["post-86","page","type-page","status-publish","hentry"],"acf":[],"yoast_head":"<!-- This site is optimized with the Yoast SEO plugin v27.1.1 - https:\/\/yoast.com\/product\/yoast-seo-wordpress\/ -->\n<title>Kalastuksen ja sorsastuksen lupamaksut ja ohjeet - Montolan osakaskunta<\/title>\n<meta name=\"robots\" content=\"index, follow, max-snippet:-1, max-image-preview:large, max-video-preview:-1\" \/>\n<link rel=\"canonical\" href=\"https:\/\/leppavedenhankasalmenkalatalousalue.fi\/montola\/luvat\/lupamaksut-ja-ohjeet\/\" \/>\n<meta property=\"og:locale\" content=\"fi_FI\" \/>\n<meta property=\"og:type\" content=\"article\" \/>\n<meta property=\"og:title\" content=\"Kalastuksen ja sorsastuksen lupamaksut ja ohjeet - Montolan osakaskunta\" \/>\n<meta property=\"og:description\" content=\"Kalastus 2026 PYYNTI- JA PYYDYSRAJOITUKSET Kuilun alueella on verkko- ja rys\u00e4kalastus kielletty ymp\u00e4ri vuoden Majasaaren sillasta Koppelsaareen ja sen etel\u00e4k\u00e4rjest\u00e4 Laitisen vanhan puunajotien p\u00e4\u00e4h\u00e4n. 15.10.-30.11. pyydyskalastus kielletty rajana Koppelsaaren kohdalta alkaen venev\u00e4yl\u00e4- Majasaaren vihre\u00e4 v\u00e4yl\u00e4merkki-Montolan niemen \u201dp\u00e4\u00e4niemi\u201d it\u00e4- ja etel\u00e4puolella. Majasaaren ymp\u00e4rist\u00f6 ja sen it\u00e4puoli Raita-ahon salmeen saakka on 10.5.-15.6.. rauhoitettu verkkokalastukselta lupaohjeen mukaisesti. J\u00e4rven Lue lis\u00e4\u00e4 &gt;\" \/>\n<meta property=\"og:url\" content=\"https:\/\/leppavedenhankasalmenkalatalousalue.fi\/montola\/luvat\/lupamaksut-ja-ohjeet\/\" \/>\n<meta property=\"og:site_name\" content=\"Montolan osakaskunta\" \/>\n<meta property=\"article:modified_time\" content=\"2026-03-27T10:05:07+00:00\" \/>\n<meta name=\"twitter:card\" content=\"summary_large_image\" \/>\n<meta name=\"twitter:label1\" content=\"Arvioitu lukuaika\" \/>\n\t<meta name=\"twitter:data1\" content=\"3 minuuttia\" \/>\n<script type=\"application\/ld+json\" class=\"yoast-schema-graph\">{\"@context\":\"https:\/\/schema.org\",\"@graph\":[{\"@type\":\"WebPage\",\"@id\":\"https:\/\/leppavedenhankasalmenkalatalousalue.fi\/montola\/luvat\/lupamaksut-ja-ohjeet\/\",\"url\":\"https:\/\/leppavedenhankasalmenkalatalousalue.fi\/montola\/luvat\/lupamaksut-ja-ohjeet\/\",\"name\":\"Kalastuksen ja sorsastuksen lupamaksut ja ohjeet - Montolan osakaskunta\",\"isPartOf\":{\"@id\":\"https:\/\/leppavedenhankasalmenkalatalousalue.fi\/montola\/#website\"},\"datePublished\":\"2020-10-29T11:39:36+00:00\",\"dateModified\":\"2026-03-27T10:05:07+00:00\",\"breadcrumb\":{\"@id\":\"https:\/\/leppavedenhankasalmenkalatalousalue.fi\/montola\/luvat\/lupamaksut-ja-ohjeet\/#breadcrumb\"},\"inLanguage\":\"fi\",\"potentialAction\":[{\"@type\":\"ReadAction\",\"target\":[\"https:\/\/leppavedenhankasalmenkalatalousalue.fi\/montola\/luvat\/lupamaksut-ja-ohjeet\/\"]}]},{\"@type\":\"BreadcrumbList\",\"@id\":\"https:\/\/leppavedenhankasalmenkalatalousalue.fi\/montola\/luvat\/lupamaksut-ja-ohjeet\/#breadcrumb\",\"itemListElement\":[{\"@type\":\"ListItem\",\"position\":1,\"name\":\"Home\",\"item\":\"https:\/\/leppavedenhankasalmenkalatalousalue.fi\/montola\/\"},{\"@type\":\"ListItem\",\"position\":2,\"name\":\"Luvat\",\"item\":\"https:\/\/leppavedenhankasalmenkalatalousalue.fi\/montola\/luvat\/\"},{\"@type\":\"ListItem\",\"position\":3,\"name\":\"Kalastuksen ja sorsastuksen lupamaksut ja ohjeet\"}]},{\"@type\":\"WebSite\",\"@id\":\"https:\/\/leppavedenhankasalmenkalatalousalue.fi\/montola\/#website\",\"url\":\"https:\/\/leppavedenhankasalmenkalatalousalue.fi\/montola\/\",\"name\":\"Montolan osakaskunta\",\"description\":\"\",\"potentialAction\":[{\"@type\":\"SearchAction\",\"target\":{\"@type\":\"EntryPoint\",\"urlTemplate\":\"https:\/\/leppavedenhankasalmenkalatalousalue.fi\/montola\/?s={search_term_string}\"},\"query-input\":{\"@type\":\"PropertyValueSpecification\",\"valueRequired\":true,\"valueName\":\"search_term_string\"}}],\"inLanguage\":\"fi\"}]}<\/script>\n<!-- \/ Yoast SEO plugin. -->","yoast_head_json":{"title":"Kalastuksen ja sorsastuksen lupamaksut ja ohjeet - Montolan osakaskunta","robots":{"index":"index","follow":"follow","max-snippet":"max-snippet:-1","max-image-preview":"max-image-preview:large","max-video-preview":"max-video-preview:-1"},"canonical":"https:\/\/leppavedenhankasalmenkalatalousalue.fi\/montola\/luvat\/lupamaksut-ja-ohjeet\/","og_locale":"fi_FI","og_type":"article","og_title":"Kalastuksen ja sorsastuksen lupamaksut ja ohjeet - Montolan osakaskunta","og_description":"Kalastus 2026 PYYNTI- JA PYYDYSRAJOITUKSET Kuilun alueella on verkko- ja rys\u00e4kalastus kielletty ymp\u00e4ri vuoden Majasaaren sillasta Koppelsaareen ja sen etel\u00e4k\u00e4rjest\u00e4 Laitisen vanhan puunajotien p\u00e4\u00e4h\u00e4n. 15.10.-30.11. pyydyskalastus kielletty rajana Koppelsaaren kohdalta alkaen venev\u00e4yl\u00e4- Majasaaren vihre\u00e4 v\u00e4yl\u00e4merkki-Montolan niemen \u201dp\u00e4\u00e4niemi\u201d it\u00e4- ja etel\u00e4puolella. Majasaaren ymp\u00e4rist\u00f6 ja sen it\u00e4puoli Raita-ahon salmeen saakka on 10.5.-15.6.. rauhoitettu verkkokalastukselta lupaohjeen mukaisesti. J\u00e4rven Lue lis\u00e4\u00e4 >","og_url":"https:\/\/leppavedenhankasalmenkalatalousalue.fi\/montola\/luvat\/lupamaksut-ja-ohjeet\/","og_site_name":"Montolan osakaskunta","article_modified_time":"2026-03-27T10:05:07+00:00","twitter_card":"summary_large_image","twitter_misc":{"Arvioitu lukuaika":"3 minuuttia"},"schema":{"@context":"https:\/\/schema.org","@graph":[{"@type":"WebPage","@id":"https:\/\/leppavedenhankasalmenkalatalousalue.fi\/montola\/luvat\/lupamaksut-ja-ohjeet\/","url":"https:\/\/leppavedenhankasalmenkalatalousalue.fi\/montola\/luvat\/lupamaksut-ja-ohjeet\/","name":"Kalastuksen ja sorsastuksen lupamaksut ja ohjeet - Montolan osakaskunta","isPartOf":{"@id":"https:\/\/leppavedenhankasalmenkalatalousalue.fi\/montola\/#website"},"datePublished":"2020-10-29T11:39:36+00:00","dateModified":"2026-03-27T10:05:07+00:00","breadcrumb":{"@id":"https:\/\/leppavedenhankasalmenkalatalousalue.fi\/montola\/luvat\/lupamaksut-ja-ohjeet\/#breadcrumb"},"inLanguage":"fi","potentialAction":[{"@type":"ReadAction","target":["https:\/\/leppavedenhankasalmenkalatalousalue.fi\/montola\/luvat\/lupamaksut-ja-ohjeet\/"]}]},{"@type":"BreadcrumbList","@id":"https:\/\/leppavedenhankasalmenkalatalousalue.fi\/montola\/luvat\/lupamaksut-ja-ohjeet\/#breadcrumb","itemListElement":[{"@type":"ListItem","position":1,"name":"Home","item":"https:\/\/leppavedenhankasalmenkalatalousalue.fi\/montola\/"},{"@type":"ListItem","position":2,"name":"Luvat","item":"https:\/\/leppavedenhankasalmenkalatalousalue.fi\/montola\/luvat\/"},{"@type":"ListItem","position":3,"name":"Kalastuksen ja sorsastuksen lupamaksut ja ohjeet"}]},{"@type":"WebSite","@id":"https:\/\/leppavedenhankasalmenkalatalousalue.fi\/montola\/#website","url":"https:\/\/leppavedenhankasalmenkalatalousalue.fi\/montola\/","name":"Montolan osakaskunta","description":"","potentialAction":[{"@type":"SearchAction","target":{"@type":"EntryPoint","urlTemplate":"https:\/\/leppavedenhankasalmenkalatalousalue.fi\/montola\/?s={search_term_string}"},"query-input":{"@type":"PropertyValueSpecification","valueRequired":true,"valueName":"search_term_string"}}],"inLanguage":"fi"}]}},"_links":{"self":[{"href":"https:\/\/leppavedenhankasalmenkalatalousalue.fi\/montola\/wp-json\/wp\/v2\/pages\/86","targetHints":{"allow":["GET"]}}],"collection":[{"href":"https:\/\/leppavedenhankasalmenkalatalousalue.fi\/montola\/wp-json\/wp\/v2\/pages"}],"about":[{"href":"https:\/\/leppavedenhankasalmenkalatalousalue.fi\/montola\/wp-json\/wp\/v2\/types\/page"}],"author":[{"embeddable":true,"href":"https:\/\/leppavedenhankasalmenkalatalousalue.fi\/montola\/wp-json\/wp\/v2\/users\/1"}],"replies":[{"embeddable":true,"href":"https:\/\/leppavedenhankasalmenkalatalousalue.fi\/montola\/wp-json\/wp\/v2\/comments?post=86"}],"version-history":[{"count":34,"href":"https:\/\/leppavedenhankasalmenkalatalousalue.fi\/montola\/wp-json\/wp\/v2\/pages\/86\/revisions"}],"predecessor-version":[{"id":450,"href":"https:\/\/leppavedenhankasalmenkalatalousalue.fi\/montola\/wp-json\/wp\/v2\/pages\/86\/revisions\/450"}],"up":[{"embeddable":true,"href":"https:\/\/leppavedenhankasalmenkalatalousalue.fi\/montola\/wp-json\/wp\/v2\/pages\/45"}],"wp:attachment":[{"href":"https:\/\/leppavedenhankasalmenkalatalousalue.fi\/montola\/wp-json\/wp\/v2\/media?parent=86"}],"curies":[{"name":"wp","href":"https:\/\/api.w.org\/{rel}","templated":true}]}}