{"id":26,"date":"2020-10-29T08:31:59","date_gmt":"2020-10-29T08:31:59","guid":{"rendered":"http:\/\/89.166.51.80\/~leppaveden\/vehmaan-osakaskunta\/?page_id=26"},"modified":"2021-04-08T09:41:00","modified_gmt":"2021-04-08T09:41:00","slug":"tiedot","status":"publish","type":"page","link":"https:\/\/leppavedenhankasalmenkalatalousalue.fi\/muhlunniemi\/tiedot\/","title":{"rendered":"Tiedot"},"content":{"rendered":"\n<h2 class=\"wp-block-heading\">Yhteystiedot<\/h2>\n\n\n\n<p>Janne Kivim\u00e4ki<br>Niinivedentie 398<br>44250 \u00c4\u00c4NEKOIVISTO<br>Puh. 050 411 6550<\/p>\n\n\n\n<h2 class=\"wp-block-heading\">Sijainti<\/h2>\n\n\n\n<iframe loading=\"lazy\" scrolling=\"no\" marginheight=\"0\" marginwidth=\"0\" src=\"https:\/\/maps.google.fi\/maps\/ms?ie=UTF8&amp;hl=fi&amp;msa=0&amp;msid=107738130064611158473.000468c43576643cb1e0d&amp;ll=62.553965,25.721741&amp;spn=0.037978,0.109863&amp;z=13&amp;output=embed\" width=\"640\" height=\"480\" frameborder=\"0\"><\/iframe>\n","protected":false},"excerpt":{"rendered":"<p>Yhteystiedot Janne Kivim\u00e4kiNiinivedentie 39844250 \u00c4\u00c4NEKOIVISTOPuh. 050 411 6550 Sijainti<\/p>\n","protected":false},"author":1,"featured_media":0,"parent":0,"menu_order":0,"comment_status":"closed","ping_status":"closed","template":"basic-sivu.php","meta":{"_acf_changed":false,"footnotes":""},"class_list":["post-26","page","type-page","status-publish","hentry"],"acf":[],"yoast_head":"<!-- This site is optimized with the Yoast SEO plugin v27.1.1 - https:\/\/yoast.com\/product\/yoast-seo-wordpress\/ -->\n<title>Tiedot - Muhlunniemen osakaskunta<\/title>\n<meta name=\"robots\" content=\"index, follow, max-snippet:-1, max-image-preview:large, max-video-preview:-1\" \/>\n<link rel=\"canonical\" href=\"https:\/\/leppavedenhankasalmenkalatalousalue.fi\/muhlunniemi\/tiedot\/\" \/>\n<meta property=\"og:locale\" content=\"fi_FI\" \/>\n<meta property=\"og:type\" content=\"article\" \/>\n<meta property=\"og:title\" content=\"Tiedot - Muhlunniemen osakaskunta\" \/>\n<meta property=\"og:description\" content=\"Yhteystiedot Janne Kivim\u00e4kiNiinivedentie 39844250 \u00c4\u00c4NEKOIVISTOPuh. 050 411 6550 Sijainti\" \/>\n<meta property=\"og:url\" content=\"https:\/\/leppavedenhankasalmenkalatalousalue.fi\/muhlunniemi\/tiedot\/\" \/>\n<meta property=\"og:site_name\" content=\"Muhlunniemen osakaskunta\" \/>\n<meta property=\"article:modified_time\" content=\"2021-04-08T09:41:00+00:00\" \/>\n<meta name=\"twitter:card\" content=\"summary_large_image\" \/>\n<script type=\"application\/ld+json\" class=\"yoast-schema-graph\">{\"@context\":\"https:\/\/schema.org\",\"@graph\":[{\"@type\":\"WebPage\",\"@id\":\"https:\/\/leppavedenhankasalmenkalatalousalue.fi\/muhlunniemi\/tiedot\/\",\"url\":\"https:\/\/leppavedenhankasalmenkalatalousalue.fi\/muhlunniemi\/tiedot\/\",\"name\":\"Tiedot - Muhlunniemen osakaskunta\",\"isPartOf\":{\"@id\":\"https:\/\/leppavedenhankasalmenkalatalousalue.fi\/muhlunniemi\/#website\"},\"datePublished\":\"2020-10-29T08:31:59+00:00\",\"dateModified\":\"2021-04-08T09:41:00+00:00\",\"breadcrumb\":{\"@id\":\"https:\/\/leppavedenhankasalmenkalatalousalue.fi\/muhlunniemi\/tiedot\/#breadcrumb\"},\"inLanguage\":\"fi\",\"potentialAction\":[{\"@type\":\"ReadAction\",\"target\":[\"https:\/\/leppavedenhankasalmenkalatalousalue.fi\/muhlunniemi\/tiedot\/\"]}]},{\"@type\":\"BreadcrumbList\",\"@id\":\"https:\/\/leppavedenhankasalmenkalatalousalue.fi\/muhlunniemi\/tiedot\/#breadcrumb\",\"itemListElement\":[{\"@type\":\"ListItem\",\"position\":1,\"name\":\"Home\",\"item\":\"https:\/\/leppavedenhankasalmenkalatalousalue.fi\/muhlunniemi\/\"},{\"@type\":\"ListItem\",\"position\":2,\"name\":\"Tiedot\"}]},{\"@type\":\"WebSite\",\"@id\":\"https:\/\/leppavedenhankasalmenkalatalousalue.fi\/muhlunniemi\/#website\",\"url\":\"https:\/\/leppavedenhankasalmenkalatalousalue.fi\/muhlunniemi\/\",\"name\":\"Muhlunniemen osakaskunta\",\"description\":\"\",\"potentialAction\":[{\"@type\":\"SearchAction\",\"target\":{\"@type\":\"EntryPoint\",\"urlTemplate\":\"https:\/\/leppavedenhankasalmenkalatalousalue.fi\/muhlunniemi\/?s={search_term_string}\"},\"query-input\":{\"@type\":\"PropertyValueSpecification\",\"valueRequired\":true,\"valueName\":\"search_term_string\"}}],\"inLanguage\":\"fi\"}]}<\/script>\n<!-- \/ Yoast SEO plugin. -->","yoast_head_json":{"title":"Tiedot - Muhlunniemen osakaskunta","robots":{"index":"index","follow":"follow","max-snippet":"max-snippet:-1","max-image-preview":"max-image-preview:large","max-video-preview":"max-video-preview:-1"},"canonical":"https:\/\/leppavedenhankasalmenkalatalousalue.fi\/muhlunniemi\/tiedot\/","og_locale":"fi_FI","og_type":"article","og_title":"Tiedot - Muhlunniemen osakaskunta","og_description":"Yhteystiedot Janne Kivim\u00e4kiNiinivedentie 39844250 \u00c4\u00c4NEKOIVISTOPuh. 050 411 6550 Sijainti","og_url":"https:\/\/leppavedenhankasalmenkalatalousalue.fi\/muhlunniemi\/tiedot\/","og_site_name":"Muhlunniemen osakaskunta","article_modified_time":"2021-04-08T09:41:00+00:00","twitter_card":"summary_large_image","schema":{"@context":"https:\/\/schema.org","@graph":[{"@type":"WebPage","@id":"https:\/\/leppavedenhankasalmenkalatalousalue.fi\/muhlunniemi\/tiedot\/","url":"https:\/\/leppavedenhankasalmenkalatalousalue.fi\/muhlunniemi\/tiedot\/","name":"Tiedot - Muhlunniemen osakaskunta","isPartOf":{"@id":"https:\/\/leppavedenhankasalmenkalatalousalue.fi\/muhlunniemi\/#website"},"datePublished":"2020-10-29T08:31:59+00:00","dateModified":"2021-04-08T09:41:00+00:00","breadcrumb":{"@id":"https:\/\/leppavedenhankasalmenkalatalousalue.fi\/muhlunniemi\/tiedot\/#breadcrumb"},"inLanguage":"fi","potentialAction":[{"@type":"ReadAction","target":["https:\/\/leppavedenhankasalmenkalatalousalue.fi\/muhlunniemi\/tiedot\/"]}]},{"@type":"BreadcrumbList","@id":"https:\/\/leppavedenhankasalmenkalatalousalue.fi\/muhlunniemi\/tiedot\/#breadcrumb","itemListElement":[{"@type":"ListItem","position":1,"name":"Home","item":"https:\/\/leppavedenhankasalmenkalatalousalue.fi\/muhlunniemi\/"},{"@type":"ListItem","position":2,"name":"Tiedot"}]},{"@type":"WebSite","@id":"https:\/\/leppavedenhankasalmenkalatalousalue.fi\/muhlunniemi\/#website","url":"https:\/\/leppavedenhankasalmenkalatalousalue.fi\/muhlunniemi\/","name":"Muhlunniemen osakaskunta","description":"","potentialAction":[{"@type":"SearchAction","target":{"@type":"EntryPoint","urlTemplate":"https:\/\/leppavedenhankasalmenkalatalousalue.fi\/muhlunniemi\/?s={search_term_string}"},"query-input":{"@type":"PropertyValueSpecification","valueRequired":true,"valueName":"search_term_string"}}],"inLanguage":"fi"}]}},"_links":{"self":[{"href":"https:\/\/leppavedenhankasalmenkalatalousalue.fi\/muhlunniemi\/wp-json\/wp\/v2\/pages\/26","targetHints":{"allow":["GET"]}}],"collection":[{"href":"https:\/\/leppavedenhankasalmenkalatalousalue.fi\/muhlunniemi\/wp-json\/wp\/v2\/pages"}],"about":[{"href":"https:\/\/leppavedenhankasalmenkalatalousalue.fi\/muhlunniemi\/wp-json\/wp\/v2\/types\/page"}],"author":[{"embeddable":true,"href":"https:\/\/leppavedenhankasalmenkalatalousalue.fi\/muhlunniemi\/wp-json\/wp\/v2\/users\/1"}],"replies":[{"embeddable":true,"href":"https:\/\/leppavedenhankasalmenkalatalousalue.fi\/muhlunniemi\/wp-json\/wp\/v2\/comments?post=26"}],"version-history":[{"count":25,"href":"https:\/\/leppavedenhankasalmenkalatalousalue.fi\/muhlunniemi\/wp-json\/wp\/v2\/pages\/26\/revisions"}],"predecessor-version":[{"id":272,"href":"https:\/\/leppavedenhankasalmenkalatalousalue.fi\/muhlunniemi\/wp-json\/wp\/v2\/pages\/26\/revisions\/272"}],"wp:attachment":[{"href":"https:\/\/leppavedenhankasalmenkalatalousalue.fi\/muhlunniemi\/wp-json\/wp\/v2\/media?parent=26"}],"curies":[{"name":"wp","href":"https:\/\/api.w.org\/{rel}","templated":true}]}}