{"id":61,"date":"2020-10-29T11:12:03","date_gmt":"2020-10-29T11:12:03","guid":{"rendered":"http:\/\/89.166.51.80\/~leppaveden\/hameenmaen-osakaskunta\/?page_id=61"},"modified":"2021-01-15T13:04:24","modified_gmt":"2021-01-15T13:04:24","slug":"toimintakertomus","status":"publish","type":"page","link":"https:\/\/leppavedenhankasalmenkalatalousalue.fi\/niemesjarvi\/hallinto\/toimintakertomus\/","title":{"rendered":"Toimintakertomus"},"content":{"rendered":"\n<h2 class=\"wp-block-heading\">Toimintakertomus<\/h2>\n\n\n\n<p>Kev\u00e4t 2020:&nbsp;<\/p>\n\n\n\n<ul class=\"wp-block-list\"><li>P\u00e4\u00e4tettiin aloittaa Niemisj\u00e4rven kunnostus vesikasveja leikkaamalla. Kustannuksiin haettiin ELY-keskuksen avustusta, joka my\u00f6nnettin ja ty\u00f6t aloitettiin kes\u00e4ll\u00e4 2017. Ulkopuolinen urakoitsija suoritti leikkausty\u00f6n. Talkooty\u00f6n\u00e4 hoidettiin niittoj\u00e4tteen ker\u00e4ys ja kuljetus l\u00e4jitysalueelle.&nbsp;<\/li><\/ul>\n\n\n\n<ul class=\"wp-block-list\"><li>Talven 2017\/2018 aikana saimme tiedon, ett\u00e4 olisi mahdollisuus hakea avustusta osakaskunnan omien niitto- ja haravointilaitteiden hankintaan. Avustus my\u00f6nnettiin ja hankittiin uusi vene, moottori ja leikkuulaite. Avustusta saatiin my\u00f6s haravalautan materiaalihankintoihin. Lautta rakennettiin talkooty\u00f6n\u00e4. Vesikasviston leikkuuty\u00f6t\u00e4 suoritettiin kesin\u00e4 2018 ja 2019 talkooty\u00f6n\u00e4 aiemmin leikatulla alueella laajemmassa mitassa.&nbsp;<\/li><\/ul>\n\n\n\n<ul class=\"wp-block-list\"><li>Pukkilansalmen veneuoman ruoppauksesta ns. pohjoisen ja etel\u00e4isen v\u00e4lill\u00e4 keskusteltiin ja haettiin avustusta ruoppausty\u00f6t\u00e4 varten. ELY-keskuksen avustus my\u00f6nnettiin ja suunnitelmissa totetuttaa ruoppausty\u00f6 syksyn 2020 aikana.&nbsp;<\/li><\/ul>\n\n\n\n<ul class=\"wp-block-list\"><li>Kes\u00e4lle 2020 suunniteltu niittoty\u00f6 aiemassa mittakaavassa ja osin alueita kahteen kertaan<\/li><\/ul>\n","protected":false},"excerpt":{"rendered":"<p>Toimintakertomus Kev\u00e4t 2020:&nbsp; P\u00e4\u00e4tettiin aloittaa Niemisj\u00e4rven kunnostus vesikasveja leikkaamalla. Kustannuksiin haettiin ELY-keskuksen avustusta, joka my\u00f6nnettin ja ty\u00f6t aloitettiin kes\u00e4ll\u00e4 2017. Ulkopuolinen urakoitsija suoritti leikkausty\u00f6n. Talkooty\u00f6n\u00e4 hoidettiin niittoj\u00e4tteen ker\u00e4ys ja kuljetus l\u00e4jitysalueelle.&nbsp; Talven 2017\/2018 aikana saimme tiedon, ett\u00e4 olisi mahdollisuus hakea avustusta osakaskunnan omien niitto- ja haravointilaitteiden hankintaan. Avustus my\u00f6nnettiin ja hankittiin uusi vene, moottori ja<\/p>\n<p><a class=\"moretag\" href=\"https:\/\/leppavedenhankasalmenkalatalousalue.fi\/niemesjarvi\/hallinto\/toimintakertomus\/\"> Lue lis\u00e4\u00e4 ><\/a><\/p>\n","protected":false},"author":1,"featured_media":0,"parent":32,"menu_order":0,"comment_status":"closed","ping_status":"closed","template":"basic-sivu.php","meta":{"_acf_changed":false,"footnotes":""},"class_list":["post-61","page","type-page","status-publish","hentry"],"acf":[],"yoast_head":"<!-- This site is optimized with the Yoast SEO plugin v27.1.1 - https:\/\/yoast.com\/product\/yoast-seo-wordpress\/ -->\n<title>Toimintakertomus - Niemesj\u00e4rven osakaskunta<\/title>\n<meta name=\"robots\" content=\"index, follow, max-snippet:-1, max-image-preview:large, max-video-preview:-1\" \/>\n<link rel=\"canonical\" href=\"https:\/\/leppavedenhankasalmenkalatalousalue.fi\/niemesjarvi\/hallinto\/toimintakertomus\/\" \/>\n<meta property=\"og:locale\" content=\"fi_FI\" \/>\n<meta property=\"og:type\" content=\"article\" \/>\n<meta property=\"og:title\" content=\"Toimintakertomus - Niemesj\u00e4rven osakaskunta\" \/>\n<meta property=\"og:description\" content=\"Toimintakertomus Kev\u00e4t 2020:&nbsp; P\u00e4\u00e4tettiin aloittaa Niemisj\u00e4rven kunnostus vesikasveja leikkaamalla. Kustannuksiin haettiin ELY-keskuksen avustusta, joka my\u00f6nnettin ja ty\u00f6t aloitettiin kes\u00e4ll\u00e4 2017. Ulkopuolinen urakoitsija suoritti leikkausty\u00f6n. Talkooty\u00f6n\u00e4 hoidettiin niittoj\u00e4tteen ker\u00e4ys ja kuljetus l\u00e4jitysalueelle.&nbsp; Talven 2017\/2018 aikana saimme tiedon, ett\u00e4 olisi mahdollisuus hakea avustusta osakaskunnan omien niitto- ja haravointilaitteiden hankintaan. Avustus my\u00f6nnettiin ja hankittiin uusi vene, moottori ja Lue lis\u00e4\u00e4 &gt;\" \/>\n<meta property=\"og:url\" content=\"https:\/\/leppavedenhankasalmenkalatalousalue.fi\/niemesjarvi\/hallinto\/toimintakertomus\/\" \/>\n<meta property=\"og:site_name\" content=\"Niemesj\u00e4rven osakaskunta\" \/>\n<meta property=\"article:modified_time\" content=\"2021-01-15T13:04:24+00:00\" \/>\n<meta name=\"twitter:card\" content=\"summary_large_image\" \/>\n<meta name=\"twitter:label1\" content=\"Arvioitu lukuaika\" \/>\n\t<meta name=\"twitter:data1\" content=\"1 minuutti\" \/>\n<script type=\"application\/ld+json\" class=\"yoast-schema-graph\">{\"@context\":\"https:\/\/schema.org\",\"@graph\":[{\"@type\":\"WebPage\",\"@id\":\"https:\/\/leppavedenhankasalmenkalatalousalue.fi\/niemesjarvi\/hallinto\/toimintakertomus\/\",\"url\":\"https:\/\/leppavedenhankasalmenkalatalousalue.fi\/niemesjarvi\/hallinto\/toimintakertomus\/\",\"name\":\"Toimintakertomus - Niemesj\u00e4rven osakaskunta\",\"isPartOf\":{\"@id\":\"https:\/\/leppavedenhankasalmenkalatalousalue.fi\/niemesjarvi\/#website\"},\"datePublished\":\"2020-10-29T11:12:03+00:00\",\"dateModified\":\"2021-01-15T13:04:24+00:00\",\"breadcrumb\":{\"@id\":\"https:\/\/leppavedenhankasalmenkalatalousalue.fi\/niemesjarvi\/hallinto\/toimintakertomus\/#breadcrumb\"},\"inLanguage\":\"fi\",\"potentialAction\":[{\"@type\":\"ReadAction\",\"target\":[\"https:\/\/leppavedenhankasalmenkalatalousalue.fi\/niemesjarvi\/hallinto\/toimintakertomus\/\"]}]},{\"@type\":\"BreadcrumbList\",\"@id\":\"https:\/\/leppavedenhankasalmenkalatalousalue.fi\/niemesjarvi\/hallinto\/toimintakertomus\/#breadcrumb\",\"itemListElement\":[{\"@type\":\"ListItem\",\"position\":1,\"name\":\"Home\",\"item\":\"https:\/\/leppavedenhankasalmenkalatalousalue.fi\/niemesjarvi\/\"},{\"@type\":\"ListItem\",\"position\":2,\"name\":\"Yksityinen: Hallinto\",\"item\":\"https:\/\/leppavedenhankasalmenkalatalousalue.fi\/niemesjarvi\/?page_id=32\"},{\"@type\":\"ListItem\",\"position\":3,\"name\":\"Toimintakertomus\"}]},{\"@type\":\"WebSite\",\"@id\":\"https:\/\/leppavedenhankasalmenkalatalousalue.fi\/niemesjarvi\/#website\",\"url\":\"https:\/\/leppavedenhankasalmenkalatalousalue.fi\/niemesjarvi\/\",\"name\":\"Niemesj\u00e4rven osakaskunta\",\"description\":\"\",\"potentialAction\":[{\"@type\":\"SearchAction\",\"target\":{\"@type\":\"EntryPoint\",\"urlTemplate\":\"https:\/\/leppavedenhankasalmenkalatalousalue.fi\/niemesjarvi\/?s={search_term_string}\"},\"query-input\":{\"@type\":\"PropertyValueSpecification\",\"valueRequired\":true,\"valueName\":\"search_term_string\"}}],\"inLanguage\":\"fi\"}]}<\/script>\n<!-- \/ Yoast SEO plugin. -->","yoast_head_json":{"title":"Toimintakertomus - Niemesj\u00e4rven osakaskunta","robots":{"index":"index","follow":"follow","max-snippet":"max-snippet:-1","max-image-preview":"max-image-preview:large","max-video-preview":"max-video-preview:-1"},"canonical":"https:\/\/leppavedenhankasalmenkalatalousalue.fi\/niemesjarvi\/hallinto\/toimintakertomus\/","og_locale":"fi_FI","og_type":"article","og_title":"Toimintakertomus - Niemesj\u00e4rven osakaskunta","og_description":"Toimintakertomus Kev\u00e4t 2020:&nbsp; P\u00e4\u00e4tettiin aloittaa Niemisj\u00e4rven kunnostus vesikasveja leikkaamalla. Kustannuksiin haettiin ELY-keskuksen avustusta, joka my\u00f6nnettin ja ty\u00f6t aloitettiin kes\u00e4ll\u00e4 2017. Ulkopuolinen urakoitsija suoritti leikkausty\u00f6n. Talkooty\u00f6n\u00e4 hoidettiin niittoj\u00e4tteen ker\u00e4ys ja kuljetus l\u00e4jitysalueelle.&nbsp; Talven 2017\/2018 aikana saimme tiedon, ett\u00e4 olisi mahdollisuus hakea avustusta osakaskunnan omien niitto- ja haravointilaitteiden hankintaan. Avustus my\u00f6nnettiin ja hankittiin uusi vene, moottori ja Lue lis\u00e4\u00e4 >","og_url":"https:\/\/leppavedenhankasalmenkalatalousalue.fi\/niemesjarvi\/hallinto\/toimintakertomus\/","og_site_name":"Niemesj\u00e4rven osakaskunta","article_modified_time":"2021-01-15T13:04:24+00:00","twitter_card":"summary_large_image","twitter_misc":{"Arvioitu lukuaika":"1 minuutti"},"schema":{"@context":"https:\/\/schema.org","@graph":[{"@type":"WebPage","@id":"https:\/\/leppavedenhankasalmenkalatalousalue.fi\/niemesjarvi\/hallinto\/toimintakertomus\/","url":"https:\/\/leppavedenhankasalmenkalatalousalue.fi\/niemesjarvi\/hallinto\/toimintakertomus\/","name":"Toimintakertomus - Niemesj\u00e4rven osakaskunta","isPartOf":{"@id":"https:\/\/leppavedenhankasalmenkalatalousalue.fi\/niemesjarvi\/#website"},"datePublished":"2020-10-29T11:12:03+00:00","dateModified":"2021-01-15T13:04:24+00:00","breadcrumb":{"@id":"https:\/\/leppavedenhankasalmenkalatalousalue.fi\/niemesjarvi\/hallinto\/toimintakertomus\/#breadcrumb"},"inLanguage":"fi","potentialAction":[{"@type":"ReadAction","target":["https:\/\/leppavedenhankasalmenkalatalousalue.fi\/niemesjarvi\/hallinto\/toimintakertomus\/"]}]},{"@type":"BreadcrumbList","@id":"https:\/\/leppavedenhankasalmenkalatalousalue.fi\/niemesjarvi\/hallinto\/toimintakertomus\/#breadcrumb","itemListElement":[{"@type":"ListItem","position":1,"name":"Home","item":"https:\/\/leppavedenhankasalmenkalatalousalue.fi\/niemesjarvi\/"},{"@type":"ListItem","position":2,"name":"Yksityinen: Hallinto","item":"https:\/\/leppavedenhankasalmenkalatalousalue.fi\/niemesjarvi\/?page_id=32"},{"@type":"ListItem","position":3,"name":"Toimintakertomus"}]},{"@type":"WebSite","@id":"https:\/\/leppavedenhankasalmenkalatalousalue.fi\/niemesjarvi\/#website","url":"https:\/\/leppavedenhankasalmenkalatalousalue.fi\/niemesjarvi\/","name":"Niemesj\u00e4rven osakaskunta","description":"","potentialAction":[{"@type":"SearchAction","target":{"@type":"EntryPoint","urlTemplate":"https:\/\/leppavedenhankasalmenkalatalousalue.fi\/niemesjarvi\/?s={search_term_string}"},"query-input":{"@type":"PropertyValueSpecification","valueRequired":true,"valueName":"search_term_string"}}],"inLanguage":"fi"}]}},"_links":{"self":[{"href":"https:\/\/leppavedenhankasalmenkalatalousalue.fi\/niemesjarvi\/wp-json\/wp\/v2\/pages\/61","targetHints":{"allow":["GET"]}}],"collection":[{"href":"https:\/\/leppavedenhankasalmenkalatalousalue.fi\/niemesjarvi\/wp-json\/wp\/v2\/pages"}],"about":[{"href":"https:\/\/leppavedenhankasalmenkalatalousalue.fi\/niemesjarvi\/wp-json\/wp\/v2\/types\/page"}],"author":[{"embeddable":true,"href":"https:\/\/leppavedenhankasalmenkalatalousalue.fi\/niemesjarvi\/wp-json\/wp\/v2\/users\/1"}],"replies":[{"embeddable":true,"href":"https:\/\/leppavedenhankasalmenkalatalousalue.fi\/niemesjarvi\/wp-json\/wp\/v2\/comments?post=61"}],"version-history":[{"count":9,"href":"https:\/\/leppavedenhankasalmenkalatalousalue.fi\/niemesjarvi\/wp-json\/wp\/v2\/pages\/61\/revisions"}],"predecessor-version":[{"id":220,"href":"https:\/\/leppavedenhankasalmenkalatalousalue.fi\/niemesjarvi\/wp-json\/wp\/v2\/pages\/61\/revisions\/220"}],"up":[{"embeddable":true,"href":"https:\/\/leppavedenhankasalmenkalatalousalue.fi\/niemesjarvi\/wp-json\/wp\/v2\/pages\/32"}],"wp:attachment":[{"href":"https:\/\/leppavedenhankasalmenkalatalousalue.fi\/niemesjarvi\/wp-json\/wp\/v2\/media?parent=61"}],"curies":[{"name":"wp","href":"https:\/\/api.w.org\/{rel}","templated":true}]}}