{"id":86,"date":"2020-10-29T11:39:36","date_gmt":"2020-10-29T11:39:36","guid":{"rendered":"http:\/\/89.166.51.80\/~leppaveden\/hameenmaen-osakaskunta\/?page_id=86"},"modified":"2024-04-26T04:45:47","modified_gmt":"2024-04-26T04:45:47","slug":"lupamaksut-ja-ohjeet","status":"publish","type":"page","link":"https:\/\/leppavedenhankasalmenkalatalousalue.fi\/nurmijarvi\/luvat\/lupamaksut-ja-ohjeet\/","title":{"rendered":"Lupamaksut ja ohjeet"},"content":{"rendered":"\n<h2 class=\"wp-block-heading\">Lupamaksut ja ohjeet<\/h2>\n\n\n\n<h3 class=\"wp-block-heading\">PERITT\u00c4V\u00c4T MAKSUT<\/h3>\n\n\n\n<p>-voit maksaa virkistyskalastus- ja sorastusluvan my\u00f6s Nurmij\u00e4rven Kalastuskunnan tilille<\/p>\n\n\n\n<p>Hannulan Osuuspankkiin&nbsp;FI63 4760 1020 0047 50. Maksukuittiin merkitt\u00e4v\u00e4 ehdottomasti<\/p>\n\n\n\n<p>omat yhteystiedot ja lupa-aika.Maksukuitti on oltava mukana kalastaessa tai sorsastaessa.<\/p>\n\n\n\n<p>&#8211; pyydysmerkit ovat voimassa vuoden 2025 huhtikuun loppuun ja ovat kaikille maksullisia<\/p>\n\n\n\n<p>&#8211; pyydysmerkin perushinta on 6,00 \u20ac<\/p>\n\n\n\n<p>&#8211; osakas saa lunastaa osuutensa mukaisen m\u00e4\u00e4r\u00e4n merkkej\u00e4 perushintaan<\/p>\n\n\n\n<p>(= 1 merkki\/osuusluvun0,001 kohden)<\/p>\n\n\n\n<p>&#8211; pyydysmerkkien siirrosta on teht\u00e4v\u00e4 kirjallinen ilmoitus hoitokunnalle ja siirron saa tehd\u00e4 vain vesialueen omistajalle<\/p>\n\n\n\n<p>&#8211; kyl\u00e4ss\u00e4 vakituisesti asuva henkil\u00f6\/ruokakunta saa lunastaa 10 pyydysmerkki\u00e4 perushintaan<\/p>\n\n\n\n<p>&#8211; kes\u00e4asunnon omistaja saa lunastaa 5 pyydysmerkki\u00e4 perushintaan ja lis\u00e4ksi 5 pyydysmerkki\u00e4<\/p>\n\n\n\n<p>hintaan 10 \u20ac \/ kpl.<\/p>\n\n\n\n<p>&#8211; ulkopuolisille myyt\u00e4v\u00e4n kalastusluvan hinta on 6,00 \u20ac\/ vuorokausi \/ pyydys tai 12,00 \u20ac \/ viikko \/ pyydys<\/p>\n\n\n\n<p>&#8211; virkistyskalastus lupa 18,00 \u20ac\/vuosi(veto-ja heittouistin, vapam\u00e4\u00e4r\u00e4 ei rajoitettu)<\/p>\n\n\n\n<h3 class=\"wp-block-heading\">METS\u00c4STYS<\/h3>\n\n\n\n<p>&#8211; vesilintujen mets\u00e4stys osakkaille 6,00 \u20ac \/viikko tai 12,00 \u20ac \/vuosi<\/p>\n\n\n\n<p>&#8211; vesilintujen mets\u00e4stys muille 12,00 \u20ac \/viikko tai 24,00 \u20ac \/ vuosi<\/p>\n\n\n\n<p><\/p>\n\n\n\n<h3 class=\"wp-block-heading\">RAVUSTUS<\/h3>\n\n\n\n<p>-sallittu osakkaille korvauksetta<\/p>\n\n\n\n<h3 class=\"wp-block-heading\">PIISAMIN PYYNTI<\/h3>\n\n\n\n<p>&#8211; sallittu osakkaille korvauksetta<\/p>\n","protected":false},"excerpt":{"rendered":"<p>Lupamaksut ja ohjeet PERITT\u00c4V\u00c4T MAKSUT -voit maksaa virkistyskalastus- ja sorastusluvan my\u00f6s Nurmij\u00e4rven Kalastuskunnan tilille Hannulan Osuuspankkiin&nbsp;FI63 4760 1020 0047 50. Maksukuittiin merkitt\u00e4v\u00e4 ehdottomasti omat yhteystiedot ja lupa-aika.Maksukuitti on oltava mukana kalastaessa tai sorsastaessa. &#8211; pyydysmerkit ovat voimassa vuoden 2025 huhtikuun loppuun ja ovat kaikille maksullisia &#8211; pyydysmerkin perushinta on 6,00 \u20ac &#8211; osakas saa lunastaa<\/p>\n<p><a class=\"moretag\" href=\"https:\/\/leppavedenhankasalmenkalatalousalue.fi\/nurmijarvi\/luvat\/lupamaksut-ja-ohjeet\/\"> Lue lis\u00e4\u00e4 ><\/a><\/p>\n","protected":false},"author":1,"featured_media":0,"parent":45,"menu_order":0,"comment_status":"closed","ping_status":"closed","template":"basic-sivu.php","meta":{"_acf_changed":false,"footnotes":""},"class_list":["post-86","page","type-page","status-publish","hentry"],"acf":[],"yoast_head":"<!-- This site is optimized with the Yoast SEO plugin v27.1.1 - https:\/\/yoast.com\/product\/yoast-seo-wordpress\/ -->\n<title>Lupamaksut ja ohjeet - Nurmij\u00e4rven osakaskunta<\/title>\n<meta name=\"robots\" content=\"index, follow, max-snippet:-1, max-image-preview:large, max-video-preview:-1\" \/>\n<link rel=\"canonical\" href=\"https:\/\/leppavedenhankasalmenkalatalousalue.fi\/nurmijarvi\/luvat\/lupamaksut-ja-ohjeet\/\" \/>\n<meta property=\"og:locale\" content=\"fi_FI\" \/>\n<meta property=\"og:type\" content=\"article\" \/>\n<meta property=\"og:title\" content=\"Lupamaksut ja ohjeet - Nurmij\u00e4rven osakaskunta\" \/>\n<meta property=\"og:description\" content=\"Lupamaksut ja ohjeet PERITT\u00c4V\u00c4T MAKSUT -voit maksaa virkistyskalastus- ja sorastusluvan my\u00f6s Nurmij\u00e4rven Kalastuskunnan tilille Hannulan Osuuspankkiin&nbsp;FI63 4760 1020 0047 50. Maksukuittiin merkitt\u00e4v\u00e4 ehdottomasti omat yhteystiedot ja lupa-aika.Maksukuitti on oltava mukana kalastaessa tai sorsastaessa. &#8211; pyydysmerkit ovat voimassa vuoden 2025 huhtikuun loppuun ja ovat kaikille maksullisia &#8211; pyydysmerkin perushinta on 6,00 \u20ac &#8211; osakas saa lunastaa Lue lis\u00e4\u00e4 &gt;\" \/>\n<meta property=\"og:url\" content=\"https:\/\/leppavedenhankasalmenkalatalousalue.fi\/nurmijarvi\/luvat\/lupamaksut-ja-ohjeet\/\" \/>\n<meta property=\"og:site_name\" content=\"Nurmij\u00e4rven osakaskunta\" \/>\n<meta property=\"article:modified_time\" content=\"2024-04-26T04:45:47+00:00\" \/>\n<meta name=\"twitter:card\" content=\"summary_large_image\" \/>\n<meta name=\"twitter:label1\" content=\"Arvioitu lukuaika\" \/>\n\t<meta name=\"twitter:data1\" content=\"1 minuutti\" \/>\n<script type=\"application\/ld+json\" class=\"yoast-schema-graph\">{\"@context\":\"https:\/\/schema.org\",\"@graph\":[{\"@type\":\"WebPage\",\"@id\":\"https:\/\/leppavedenhankasalmenkalatalousalue.fi\/nurmijarvi\/luvat\/lupamaksut-ja-ohjeet\/\",\"url\":\"https:\/\/leppavedenhankasalmenkalatalousalue.fi\/nurmijarvi\/luvat\/lupamaksut-ja-ohjeet\/\",\"name\":\"Lupamaksut ja ohjeet - Nurmij\u00e4rven osakaskunta\",\"isPartOf\":{\"@id\":\"https:\/\/leppavedenhankasalmenkalatalousalue.fi\/nurmijarvi\/#website\"},\"datePublished\":\"2020-10-29T11:39:36+00:00\",\"dateModified\":\"2024-04-26T04:45:47+00:00\",\"breadcrumb\":{\"@id\":\"https:\/\/leppavedenhankasalmenkalatalousalue.fi\/nurmijarvi\/luvat\/lupamaksut-ja-ohjeet\/#breadcrumb\"},\"inLanguage\":\"fi\",\"potentialAction\":[{\"@type\":\"ReadAction\",\"target\":[\"https:\/\/leppavedenhankasalmenkalatalousalue.fi\/nurmijarvi\/luvat\/lupamaksut-ja-ohjeet\/\"]}]},{\"@type\":\"BreadcrumbList\",\"@id\":\"https:\/\/leppavedenhankasalmenkalatalousalue.fi\/nurmijarvi\/luvat\/lupamaksut-ja-ohjeet\/#breadcrumb\",\"itemListElement\":[{\"@type\":\"ListItem\",\"position\":1,\"name\":\"Home\",\"item\":\"https:\/\/leppavedenhankasalmenkalatalousalue.fi\/nurmijarvi\/\"},{\"@type\":\"ListItem\",\"position\":2,\"name\":\"Yksityinen: Luvat\",\"item\":\"https:\/\/leppavedenhankasalmenkalatalousalue.fi\/nurmijarvi\/?page_id=45\"},{\"@type\":\"ListItem\",\"position\":3,\"name\":\"Lupamaksut ja ohjeet\"}]},{\"@type\":\"WebSite\",\"@id\":\"https:\/\/leppavedenhankasalmenkalatalousalue.fi\/nurmijarvi\/#website\",\"url\":\"https:\/\/leppavedenhankasalmenkalatalousalue.fi\/nurmijarvi\/\",\"name\":\"Nurmij\u00e4rven osakaskunta\",\"description\":\"\",\"potentialAction\":[{\"@type\":\"SearchAction\",\"target\":{\"@type\":\"EntryPoint\",\"urlTemplate\":\"https:\/\/leppavedenhankasalmenkalatalousalue.fi\/nurmijarvi\/?s={search_term_string}\"},\"query-input\":{\"@type\":\"PropertyValueSpecification\",\"valueRequired\":true,\"valueName\":\"search_term_string\"}}],\"inLanguage\":\"fi\"}]}<\/script>\n<!-- \/ Yoast SEO plugin. -->","yoast_head_json":{"title":"Lupamaksut ja ohjeet - Nurmij\u00e4rven osakaskunta","robots":{"index":"index","follow":"follow","max-snippet":"max-snippet:-1","max-image-preview":"max-image-preview:large","max-video-preview":"max-video-preview:-1"},"canonical":"https:\/\/leppavedenhankasalmenkalatalousalue.fi\/nurmijarvi\/luvat\/lupamaksut-ja-ohjeet\/","og_locale":"fi_FI","og_type":"article","og_title":"Lupamaksut ja ohjeet - Nurmij\u00e4rven osakaskunta","og_description":"Lupamaksut ja ohjeet PERITT\u00c4V\u00c4T MAKSUT -voit maksaa virkistyskalastus- ja sorastusluvan my\u00f6s Nurmij\u00e4rven Kalastuskunnan tilille Hannulan Osuuspankkiin&nbsp;FI63 4760 1020 0047 50. Maksukuittiin merkitt\u00e4v\u00e4 ehdottomasti omat yhteystiedot ja lupa-aika.Maksukuitti on oltava mukana kalastaessa tai sorsastaessa. &#8211; pyydysmerkit ovat voimassa vuoden 2025 huhtikuun loppuun ja ovat kaikille maksullisia &#8211; pyydysmerkin perushinta on 6,00 \u20ac &#8211; osakas saa lunastaa Lue lis\u00e4\u00e4 >","og_url":"https:\/\/leppavedenhankasalmenkalatalousalue.fi\/nurmijarvi\/luvat\/lupamaksut-ja-ohjeet\/","og_site_name":"Nurmij\u00e4rven osakaskunta","article_modified_time":"2024-04-26T04:45:47+00:00","twitter_card":"summary_large_image","twitter_misc":{"Arvioitu lukuaika":"1 minuutti"},"schema":{"@context":"https:\/\/schema.org","@graph":[{"@type":"WebPage","@id":"https:\/\/leppavedenhankasalmenkalatalousalue.fi\/nurmijarvi\/luvat\/lupamaksut-ja-ohjeet\/","url":"https:\/\/leppavedenhankasalmenkalatalousalue.fi\/nurmijarvi\/luvat\/lupamaksut-ja-ohjeet\/","name":"Lupamaksut ja ohjeet - Nurmij\u00e4rven osakaskunta","isPartOf":{"@id":"https:\/\/leppavedenhankasalmenkalatalousalue.fi\/nurmijarvi\/#website"},"datePublished":"2020-10-29T11:39:36+00:00","dateModified":"2024-04-26T04:45:47+00:00","breadcrumb":{"@id":"https:\/\/leppavedenhankasalmenkalatalousalue.fi\/nurmijarvi\/luvat\/lupamaksut-ja-ohjeet\/#breadcrumb"},"inLanguage":"fi","potentialAction":[{"@type":"ReadAction","target":["https:\/\/leppavedenhankasalmenkalatalousalue.fi\/nurmijarvi\/luvat\/lupamaksut-ja-ohjeet\/"]}]},{"@type":"BreadcrumbList","@id":"https:\/\/leppavedenhankasalmenkalatalousalue.fi\/nurmijarvi\/luvat\/lupamaksut-ja-ohjeet\/#breadcrumb","itemListElement":[{"@type":"ListItem","position":1,"name":"Home","item":"https:\/\/leppavedenhankasalmenkalatalousalue.fi\/nurmijarvi\/"},{"@type":"ListItem","position":2,"name":"Yksityinen: Luvat","item":"https:\/\/leppavedenhankasalmenkalatalousalue.fi\/nurmijarvi\/?page_id=45"},{"@type":"ListItem","position":3,"name":"Lupamaksut ja ohjeet"}]},{"@type":"WebSite","@id":"https:\/\/leppavedenhankasalmenkalatalousalue.fi\/nurmijarvi\/#website","url":"https:\/\/leppavedenhankasalmenkalatalousalue.fi\/nurmijarvi\/","name":"Nurmij\u00e4rven osakaskunta","description":"","potentialAction":[{"@type":"SearchAction","target":{"@type":"EntryPoint","urlTemplate":"https:\/\/leppavedenhankasalmenkalatalousalue.fi\/nurmijarvi\/?s={search_term_string}"},"query-input":{"@type":"PropertyValueSpecification","valueRequired":true,"valueName":"search_term_string"}}],"inLanguage":"fi"}]}},"_links":{"self":[{"href":"https:\/\/leppavedenhankasalmenkalatalousalue.fi\/nurmijarvi\/wp-json\/wp\/v2\/pages\/86","targetHints":{"allow":["GET"]}}],"collection":[{"href":"https:\/\/leppavedenhankasalmenkalatalousalue.fi\/nurmijarvi\/wp-json\/wp\/v2\/pages"}],"about":[{"href":"https:\/\/leppavedenhankasalmenkalatalousalue.fi\/nurmijarvi\/wp-json\/wp\/v2\/types\/page"}],"author":[{"embeddable":true,"href":"https:\/\/leppavedenhankasalmenkalatalousalue.fi\/nurmijarvi\/wp-json\/wp\/v2\/users\/1"}],"replies":[{"embeddable":true,"href":"https:\/\/leppavedenhankasalmenkalatalousalue.fi\/nurmijarvi\/wp-json\/wp\/v2\/comments?post=86"}],"version-history":[{"count":8,"href":"https:\/\/leppavedenhankasalmenkalatalousalue.fi\/nurmijarvi\/wp-json\/wp\/v2\/pages\/86\/revisions"}],"predecessor-version":[{"id":260,"href":"https:\/\/leppavedenhankasalmenkalatalousalue.fi\/nurmijarvi\/wp-json\/wp\/v2\/pages\/86\/revisions\/260"}],"up":[{"embeddable":true,"href":"https:\/\/leppavedenhankasalmenkalatalousalue.fi\/nurmijarvi\/wp-json\/wp\/v2\/pages\/45"}],"wp:attachment":[{"href":"https:\/\/leppavedenhankasalmenkalatalousalue.fi\/nurmijarvi\/wp-json\/wp\/v2\/media?parent=86"}],"curies":[{"name":"wp","href":"https:\/\/api.w.org\/{rel}","templated":true}]}}