{"id":90,"date":"2020-10-29T11:42:18","date_gmt":"2020-10-29T11:42:18","guid":{"rendered":"http:\/\/89.166.51.80\/~leppaveden\/hameenmaen-osakaskunta\/?page_id=90"},"modified":"2022-06-11T10:05:02","modified_gmt":"2022-06-11T10:05:02","slug":"luvanmyyjat-ja-lupakartta","status":"publish","type":"page","link":"https:\/\/leppavedenhankasalmenkalatalousalue.fi\/nurmijarvi\/luvat\/luvanmyyjat-ja-lupakartta\/","title":{"rendered":"Luvanmyyj\u00e4t ja lupakartta"},"content":{"rendered":"\n<h2 class=\"wp-block-heading\">Luvanmyyj\u00e4t<\/h2>\n\n\n\n<p>Kuusan Koskikahvio, Suolahdentie 657, 41370 Kuusa, p. 014-838530<\/p>\n\n\n\n<p>Matti Koukka, Nurmij\u00e4rventie 278, 41390 \u00c4ij\u00e4l\u00e4, p.040-7382453<\/p>\n\n\n\n<p>Kimmo Patanen, J\u00e4rvisenmutka 7, 41340 Laukaa, p. 050-3659228<\/p>\n\n\n\n<p>Tero Nieminen, 41390 \u00c4ij\u00e4l\u00e4, 044-527 9165<\/p>\n\n\n\n<h2 class=\"wp-block-heading\">Lupakartta<\/h2>\n\n\n\n<p><a href=\"https:\/\/kartta.paikkatietoikkuna.fi\/?lang=fi&amp;zoomLevel=6&amp;coord=456576_6932080&amp;mapLayers=base_2+68+default,myplaces_46335+78+default&amp;showMarker=true\">Lupa-alueen kartta<\/a><\/p>\n","protected":false},"excerpt":{"rendered":"<p>Luvanmyyj\u00e4t Kuusan Koskikahvio, Suolahdentie 657, 41370 Kuusa, p. 014-838530 Matti Koukka, Nurmij\u00e4rventie 278, 41390 \u00c4ij\u00e4l\u00e4, p.040-7382453 Kimmo Patanen, J\u00e4rvisenmutka 7, 41340 Laukaa, p. 050-3659228 Tero Nieminen, 41390 \u00c4ij\u00e4l\u00e4, 044-527 9165 Lupakartta Lupa-alueen kartta<\/p>\n","protected":false},"author":1,"featured_media":0,"parent":45,"menu_order":0,"comment_status":"closed","ping_status":"closed","template":"basic-sivu.php","meta":{"_acf_changed":false,"footnotes":""},"class_list":["post-90","page","type-page","status-publish","hentry"],"acf":[],"yoast_head":"<!-- This site is optimized with the Yoast SEO plugin v27.1.1 - https:\/\/yoast.com\/product\/yoast-seo-wordpress\/ -->\n<title>Luvanmyyj\u00e4t ja lupakartta - Nurmij\u00e4rven osakaskunta<\/title>\n<meta name=\"robots\" content=\"index, follow, max-snippet:-1, max-image-preview:large, max-video-preview:-1\" \/>\n<link rel=\"canonical\" href=\"https:\/\/leppavedenhankasalmenkalatalousalue.fi\/nurmijarvi\/luvat\/luvanmyyjat-ja-lupakartta\/\" \/>\n<meta property=\"og:locale\" content=\"fi_FI\" \/>\n<meta property=\"og:type\" content=\"article\" \/>\n<meta property=\"og:title\" content=\"Luvanmyyj\u00e4t ja lupakartta - Nurmij\u00e4rven osakaskunta\" \/>\n<meta property=\"og:description\" content=\"Luvanmyyj\u00e4t Kuusan Koskikahvio, Suolahdentie 657, 41370 Kuusa, p. 014-838530 Matti Koukka, Nurmij\u00e4rventie 278, 41390 \u00c4ij\u00e4l\u00e4, p.040-7382453 Kimmo Patanen, J\u00e4rvisenmutka 7, 41340 Laukaa, p. 050-3659228 Tero Nieminen, 41390 \u00c4ij\u00e4l\u00e4, 044-527 9165 Lupakartta Lupa-alueen kartta\" \/>\n<meta property=\"og:url\" content=\"https:\/\/leppavedenhankasalmenkalatalousalue.fi\/nurmijarvi\/luvat\/luvanmyyjat-ja-lupakartta\/\" \/>\n<meta property=\"og:site_name\" content=\"Nurmij\u00e4rven osakaskunta\" \/>\n<meta property=\"article:modified_time\" content=\"2022-06-11T10:05:02+00:00\" \/>\n<meta name=\"twitter:card\" content=\"summary_large_image\" \/>\n<meta name=\"twitter:label1\" content=\"Arvioitu lukuaika\" \/>\n\t<meta name=\"twitter:data1\" content=\"1 minuutti\" \/>\n<script type=\"application\/ld+json\" class=\"yoast-schema-graph\">{\"@context\":\"https:\/\/schema.org\",\"@graph\":[{\"@type\":\"WebPage\",\"@id\":\"https:\/\/leppavedenhankasalmenkalatalousalue.fi\/nurmijarvi\/luvat\/luvanmyyjat-ja-lupakartta\/\",\"url\":\"https:\/\/leppavedenhankasalmenkalatalousalue.fi\/nurmijarvi\/luvat\/luvanmyyjat-ja-lupakartta\/\",\"name\":\"Luvanmyyj\u00e4t ja lupakartta - Nurmij\u00e4rven osakaskunta\",\"isPartOf\":{\"@id\":\"https:\/\/leppavedenhankasalmenkalatalousalue.fi\/nurmijarvi\/#website\"},\"datePublished\":\"2020-10-29T11:42:18+00:00\",\"dateModified\":\"2022-06-11T10:05:02+00:00\",\"breadcrumb\":{\"@id\":\"https:\/\/leppavedenhankasalmenkalatalousalue.fi\/nurmijarvi\/luvat\/luvanmyyjat-ja-lupakartta\/#breadcrumb\"},\"inLanguage\":\"fi\",\"potentialAction\":[{\"@type\":\"ReadAction\",\"target\":[\"https:\/\/leppavedenhankasalmenkalatalousalue.fi\/nurmijarvi\/luvat\/luvanmyyjat-ja-lupakartta\/\"]}]},{\"@type\":\"BreadcrumbList\",\"@id\":\"https:\/\/leppavedenhankasalmenkalatalousalue.fi\/nurmijarvi\/luvat\/luvanmyyjat-ja-lupakartta\/#breadcrumb\",\"itemListElement\":[{\"@type\":\"ListItem\",\"position\":1,\"name\":\"Home\",\"item\":\"https:\/\/leppavedenhankasalmenkalatalousalue.fi\/nurmijarvi\/\"},{\"@type\":\"ListItem\",\"position\":2,\"name\":\"Yksityinen: Luvat\",\"item\":\"https:\/\/leppavedenhankasalmenkalatalousalue.fi\/nurmijarvi\/?page_id=45\"},{\"@type\":\"ListItem\",\"position\":3,\"name\":\"Luvanmyyj\u00e4t ja lupakartta\"}]},{\"@type\":\"WebSite\",\"@id\":\"https:\/\/leppavedenhankasalmenkalatalousalue.fi\/nurmijarvi\/#website\",\"url\":\"https:\/\/leppavedenhankasalmenkalatalousalue.fi\/nurmijarvi\/\",\"name\":\"Nurmij\u00e4rven osakaskunta\",\"description\":\"\",\"potentialAction\":[{\"@type\":\"SearchAction\",\"target\":{\"@type\":\"EntryPoint\",\"urlTemplate\":\"https:\/\/leppavedenhankasalmenkalatalousalue.fi\/nurmijarvi\/?s={search_term_string}\"},\"query-input\":{\"@type\":\"PropertyValueSpecification\",\"valueRequired\":true,\"valueName\":\"search_term_string\"}}],\"inLanguage\":\"fi\"}]}<\/script>\n<!-- \/ Yoast SEO plugin. -->","yoast_head_json":{"title":"Luvanmyyj\u00e4t ja lupakartta - Nurmij\u00e4rven osakaskunta","robots":{"index":"index","follow":"follow","max-snippet":"max-snippet:-1","max-image-preview":"max-image-preview:large","max-video-preview":"max-video-preview:-1"},"canonical":"https:\/\/leppavedenhankasalmenkalatalousalue.fi\/nurmijarvi\/luvat\/luvanmyyjat-ja-lupakartta\/","og_locale":"fi_FI","og_type":"article","og_title":"Luvanmyyj\u00e4t ja lupakartta - Nurmij\u00e4rven osakaskunta","og_description":"Luvanmyyj\u00e4t Kuusan Koskikahvio, Suolahdentie 657, 41370 Kuusa, p. 014-838530 Matti Koukka, Nurmij\u00e4rventie 278, 41390 \u00c4ij\u00e4l\u00e4, p.040-7382453 Kimmo Patanen, J\u00e4rvisenmutka 7, 41340 Laukaa, p. 050-3659228 Tero Nieminen, 41390 \u00c4ij\u00e4l\u00e4, 044-527 9165 Lupakartta Lupa-alueen kartta","og_url":"https:\/\/leppavedenhankasalmenkalatalousalue.fi\/nurmijarvi\/luvat\/luvanmyyjat-ja-lupakartta\/","og_site_name":"Nurmij\u00e4rven osakaskunta","article_modified_time":"2022-06-11T10:05:02+00:00","twitter_card":"summary_large_image","twitter_misc":{"Arvioitu lukuaika":"1 minuutti"},"schema":{"@context":"https:\/\/schema.org","@graph":[{"@type":"WebPage","@id":"https:\/\/leppavedenhankasalmenkalatalousalue.fi\/nurmijarvi\/luvat\/luvanmyyjat-ja-lupakartta\/","url":"https:\/\/leppavedenhankasalmenkalatalousalue.fi\/nurmijarvi\/luvat\/luvanmyyjat-ja-lupakartta\/","name":"Luvanmyyj\u00e4t ja lupakartta - Nurmij\u00e4rven osakaskunta","isPartOf":{"@id":"https:\/\/leppavedenhankasalmenkalatalousalue.fi\/nurmijarvi\/#website"},"datePublished":"2020-10-29T11:42:18+00:00","dateModified":"2022-06-11T10:05:02+00:00","breadcrumb":{"@id":"https:\/\/leppavedenhankasalmenkalatalousalue.fi\/nurmijarvi\/luvat\/luvanmyyjat-ja-lupakartta\/#breadcrumb"},"inLanguage":"fi","potentialAction":[{"@type":"ReadAction","target":["https:\/\/leppavedenhankasalmenkalatalousalue.fi\/nurmijarvi\/luvat\/luvanmyyjat-ja-lupakartta\/"]}]},{"@type":"BreadcrumbList","@id":"https:\/\/leppavedenhankasalmenkalatalousalue.fi\/nurmijarvi\/luvat\/luvanmyyjat-ja-lupakartta\/#breadcrumb","itemListElement":[{"@type":"ListItem","position":1,"name":"Home","item":"https:\/\/leppavedenhankasalmenkalatalousalue.fi\/nurmijarvi\/"},{"@type":"ListItem","position":2,"name":"Yksityinen: Luvat","item":"https:\/\/leppavedenhankasalmenkalatalousalue.fi\/nurmijarvi\/?page_id=45"},{"@type":"ListItem","position":3,"name":"Luvanmyyj\u00e4t ja lupakartta"}]},{"@type":"WebSite","@id":"https:\/\/leppavedenhankasalmenkalatalousalue.fi\/nurmijarvi\/#website","url":"https:\/\/leppavedenhankasalmenkalatalousalue.fi\/nurmijarvi\/","name":"Nurmij\u00e4rven osakaskunta","description":"","potentialAction":[{"@type":"SearchAction","target":{"@type":"EntryPoint","urlTemplate":"https:\/\/leppavedenhankasalmenkalatalousalue.fi\/nurmijarvi\/?s={search_term_string}"},"query-input":{"@type":"PropertyValueSpecification","valueRequired":true,"valueName":"search_term_string"}}],"inLanguage":"fi"}]}},"_links":{"self":[{"href":"https:\/\/leppavedenhankasalmenkalatalousalue.fi\/nurmijarvi\/wp-json\/wp\/v2\/pages\/90","targetHints":{"allow":["GET"]}}],"collection":[{"href":"https:\/\/leppavedenhankasalmenkalatalousalue.fi\/nurmijarvi\/wp-json\/wp\/v2\/pages"}],"about":[{"href":"https:\/\/leppavedenhankasalmenkalatalousalue.fi\/nurmijarvi\/wp-json\/wp\/v2\/types\/page"}],"author":[{"embeddable":true,"href":"https:\/\/leppavedenhankasalmenkalatalousalue.fi\/nurmijarvi\/wp-json\/wp\/v2\/users\/1"}],"replies":[{"embeddable":true,"href":"https:\/\/leppavedenhankasalmenkalatalousalue.fi\/nurmijarvi\/wp-json\/wp\/v2\/comments?post=90"}],"version-history":[{"count":9,"href":"https:\/\/leppavedenhankasalmenkalatalousalue.fi\/nurmijarvi\/wp-json\/wp\/v2\/pages\/90\/revisions"}],"predecessor-version":[{"id":247,"href":"https:\/\/leppavedenhankasalmenkalatalousalue.fi\/nurmijarvi\/wp-json\/wp\/v2\/pages\/90\/revisions\/247"}],"up":[{"embeddable":true,"href":"https:\/\/leppavedenhankasalmenkalatalousalue.fi\/nurmijarvi\/wp-json\/wp\/v2\/pages\/45"}],"wp:attachment":[{"href":"https:\/\/leppavedenhankasalmenkalatalousalue.fi\/nurmijarvi\/wp-json\/wp\/v2\/media?parent=90"}],"curies":[{"name":"wp","href":"https:\/\/api.w.org\/{rel}","templated":true}]}}