{"id":2,"date":"2020-10-22T07:32:51","date_gmt":"2020-10-22T07:32:51","guid":{"rendered":"http:\/\/89.166.51.80\/~leppaveden\/hameenmaen-osakaskunta\/?page_id=2"},"modified":"2024-10-24T06:54:01","modified_gmt":"2024-10-24T06:54:01","slug":"etusivu","status":"publish","type":"page","link":"https:\/\/leppavedenhankasalmenkalatalousalue.fi\/oravasaari\/","title":{"rendered":"Etusivu"},"content":{"rendered":"\n<h2 class=\"wp-block-heading\">Tervetuloa Oravasaaren&nbsp;kalastuskuntaan<\/h2>\n\n\n\n<p><strong>Ajankohtaista<\/strong><\/p>\n\n\n\n<p>-24.10.2024-<\/p>\n\n\n\n<p><strong>ORAVASAAREN KALASTUSKUNTA NIITT\u00c4\u00c4 RUOVIKOITA LEPP\u00c4VEDELL\u00c4<\/strong><\/p>\n\n\n\n<p>Kalastuskunta niitt\u00e4\u00e4 ruovikoita Lepp\u00e4vedell\u00e4 erillisen suunnitelman mukaisesti vuosina 2024-2026. Hankkeen tavoitteena on est\u00e4\u00e4 ja hidastaa rantojen liettymist\u00e4 sek\u00e4 parantaa kalojen sek\u00e4 vesilintujen elinolosuhteita. Hankkeelle on my\u00f6nnetty rahoitusta EU:n maaseuturahastosta.<\/p>\n\n\n\n<figure class=\"wp-block-image size-large is-resized\"><img loading=\"lazy\" decoding=\"async\" width=\"1024\" height=\"768\" src=\"https:\/\/leppavedenhankasalmenkalatalousalue.fi\/oravasaari\/wp-content\/uploads\/sites\/37\/2024\/10\/image1-1024x768.jpeg\" alt=\"\" class=\"wp-image-296\" style=\"width:382px;height:auto\" srcset=\"https:\/\/leppavedenhankasalmenkalatalousalue.fi\/oravasaari\/wp-content\/uploads\/sites\/37\/2024\/10\/image1-1024x768.jpeg 1024w, https:\/\/leppavedenhankasalmenkalatalousalue.fi\/oravasaari\/wp-content\/uploads\/sites\/37\/2024\/10\/image1-300x225.jpeg 300w, https:\/\/leppavedenhankasalmenkalatalousalue.fi\/oravasaari\/wp-content\/uploads\/sites\/37\/2024\/10\/image1-768x576.jpeg 768w, https:\/\/leppavedenhankasalmenkalatalousalue.fi\/oravasaari\/wp-content\/uploads\/sites\/37\/2024\/10\/image1.jpeg 1280w\" sizes=\"auto, (max-width: 1024px) 100vw, 1024px\" \/><\/figure>\n\n\n\n<figure class=\"wp-block-image size-large is-resized\"><img loading=\"lazy\" decoding=\"async\" width=\"1024\" height=\"566\" src=\"https:\/\/leppavedenhankasalmenkalatalousalue.fi\/oravasaari\/wp-content\/uploads\/sites\/37\/2024\/10\/Leader_Logo_Iskulause_03_Yksivarinen_RGB-1024x566.jpg\" alt=\"\" class=\"wp-image-299\" style=\"width:291px;height:auto\" srcset=\"https:\/\/leppavedenhankasalmenkalatalousalue.fi\/oravasaari\/wp-content\/uploads\/sites\/37\/2024\/10\/Leader_Logo_Iskulause_03_Yksivarinen_RGB-1024x566.jpg 1024w, https:\/\/leppavedenhankasalmenkalatalousalue.fi\/oravasaari\/wp-content\/uploads\/sites\/37\/2024\/10\/Leader_Logo_Iskulause_03_Yksivarinen_RGB-300x166.jpg 300w, https:\/\/leppavedenhankasalmenkalatalousalue.fi\/oravasaari\/wp-content\/uploads\/sites\/37\/2024\/10\/Leader_Logo_Iskulause_03_Yksivarinen_RGB-768x425.jpg 768w, https:\/\/leppavedenhankasalmenkalatalousalue.fi\/oravasaari\/wp-content\/uploads\/sites\/37\/2024\/10\/Leader_Logo_Iskulause_03_Yksivarinen_RGB.jpg 1230w\" sizes=\"auto, (max-width: 1024px) 100vw, 1024px\" \/><\/figure>\n\n\n\n<figure class=\"wp-block-image size-large is-resized\"><img loading=\"lazy\" decoding=\"async\" width=\"1024\" height=\"215\" src=\"https:\/\/leppavedenhankasalmenkalatalousalue.fi\/oravasaari\/wp-content\/uploads\/sites\/37\/2024\/10\/FI-Euroopan-unionin-osarahoittama_PANTONE-1024x215.jpg\" alt=\"\" class=\"wp-image-298\" style=\"width:372px;height:auto\" srcset=\"https:\/\/leppavedenhankasalmenkalatalousalue.fi\/oravasaari\/wp-content\/uploads\/sites\/37\/2024\/10\/FI-Euroopan-unionin-osarahoittama_PANTONE-1024x215.jpg 1024w, https:\/\/leppavedenhankasalmenkalatalousalue.fi\/oravasaari\/wp-content\/uploads\/sites\/37\/2024\/10\/FI-Euroopan-unionin-osarahoittama_PANTONE-300x63.jpg 300w, https:\/\/leppavedenhankasalmenkalatalousalue.fi\/oravasaari\/wp-content\/uploads\/sites\/37\/2024\/10\/FI-Euroopan-unionin-osarahoittama_PANTONE-768x161.jpg 768w, https:\/\/leppavedenhankasalmenkalatalousalue.fi\/oravasaari\/wp-content\/uploads\/sites\/37\/2024\/10\/FI-Euroopan-unionin-osarahoittama_PANTONE-1536x322.jpg 1536w, https:\/\/leppavedenhankasalmenkalatalousalue.fi\/oravasaari\/wp-content\/uploads\/sites\/37\/2024\/10\/FI-Euroopan-unionin-osarahoittama_PANTONE-2048x430.jpg 2048w\" sizes=\"auto, (max-width: 1024px) 100vw, 1024px\" \/><\/figure>\n\n\n\n<p>-2.12.2022-<\/p>\n\n\n\n<p>Kalastusrajoituksiin on Lepp\u00e4veden-Hankasalmen ja Pohjois-P\u00e4ij\u00e4nteen kalatalousalueiden uusien k\u00e4ytt\u00f6- ja hoitosuunnitelmien my\u00f6t\u00e4 tullut muutoksia. ELY-keskuksen asettamat rajoitukset: www.kalastusrajoitus.fi. Kalastuskunnan asettamat rajoitukset ovat my\u00f6s voimassa, kts lupaohje.<\/p>\n\n\n\n<p>-2.12.2022-<\/p>\n\n\n\n<p>Oravasaaren kalastuskunnan pyydymerkit ovat myynniss\u00e4 Vaajakoskella lounaskahvila Katariinassa ja verkossa www.ostaluvat.fi.<\/p>\n\n\n\n<p>-7.4.2021-<\/p>\n\n\n\n<p>Oravasaaren kalastuskunnan (179-409-876-1) vuosikokous pidet\u00e4\u00e4n Kahvila Katariinassa Vaajakoskella 26.4.2021 alkaen klo 16.00. Kokouksessa p\u00e4\u00e4tet\u00e4\u00e4n s\u00e4\u00e4nt\u00f6m\u00e4\u00e4r\u00e4isist\u00e4 vuosikokoukselle kuuluvista asioista. Kokouksesta laadittu tarkastettu p\u00f6yt\u00e4kirja on n\u00e4ht\u00e4vill\u00e4 3.5.2021 alkaen sihteerill\u00e4 os. Kauppakatu 19 B, 2.kerros, Jyv\u00e4skyl\u00e4. Hoitokunta<br>HUOM!<br>Kokouksessa noudatetaan terveysturvallisuusohjeistusta. Kokoukseen saapuessa desinfioidaan k\u00e4det ja kokouksen ajan pidet\u00e4\u00e4n kasvomaskia. Istumapaikkoja on suojaet\u00e4isyyksien vuoksi rajoitetusti. Kokoukseen on mahdollista osallistua my\u00f6s et\u00e4yhteydell\u00e4 ilmoittautumalla 23.4. menness\u00e4 s\u00e4hk\u00f6postilla: timo.meronen(at)ahven.net. Ilmoittautumisen yhteydess\u00e4 on esitett\u00e4v\u00e4 valtakirja tai muu osakkuuden osoittava dokumentti.<\/p>\n","protected":false},"excerpt":{"rendered":"<p>Tervetuloa Oravasaaren&nbsp;kalastuskuntaan Ajankohtaista -24.10.2024- ORAVASAAREN KALASTUSKUNTA NIITT\u00c4\u00c4 RUOVIKOITA LEPP\u00c4VEDELL\u00c4 Kalastuskunta niitt\u00e4\u00e4 ruovikoita Lepp\u00e4vedell\u00e4 erillisen suunnitelman mukaisesti vuosina 2024-2026. Hankkeen tavoitteena on est\u00e4\u00e4 ja hidastaa rantojen liettymist\u00e4 sek\u00e4 parantaa kalojen sek\u00e4 vesilintujen elinolosuhteita. Hankkeelle on my\u00f6nnetty rahoitusta EU:n maaseuturahastosta. -2.12.2022- Kalastusrajoituksiin on Lepp\u00e4veden-Hankasalmen ja Pohjois-P\u00e4ij\u00e4nteen kalatalousalueiden uusien k\u00e4ytt\u00f6- ja hoitosuunnitelmien my\u00f6t\u00e4 tullut muutoksia. ELY-keskuksen asettamat rajoitukset:<\/p>\n<p><a class=\"moretag\" href=\"https:\/\/leppavedenhankasalmenkalatalousalue.fi\/oravasaari\/\"> Lue lis\u00e4\u00e4 ><\/a><\/p>\n","protected":false},"author":1,"featured_media":0,"parent":0,"menu_order":0,"comment_status":"closed","ping_status":"open","template":"","meta":{"_acf_changed":false,"footnotes":""},"class_list":["post-2","page","type-page","status-publish","hentry"],"acf":[],"yoast_head":"<!-- This site is optimized with the Yoast SEO plugin v27.1.1 - https:\/\/yoast.com\/product\/yoast-seo-wordpress\/ -->\n<title>Etusivu - Oravasaaren osakaskunta<\/title>\n<meta name=\"robots\" content=\"index, follow, max-snippet:-1, max-image-preview:large, max-video-preview:-1\" \/>\n<link rel=\"canonical\" href=\"https:\/\/leppavedenhankasalmenkalatalousalue.fi\/oravasaari\/\" \/>\n<meta property=\"og:locale\" content=\"fi_FI\" \/>\n<meta property=\"og:type\" content=\"article\" \/>\n<meta property=\"og:title\" content=\"Etusivu - Oravasaaren osakaskunta\" \/>\n<meta property=\"og:description\" content=\"Tervetuloa Oravasaaren&nbsp;kalastuskuntaan Ajankohtaista -24.10.2024- ORAVASAAREN KALASTUSKUNTA NIITT\u00c4\u00c4 RUOVIKOITA LEPP\u00c4VEDELL\u00c4 Kalastuskunta niitt\u00e4\u00e4 ruovikoita Lepp\u00e4vedell\u00e4 erillisen suunnitelman mukaisesti vuosina 2024-2026. Hankkeen tavoitteena on est\u00e4\u00e4 ja hidastaa rantojen liettymist\u00e4 sek\u00e4 parantaa kalojen sek\u00e4 vesilintujen elinolosuhteita. Hankkeelle on my\u00f6nnetty rahoitusta EU:n maaseuturahastosta. -2.12.2022- Kalastusrajoituksiin on Lepp\u00e4veden-Hankasalmen ja Pohjois-P\u00e4ij\u00e4nteen kalatalousalueiden uusien k\u00e4ytt\u00f6- ja hoitosuunnitelmien my\u00f6t\u00e4 tullut muutoksia. ELY-keskuksen asettamat rajoitukset: Lue lis\u00e4\u00e4 &gt;\" \/>\n<meta property=\"og:url\" content=\"https:\/\/leppavedenhankasalmenkalatalousalue.fi\/oravasaari\/\" \/>\n<meta property=\"og:site_name\" content=\"Oravasaaren osakaskunta\" \/>\n<meta property=\"article:modified_time\" content=\"2024-10-24T06:54:01+00:00\" \/>\n<meta property=\"og:image\" content=\"https:\/\/leppavedenhankasalmenkalatalousalue.fi\/oravasaari\/wp-content\/uploads\/sites\/37\/2024\/10\/image1.jpeg\" \/>\n\t<meta property=\"og:image:width\" content=\"1280\" \/>\n\t<meta property=\"og:image:height\" content=\"960\" \/>\n\t<meta property=\"og:image:type\" content=\"image\/jpeg\" \/>\n<meta name=\"twitter:card\" content=\"summary_large_image\" \/>\n<meta name=\"twitter:label1\" content=\"Arvioitu lukuaika\" \/>\n\t<meta name=\"twitter:data1\" content=\"2 minuuttia\" \/>\n<script type=\"application\/ld+json\" class=\"yoast-schema-graph\">{\"@context\":\"https:\/\/schema.org\",\"@graph\":[{\"@type\":\"WebPage\",\"@id\":\"https:\/\/leppavedenhankasalmenkalatalousalue.fi\/oravasaari\/\",\"url\":\"https:\/\/leppavedenhankasalmenkalatalousalue.fi\/oravasaari\/\",\"name\":\"Etusivu - Oravasaaren osakaskunta\",\"isPartOf\":{\"@id\":\"https:\/\/leppavedenhankasalmenkalatalousalue.fi\/oravasaari\/#website\"},\"primaryImageOfPage\":{\"@id\":\"https:\/\/leppavedenhankasalmenkalatalousalue.fi\/oravasaari\/#primaryimage\"},\"image\":{\"@id\":\"https:\/\/leppavedenhankasalmenkalatalousalue.fi\/oravasaari\/#primaryimage\"},\"thumbnailUrl\":\"https:\/\/leppavedenhankasalmenkalatalousalue.fi\/oravasaari\/wp-content\/uploads\/sites\/37\/2024\/10\/image1-1024x768.jpeg\",\"datePublished\":\"2020-10-22T07:32:51+00:00\",\"dateModified\":\"2024-10-24T06:54:01+00:00\",\"breadcrumb\":{\"@id\":\"https:\/\/leppavedenhankasalmenkalatalousalue.fi\/oravasaari\/#breadcrumb\"},\"inLanguage\":\"fi\",\"potentialAction\":[{\"@type\":\"ReadAction\",\"target\":[\"https:\/\/leppavedenhankasalmenkalatalousalue.fi\/oravasaari\/\"]}]},{\"@type\":\"ImageObject\",\"inLanguage\":\"fi\",\"@id\":\"https:\/\/leppavedenhankasalmenkalatalousalue.fi\/oravasaari\/#primaryimage\",\"url\":\"https:\/\/leppavedenhankasalmenkalatalousalue.fi\/oravasaari\/wp-content\/uploads\/sites\/37\/2024\/10\/image1.jpeg\",\"contentUrl\":\"https:\/\/leppavedenhankasalmenkalatalousalue.fi\/oravasaari\/wp-content\/uploads\/sites\/37\/2024\/10\/image1.jpeg\",\"width\":1280,\"height\":960},{\"@type\":\"BreadcrumbList\",\"@id\":\"https:\/\/leppavedenhankasalmenkalatalousalue.fi\/oravasaari\/#breadcrumb\",\"itemListElement\":[{\"@type\":\"ListItem\",\"position\":1,\"name\":\"Home\",\"item\":\"https:\/\/leppavedenhankasalmenkalatalousalue.fi\/oravasaari\/\"},{\"@type\":\"ListItem\",\"position\":2,\"name\":\"Etusivu\"}]},{\"@type\":\"WebSite\",\"@id\":\"https:\/\/leppavedenhankasalmenkalatalousalue.fi\/oravasaari\/#website\",\"url\":\"https:\/\/leppavedenhankasalmenkalatalousalue.fi\/oravasaari\/\",\"name\":\"Oravasaaren osakaskunta\",\"description\":\"\",\"potentialAction\":[{\"@type\":\"SearchAction\",\"target\":{\"@type\":\"EntryPoint\",\"urlTemplate\":\"https:\/\/leppavedenhankasalmenkalatalousalue.fi\/oravasaari\/?s={search_term_string}\"},\"query-input\":{\"@type\":\"PropertyValueSpecification\",\"valueRequired\":true,\"valueName\":\"search_term_string\"}}],\"inLanguage\":\"fi\"}]}<\/script>\n<!-- \/ Yoast SEO plugin. -->","yoast_head_json":{"title":"Etusivu - Oravasaaren osakaskunta","robots":{"index":"index","follow":"follow","max-snippet":"max-snippet:-1","max-image-preview":"max-image-preview:large","max-video-preview":"max-video-preview:-1"},"canonical":"https:\/\/leppavedenhankasalmenkalatalousalue.fi\/oravasaari\/","og_locale":"fi_FI","og_type":"article","og_title":"Etusivu - Oravasaaren osakaskunta","og_description":"Tervetuloa Oravasaaren&nbsp;kalastuskuntaan Ajankohtaista -24.10.2024- ORAVASAAREN KALASTUSKUNTA NIITT\u00c4\u00c4 RUOVIKOITA LEPP\u00c4VEDELL\u00c4 Kalastuskunta niitt\u00e4\u00e4 ruovikoita Lepp\u00e4vedell\u00e4 erillisen suunnitelman mukaisesti vuosina 2024-2026. Hankkeen tavoitteena on est\u00e4\u00e4 ja hidastaa rantojen liettymist\u00e4 sek\u00e4 parantaa kalojen sek\u00e4 vesilintujen elinolosuhteita. Hankkeelle on my\u00f6nnetty rahoitusta EU:n maaseuturahastosta. -2.12.2022- Kalastusrajoituksiin on Lepp\u00e4veden-Hankasalmen ja Pohjois-P\u00e4ij\u00e4nteen kalatalousalueiden uusien k\u00e4ytt\u00f6- ja hoitosuunnitelmien my\u00f6t\u00e4 tullut muutoksia. ELY-keskuksen asettamat rajoitukset: Lue lis\u00e4\u00e4 >","og_url":"https:\/\/leppavedenhankasalmenkalatalousalue.fi\/oravasaari\/","og_site_name":"Oravasaaren osakaskunta","article_modified_time":"2024-10-24T06:54:01+00:00","og_image":[{"width":1280,"height":960,"url":"https:\/\/leppavedenhankasalmenkalatalousalue.fi\/oravasaari\/wp-content\/uploads\/sites\/37\/2024\/10\/image1.jpeg","type":"image\/jpeg"}],"twitter_card":"summary_large_image","twitter_misc":{"Arvioitu lukuaika":"2 minuuttia"},"schema":{"@context":"https:\/\/schema.org","@graph":[{"@type":"WebPage","@id":"https:\/\/leppavedenhankasalmenkalatalousalue.fi\/oravasaari\/","url":"https:\/\/leppavedenhankasalmenkalatalousalue.fi\/oravasaari\/","name":"Etusivu - Oravasaaren osakaskunta","isPartOf":{"@id":"https:\/\/leppavedenhankasalmenkalatalousalue.fi\/oravasaari\/#website"},"primaryImageOfPage":{"@id":"https:\/\/leppavedenhankasalmenkalatalousalue.fi\/oravasaari\/#primaryimage"},"image":{"@id":"https:\/\/leppavedenhankasalmenkalatalousalue.fi\/oravasaari\/#primaryimage"},"thumbnailUrl":"https:\/\/leppavedenhankasalmenkalatalousalue.fi\/oravasaari\/wp-content\/uploads\/sites\/37\/2024\/10\/image1-1024x768.jpeg","datePublished":"2020-10-22T07:32:51+00:00","dateModified":"2024-10-24T06:54:01+00:00","breadcrumb":{"@id":"https:\/\/leppavedenhankasalmenkalatalousalue.fi\/oravasaari\/#breadcrumb"},"inLanguage":"fi","potentialAction":[{"@type":"ReadAction","target":["https:\/\/leppavedenhankasalmenkalatalousalue.fi\/oravasaari\/"]}]},{"@type":"ImageObject","inLanguage":"fi","@id":"https:\/\/leppavedenhankasalmenkalatalousalue.fi\/oravasaari\/#primaryimage","url":"https:\/\/leppavedenhankasalmenkalatalousalue.fi\/oravasaari\/wp-content\/uploads\/sites\/37\/2024\/10\/image1.jpeg","contentUrl":"https:\/\/leppavedenhankasalmenkalatalousalue.fi\/oravasaari\/wp-content\/uploads\/sites\/37\/2024\/10\/image1.jpeg","width":1280,"height":960},{"@type":"BreadcrumbList","@id":"https:\/\/leppavedenhankasalmenkalatalousalue.fi\/oravasaari\/#breadcrumb","itemListElement":[{"@type":"ListItem","position":1,"name":"Home","item":"https:\/\/leppavedenhankasalmenkalatalousalue.fi\/oravasaari\/"},{"@type":"ListItem","position":2,"name":"Etusivu"}]},{"@type":"WebSite","@id":"https:\/\/leppavedenhankasalmenkalatalousalue.fi\/oravasaari\/#website","url":"https:\/\/leppavedenhankasalmenkalatalousalue.fi\/oravasaari\/","name":"Oravasaaren osakaskunta","description":"","potentialAction":[{"@type":"SearchAction","target":{"@type":"EntryPoint","urlTemplate":"https:\/\/leppavedenhankasalmenkalatalousalue.fi\/oravasaari\/?s={search_term_string}"},"query-input":{"@type":"PropertyValueSpecification","valueRequired":true,"valueName":"search_term_string"}}],"inLanguage":"fi"}]}},"_links":{"self":[{"href":"https:\/\/leppavedenhankasalmenkalatalousalue.fi\/oravasaari\/wp-json\/wp\/v2\/pages\/2","targetHints":{"allow":["GET"]}}],"collection":[{"href":"https:\/\/leppavedenhankasalmenkalatalousalue.fi\/oravasaari\/wp-json\/wp\/v2\/pages"}],"about":[{"href":"https:\/\/leppavedenhankasalmenkalatalousalue.fi\/oravasaari\/wp-json\/wp\/v2\/types\/page"}],"author":[{"embeddable":true,"href":"https:\/\/leppavedenhankasalmenkalatalousalue.fi\/oravasaari\/wp-json\/wp\/v2\/users\/1"}],"replies":[{"embeddable":true,"href":"https:\/\/leppavedenhankasalmenkalatalousalue.fi\/oravasaari\/wp-json\/wp\/v2\/comments?post=2"}],"version-history":[{"count":32,"href":"https:\/\/leppavedenhankasalmenkalatalousalue.fi\/oravasaari\/wp-json\/wp\/v2\/pages\/2\/revisions"}],"predecessor-version":[{"id":304,"href":"https:\/\/leppavedenhankasalmenkalatalousalue.fi\/oravasaari\/wp-json\/wp\/v2\/pages\/2\/revisions\/304"}],"wp:attachment":[{"href":"https:\/\/leppavedenhankasalmenkalatalousalue.fi\/oravasaari\/wp-json\/wp\/v2\/media?parent=2"}],"curies":[{"name":"wp","href":"https:\/\/api.w.org\/{rel}","templated":true}]}}