{"id":26,"date":"2020-10-29T08:31:59","date_gmt":"2020-10-29T08:31:59","guid":{"rendered":"http:\/\/89.166.51.80\/~leppaveden\/hameenmaen-osakaskunta\/?page_id=26"},"modified":"2023-03-01T11:20:53","modified_gmt":"2023-03-01T11:20:53","slug":"tiedot","status":"publish","type":"page","link":"https:\/\/leppavedenhankasalmenkalatalousalue.fi\/oravasaari\/tiedot\/","title":{"rendered":"Tiedot"},"content":{"rendered":"\n<h2 class=\"wp-block-heading\">Yhteystiedot<\/h2>\n\n\n\n<p>Puheenjohtaja:<\/p>\n\n\n\n<p>Mikko Ilmoniemi<br>Puh. 045 674 5734<\/p>\n\n\n\n<p>Postit<\/p>\n\n\n\n<p>PL 112<br>40101 Jyv\u00e4skyl\u00e4<\/p>\n\n\n\n<p>Varapuheenjohtaja:<\/p>\n\n\n\n<p>Elias S\u00e4rkim\u00e4ki<br>Puh. 040 759 7615<\/p>\n\n\n\n<h2 class=\"wp-block-heading\">Sijainti<\/h2>\n\n\n\n<figure class=\"wp-block-image size-large\"><img loading=\"lazy\" decoding=\"async\" width=\"1024\" height=\"724\" src=\"https:\/\/leppavedenhankasalmenkalatalousalue.fi\/oravasaari\/wp-content\/uploads\/sites\/37\/2023\/03\/oravasaaren-ok-1024x724.png\" alt=\"\" class=\"wp-image-275\" srcset=\"https:\/\/leppavedenhankasalmenkalatalousalue.fi\/oravasaari\/wp-content\/uploads\/sites\/37\/2023\/03\/oravasaaren-ok-1024x724.png 1024w, https:\/\/leppavedenhankasalmenkalatalousalue.fi\/oravasaari\/wp-content\/uploads\/sites\/37\/2023\/03\/oravasaaren-ok-300x212.png 300w, https:\/\/leppavedenhankasalmenkalatalousalue.fi\/oravasaari\/wp-content\/uploads\/sites\/37\/2023\/03\/oravasaaren-ok-768x543.png 768w, https:\/\/leppavedenhankasalmenkalatalousalue.fi\/oravasaari\/wp-content\/uploads\/sites\/37\/2023\/03\/oravasaaren-ok-1536x1086.png 1536w, https:\/\/leppavedenhankasalmenkalatalousalue.fi\/oravasaari\/wp-content\/uploads\/sites\/37\/2023\/03\/oravasaaren-ok-2048x1448.png 2048w\" sizes=\"auto, (max-width: 1024px) 100vw, 1024px\" \/><\/figure>\n","protected":false},"excerpt":{"rendered":"<p>Yhteystiedot Puheenjohtaja: Mikko IlmoniemiPuh. 045 674 5734 Postit PL 11240101 Jyv\u00e4skyl\u00e4 Varapuheenjohtaja: Elias S\u00e4rkim\u00e4kiPuh. 040 759 7615 Sijainti<\/p>\n","protected":false},"author":1,"featured_media":0,"parent":0,"menu_order":0,"comment_status":"closed","ping_status":"closed","template":"basic-sivu.php","meta":{"_acf_changed":false,"footnotes":""},"class_list":["post-26","page","type-page","status-publish","hentry"],"acf":[],"yoast_head":"<!-- This site is optimized with the Yoast SEO plugin v27.1.1 - https:\/\/yoast.com\/product\/yoast-seo-wordpress\/ -->\n<title>Tiedot - Oravasaaren osakaskunta<\/title>\n<meta name=\"robots\" content=\"index, follow, max-snippet:-1, max-image-preview:large, max-video-preview:-1\" \/>\n<link rel=\"canonical\" href=\"https:\/\/leppavedenhankasalmenkalatalousalue.fi\/oravasaari\/tiedot\/\" \/>\n<meta property=\"og:locale\" content=\"fi_FI\" \/>\n<meta property=\"og:type\" content=\"article\" \/>\n<meta property=\"og:title\" content=\"Tiedot - Oravasaaren osakaskunta\" \/>\n<meta property=\"og:description\" content=\"Yhteystiedot Puheenjohtaja: Mikko IlmoniemiPuh. 045 674 5734 Postit PL 11240101 Jyv\u00e4skyl\u00e4 Varapuheenjohtaja: Elias S\u00e4rkim\u00e4kiPuh. 040 759 7615 Sijainti\" \/>\n<meta property=\"og:url\" content=\"https:\/\/leppavedenhankasalmenkalatalousalue.fi\/oravasaari\/tiedot\/\" \/>\n<meta property=\"og:site_name\" content=\"Oravasaaren osakaskunta\" \/>\n<meta property=\"article:modified_time\" content=\"2023-03-01T11:20:53+00:00\" \/>\n<meta property=\"og:image\" content=\"https:\/\/leppavedenhankasalmenkalatalousalue.fi\/oravasaari\/wp-content\/uploads\/sites\/37\/2023\/03\/oravasaaren-ok-1024x724.png\" \/>\n<meta name=\"twitter:card\" content=\"summary_large_image\" \/>\n<meta name=\"twitter:label1\" content=\"Arvioitu lukuaika\" \/>\n\t<meta name=\"twitter:data1\" content=\"1 minuutti\" \/>\n<script type=\"application\/ld+json\" class=\"yoast-schema-graph\">{\"@context\":\"https:\/\/schema.org\",\"@graph\":[{\"@type\":\"WebPage\",\"@id\":\"https:\/\/leppavedenhankasalmenkalatalousalue.fi\/oravasaari\/tiedot\/\",\"url\":\"https:\/\/leppavedenhankasalmenkalatalousalue.fi\/oravasaari\/tiedot\/\",\"name\":\"Tiedot - Oravasaaren osakaskunta\",\"isPartOf\":{\"@id\":\"https:\/\/leppavedenhankasalmenkalatalousalue.fi\/oravasaari\/#website\"},\"primaryImageOfPage\":{\"@id\":\"https:\/\/leppavedenhankasalmenkalatalousalue.fi\/oravasaari\/tiedot\/#primaryimage\"},\"image\":{\"@id\":\"https:\/\/leppavedenhankasalmenkalatalousalue.fi\/oravasaari\/tiedot\/#primaryimage\"},\"thumbnailUrl\":\"https:\/\/leppavedenhankasalmenkalatalousalue.fi\/oravasaari\/wp-content\/uploads\/sites\/37\/2023\/03\/oravasaaren-ok-1024x724.png\",\"datePublished\":\"2020-10-29T08:31:59+00:00\",\"dateModified\":\"2023-03-01T11:20:53+00:00\",\"breadcrumb\":{\"@id\":\"https:\/\/leppavedenhankasalmenkalatalousalue.fi\/oravasaari\/tiedot\/#breadcrumb\"},\"inLanguage\":\"fi\",\"potentialAction\":[{\"@type\":\"ReadAction\",\"target\":[\"https:\/\/leppavedenhankasalmenkalatalousalue.fi\/oravasaari\/tiedot\/\"]}]},{\"@type\":\"ImageObject\",\"inLanguage\":\"fi\",\"@id\":\"https:\/\/leppavedenhankasalmenkalatalousalue.fi\/oravasaari\/tiedot\/#primaryimage\",\"url\":\"https:\/\/leppavedenhankasalmenkalatalousalue.fi\/oravasaari\/wp-content\/uploads\/sites\/37\/2023\/03\/oravasaaren-ok.png\",\"contentUrl\":\"https:\/\/leppavedenhankasalmenkalatalousalue.fi\/oravasaari\/wp-content\/uploads\/sites\/37\/2023\/03\/oravasaaren-ok.png\",\"width\":7015,\"height\":4960},{\"@type\":\"BreadcrumbList\",\"@id\":\"https:\/\/leppavedenhankasalmenkalatalousalue.fi\/oravasaari\/tiedot\/#breadcrumb\",\"itemListElement\":[{\"@type\":\"ListItem\",\"position\":1,\"name\":\"Home\",\"item\":\"https:\/\/leppavedenhankasalmenkalatalousalue.fi\/oravasaari\/\"},{\"@type\":\"ListItem\",\"position\":2,\"name\":\"Tiedot\"}]},{\"@type\":\"WebSite\",\"@id\":\"https:\/\/leppavedenhankasalmenkalatalousalue.fi\/oravasaari\/#website\",\"url\":\"https:\/\/leppavedenhankasalmenkalatalousalue.fi\/oravasaari\/\",\"name\":\"Oravasaaren osakaskunta\",\"description\":\"\",\"potentialAction\":[{\"@type\":\"SearchAction\",\"target\":{\"@type\":\"EntryPoint\",\"urlTemplate\":\"https:\/\/leppavedenhankasalmenkalatalousalue.fi\/oravasaari\/?s={search_term_string}\"},\"query-input\":{\"@type\":\"PropertyValueSpecification\",\"valueRequired\":true,\"valueName\":\"search_term_string\"}}],\"inLanguage\":\"fi\"}]}<\/script>\n<!-- \/ Yoast SEO plugin. -->","yoast_head_json":{"title":"Tiedot - Oravasaaren osakaskunta","robots":{"index":"index","follow":"follow","max-snippet":"max-snippet:-1","max-image-preview":"max-image-preview:large","max-video-preview":"max-video-preview:-1"},"canonical":"https:\/\/leppavedenhankasalmenkalatalousalue.fi\/oravasaari\/tiedot\/","og_locale":"fi_FI","og_type":"article","og_title":"Tiedot - Oravasaaren osakaskunta","og_description":"Yhteystiedot Puheenjohtaja: Mikko IlmoniemiPuh. 045 674 5734 Postit PL 11240101 Jyv\u00e4skyl\u00e4 Varapuheenjohtaja: Elias S\u00e4rkim\u00e4kiPuh. 040 759 7615 Sijainti","og_url":"https:\/\/leppavedenhankasalmenkalatalousalue.fi\/oravasaari\/tiedot\/","og_site_name":"Oravasaaren osakaskunta","article_modified_time":"2023-03-01T11:20:53+00:00","og_image":[{"url":"https:\/\/leppavedenhankasalmenkalatalousalue.fi\/oravasaari\/wp-content\/uploads\/sites\/37\/2023\/03\/oravasaaren-ok-1024x724.png","type":"","width":"","height":""}],"twitter_card":"summary_large_image","twitter_misc":{"Arvioitu lukuaika":"1 minuutti"},"schema":{"@context":"https:\/\/schema.org","@graph":[{"@type":"WebPage","@id":"https:\/\/leppavedenhankasalmenkalatalousalue.fi\/oravasaari\/tiedot\/","url":"https:\/\/leppavedenhankasalmenkalatalousalue.fi\/oravasaari\/tiedot\/","name":"Tiedot - Oravasaaren osakaskunta","isPartOf":{"@id":"https:\/\/leppavedenhankasalmenkalatalousalue.fi\/oravasaari\/#website"},"primaryImageOfPage":{"@id":"https:\/\/leppavedenhankasalmenkalatalousalue.fi\/oravasaari\/tiedot\/#primaryimage"},"image":{"@id":"https:\/\/leppavedenhankasalmenkalatalousalue.fi\/oravasaari\/tiedot\/#primaryimage"},"thumbnailUrl":"https:\/\/leppavedenhankasalmenkalatalousalue.fi\/oravasaari\/wp-content\/uploads\/sites\/37\/2023\/03\/oravasaaren-ok-1024x724.png","datePublished":"2020-10-29T08:31:59+00:00","dateModified":"2023-03-01T11:20:53+00:00","breadcrumb":{"@id":"https:\/\/leppavedenhankasalmenkalatalousalue.fi\/oravasaari\/tiedot\/#breadcrumb"},"inLanguage":"fi","potentialAction":[{"@type":"ReadAction","target":["https:\/\/leppavedenhankasalmenkalatalousalue.fi\/oravasaari\/tiedot\/"]}]},{"@type":"ImageObject","inLanguage":"fi","@id":"https:\/\/leppavedenhankasalmenkalatalousalue.fi\/oravasaari\/tiedot\/#primaryimage","url":"https:\/\/leppavedenhankasalmenkalatalousalue.fi\/oravasaari\/wp-content\/uploads\/sites\/37\/2023\/03\/oravasaaren-ok.png","contentUrl":"https:\/\/leppavedenhankasalmenkalatalousalue.fi\/oravasaari\/wp-content\/uploads\/sites\/37\/2023\/03\/oravasaaren-ok.png","width":7015,"height":4960},{"@type":"BreadcrumbList","@id":"https:\/\/leppavedenhankasalmenkalatalousalue.fi\/oravasaari\/tiedot\/#breadcrumb","itemListElement":[{"@type":"ListItem","position":1,"name":"Home","item":"https:\/\/leppavedenhankasalmenkalatalousalue.fi\/oravasaari\/"},{"@type":"ListItem","position":2,"name":"Tiedot"}]},{"@type":"WebSite","@id":"https:\/\/leppavedenhankasalmenkalatalousalue.fi\/oravasaari\/#website","url":"https:\/\/leppavedenhankasalmenkalatalousalue.fi\/oravasaari\/","name":"Oravasaaren osakaskunta","description":"","potentialAction":[{"@type":"SearchAction","target":{"@type":"EntryPoint","urlTemplate":"https:\/\/leppavedenhankasalmenkalatalousalue.fi\/oravasaari\/?s={search_term_string}"},"query-input":{"@type":"PropertyValueSpecification","valueRequired":true,"valueName":"search_term_string"}}],"inLanguage":"fi"}]}},"_links":{"self":[{"href":"https:\/\/leppavedenhankasalmenkalatalousalue.fi\/oravasaari\/wp-json\/wp\/v2\/pages\/26","targetHints":{"allow":["GET"]}}],"collection":[{"href":"https:\/\/leppavedenhankasalmenkalatalousalue.fi\/oravasaari\/wp-json\/wp\/v2\/pages"}],"about":[{"href":"https:\/\/leppavedenhankasalmenkalatalousalue.fi\/oravasaari\/wp-json\/wp\/v2\/types\/page"}],"author":[{"embeddable":true,"href":"https:\/\/leppavedenhankasalmenkalatalousalue.fi\/oravasaari\/wp-json\/wp\/v2\/users\/1"}],"replies":[{"embeddable":true,"href":"https:\/\/leppavedenhankasalmenkalatalousalue.fi\/oravasaari\/wp-json\/wp\/v2\/comments?post=26"}],"version-history":[{"count":10,"href":"https:\/\/leppavedenhankasalmenkalatalousalue.fi\/oravasaari\/wp-json\/wp\/v2\/pages\/26\/revisions"}],"predecessor-version":[{"id":276,"href":"https:\/\/leppavedenhankasalmenkalatalousalue.fi\/oravasaari\/wp-json\/wp\/v2\/pages\/26\/revisions\/276"}],"wp:attachment":[{"href":"https:\/\/leppavedenhankasalmenkalatalousalue.fi\/oravasaari\/wp-json\/wp\/v2\/media?parent=26"}],"curies":[{"name":"wp","href":"https:\/\/api.w.org\/{rel}","templated":true}]}}