{"id":90,"date":"2020-10-29T11:42:18","date_gmt":"2020-10-29T11:42:18","guid":{"rendered":"http:\/\/89.166.51.80\/~leppaveden\/hameenmaen-osakaskunta\/?page_id=90"},"modified":"2025-06-04T07:29:15","modified_gmt":"2025-06-04T07:29:15","slug":"luvanmyyjat-ja-lupakartta","status":"publish","type":"page","link":"https:\/\/leppavedenhankasalmenkalatalousalue.fi\/oravasaari\/luvat\/luvanmyyjat-ja-lupakartta\/","title":{"rendered":"Luvanmyyj\u00e4t ja lupakartta"},"content":{"rendered":"\n<h2 class=\"wp-block-heading\">Luvanmyyj\u00e4t<\/h2>\n\n\n\n<p>Kahvila Katariina, 040 350 4035<\/p>\n\n\n\n<p>Savonm\u00e4entie 1, Vaajakoski<\/p>\n\n\n\n<div class=\"wp-block-group\"><div class=\"wp-block-group__inner-container is-layout-flow wp-block-group-is-layout-flow\">\n<figure class=\"wp-block-image size-large\"><a href=\"http:\/\/ostaluvat.fi\"><img loading=\"lazy\" decoding=\"async\" width=\"300\" height=\"81\" src=\"https:\/\/leppavedenhankasalmenkalatalousalue.fi\/\/oravasaari\/wp-content\/uploads\/sites\/37\/2021\/04\/ostaluvat-300x81-1.png\" alt=\"\" class=\"wp-image-238\"\/><\/a><\/figure>\n<\/div><\/div>\n\n\n\n<h2 class=\"wp-block-heading\">Lupakartta<\/h2>\n\n\n\n<div class=\"wp-block-file\"><a id=\"wp-block-file--media-2826f1dd-ac07-4d37-960a-2875d7a23dbe\" href=\"https:\/\/leppavedenhankasalmenkalatalousalue.fi\/\/oravasaari\/wp-content\/uploads\/sites\/37\/2021\/01\/kartta2019.jpg\">Lupakartta<\/a><a href=\"https:\/\/leppavedenhankasalmenkalatalousalue.fi\/\/oravasaari\/wp-content\/uploads\/sites\/37\/2021\/01\/kartta2019.jpg\" class=\"wp-block-file__button wp-element-button\" download aria-describedby=\"wp-block-file--media-2826f1dd-ac07-4d37-960a-2875d7a23dbe\">Lataa<\/a><\/div>\n","protected":false},"excerpt":{"rendered":"<p>Luvanmyyj\u00e4t Kahvila Katariina, 040 350 4035 Savonm\u00e4entie 1, Vaajakoski Lupakartta<\/p>\n","protected":false},"author":1,"featured_media":0,"parent":45,"menu_order":0,"comment_status":"closed","ping_status":"closed","template":"basic-sivu.php","meta":{"_acf_changed":false,"footnotes":""},"class_list":["post-90","page","type-page","status-publish","hentry"],"acf":[],"yoast_head":"<!-- This site is optimized with the Yoast SEO plugin v27.1.1 - https:\/\/yoast.com\/product\/yoast-seo-wordpress\/ -->\n<title>Luvanmyyj\u00e4t ja lupakartta - Oravasaaren osakaskunta<\/title>\n<meta name=\"robots\" content=\"index, follow, max-snippet:-1, max-image-preview:large, max-video-preview:-1\" \/>\n<link rel=\"canonical\" href=\"https:\/\/leppavedenhankasalmenkalatalousalue.fi\/oravasaari\/luvat\/luvanmyyjat-ja-lupakartta\/\" \/>\n<meta property=\"og:locale\" content=\"fi_FI\" \/>\n<meta property=\"og:type\" content=\"article\" \/>\n<meta property=\"og:title\" content=\"Luvanmyyj\u00e4t ja lupakartta - Oravasaaren osakaskunta\" \/>\n<meta property=\"og:description\" content=\"Luvanmyyj\u00e4t Kahvila Katariina, 040 350 4035 Savonm\u00e4entie 1, Vaajakoski Lupakartta\" \/>\n<meta property=\"og:url\" content=\"https:\/\/leppavedenhankasalmenkalatalousalue.fi\/oravasaari\/luvat\/luvanmyyjat-ja-lupakartta\/\" \/>\n<meta property=\"og:site_name\" content=\"Oravasaaren osakaskunta\" \/>\n<meta property=\"article:modified_time\" content=\"2025-06-04T07:29:15+00:00\" \/>\n<meta property=\"og:image\" content=\"https:\/\/leppavedenhankasalmenkalatalousalue.fi\/oravasaari\/wp-content\/uploads\/sites\/37\/2021\/04\/ostaluvat-300x81-1.png\" \/>\n\t<meta property=\"og:image:width\" content=\"300\" \/>\n\t<meta property=\"og:image:height\" content=\"81\" \/>\n\t<meta property=\"og:image:type\" content=\"image\/png\" \/>\n<meta name=\"twitter:card\" content=\"summary_large_image\" \/>\n<meta name=\"twitter:label1\" content=\"Arvioitu lukuaika\" \/>\n\t<meta name=\"twitter:data1\" content=\"1 minuutti\" \/>\n<script type=\"application\/ld+json\" class=\"yoast-schema-graph\">{\"@context\":\"https:\/\/schema.org\",\"@graph\":[{\"@type\":\"WebPage\",\"@id\":\"https:\/\/leppavedenhankasalmenkalatalousalue.fi\/oravasaari\/luvat\/luvanmyyjat-ja-lupakartta\/\",\"url\":\"https:\/\/leppavedenhankasalmenkalatalousalue.fi\/oravasaari\/luvat\/luvanmyyjat-ja-lupakartta\/\",\"name\":\"Luvanmyyj\u00e4t ja lupakartta - Oravasaaren osakaskunta\",\"isPartOf\":{\"@id\":\"https:\/\/leppavedenhankasalmenkalatalousalue.fi\/oravasaari\/#website\"},\"primaryImageOfPage\":{\"@id\":\"https:\/\/leppavedenhankasalmenkalatalousalue.fi\/oravasaari\/luvat\/luvanmyyjat-ja-lupakartta\/#primaryimage\"},\"image\":{\"@id\":\"https:\/\/leppavedenhankasalmenkalatalousalue.fi\/oravasaari\/luvat\/luvanmyyjat-ja-lupakartta\/#primaryimage\"},\"thumbnailUrl\":\"https:\/\/leppavedenhankasalmenkalatalousalue.fi\/\/oravasaari\/wp-content\/uploads\/sites\/37\/2021\/04\/ostaluvat-300x81-1.png\",\"datePublished\":\"2020-10-29T11:42:18+00:00\",\"dateModified\":\"2025-06-04T07:29:15+00:00\",\"breadcrumb\":{\"@id\":\"https:\/\/leppavedenhankasalmenkalatalousalue.fi\/oravasaari\/luvat\/luvanmyyjat-ja-lupakartta\/#breadcrumb\"},\"inLanguage\":\"fi\",\"potentialAction\":[{\"@type\":\"ReadAction\",\"target\":[\"https:\/\/leppavedenhankasalmenkalatalousalue.fi\/oravasaari\/luvat\/luvanmyyjat-ja-lupakartta\/\"]}]},{\"@type\":\"ImageObject\",\"inLanguage\":\"fi\",\"@id\":\"https:\/\/leppavedenhankasalmenkalatalousalue.fi\/oravasaari\/luvat\/luvanmyyjat-ja-lupakartta\/#primaryimage\",\"url\":\"https:\/\/leppavedenhankasalmenkalatalousalue.fi\/\/oravasaari\/wp-content\/uploads\/sites\/37\/2021\/04\/ostaluvat-300x81-1.png\",\"contentUrl\":\"https:\/\/leppavedenhankasalmenkalatalousalue.fi\/\/oravasaari\/wp-content\/uploads\/sites\/37\/2021\/04\/ostaluvat-300x81-1.png\"},{\"@type\":\"BreadcrumbList\",\"@id\":\"https:\/\/leppavedenhankasalmenkalatalousalue.fi\/oravasaari\/luvat\/luvanmyyjat-ja-lupakartta\/#breadcrumb\",\"itemListElement\":[{\"@type\":\"ListItem\",\"position\":1,\"name\":\"Home\",\"item\":\"https:\/\/leppavedenhankasalmenkalatalousalue.fi\/oravasaari\/\"},{\"@type\":\"ListItem\",\"position\":2,\"name\":\"Yksityinen: Luvat\",\"item\":\"https:\/\/leppavedenhankasalmenkalatalousalue.fi\/oravasaari\/?page_id=45\"},{\"@type\":\"ListItem\",\"position\":3,\"name\":\"Luvanmyyj\u00e4t ja lupakartta\"}]},{\"@type\":\"WebSite\",\"@id\":\"https:\/\/leppavedenhankasalmenkalatalousalue.fi\/oravasaari\/#website\",\"url\":\"https:\/\/leppavedenhankasalmenkalatalousalue.fi\/oravasaari\/\",\"name\":\"Oravasaaren osakaskunta\",\"description\":\"\",\"potentialAction\":[{\"@type\":\"SearchAction\",\"target\":{\"@type\":\"EntryPoint\",\"urlTemplate\":\"https:\/\/leppavedenhankasalmenkalatalousalue.fi\/oravasaari\/?s={search_term_string}\"},\"query-input\":{\"@type\":\"PropertyValueSpecification\",\"valueRequired\":true,\"valueName\":\"search_term_string\"}}],\"inLanguage\":\"fi\"}]}<\/script>\n<!-- \/ Yoast SEO plugin. -->","yoast_head_json":{"title":"Luvanmyyj\u00e4t ja lupakartta - Oravasaaren osakaskunta","robots":{"index":"index","follow":"follow","max-snippet":"max-snippet:-1","max-image-preview":"max-image-preview:large","max-video-preview":"max-video-preview:-1"},"canonical":"https:\/\/leppavedenhankasalmenkalatalousalue.fi\/oravasaari\/luvat\/luvanmyyjat-ja-lupakartta\/","og_locale":"fi_FI","og_type":"article","og_title":"Luvanmyyj\u00e4t ja lupakartta - Oravasaaren osakaskunta","og_description":"Luvanmyyj\u00e4t Kahvila Katariina, 040 350 4035 Savonm\u00e4entie 1, Vaajakoski Lupakartta","og_url":"https:\/\/leppavedenhankasalmenkalatalousalue.fi\/oravasaari\/luvat\/luvanmyyjat-ja-lupakartta\/","og_site_name":"Oravasaaren osakaskunta","article_modified_time":"2025-06-04T07:29:15+00:00","og_image":[{"width":300,"height":81,"url":"https:\/\/leppavedenhankasalmenkalatalousalue.fi\/oravasaari\/wp-content\/uploads\/sites\/37\/2021\/04\/ostaluvat-300x81-1.png","type":"image\/png"}],"twitter_card":"summary_large_image","twitter_misc":{"Arvioitu lukuaika":"1 minuutti"},"schema":{"@context":"https:\/\/schema.org","@graph":[{"@type":"WebPage","@id":"https:\/\/leppavedenhankasalmenkalatalousalue.fi\/oravasaari\/luvat\/luvanmyyjat-ja-lupakartta\/","url":"https:\/\/leppavedenhankasalmenkalatalousalue.fi\/oravasaari\/luvat\/luvanmyyjat-ja-lupakartta\/","name":"Luvanmyyj\u00e4t ja lupakartta - Oravasaaren osakaskunta","isPartOf":{"@id":"https:\/\/leppavedenhankasalmenkalatalousalue.fi\/oravasaari\/#website"},"primaryImageOfPage":{"@id":"https:\/\/leppavedenhankasalmenkalatalousalue.fi\/oravasaari\/luvat\/luvanmyyjat-ja-lupakartta\/#primaryimage"},"image":{"@id":"https:\/\/leppavedenhankasalmenkalatalousalue.fi\/oravasaari\/luvat\/luvanmyyjat-ja-lupakartta\/#primaryimage"},"thumbnailUrl":"https:\/\/leppavedenhankasalmenkalatalousalue.fi\/\/oravasaari\/wp-content\/uploads\/sites\/37\/2021\/04\/ostaluvat-300x81-1.png","datePublished":"2020-10-29T11:42:18+00:00","dateModified":"2025-06-04T07:29:15+00:00","breadcrumb":{"@id":"https:\/\/leppavedenhankasalmenkalatalousalue.fi\/oravasaari\/luvat\/luvanmyyjat-ja-lupakartta\/#breadcrumb"},"inLanguage":"fi","potentialAction":[{"@type":"ReadAction","target":["https:\/\/leppavedenhankasalmenkalatalousalue.fi\/oravasaari\/luvat\/luvanmyyjat-ja-lupakartta\/"]}]},{"@type":"ImageObject","inLanguage":"fi","@id":"https:\/\/leppavedenhankasalmenkalatalousalue.fi\/oravasaari\/luvat\/luvanmyyjat-ja-lupakartta\/#primaryimage","url":"https:\/\/leppavedenhankasalmenkalatalousalue.fi\/\/oravasaari\/wp-content\/uploads\/sites\/37\/2021\/04\/ostaluvat-300x81-1.png","contentUrl":"https:\/\/leppavedenhankasalmenkalatalousalue.fi\/\/oravasaari\/wp-content\/uploads\/sites\/37\/2021\/04\/ostaluvat-300x81-1.png"},{"@type":"BreadcrumbList","@id":"https:\/\/leppavedenhankasalmenkalatalousalue.fi\/oravasaari\/luvat\/luvanmyyjat-ja-lupakartta\/#breadcrumb","itemListElement":[{"@type":"ListItem","position":1,"name":"Home","item":"https:\/\/leppavedenhankasalmenkalatalousalue.fi\/oravasaari\/"},{"@type":"ListItem","position":2,"name":"Yksityinen: Luvat","item":"https:\/\/leppavedenhankasalmenkalatalousalue.fi\/oravasaari\/?page_id=45"},{"@type":"ListItem","position":3,"name":"Luvanmyyj\u00e4t ja lupakartta"}]},{"@type":"WebSite","@id":"https:\/\/leppavedenhankasalmenkalatalousalue.fi\/oravasaari\/#website","url":"https:\/\/leppavedenhankasalmenkalatalousalue.fi\/oravasaari\/","name":"Oravasaaren osakaskunta","description":"","potentialAction":[{"@type":"SearchAction","target":{"@type":"EntryPoint","urlTemplate":"https:\/\/leppavedenhankasalmenkalatalousalue.fi\/oravasaari\/?s={search_term_string}"},"query-input":{"@type":"PropertyValueSpecification","valueRequired":true,"valueName":"search_term_string"}}],"inLanguage":"fi"}]}},"_links":{"self":[{"href":"https:\/\/leppavedenhankasalmenkalatalousalue.fi\/oravasaari\/wp-json\/wp\/v2\/pages\/90","targetHints":{"allow":["GET"]}}],"collection":[{"href":"https:\/\/leppavedenhankasalmenkalatalousalue.fi\/oravasaari\/wp-json\/wp\/v2\/pages"}],"about":[{"href":"https:\/\/leppavedenhankasalmenkalatalousalue.fi\/oravasaari\/wp-json\/wp\/v2\/types\/page"}],"author":[{"embeddable":true,"href":"https:\/\/leppavedenhankasalmenkalatalousalue.fi\/oravasaari\/wp-json\/wp\/v2\/users\/1"}],"replies":[{"embeddable":true,"href":"https:\/\/leppavedenhankasalmenkalatalousalue.fi\/oravasaari\/wp-json\/wp\/v2\/comments?post=90"}],"version-history":[{"count":12,"href":"https:\/\/leppavedenhankasalmenkalatalousalue.fi\/oravasaari\/wp-json\/wp\/v2\/pages\/90\/revisions"}],"predecessor-version":[{"id":306,"href":"https:\/\/leppavedenhankasalmenkalatalousalue.fi\/oravasaari\/wp-json\/wp\/v2\/pages\/90\/revisions\/306"}],"up":[{"embeddable":true,"href":"https:\/\/leppavedenhankasalmenkalatalousalue.fi\/oravasaari\/wp-json\/wp\/v2\/pages\/45"}],"wp:attachment":[{"href":"https:\/\/leppavedenhankasalmenkalatalousalue.fi\/oravasaari\/wp-json\/wp\/v2\/media?parent=90"}],"curies":[{"name":"wp","href":"https:\/\/api.w.org\/{rel}","templated":true}]}}