{"id":2,"date":"2020-10-22T07:32:51","date_gmt":"2020-10-22T07:32:51","guid":{"rendered":"http:\/\/89.166.51.80\/~leppaveden\/hameenmaen-osakaskunta\/?page_id=2"},"modified":"2026-04-10T07:13:57","modified_gmt":"2026-04-10T07:13:57","slug":"etusivu","status":"publish","type":"page","link":"https:\/\/leppavedenhankasalmenkalatalousalue.fi\/pernasaari\/","title":{"rendered":"Etusivu"},"content":{"rendered":"\n<h2 class=\"wp-block-heading\">Tervetuloa Pernasaaren&nbsp;osakaskuntaan<\/h2>\n\n\n\n<p><strong>Ajankohtaista<\/strong><\/p>\n\n\n\n<p>Vuosikokous pidet\u00e4\u00e4n 24.4.2026 klo 18.00 alkaen Tertan kahvilassa Antinniementie 1.<\/p>\n\n\n\n<p>Kokouksessa k\u00e4sitell\u00e4\u00e4n vuosikokousasiat.<\/p>\n\n\n\n<p>Kokouksen p\u00f6yt\u00e4kirja on n\u00e4ht\u00e4vill\u00e4 hoitokunnan puheenjohtajalla 1.5 &#8211; 30.5. 2026.<\/p>\n\n\n\n<p>Tervetuloa toivottaa hoitokunta<\/p>\n\n\n\n<p>Pyydysmerkit on myynniss\u00e4 vain nettikaupassa osoitteessa  <strong>ostaluvat.fi<\/strong><\/p>\n\n\n\n<p><\/p>\n\n\n\n<p>p\u00e4ivitetty 10.4.2026\u00a0 MR<\/p>\n\n\n\n<h2 class=\"wp-block-heading\">Vesikasvien niittosuunnittelu k\u00e4ynniss\u00e4 Lepp\u00e4veden Likosalmella<\/h2>\n\n\n\n<p>Pernasaaren osakaskunta teett\u00e4\u00e4 vesikasvien niittosuunnitelman Lepp\u00e4veden Likosalmen alueelle. Hankkeessa suunnitellaan Likosalmen alueen tihe\u00e4\u00e4n ruovikkoon niitett\u00e4vi\u00e4 kanavia ja lammikkomaisia alueita, jotka lis\u00e4\u00e4v\u00e4t merkitt\u00e4v\u00e4sti vesieli\u00f6ille t\u00e4rke\u00e4\u00e4 ruovikon reunapituutta, parantavat veden vaihtuvuutta sek\u00e4 pohjan happiolosuhteita. Suunnitelma valmistuu loppuvuodesta 2025. Niitto voidaan toteuttaa ja luvittaa valmiin suunnitelman perusteella. Hanke on saanut EU:n maaseuturahoitusta 85 % suunnittelukuluista.<\/p>\n\n\n\n<figure class=\"wp-block-image size-full is-resized\"><img loading=\"lazy\" decoding=\"async\" width=\"1024\" height=\"215\" src=\"https:\/\/leppavedenhankasalmenkalatalousalue.fi\/pernasaari\/wp-content\/uploads\/sites\/42\/2025\/10\/FI-Euroopan-unionin-osarahoittama_PANTONE.jpg\" alt=\"\" class=\"wp-image-275\" style=\"width:324px;height:auto\" srcset=\"https:\/\/leppavedenhankasalmenkalatalousalue.fi\/pernasaari\/wp-content\/uploads\/sites\/42\/2025\/10\/FI-Euroopan-unionin-osarahoittama_PANTONE.jpg 1024w, https:\/\/leppavedenhankasalmenkalatalousalue.fi\/pernasaari\/wp-content\/uploads\/sites\/42\/2025\/10\/FI-Euroopan-unionin-osarahoittama_PANTONE-300x63.jpg 300w, https:\/\/leppavedenhankasalmenkalatalousalue.fi\/pernasaari\/wp-content\/uploads\/sites\/42\/2025\/10\/FI-Euroopan-unionin-osarahoittama_PANTONE-768x161.jpg 768w\" sizes=\"auto, (max-width: 1024px) 100vw, 1024px\" \/><\/figure>\n\n\n\n<figure class=\"wp-block-image size-full is-resized\"><img loading=\"lazy\" decoding=\"async\" width=\"1024\" height=\"363\" src=\"https:\/\/leppavedenhankasalmenkalatalousalue.fi\/pernasaari\/wp-content\/uploads\/sites\/42\/2025\/10\/Leader_Logo_Ryhmakohtaiset_RGB_Green_JyvasRiihi.png\" alt=\"\" class=\"wp-image-274\" style=\"width:344px;height:auto\" srcset=\"https:\/\/leppavedenhankasalmenkalatalousalue.fi\/pernasaari\/wp-content\/uploads\/sites\/42\/2025\/10\/Leader_Logo_Ryhmakohtaiset_RGB_Green_JyvasRiihi.png 1024w, https:\/\/leppavedenhankasalmenkalatalousalue.fi\/pernasaari\/wp-content\/uploads\/sites\/42\/2025\/10\/Leader_Logo_Ryhmakohtaiset_RGB_Green_JyvasRiihi-300x106.png 300w, https:\/\/leppavedenhankasalmenkalatalousalue.fi\/pernasaari\/wp-content\/uploads\/sites\/42\/2025\/10\/Leader_Logo_Ryhmakohtaiset_RGB_Green_JyvasRiihi-768x272.png 768w\" sizes=\"auto, (max-width: 1024px) 100vw, 1024px\" \/><\/figure>\n","protected":false},"excerpt":{"rendered":"<p>Tervetuloa Pernasaaren&nbsp;osakaskuntaan Ajankohtaista Vuosikokous pidet\u00e4\u00e4n 24.4.2026 klo 18.00 alkaen Tertan kahvilassa Antinniementie 1. Kokouksessa k\u00e4sitell\u00e4\u00e4n vuosikokousasiat. Kokouksen p\u00f6yt\u00e4kirja on n\u00e4ht\u00e4vill\u00e4 hoitokunnan puheenjohtajalla 1.5 &#8211; 30.5. 2026. Tervetuloa toivottaa hoitokunta Pyydysmerkit on myynniss\u00e4 vain nettikaupassa osoitteessa ostaluvat.fi p\u00e4ivitetty 10.4.2026\u00a0 MR Vesikasvien niittosuunnittelu k\u00e4ynniss\u00e4 Lepp\u00e4veden Likosalmella Pernasaaren osakaskunta teett\u00e4\u00e4 vesikasvien niittosuunnitelman Lepp\u00e4veden Likosalmen alueelle. Hankkeessa suunnitellaan Likosalmen<\/p>\n<p><a class=\"moretag\" href=\"https:\/\/leppavedenhankasalmenkalatalousalue.fi\/pernasaari\/\"> Lue lis\u00e4\u00e4 ><\/a><\/p>\n","protected":false},"author":1,"featured_media":0,"parent":0,"menu_order":0,"comment_status":"closed","ping_status":"open","template":"","meta":{"_acf_changed":false,"footnotes":""},"class_list":["post-2","page","type-page","status-publish","hentry"],"acf":[],"yoast_head":"<!-- This site is optimized with the Yoast SEO plugin v27.1.1 - https:\/\/yoast.com\/product\/yoast-seo-wordpress\/ -->\n<title>Etusivu - Pernasaaren osakaskunta<\/title>\n<meta name=\"robots\" content=\"index, follow, max-snippet:-1, max-image-preview:large, max-video-preview:-1\" \/>\n<link rel=\"canonical\" href=\"https:\/\/leppavedenhankasalmenkalatalousalue.fi\/pernasaari\/\" \/>\n<meta property=\"og:locale\" content=\"fi_FI\" \/>\n<meta property=\"og:type\" content=\"article\" \/>\n<meta property=\"og:title\" content=\"Etusivu - Pernasaaren osakaskunta\" \/>\n<meta property=\"og:description\" content=\"Tervetuloa Pernasaaren&nbsp;osakaskuntaan Ajankohtaista Vuosikokous pidet\u00e4\u00e4n 24.4.2026 klo 18.00 alkaen Tertan kahvilassa Antinniementie 1. Kokouksessa k\u00e4sitell\u00e4\u00e4n vuosikokousasiat. Kokouksen p\u00f6yt\u00e4kirja on n\u00e4ht\u00e4vill\u00e4 hoitokunnan puheenjohtajalla 1.5 &#8211; 30.5. 2026. Tervetuloa toivottaa hoitokunta Pyydysmerkit on myynniss\u00e4 vain nettikaupassa osoitteessa ostaluvat.fi p\u00e4ivitetty 10.4.2026\u00a0 MR Vesikasvien niittosuunnittelu k\u00e4ynniss\u00e4 Lepp\u00e4veden Likosalmella Pernasaaren osakaskunta teett\u00e4\u00e4 vesikasvien niittosuunnitelman Lepp\u00e4veden Likosalmen alueelle. Hankkeessa suunnitellaan Likosalmen Lue lis\u00e4\u00e4 &gt;\" \/>\n<meta property=\"og:url\" content=\"https:\/\/leppavedenhankasalmenkalatalousalue.fi\/pernasaari\/\" \/>\n<meta property=\"og:site_name\" content=\"Pernasaaren osakaskunta\" \/>\n<meta property=\"article:modified_time\" content=\"2026-04-10T07:13:57+00:00\" \/>\n<meta property=\"og:image\" content=\"https:\/\/leppavedenhankasalmenkalatalousalue.fi\/pernasaari\/wp-content\/uploads\/sites\/42\/2025\/10\/FI-Euroopan-unionin-osarahoittama_PANTONE.jpg\" \/>\n\t<meta property=\"og:image:width\" content=\"1024\" \/>\n\t<meta property=\"og:image:height\" content=\"215\" \/>\n\t<meta property=\"og:image:type\" content=\"image\/jpeg\" \/>\n<meta name=\"twitter:card\" content=\"summary_large_image\" \/>\n<meta name=\"twitter:label1\" content=\"Arvioitu lukuaika\" \/>\n\t<meta name=\"twitter:data1\" content=\"1 minuutti\" \/>\n<script type=\"application\/ld+json\" class=\"yoast-schema-graph\">{\"@context\":\"https:\/\/schema.org\",\"@graph\":[{\"@type\":\"WebPage\",\"@id\":\"https:\/\/leppavedenhankasalmenkalatalousalue.fi\/pernasaari\/\",\"url\":\"https:\/\/leppavedenhankasalmenkalatalousalue.fi\/pernasaari\/\",\"name\":\"Etusivu - Pernasaaren osakaskunta\",\"isPartOf\":{\"@id\":\"https:\/\/leppavedenhankasalmenkalatalousalue.fi\/pernasaari\/#website\"},\"primaryImageOfPage\":{\"@id\":\"https:\/\/leppavedenhankasalmenkalatalousalue.fi\/pernasaari\/#primaryimage\"},\"image\":{\"@id\":\"https:\/\/leppavedenhankasalmenkalatalousalue.fi\/pernasaari\/#primaryimage\"},\"thumbnailUrl\":\"https:\/\/leppavedenhankasalmenkalatalousalue.fi\/pernasaari\/wp-content\/uploads\/sites\/42\/2025\/10\/FI-Euroopan-unionin-osarahoittama_PANTONE.jpg\",\"datePublished\":\"2020-10-22T07:32:51+00:00\",\"dateModified\":\"2026-04-10T07:13:57+00:00\",\"breadcrumb\":{\"@id\":\"https:\/\/leppavedenhankasalmenkalatalousalue.fi\/pernasaari\/#breadcrumb\"},\"inLanguage\":\"fi\",\"potentialAction\":[{\"@type\":\"ReadAction\",\"target\":[\"https:\/\/leppavedenhankasalmenkalatalousalue.fi\/pernasaari\/\"]}]},{\"@type\":\"ImageObject\",\"inLanguage\":\"fi\",\"@id\":\"https:\/\/leppavedenhankasalmenkalatalousalue.fi\/pernasaari\/#primaryimage\",\"url\":\"https:\/\/leppavedenhankasalmenkalatalousalue.fi\/pernasaari\/wp-content\/uploads\/sites\/42\/2025\/10\/FI-Euroopan-unionin-osarahoittama_PANTONE.jpg\",\"contentUrl\":\"https:\/\/leppavedenhankasalmenkalatalousalue.fi\/pernasaari\/wp-content\/uploads\/sites\/42\/2025\/10\/FI-Euroopan-unionin-osarahoittama_PANTONE.jpg\",\"width\":1024,\"height\":215},{\"@type\":\"BreadcrumbList\",\"@id\":\"https:\/\/leppavedenhankasalmenkalatalousalue.fi\/pernasaari\/#breadcrumb\",\"itemListElement\":[{\"@type\":\"ListItem\",\"position\":1,\"name\":\"Home\",\"item\":\"https:\/\/leppavedenhankasalmenkalatalousalue.fi\/pernasaari\/\"},{\"@type\":\"ListItem\",\"position\":2,\"name\":\"Etusivu\"}]},{\"@type\":\"WebSite\",\"@id\":\"https:\/\/leppavedenhankasalmenkalatalousalue.fi\/pernasaari\/#website\",\"url\":\"https:\/\/leppavedenhankasalmenkalatalousalue.fi\/pernasaari\/\",\"name\":\"Pernasaaren osakaskunta\",\"description\":\"\",\"potentialAction\":[{\"@type\":\"SearchAction\",\"target\":{\"@type\":\"EntryPoint\",\"urlTemplate\":\"https:\/\/leppavedenhankasalmenkalatalousalue.fi\/pernasaari\/?s={search_term_string}\"},\"query-input\":{\"@type\":\"PropertyValueSpecification\",\"valueRequired\":true,\"valueName\":\"search_term_string\"}}],\"inLanguage\":\"fi\"}]}<\/script>\n<!-- \/ Yoast SEO plugin. -->","yoast_head_json":{"title":"Etusivu - Pernasaaren osakaskunta","robots":{"index":"index","follow":"follow","max-snippet":"max-snippet:-1","max-image-preview":"max-image-preview:large","max-video-preview":"max-video-preview:-1"},"canonical":"https:\/\/leppavedenhankasalmenkalatalousalue.fi\/pernasaari\/","og_locale":"fi_FI","og_type":"article","og_title":"Etusivu - Pernasaaren osakaskunta","og_description":"Tervetuloa Pernasaaren&nbsp;osakaskuntaan Ajankohtaista Vuosikokous pidet\u00e4\u00e4n 24.4.2026 klo 18.00 alkaen Tertan kahvilassa Antinniementie 1. Kokouksessa k\u00e4sitell\u00e4\u00e4n vuosikokousasiat. Kokouksen p\u00f6yt\u00e4kirja on n\u00e4ht\u00e4vill\u00e4 hoitokunnan puheenjohtajalla 1.5 &#8211; 30.5. 2026. Tervetuloa toivottaa hoitokunta Pyydysmerkit on myynniss\u00e4 vain nettikaupassa osoitteessa ostaluvat.fi p\u00e4ivitetty 10.4.2026\u00a0 MR Vesikasvien niittosuunnittelu k\u00e4ynniss\u00e4 Lepp\u00e4veden Likosalmella Pernasaaren osakaskunta teett\u00e4\u00e4 vesikasvien niittosuunnitelman Lepp\u00e4veden Likosalmen alueelle. Hankkeessa suunnitellaan Likosalmen Lue lis\u00e4\u00e4 >","og_url":"https:\/\/leppavedenhankasalmenkalatalousalue.fi\/pernasaari\/","og_site_name":"Pernasaaren osakaskunta","article_modified_time":"2026-04-10T07:13:57+00:00","og_image":[{"width":1024,"height":215,"url":"https:\/\/leppavedenhankasalmenkalatalousalue.fi\/pernasaari\/wp-content\/uploads\/sites\/42\/2025\/10\/FI-Euroopan-unionin-osarahoittama_PANTONE.jpg","type":"image\/jpeg"}],"twitter_card":"summary_large_image","twitter_misc":{"Arvioitu lukuaika":"1 minuutti"},"schema":{"@context":"https:\/\/schema.org","@graph":[{"@type":"WebPage","@id":"https:\/\/leppavedenhankasalmenkalatalousalue.fi\/pernasaari\/","url":"https:\/\/leppavedenhankasalmenkalatalousalue.fi\/pernasaari\/","name":"Etusivu - Pernasaaren osakaskunta","isPartOf":{"@id":"https:\/\/leppavedenhankasalmenkalatalousalue.fi\/pernasaari\/#website"},"primaryImageOfPage":{"@id":"https:\/\/leppavedenhankasalmenkalatalousalue.fi\/pernasaari\/#primaryimage"},"image":{"@id":"https:\/\/leppavedenhankasalmenkalatalousalue.fi\/pernasaari\/#primaryimage"},"thumbnailUrl":"https:\/\/leppavedenhankasalmenkalatalousalue.fi\/pernasaari\/wp-content\/uploads\/sites\/42\/2025\/10\/FI-Euroopan-unionin-osarahoittama_PANTONE.jpg","datePublished":"2020-10-22T07:32:51+00:00","dateModified":"2026-04-10T07:13:57+00:00","breadcrumb":{"@id":"https:\/\/leppavedenhankasalmenkalatalousalue.fi\/pernasaari\/#breadcrumb"},"inLanguage":"fi","potentialAction":[{"@type":"ReadAction","target":["https:\/\/leppavedenhankasalmenkalatalousalue.fi\/pernasaari\/"]}]},{"@type":"ImageObject","inLanguage":"fi","@id":"https:\/\/leppavedenhankasalmenkalatalousalue.fi\/pernasaari\/#primaryimage","url":"https:\/\/leppavedenhankasalmenkalatalousalue.fi\/pernasaari\/wp-content\/uploads\/sites\/42\/2025\/10\/FI-Euroopan-unionin-osarahoittama_PANTONE.jpg","contentUrl":"https:\/\/leppavedenhankasalmenkalatalousalue.fi\/pernasaari\/wp-content\/uploads\/sites\/42\/2025\/10\/FI-Euroopan-unionin-osarahoittama_PANTONE.jpg","width":1024,"height":215},{"@type":"BreadcrumbList","@id":"https:\/\/leppavedenhankasalmenkalatalousalue.fi\/pernasaari\/#breadcrumb","itemListElement":[{"@type":"ListItem","position":1,"name":"Home","item":"https:\/\/leppavedenhankasalmenkalatalousalue.fi\/pernasaari\/"},{"@type":"ListItem","position":2,"name":"Etusivu"}]},{"@type":"WebSite","@id":"https:\/\/leppavedenhankasalmenkalatalousalue.fi\/pernasaari\/#website","url":"https:\/\/leppavedenhankasalmenkalatalousalue.fi\/pernasaari\/","name":"Pernasaaren osakaskunta","description":"","potentialAction":[{"@type":"SearchAction","target":{"@type":"EntryPoint","urlTemplate":"https:\/\/leppavedenhankasalmenkalatalousalue.fi\/pernasaari\/?s={search_term_string}"},"query-input":{"@type":"PropertyValueSpecification","valueRequired":true,"valueName":"search_term_string"}}],"inLanguage":"fi"}]}},"_links":{"self":[{"href":"https:\/\/leppavedenhankasalmenkalatalousalue.fi\/pernasaari\/wp-json\/wp\/v2\/pages\/2","targetHints":{"allow":["GET"]}}],"collection":[{"href":"https:\/\/leppavedenhankasalmenkalatalousalue.fi\/pernasaari\/wp-json\/wp\/v2\/pages"}],"about":[{"href":"https:\/\/leppavedenhankasalmenkalatalousalue.fi\/pernasaari\/wp-json\/wp\/v2\/types\/page"}],"author":[{"embeddable":true,"href":"https:\/\/leppavedenhankasalmenkalatalousalue.fi\/pernasaari\/wp-json\/wp\/v2\/users\/1"}],"replies":[{"embeddable":true,"href":"https:\/\/leppavedenhankasalmenkalatalousalue.fi\/pernasaari\/wp-json\/wp\/v2\/comments?post=2"}],"version-history":[{"count":37,"href":"https:\/\/leppavedenhankasalmenkalatalousalue.fi\/pernasaari\/wp-json\/wp\/v2\/pages\/2\/revisions"}],"predecessor-version":[{"id":279,"href":"https:\/\/leppavedenhankasalmenkalatalousalue.fi\/pernasaari\/wp-json\/wp\/v2\/pages\/2\/revisions\/279"}],"wp:attachment":[{"href":"https:\/\/leppavedenhankasalmenkalatalousalue.fi\/pernasaari\/wp-json\/wp\/v2\/media?parent=2"}],"curies":[{"name":"wp","href":"https:\/\/api.w.org\/{rel}","templated":true}]}}