{"id":86,"date":"2020-10-29T11:39:36","date_gmt":"2020-10-29T11:39:36","guid":{"rendered":"http:\/\/89.166.51.80\/~leppaveden\/hameenmaen-osakaskunta\/?page_id=86"},"modified":"2026-04-10T07:19:33","modified_gmt":"2026-04-10T07:19:33","slug":"lupamaksut-ja-ohjeet","status":"publish","type":"page","link":"https:\/\/leppavedenhankasalmenkalatalousalue.fi\/pernasaari\/luvat\/lupamaksut-ja-ohjeet\/","title":{"rendered":"Lupamaksut ja ohjeet"},"content":{"rendered":"\n<h2 class=\"wp-block-heading\">Lupamaksut ja ohjeet<\/h2>\n\n\n\n<p><strong>LUPAOHJE 202<\/strong>6<\/p>\n\n\n\n<p>Pyydysmerkit myynniss\u00e4 VAIN netiss\u00e4 osoitteessa: OSTALUVAT.FI<\/p>\n\n\n\n<p>&nbsp;<strong>Kaikki pyydykset on merkitt\u00e4v\u00e4<\/strong><\/p>\n\n\n\n<p><strong>Pyydysten yksikk\u00f6arvot<\/strong><\/p>\n\n\n\n<ul class=\"wp-block-list\">\n<li>verkko (30 m tai alle) &nbsp;&nbsp;&nbsp;&nbsp;&nbsp;&nbsp;&nbsp;&nbsp;&nbsp;&nbsp;&nbsp;&nbsp;&nbsp;&nbsp;&nbsp;&nbsp;&nbsp;&nbsp; 1 yksikk\u00f6<\/li>\n\n\n\n<li>verkko yli 30 m &nbsp; &nbsp; &nbsp; &nbsp; &nbsp; &nbsp; &nbsp; &nbsp; &nbsp; &nbsp; &nbsp; &nbsp; &nbsp; &nbsp; &nbsp;2 yksikk\u00f6&#8217;<\/li>\n\n\n\n<li>katiska &nbsp;&nbsp;&nbsp;&nbsp;&nbsp;&nbsp;&nbsp;&nbsp;&nbsp;&nbsp;&nbsp;&nbsp;&nbsp;&nbsp;&nbsp;&nbsp;&nbsp;&nbsp;&nbsp;&nbsp;&nbsp;&nbsp;&nbsp;&nbsp;&nbsp;&nbsp;&nbsp;&nbsp;&nbsp;&nbsp;&nbsp;&nbsp;&nbsp;&nbsp;&nbsp;&nbsp;&nbsp;&nbsp;&nbsp;&nbsp;&nbsp; 1 yksikk\u00f6<\/li>\n\n\n\n<li>pitk\u00e4siima (100 koukkua)&nbsp;&nbsp;&nbsp;&nbsp;&nbsp;&nbsp;&nbsp;&nbsp;&nbsp;&nbsp;&nbsp;&nbsp;&nbsp;&nbsp; 3 yksikk\u00f6<\/li>\n\n\n\n<li>rantarys\u00e4&nbsp;&nbsp;&nbsp;&nbsp;&nbsp;&nbsp;&nbsp;&nbsp;&nbsp;&nbsp;&nbsp;&nbsp;&nbsp;&nbsp;&nbsp;&nbsp;&nbsp;&nbsp; &nbsp;&nbsp;&nbsp;&nbsp;&nbsp;&nbsp;&nbsp;&nbsp;&nbsp;&nbsp;&nbsp;&nbsp;&nbsp;&nbsp;&nbsp;&nbsp;&nbsp;&nbsp;&nbsp;&nbsp;&nbsp; 1 yksikk\u00f6<\/li>\n\n\n\n<li>avorys\u00e4 ja paunetti&nbsp;&nbsp; &nbsp;&nbsp;&nbsp;&nbsp;&nbsp;&nbsp;&nbsp;&nbsp;&nbsp;&nbsp;&nbsp;&nbsp;&nbsp;&nbsp;&nbsp;&nbsp;&nbsp;&nbsp;&nbsp;&nbsp;&nbsp; 20 yksikk\u00f6\u00e4<\/li>\n\n\n\n<li>uistin (5 vapaa)&nbsp;&nbsp;&nbsp;&nbsp;&nbsp;&nbsp;&nbsp;&nbsp;&nbsp;&nbsp;&nbsp;&nbsp;&nbsp;&nbsp;&nbsp;&nbsp;&nbsp;&nbsp;&nbsp;&nbsp;&nbsp;&nbsp;&nbsp;&nbsp;&nbsp;&nbsp;&nbsp;&nbsp;&nbsp;&nbsp; 1 yksikk\u00f6<\/li>\n\n\n\n<li>pystyrys\u00e4, merta&nbsp;&nbsp;&nbsp;&nbsp;&nbsp;&nbsp; &nbsp;&nbsp;&nbsp;&nbsp;&nbsp;&nbsp;&nbsp;&nbsp;&nbsp;&nbsp;&nbsp;&nbsp;&nbsp;&nbsp;&nbsp;&nbsp;&nbsp;&nbsp;&nbsp;&nbsp;&nbsp; 1 yksikk\u00f6<\/li>\n\n\n\n<li>kaikenlaiset koukut &nbsp;&nbsp;&nbsp;&nbsp;&nbsp;&nbsp;&nbsp;&nbsp;&nbsp;&nbsp;&nbsp;&nbsp;&nbsp;&nbsp;&nbsp;&nbsp;&nbsp;&nbsp;&nbsp;&nbsp;&nbsp; 5 kpl\/yksikk\u00f6<\/li>\n\n\n\n<li>tuulastus&nbsp;&nbsp;&nbsp;&nbsp;&nbsp;&nbsp;&nbsp;&nbsp;&nbsp;&nbsp;&nbsp;&nbsp;&nbsp;&nbsp;&nbsp;&nbsp;&nbsp;&nbsp;&nbsp;&nbsp;&nbsp;&nbsp;&nbsp;&nbsp;&nbsp;&nbsp;&nbsp;&nbsp;&nbsp;&nbsp;&nbsp;&nbsp;&nbsp;&nbsp;&nbsp;&nbsp;&nbsp;&nbsp;&nbsp;&nbsp; 1 yksikk\u00f6<\/li>\n<\/ul>\n\n\n\n<p>Yksi pyydysmerkki vastaa yht\u00e4 yksikk\u00f6\u00e4<\/p>\n\n\n\n<p><strong>PYYDYSMERKIN HINTA<\/strong><\/p>\n\n\n\n<p><strong>OSAKAS<\/strong><strong>&nbsp;5 \u20ac<\/strong><\/p>\n\n\n\n<p><strong>EI OSAKAS<\/strong><strong>&nbsp;10 \u20ac<\/strong><\/p>\n\n\n\n<p><strong>PYYDYSRAJOITUKSET<\/strong><\/p>\n\n\n\n<p><strong>Solmuv\u00e4lilt\u00e4\u00e4n 31 \u2013 54 mm verkkojen k\u00e4ytt\u00f6 on KIELLETTY<\/strong><\/p>\n\n\n\n<p><strong>Yhdell\u00e4 kalastajalla saa olla samanaikaisesti pyynniss\u00e4 6 kpl (30 m pitk\u00e4\u00e4) verkkoa. Verkkojatan pituus saa olla enint\u00e4\u00e4n 180 m.<\/strong><\/p>\n\n\n\n<p><strong>&nbsp;Avovesipyynniss\u00e4 verkot on merkitt\u00e4v\u00e4 kalastusasetuksen mukaisilla 1,2 m korkuisilla lippusaloilla. Pyydysmerkit ja kalastajanyhteystiedot kiinnitet\u00e4\u00e4n talvella verkkokeppiin ja avovesikaudella lippusalkoon.<\/strong><\/p>\n\n\n\n<p><strong>ALAMITAT<\/strong><\/p>\n\n\n\n<p><strong>Uuden kalastusasetuksen mukaisesti<\/strong><\/p>\n\n\n\n<p><strong>KUHA 42 cm<\/strong><\/p>\n\n\n\n<p><strong>TAIMEN 50 cm<\/strong><\/p>\n\n\n\n<p><strong>VALVONTA<\/strong><\/p>\n\n\n\n<p>Sopimus Keski-Suomen kalatalouskeskuksen kanssa<\/p>\n\n\n\n<p><\/p>\n\n\n\n<p><strong>SORSANMETS\u00c4STYS LUPAOHJE 202<\/strong>6<\/p>\n\n\n\n<p>&nbsp;Mets\u00e4stysoikeus&nbsp;<strong>VAIN OSAKKAILLA<\/strong><\/p>\n\n\n\n<p>&nbsp;LUPAHINTA 5 \u20ac<\/p>\n\n\n\n<p>&nbsp;Sallittuja mets\u00e4stysp\u00e4ivi\u00e4 ovat aloitusp\u00e4iv\u00e4n j\u00e4lkeen&nbsp;<strong>keskiviikot, perjantait ja lauantait<\/strong><\/p>\n\n\n\n<p>&nbsp;<strong>RAUHOITUSALUE:<\/strong><\/p>\n\n\n\n<p>Alue, joka rajoittuu Koivukallion talon kohdalta Vuonteen salmen siltaan. <\/p>\n\n\n\n<p><\/p>\n\n\n\n<p>&nbsp;<strong>Hoitokunta<\/strong><\/p>\n","protected":false},"excerpt":{"rendered":"<p>Lupamaksut ja ohjeet LUPAOHJE 2026 Pyydysmerkit myynniss\u00e4 VAIN netiss\u00e4 osoitteessa: OSTALUVAT.FI &nbsp;Kaikki pyydykset on merkitt\u00e4v\u00e4 Pyydysten yksikk\u00f6arvot Yksi pyydysmerkki vastaa yht\u00e4 yksikk\u00f6\u00e4 PYYDYSMERKIN HINTA OSAKAS&nbsp;5 \u20ac EI OSAKAS&nbsp;10 \u20ac PYYDYSRAJOITUKSET Solmuv\u00e4lilt\u00e4\u00e4n 31 \u2013 54 mm verkkojen k\u00e4ytt\u00f6 on KIELLETTY Yhdell\u00e4 kalastajalla saa olla samanaikaisesti pyynniss\u00e4 6 kpl (30 m pitk\u00e4\u00e4) verkkoa. Verkkojatan pituus saa olla<\/p>\n<p><a class=\"moretag\" href=\"https:\/\/leppavedenhankasalmenkalatalousalue.fi\/pernasaari\/luvat\/lupamaksut-ja-ohjeet\/\"> Lue lis\u00e4\u00e4 ><\/a><\/p>\n","protected":false},"author":1,"featured_media":0,"parent":45,"menu_order":0,"comment_status":"closed","ping_status":"closed","template":"basic-sivu.php","meta":{"_acf_changed":false,"footnotes":""},"class_list":["post-86","page","type-page","status-publish","hentry"],"acf":[],"yoast_head":"<!-- This site is optimized with the Yoast SEO plugin v27.1.1 - https:\/\/yoast.com\/product\/yoast-seo-wordpress\/ -->\n<title>Lupamaksut ja ohjeet - Pernasaaren osakaskunta<\/title>\n<meta name=\"robots\" content=\"index, follow, max-snippet:-1, max-image-preview:large, max-video-preview:-1\" \/>\n<link rel=\"canonical\" href=\"https:\/\/leppavedenhankasalmenkalatalousalue.fi\/pernasaari\/luvat\/lupamaksut-ja-ohjeet\/\" \/>\n<meta property=\"og:locale\" content=\"fi_FI\" \/>\n<meta property=\"og:type\" content=\"article\" \/>\n<meta property=\"og:title\" content=\"Lupamaksut ja ohjeet - Pernasaaren osakaskunta\" \/>\n<meta property=\"og:description\" content=\"Lupamaksut ja ohjeet LUPAOHJE 2026 Pyydysmerkit myynniss\u00e4 VAIN netiss\u00e4 osoitteessa: OSTALUVAT.FI &nbsp;Kaikki pyydykset on merkitt\u00e4v\u00e4 Pyydysten yksikk\u00f6arvot Yksi pyydysmerkki vastaa yht\u00e4 yksikk\u00f6\u00e4 PYYDYSMERKIN HINTA OSAKAS&nbsp;5 \u20ac EI OSAKAS&nbsp;10 \u20ac PYYDYSRAJOITUKSET Solmuv\u00e4lilt\u00e4\u00e4n 31 \u2013 54 mm verkkojen k\u00e4ytt\u00f6 on KIELLETTY Yhdell\u00e4 kalastajalla saa olla samanaikaisesti pyynniss\u00e4 6 kpl (30 m pitk\u00e4\u00e4) verkkoa. Verkkojatan pituus saa olla Lue lis\u00e4\u00e4 &gt;\" \/>\n<meta property=\"og:url\" content=\"https:\/\/leppavedenhankasalmenkalatalousalue.fi\/pernasaari\/luvat\/lupamaksut-ja-ohjeet\/\" \/>\n<meta property=\"og:site_name\" content=\"Pernasaaren osakaskunta\" \/>\n<meta property=\"article:modified_time\" content=\"2026-04-10T07:19:33+00:00\" \/>\n<meta name=\"twitter:card\" content=\"summary_large_image\" \/>\n<meta name=\"twitter:label1\" content=\"Arvioitu lukuaika\" \/>\n\t<meta name=\"twitter:data1\" content=\"2 minuuttia\" \/>\n<script type=\"application\/ld+json\" class=\"yoast-schema-graph\">{\"@context\":\"https:\/\/schema.org\",\"@graph\":[{\"@type\":\"WebPage\",\"@id\":\"https:\/\/leppavedenhankasalmenkalatalousalue.fi\/pernasaari\/luvat\/lupamaksut-ja-ohjeet\/\",\"url\":\"https:\/\/leppavedenhankasalmenkalatalousalue.fi\/pernasaari\/luvat\/lupamaksut-ja-ohjeet\/\",\"name\":\"Lupamaksut ja ohjeet - Pernasaaren osakaskunta\",\"isPartOf\":{\"@id\":\"https:\/\/leppavedenhankasalmenkalatalousalue.fi\/pernasaari\/#website\"},\"datePublished\":\"2020-10-29T11:39:36+00:00\",\"dateModified\":\"2026-04-10T07:19:33+00:00\",\"breadcrumb\":{\"@id\":\"https:\/\/leppavedenhankasalmenkalatalousalue.fi\/pernasaari\/luvat\/lupamaksut-ja-ohjeet\/#breadcrumb\"},\"inLanguage\":\"fi\",\"potentialAction\":[{\"@type\":\"ReadAction\",\"target\":[\"https:\/\/leppavedenhankasalmenkalatalousalue.fi\/pernasaari\/luvat\/lupamaksut-ja-ohjeet\/\"]}]},{\"@type\":\"BreadcrumbList\",\"@id\":\"https:\/\/leppavedenhankasalmenkalatalousalue.fi\/pernasaari\/luvat\/lupamaksut-ja-ohjeet\/#breadcrumb\",\"itemListElement\":[{\"@type\":\"ListItem\",\"position\":1,\"name\":\"Home\",\"item\":\"https:\/\/leppavedenhankasalmenkalatalousalue.fi\/pernasaari\/\"},{\"@type\":\"ListItem\",\"position\":2,\"name\":\"Yksityinen: Luvat\",\"item\":\"https:\/\/leppavedenhankasalmenkalatalousalue.fi\/pernasaari\/?page_id=45\"},{\"@type\":\"ListItem\",\"position\":3,\"name\":\"Lupamaksut ja ohjeet\"}]},{\"@type\":\"WebSite\",\"@id\":\"https:\/\/leppavedenhankasalmenkalatalousalue.fi\/pernasaari\/#website\",\"url\":\"https:\/\/leppavedenhankasalmenkalatalousalue.fi\/pernasaari\/\",\"name\":\"Pernasaaren osakaskunta\",\"description\":\"\",\"potentialAction\":[{\"@type\":\"SearchAction\",\"target\":{\"@type\":\"EntryPoint\",\"urlTemplate\":\"https:\/\/leppavedenhankasalmenkalatalousalue.fi\/pernasaari\/?s={search_term_string}\"},\"query-input\":{\"@type\":\"PropertyValueSpecification\",\"valueRequired\":true,\"valueName\":\"search_term_string\"}}],\"inLanguage\":\"fi\"}]}<\/script>\n<!-- \/ Yoast SEO plugin. -->","yoast_head_json":{"title":"Lupamaksut ja ohjeet - Pernasaaren osakaskunta","robots":{"index":"index","follow":"follow","max-snippet":"max-snippet:-1","max-image-preview":"max-image-preview:large","max-video-preview":"max-video-preview:-1"},"canonical":"https:\/\/leppavedenhankasalmenkalatalousalue.fi\/pernasaari\/luvat\/lupamaksut-ja-ohjeet\/","og_locale":"fi_FI","og_type":"article","og_title":"Lupamaksut ja ohjeet - Pernasaaren osakaskunta","og_description":"Lupamaksut ja ohjeet LUPAOHJE 2026 Pyydysmerkit myynniss\u00e4 VAIN netiss\u00e4 osoitteessa: OSTALUVAT.FI &nbsp;Kaikki pyydykset on merkitt\u00e4v\u00e4 Pyydysten yksikk\u00f6arvot Yksi pyydysmerkki vastaa yht\u00e4 yksikk\u00f6\u00e4 PYYDYSMERKIN HINTA OSAKAS&nbsp;5 \u20ac EI OSAKAS&nbsp;10 \u20ac PYYDYSRAJOITUKSET Solmuv\u00e4lilt\u00e4\u00e4n 31 \u2013 54 mm verkkojen k\u00e4ytt\u00f6 on KIELLETTY Yhdell\u00e4 kalastajalla saa olla samanaikaisesti pyynniss\u00e4 6 kpl (30 m pitk\u00e4\u00e4) verkkoa. Verkkojatan pituus saa olla Lue lis\u00e4\u00e4 >","og_url":"https:\/\/leppavedenhankasalmenkalatalousalue.fi\/pernasaari\/luvat\/lupamaksut-ja-ohjeet\/","og_site_name":"Pernasaaren osakaskunta","article_modified_time":"2026-04-10T07:19:33+00:00","twitter_card":"summary_large_image","twitter_misc":{"Arvioitu lukuaika":"2 minuuttia"},"schema":{"@context":"https:\/\/schema.org","@graph":[{"@type":"WebPage","@id":"https:\/\/leppavedenhankasalmenkalatalousalue.fi\/pernasaari\/luvat\/lupamaksut-ja-ohjeet\/","url":"https:\/\/leppavedenhankasalmenkalatalousalue.fi\/pernasaari\/luvat\/lupamaksut-ja-ohjeet\/","name":"Lupamaksut ja ohjeet - Pernasaaren osakaskunta","isPartOf":{"@id":"https:\/\/leppavedenhankasalmenkalatalousalue.fi\/pernasaari\/#website"},"datePublished":"2020-10-29T11:39:36+00:00","dateModified":"2026-04-10T07:19:33+00:00","breadcrumb":{"@id":"https:\/\/leppavedenhankasalmenkalatalousalue.fi\/pernasaari\/luvat\/lupamaksut-ja-ohjeet\/#breadcrumb"},"inLanguage":"fi","potentialAction":[{"@type":"ReadAction","target":["https:\/\/leppavedenhankasalmenkalatalousalue.fi\/pernasaari\/luvat\/lupamaksut-ja-ohjeet\/"]}]},{"@type":"BreadcrumbList","@id":"https:\/\/leppavedenhankasalmenkalatalousalue.fi\/pernasaari\/luvat\/lupamaksut-ja-ohjeet\/#breadcrumb","itemListElement":[{"@type":"ListItem","position":1,"name":"Home","item":"https:\/\/leppavedenhankasalmenkalatalousalue.fi\/pernasaari\/"},{"@type":"ListItem","position":2,"name":"Yksityinen: Luvat","item":"https:\/\/leppavedenhankasalmenkalatalousalue.fi\/pernasaari\/?page_id=45"},{"@type":"ListItem","position":3,"name":"Lupamaksut ja ohjeet"}]},{"@type":"WebSite","@id":"https:\/\/leppavedenhankasalmenkalatalousalue.fi\/pernasaari\/#website","url":"https:\/\/leppavedenhankasalmenkalatalousalue.fi\/pernasaari\/","name":"Pernasaaren osakaskunta","description":"","potentialAction":[{"@type":"SearchAction","target":{"@type":"EntryPoint","urlTemplate":"https:\/\/leppavedenhankasalmenkalatalousalue.fi\/pernasaari\/?s={search_term_string}"},"query-input":{"@type":"PropertyValueSpecification","valueRequired":true,"valueName":"search_term_string"}}],"inLanguage":"fi"}]}},"_links":{"self":[{"href":"https:\/\/leppavedenhankasalmenkalatalousalue.fi\/pernasaari\/wp-json\/wp\/v2\/pages\/86","targetHints":{"allow":["GET"]}}],"collection":[{"href":"https:\/\/leppavedenhankasalmenkalatalousalue.fi\/pernasaari\/wp-json\/wp\/v2\/pages"}],"about":[{"href":"https:\/\/leppavedenhankasalmenkalatalousalue.fi\/pernasaari\/wp-json\/wp\/v2\/types\/page"}],"author":[{"embeddable":true,"href":"https:\/\/leppavedenhankasalmenkalatalousalue.fi\/pernasaari\/wp-json\/wp\/v2\/users\/1"}],"replies":[{"embeddable":true,"href":"https:\/\/leppavedenhankasalmenkalatalousalue.fi\/pernasaari\/wp-json\/wp\/v2\/comments?post=86"}],"version-history":[{"count":8,"href":"https:\/\/leppavedenhankasalmenkalatalousalue.fi\/pernasaari\/wp-json\/wp\/v2\/pages\/86\/revisions"}],"predecessor-version":[{"id":281,"href":"https:\/\/leppavedenhankasalmenkalatalousalue.fi\/pernasaari\/wp-json\/wp\/v2\/pages\/86\/revisions\/281"}],"up":[{"embeddable":true,"href":"https:\/\/leppavedenhankasalmenkalatalousalue.fi\/pernasaari\/wp-json\/wp\/v2\/pages\/45"}],"wp:attachment":[{"href":"https:\/\/leppavedenhankasalmenkalatalousalue.fi\/pernasaari\/wp-json\/wp\/v2\/media?parent=86"}],"curies":[{"name":"wp","href":"https:\/\/api.w.org\/{rel}","templated":true}]}}