{"id":90,"date":"2020-10-29T11:42:18","date_gmt":"2020-10-29T11:42:18","guid":{"rendered":"http:\/\/89.166.51.80\/~leppaveden\/hameenmaen-osakaskunta\/?page_id=90"},"modified":"2021-01-15T14:06:43","modified_gmt":"2021-01-15T14:06:43","slug":"luvanmyyjat-ja-lupakartta","status":"publish","type":"page","link":"https:\/\/leppavedenhankasalmenkalatalousalue.fi\/puttola\/luvat\/luvanmyyjat-ja-lupakartta\/","title":{"rendered":"Luvanmyyj\u00e4t ja lupakartta"},"content":{"rendered":"\n<h2 class=\"wp-block-heading\">Luvanmyyj\u00e4t<\/h2>\n\n\n\n<p>Osakkaiden (ja osakaskunnan alueella asuvien) luvanmyynti: Risto Hintikka p. 0400 502 746. Soitathan Ristolle etuk\u00e4teen!<\/p>\n\n\n\n<p><br><br>Lievestuoreenj\u00e4rven yhteisalueen (hoitoyhtym\u00e4n) luvanmyynti ei-osakkaille: Rautaura, Lievestuore.<\/p>\n\n\n\n<h2 class=\"wp-block-heading\">Lupakartta<\/h2>\n\n\n\n<p><\/p>\n","protected":false},"excerpt":{"rendered":"<p>Luvanmyyj\u00e4t Osakkaiden (ja osakaskunnan alueella asuvien) luvanmyynti: Risto Hintikka p. 0400 502 746. Soitathan Ristolle etuk\u00e4teen! Lievestuoreenj\u00e4rven yhteisalueen (hoitoyhtym\u00e4n) luvanmyynti ei-osakkaille: Rautaura, Lievestuore. Lupakartta<\/p>\n","protected":false},"author":1,"featured_media":0,"parent":45,"menu_order":0,"comment_status":"closed","ping_status":"closed","template":"basic-sivu.php","meta":{"_acf_changed":false,"footnotes":""},"class_list":["post-90","page","type-page","status-publish","hentry"],"acf":[],"yoast_head":"<!-- This site is optimized with the Yoast SEO plugin v27.1.1 - https:\/\/yoast.com\/product\/yoast-seo-wordpress\/ -->\n<title>Luvanmyyj\u00e4t ja lupakartta - Kangas - Naaraputtolan osakaskunta<\/title>\n<meta name=\"robots\" content=\"index, follow, max-snippet:-1, max-image-preview:large, max-video-preview:-1\" \/>\n<link rel=\"canonical\" href=\"https:\/\/leppavedenhankasalmenkalatalousalue.fi\/puttola\/luvat\/luvanmyyjat-ja-lupakartta\/\" \/>\n<meta property=\"og:locale\" content=\"fi_FI\" \/>\n<meta property=\"og:type\" content=\"article\" \/>\n<meta property=\"og:title\" content=\"Luvanmyyj\u00e4t ja lupakartta - Kangas - Naaraputtolan osakaskunta\" \/>\n<meta property=\"og:description\" content=\"Luvanmyyj\u00e4t Osakkaiden (ja osakaskunnan alueella asuvien) luvanmyynti: Risto Hintikka p. 0400 502 746. Soitathan Ristolle etuk\u00e4teen! Lievestuoreenj\u00e4rven yhteisalueen (hoitoyhtym\u00e4n) luvanmyynti ei-osakkaille: Rautaura, Lievestuore. Lupakartta\" \/>\n<meta property=\"og:url\" content=\"https:\/\/leppavedenhankasalmenkalatalousalue.fi\/puttola\/luvat\/luvanmyyjat-ja-lupakartta\/\" \/>\n<meta property=\"og:site_name\" content=\"Kangas - Naaraputtolan osakaskunta\" \/>\n<meta property=\"article:modified_time\" content=\"2021-01-15T14:06:43+00:00\" \/>\n<meta name=\"twitter:card\" content=\"summary_large_image\" \/>\n<script type=\"application\/ld+json\" class=\"yoast-schema-graph\">{\"@context\":\"https:\/\/schema.org\",\"@graph\":[{\"@type\":\"WebPage\",\"@id\":\"https:\/\/leppavedenhankasalmenkalatalousalue.fi\/puttola\/luvat\/luvanmyyjat-ja-lupakartta\/\",\"url\":\"https:\/\/leppavedenhankasalmenkalatalousalue.fi\/puttola\/luvat\/luvanmyyjat-ja-lupakartta\/\",\"name\":\"Luvanmyyj\u00e4t ja lupakartta - Kangas - Naaraputtolan osakaskunta\",\"isPartOf\":{\"@id\":\"https:\/\/leppavedenhankasalmenkalatalousalue.fi\/puttola\/#website\"},\"datePublished\":\"2020-10-29T11:42:18+00:00\",\"dateModified\":\"2021-01-15T14:06:43+00:00\",\"breadcrumb\":{\"@id\":\"https:\/\/leppavedenhankasalmenkalatalousalue.fi\/puttola\/luvat\/luvanmyyjat-ja-lupakartta\/#breadcrumb\"},\"inLanguage\":\"fi\",\"potentialAction\":[{\"@type\":\"ReadAction\",\"target\":[\"https:\/\/leppavedenhankasalmenkalatalousalue.fi\/puttola\/luvat\/luvanmyyjat-ja-lupakartta\/\"]}]},{\"@type\":\"BreadcrumbList\",\"@id\":\"https:\/\/leppavedenhankasalmenkalatalousalue.fi\/puttola\/luvat\/luvanmyyjat-ja-lupakartta\/#breadcrumb\",\"itemListElement\":[{\"@type\":\"ListItem\",\"position\":1,\"name\":\"Home\",\"item\":\"https:\/\/leppavedenhankasalmenkalatalousalue.fi\/puttola\/\"},{\"@type\":\"ListItem\",\"position\":2,\"name\":\"Yksityinen: Luvat\",\"item\":\"https:\/\/leppavedenhankasalmenkalatalousalue.fi\/puttola\/?page_id=45\"},{\"@type\":\"ListItem\",\"position\":3,\"name\":\"Luvanmyyj\u00e4t ja lupakartta\"}]},{\"@type\":\"WebSite\",\"@id\":\"https:\/\/leppavedenhankasalmenkalatalousalue.fi\/puttola\/#website\",\"url\":\"https:\/\/leppavedenhankasalmenkalatalousalue.fi\/puttola\/\",\"name\":\"Kangas - Naaraputtolan osakaskunta\",\"description\":\"\",\"potentialAction\":[{\"@type\":\"SearchAction\",\"target\":{\"@type\":\"EntryPoint\",\"urlTemplate\":\"https:\/\/leppavedenhankasalmenkalatalousalue.fi\/puttola\/?s={search_term_string}\"},\"query-input\":{\"@type\":\"PropertyValueSpecification\",\"valueRequired\":true,\"valueName\":\"search_term_string\"}}],\"inLanguage\":\"fi\"}]}<\/script>\n<!-- \/ Yoast SEO plugin. -->","yoast_head_json":{"title":"Luvanmyyj\u00e4t ja lupakartta - Kangas - Naaraputtolan osakaskunta","robots":{"index":"index","follow":"follow","max-snippet":"max-snippet:-1","max-image-preview":"max-image-preview:large","max-video-preview":"max-video-preview:-1"},"canonical":"https:\/\/leppavedenhankasalmenkalatalousalue.fi\/puttola\/luvat\/luvanmyyjat-ja-lupakartta\/","og_locale":"fi_FI","og_type":"article","og_title":"Luvanmyyj\u00e4t ja lupakartta - Kangas - Naaraputtolan osakaskunta","og_description":"Luvanmyyj\u00e4t Osakkaiden (ja osakaskunnan alueella asuvien) luvanmyynti: Risto Hintikka p. 0400 502 746. Soitathan Ristolle etuk\u00e4teen! Lievestuoreenj\u00e4rven yhteisalueen (hoitoyhtym\u00e4n) luvanmyynti ei-osakkaille: Rautaura, Lievestuore. Lupakartta","og_url":"https:\/\/leppavedenhankasalmenkalatalousalue.fi\/puttola\/luvat\/luvanmyyjat-ja-lupakartta\/","og_site_name":"Kangas - Naaraputtolan osakaskunta","article_modified_time":"2021-01-15T14:06:43+00:00","twitter_card":"summary_large_image","schema":{"@context":"https:\/\/schema.org","@graph":[{"@type":"WebPage","@id":"https:\/\/leppavedenhankasalmenkalatalousalue.fi\/puttola\/luvat\/luvanmyyjat-ja-lupakartta\/","url":"https:\/\/leppavedenhankasalmenkalatalousalue.fi\/puttola\/luvat\/luvanmyyjat-ja-lupakartta\/","name":"Luvanmyyj\u00e4t ja lupakartta - Kangas - Naaraputtolan osakaskunta","isPartOf":{"@id":"https:\/\/leppavedenhankasalmenkalatalousalue.fi\/puttola\/#website"},"datePublished":"2020-10-29T11:42:18+00:00","dateModified":"2021-01-15T14:06:43+00:00","breadcrumb":{"@id":"https:\/\/leppavedenhankasalmenkalatalousalue.fi\/puttola\/luvat\/luvanmyyjat-ja-lupakartta\/#breadcrumb"},"inLanguage":"fi","potentialAction":[{"@type":"ReadAction","target":["https:\/\/leppavedenhankasalmenkalatalousalue.fi\/puttola\/luvat\/luvanmyyjat-ja-lupakartta\/"]}]},{"@type":"BreadcrumbList","@id":"https:\/\/leppavedenhankasalmenkalatalousalue.fi\/puttola\/luvat\/luvanmyyjat-ja-lupakartta\/#breadcrumb","itemListElement":[{"@type":"ListItem","position":1,"name":"Home","item":"https:\/\/leppavedenhankasalmenkalatalousalue.fi\/puttola\/"},{"@type":"ListItem","position":2,"name":"Yksityinen: Luvat","item":"https:\/\/leppavedenhankasalmenkalatalousalue.fi\/puttola\/?page_id=45"},{"@type":"ListItem","position":3,"name":"Luvanmyyj\u00e4t ja lupakartta"}]},{"@type":"WebSite","@id":"https:\/\/leppavedenhankasalmenkalatalousalue.fi\/puttola\/#website","url":"https:\/\/leppavedenhankasalmenkalatalousalue.fi\/puttola\/","name":"Kangas - Naaraputtolan osakaskunta","description":"","potentialAction":[{"@type":"SearchAction","target":{"@type":"EntryPoint","urlTemplate":"https:\/\/leppavedenhankasalmenkalatalousalue.fi\/puttola\/?s={search_term_string}"},"query-input":{"@type":"PropertyValueSpecification","valueRequired":true,"valueName":"search_term_string"}}],"inLanguage":"fi"}]}},"_links":{"self":[{"href":"https:\/\/leppavedenhankasalmenkalatalousalue.fi\/puttola\/wp-json\/wp\/v2\/pages\/90","targetHints":{"allow":["GET"]}}],"collection":[{"href":"https:\/\/leppavedenhankasalmenkalatalousalue.fi\/puttola\/wp-json\/wp\/v2\/pages"}],"about":[{"href":"https:\/\/leppavedenhankasalmenkalatalousalue.fi\/puttola\/wp-json\/wp\/v2\/types\/page"}],"author":[{"embeddable":true,"href":"https:\/\/leppavedenhankasalmenkalatalousalue.fi\/puttola\/wp-json\/wp\/v2\/users\/1"}],"replies":[{"embeddable":true,"href":"https:\/\/leppavedenhankasalmenkalatalousalue.fi\/puttola\/wp-json\/wp\/v2\/comments?post=90"}],"version-history":[{"count":6,"href":"https:\/\/leppavedenhankasalmenkalatalousalue.fi\/puttola\/wp-json\/wp\/v2\/pages\/90\/revisions"}],"predecessor-version":[{"id":221,"href":"https:\/\/leppavedenhankasalmenkalatalousalue.fi\/puttola\/wp-json\/wp\/v2\/pages\/90\/revisions\/221"}],"up":[{"embeddable":true,"href":"https:\/\/leppavedenhankasalmenkalatalousalue.fi\/puttola\/wp-json\/wp\/v2\/pages\/45"}],"wp:attachment":[{"href":"https:\/\/leppavedenhankasalmenkalatalousalue.fi\/puttola\/wp-json\/wp\/v2\/media?parent=90"}],"curies":[{"name":"wp","href":"https:\/\/api.w.org\/{rel}","templated":true}]}}