{"id":26,"date":"2020-10-29T08:31:59","date_gmt":"2020-10-29T08:31:59","guid":{"rendered":"http:\/\/89.166.51.80\/~leppaveden\/hameenmaen-osakaskunta\/?page_id=26"},"modified":"2021-01-15T14:12:31","modified_gmt":"2021-01-15T14:12:31","slug":"tiedot","status":"publish","type":"page","link":"https:\/\/leppavedenhankasalmenkalatalousalue.fi\/sakinmaki\/tiedot\/","title":{"rendered":"Tiedot"},"content":{"rendered":"\n<h2 class=\"wp-block-heading\">Yhteystiedot<\/h2>\n\n\n\n<h4 class=\"wp-block-heading\">Puheenjohtaja:<\/h4>\n\n\n\n<p>Markku Vauhkonen<br>Puutarhakatu 12 B 12<br>40200 JYV\u00c4SKYL\u00c4<br>s-posti:&nbsp;markku.vauhkonen1 (a) gmail.com&nbsp;<br>puhelin:&nbsp;.<\/p>\n\n\n\n<h4 class=\"wp-block-heading\">Sihteeri:<\/h4>\n\n\n\n<p>Jari Lamberg<br>Suolikoskentie 1278<br>41560 S\u00c4KINM\u00c4KI<br>s-posti:&nbsp;jari.lamberg (a) audalia.fi<br>puhelin:&nbsp;+358 50 500 2626<\/p>\n\n\n\n<h2 class=\"wp-block-heading\">Sijainti<\/h2>\n\n\n\n<iframe loading=\"lazy\" src=\"https:\/\/www.google.com\/maps\/d\/embed?mid=zI4C9bBbhtL8.kNohR4q1BXew\" width=\"640\" height=\"480\"><\/iframe>\n","protected":false},"excerpt":{"rendered":"<p>Yhteystiedot Puheenjohtaja: Markku VauhkonenPuutarhakatu 12 B 1240200 JYV\u00c4SKYL\u00c4s-posti:&nbsp;markku.vauhkonen1 (a) gmail.com&nbsp;puhelin:&nbsp;. Sihteeri: Jari LambergSuolikoskentie 127841560 S\u00c4KINM\u00c4KIs-posti:&nbsp;jari.lamberg (a) audalia.fipuhelin:&nbsp;+358 50 500 2626 Sijainti<\/p>\n","protected":false},"author":1,"featured_media":0,"parent":0,"menu_order":0,"comment_status":"closed","ping_status":"closed","template":"basic-sivu.php","meta":{"_acf_changed":false,"footnotes":""},"class_list":["post-26","page","type-page","status-publish","hentry"],"acf":[],"yoast_head":"<!-- This site is optimized with the Yoast SEO plugin v27.1.1 - https:\/\/yoast.com\/product\/yoast-seo-wordpress\/ -->\n<title>Tiedot - S\u00e4kinm\u00e4en osakaskunta<\/title>\n<meta name=\"robots\" content=\"index, follow, max-snippet:-1, max-image-preview:large, max-video-preview:-1\" \/>\n<link rel=\"canonical\" href=\"https:\/\/leppavedenhankasalmenkalatalousalue.fi\/sakinmaki\/tiedot\/\" \/>\n<meta property=\"og:locale\" content=\"fi_FI\" \/>\n<meta property=\"og:type\" content=\"article\" \/>\n<meta property=\"og:title\" content=\"Tiedot - S\u00e4kinm\u00e4en osakaskunta\" \/>\n<meta property=\"og:description\" content=\"Yhteystiedot Puheenjohtaja: Markku VauhkonenPuutarhakatu 12 B 1240200 JYV\u00c4SKYL\u00c4s-posti:&nbsp;markku.vauhkonen1 (a) gmail.com&nbsp;puhelin:&nbsp;. Sihteeri: Jari LambergSuolikoskentie 127841560 S\u00c4KINM\u00c4KIs-posti:&nbsp;jari.lamberg (a) audalia.fipuhelin:&nbsp;+358 50 500 2626 Sijainti\" \/>\n<meta property=\"og:url\" content=\"https:\/\/leppavedenhankasalmenkalatalousalue.fi\/sakinmaki\/tiedot\/\" \/>\n<meta property=\"og:site_name\" content=\"S\u00e4kinm\u00e4en osakaskunta\" \/>\n<meta property=\"article:modified_time\" content=\"2021-01-15T14:12:31+00:00\" \/>\n<meta name=\"twitter:card\" content=\"summary_large_image\" \/>\n<script type=\"application\/ld+json\" class=\"yoast-schema-graph\">{\"@context\":\"https:\/\/schema.org\",\"@graph\":[{\"@type\":\"WebPage\",\"@id\":\"https:\/\/leppavedenhankasalmenkalatalousalue.fi\/sakinmaki\/tiedot\/\",\"url\":\"https:\/\/leppavedenhankasalmenkalatalousalue.fi\/sakinmaki\/tiedot\/\",\"name\":\"Tiedot - S\u00e4kinm\u00e4en osakaskunta\",\"isPartOf\":{\"@id\":\"https:\/\/leppavedenhankasalmenkalatalousalue.fi\/sakinmaki\/#website\"},\"datePublished\":\"2020-10-29T08:31:59+00:00\",\"dateModified\":\"2021-01-15T14:12:31+00:00\",\"breadcrumb\":{\"@id\":\"https:\/\/leppavedenhankasalmenkalatalousalue.fi\/sakinmaki\/tiedot\/#breadcrumb\"},\"inLanguage\":\"fi\",\"potentialAction\":[{\"@type\":\"ReadAction\",\"target\":[\"https:\/\/leppavedenhankasalmenkalatalousalue.fi\/sakinmaki\/tiedot\/\"]}]},{\"@type\":\"BreadcrumbList\",\"@id\":\"https:\/\/leppavedenhankasalmenkalatalousalue.fi\/sakinmaki\/tiedot\/#breadcrumb\",\"itemListElement\":[{\"@type\":\"ListItem\",\"position\":1,\"name\":\"Home\",\"item\":\"https:\/\/leppavedenhankasalmenkalatalousalue.fi\/sakinmaki\/\"},{\"@type\":\"ListItem\",\"position\":2,\"name\":\"Tiedot\"}]},{\"@type\":\"WebSite\",\"@id\":\"https:\/\/leppavedenhankasalmenkalatalousalue.fi\/sakinmaki\/#website\",\"url\":\"https:\/\/leppavedenhankasalmenkalatalousalue.fi\/sakinmaki\/\",\"name\":\"S\u00e4kinm\u00e4en osakaskunta\",\"description\":\"\",\"potentialAction\":[{\"@type\":\"SearchAction\",\"target\":{\"@type\":\"EntryPoint\",\"urlTemplate\":\"https:\/\/leppavedenhankasalmenkalatalousalue.fi\/sakinmaki\/?s={search_term_string}\"},\"query-input\":{\"@type\":\"PropertyValueSpecification\",\"valueRequired\":true,\"valueName\":\"search_term_string\"}}],\"inLanguage\":\"fi\"}]}<\/script>\n<!-- \/ Yoast SEO plugin. -->","yoast_head_json":{"title":"Tiedot - S\u00e4kinm\u00e4en osakaskunta","robots":{"index":"index","follow":"follow","max-snippet":"max-snippet:-1","max-image-preview":"max-image-preview:large","max-video-preview":"max-video-preview:-1"},"canonical":"https:\/\/leppavedenhankasalmenkalatalousalue.fi\/sakinmaki\/tiedot\/","og_locale":"fi_FI","og_type":"article","og_title":"Tiedot - S\u00e4kinm\u00e4en osakaskunta","og_description":"Yhteystiedot Puheenjohtaja: Markku VauhkonenPuutarhakatu 12 B 1240200 JYV\u00c4SKYL\u00c4s-posti:&nbsp;markku.vauhkonen1 (a) gmail.com&nbsp;puhelin:&nbsp;. Sihteeri: Jari LambergSuolikoskentie 127841560 S\u00c4KINM\u00c4KIs-posti:&nbsp;jari.lamberg (a) audalia.fipuhelin:&nbsp;+358 50 500 2626 Sijainti","og_url":"https:\/\/leppavedenhankasalmenkalatalousalue.fi\/sakinmaki\/tiedot\/","og_site_name":"S\u00e4kinm\u00e4en osakaskunta","article_modified_time":"2021-01-15T14:12:31+00:00","twitter_card":"summary_large_image","schema":{"@context":"https:\/\/schema.org","@graph":[{"@type":"WebPage","@id":"https:\/\/leppavedenhankasalmenkalatalousalue.fi\/sakinmaki\/tiedot\/","url":"https:\/\/leppavedenhankasalmenkalatalousalue.fi\/sakinmaki\/tiedot\/","name":"Tiedot - S\u00e4kinm\u00e4en osakaskunta","isPartOf":{"@id":"https:\/\/leppavedenhankasalmenkalatalousalue.fi\/sakinmaki\/#website"},"datePublished":"2020-10-29T08:31:59+00:00","dateModified":"2021-01-15T14:12:31+00:00","breadcrumb":{"@id":"https:\/\/leppavedenhankasalmenkalatalousalue.fi\/sakinmaki\/tiedot\/#breadcrumb"},"inLanguage":"fi","potentialAction":[{"@type":"ReadAction","target":["https:\/\/leppavedenhankasalmenkalatalousalue.fi\/sakinmaki\/tiedot\/"]}]},{"@type":"BreadcrumbList","@id":"https:\/\/leppavedenhankasalmenkalatalousalue.fi\/sakinmaki\/tiedot\/#breadcrumb","itemListElement":[{"@type":"ListItem","position":1,"name":"Home","item":"https:\/\/leppavedenhankasalmenkalatalousalue.fi\/sakinmaki\/"},{"@type":"ListItem","position":2,"name":"Tiedot"}]},{"@type":"WebSite","@id":"https:\/\/leppavedenhankasalmenkalatalousalue.fi\/sakinmaki\/#website","url":"https:\/\/leppavedenhankasalmenkalatalousalue.fi\/sakinmaki\/","name":"S\u00e4kinm\u00e4en osakaskunta","description":"","potentialAction":[{"@type":"SearchAction","target":{"@type":"EntryPoint","urlTemplate":"https:\/\/leppavedenhankasalmenkalatalousalue.fi\/sakinmaki\/?s={search_term_string}"},"query-input":{"@type":"PropertyValueSpecification","valueRequired":true,"valueName":"search_term_string"}}],"inLanguage":"fi"}]}},"_links":{"self":[{"href":"https:\/\/leppavedenhankasalmenkalatalousalue.fi\/sakinmaki\/wp-json\/wp\/v2\/pages\/26","targetHints":{"allow":["GET"]}}],"collection":[{"href":"https:\/\/leppavedenhankasalmenkalatalousalue.fi\/sakinmaki\/wp-json\/wp\/v2\/pages"}],"about":[{"href":"https:\/\/leppavedenhankasalmenkalatalousalue.fi\/sakinmaki\/wp-json\/wp\/v2\/types\/page"}],"author":[{"embeddable":true,"href":"https:\/\/leppavedenhankasalmenkalatalousalue.fi\/sakinmaki\/wp-json\/wp\/v2\/users\/1"}],"replies":[{"embeddable":true,"href":"https:\/\/leppavedenhankasalmenkalatalousalue.fi\/sakinmaki\/wp-json\/wp\/v2\/comments?post=26"}],"version-history":[{"count":8,"href":"https:\/\/leppavedenhankasalmenkalatalousalue.fi\/sakinmaki\/wp-json\/wp\/v2\/pages\/26\/revisions"}],"predecessor-version":[{"id":220,"href":"https:\/\/leppavedenhankasalmenkalatalousalue.fi\/sakinmaki\/wp-json\/wp\/v2\/pages\/26\/revisions\/220"}],"wp:attachment":[{"href":"https:\/\/leppavedenhankasalmenkalatalousalue.fi\/sakinmaki\/wp-json\/wp\/v2\/media?parent=26"}],"curies":[{"name":"wp","href":"https:\/\/api.w.org\/{rel}","templated":true}]}}