{"id":158,"date":"2020-10-29T12:25:46","date_gmt":"2020-10-29T12:25:46","guid":{"rendered":"http:\/\/89.166.51.80\/~leppaveden\/hameenmaen-osakaskunta\/?page_id=158"},"modified":"2025-03-31T17:55:43","modified_gmt":"2025-03-31T17:55:43","slug":"vuosikokous","status":"publish","type":"page","link":"https:\/\/leppavedenhankasalmenkalatalousalue.fi\/sauvamaki1\/hallinto\/vuosikokous\/","title":{"rendered":"Vuosikokoukset"},"content":{"rendered":"\n<h2 class=\"wp-block-heading\">Vuosikokous 2025<\/h2>\n\n\n\n<p>Vuosikokokous j\u00e4rjestet\u00e4\u00e4n 24.4.2025 Juhlatalo Villa Mathildassa. Tarkemmat tiedot ajankohtaista-sivulla.<\/p>\n\n\n\n<h2 class=\"wp-block-heading\">Vuosikokous 2024<\/h2>\n\n\n\n<p>Kev\u00e4\u00e4n 2024 vuosikokous j\u00e4rjestettiin lauantaina 20.4.2024 Lomakeskus Revontulessa.<\/p>\n\n\n\n<p><\/p>\n\n\n\n<p>Vuosikokouksen 2024 p\u00f6yt\u00e4kirja:<\/p>\n\n\n\n<div data-wp-interactive=\"core\/file\" class=\"wp-block-file\"><object data-wp-bind--hidden=\"!state.hasPdfPreview\" hidden class=\"wp-block-file__embed\" data=\"https:\/\/leppavedenhankasalmenkalatalousalue.fi\/sauvamaki1\/wp-content\/uploads\/sites\/48\/2024\/05\/osakaskunnan-kokous-20.4.2024-allekirjoitettu-poytakirja.pdf\" type=\"application\/pdf\" style=\"width:100%;height:600px\" aria-label=\"Tiedoston osakaskunnan-kokous-20.4.2024-allekirjoitettu-poytakirja upotus.\"><\/object><a id=\"wp-block-file--media-5ca98037-31fc-4523-aabd-81af4c6142cd\" href=\"https:\/\/leppavedenhankasalmenkalatalousalue.fi\/sauvamaki1\/wp-content\/uploads\/sites\/48\/2024\/05\/osakaskunnan-kokous-20.4.2024-allekirjoitettu-poytakirja.pdf\">osakaskunnan-kokous-20.4.2024-allekirjoitettu-poytakirja<\/a><a href=\"https:\/\/leppavedenhankasalmenkalatalousalue.fi\/sauvamaki1\/wp-content\/uploads\/sites\/48\/2024\/05\/osakaskunnan-kokous-20.4.2024-allekirjoitettu-poytakirja.pdf\" class=\"wp-block-file__button wp-element-button\" download aria-describedby=\"wp-block-file--media-5ca98037-31fc-4523-aabd-81af4c6142cd\">Lataa<\/a><\/div>\n","protected":false},"excerpt":{"rendered":"<p>Vuosikokous 2025 Vuosikokokous j\u00e4rjestet\u00e4\u00e4n 24.4.2025 Juhlatalo Villa Mathildassa. Tarkemmat tiedot ajankohtaista-sivulla. Vuosikokous 2024 Kev\u00e4\u00e4n 2024 vuosikokous j\u00e4rjestettiin lauantaina 20.4.2024 Lomakeskus Revontulessa. Vuosikokouksen 2024 p\u00f6yt\u00e4kirja:<\/p>\n","protected":false},"author":1,"featured_media":0,"parent":32,"menu_order":0,"comment_status":"closed","ping_status":"closed","template":"basic-sivu.php","meta":{"_acf_changed":false,"footnotes":""},"class_list":["post-158","page","type-page","status-publish","hentry"],"acf":[],"yoast_head":"<!-- This site is optimized with the Yoast SEO plugin v27.1.1 - https:\/\/yoast.com\/product\/yoast-seo-wordpress\/ -->\n<title>Vuosikokoukset - Sauvam\u00e4ki 1:n osakaskunta<\/title>\n<meta name=\"robots\" content=\"index, follow, max-snippet:-1, max-image-preview:large, max-video-preview:-1\" \/>\n<link rel=\"canonical\" href=\"https:\/\/leppavedenhankasalmenkalatalousalue.fi\/sauvamaki1\/hallinto\/vuosikokous\/\" \/>\n<meta property=\"og:locale\" content=\"fi_FI\" \/>\n<meta property=\"og:type\" content=\"article\" \/>\n<meta property=\"og:title\" content=\"Vuosikokoukset - Sauvam\u00e4ki 1:n osakaskunta\" \/>\n<meta property=\"og:description\" content=\"Vuosikokous 2025 Vuosikokokous j\u00e4rjestet\u00e4\u00e4n 24.4.2025 Juhlatalo Villa Mathildassa. Tarkemmat tiedot ajankohtaista-sivulla. Vuosikokous 2024 Kev\u00e4\u00e4n 2024 vuosikokous j\u00e4rjestettiin lauantaina 20.4.2024 Lomakeskus Revontulessa. Vuosikokouksen 2024 p\u00f6yt\u00e4kirja:\" \/>\n<meta property=\"og:url\" content=\"https:\/\/leppavedenhankasalmenkalatalousalue.fi\/sauvamaki1\/hallinto\/vuosikokous\/\" \/>\n<meta property=\"og:site_name\" content=\"Sauvam\u00e4ki 1:n osakaskunta\" \/>\n<meta property=\"article:modified_time\" content=\"2025-03-31T17:55:43+00:00\" \/>\n<meta name=\"twitter:card\" content=\"summary_large_image\" \/>\n<meta name=\"twitter:label1\" content=\"Arvioitu lukuaika\" \/>\n\t<meta name=\"twitter:data1\" content=\"1 minuutti\" \/>\n<script type=\"application\/ld+json\" class=\"yoast-schema-graph\">{\"@context\":\"https:\/\/schema.org\",\"@graph\":[{\"@type\":\"WebPage\",\"@id\":\"https:\/\/leppavedenhankasalmenkalatalousalue.fi\/sauvamaki1\/hallinto\/vuosikokous\/\",\"url\":\"https:\/\/leppavedenhankasalmenkalatalousalue.fi\/sauvamaki1\/hallinto\/vuosikokous\/\",\"name\":\"Vuosikokoukset - Sauvam\u00e4ki 1:n osakaskunta\",\"isPartOf\":{\"@id\":\"https:\/\/leppavedenhankasalmenkalatalousalue.fi\/sauvamaki1\/#website\"},\"datePublished\":\"2020-10-29T12:25:46+00:00\",\"dateModified\":\"2025-03-31T17:55:43+00:00\",\"breadcrumb\":{\"@id\":\"https:\/\/leppavedenhankasalmenkalatalousalue.fi\/sauvamaki1\/hallinto\/vuosikokous\/#breadcrumb\"},\"inLanguage\":\"fi\",\"potentialAction\":[{\"@type\":\"ReadAction\",\"target\":[\"https:\/\/leppavedenhankasalmenkalatalousalue.fi\/sauvamaki1\/hallinto\/vuosikokous\/\"]}]},{\"@type\":\"BreadcrumbList\",\"@id\":\"https:\/\/leppavedenhankasalmenkalatalousalue.fi\/sauvamaki1\/hallinto\/vuosikokous\/#breadcrumb\",\"itemListElement\":[{\"@type\":\"ListItem\",\"position\":1,\"name\":\"Home\",\"item\":\"https:\/\/leppavedenhankasalmenkalatalousalue.fi\/sauvamaki1\/\"},{\"@type\":\"ListItem\",\"position\":2,\"name\":\"Hallinto\",\"item\":\"https:\/\/leppavedenhankasalmenkalatalousalue.fi\/sauvamaki1\/hallinto\/\"},{\"@type\":\"ListItem\",\"position\":3,\"name\":\"Vuosikokoukset\"}]},{\"@type\":\"WebSite\",\"@id\":\"https:\/\/leppavedenhankasalmenkalatalousalue.fi\/sauvamaki1\/#website\",\"url\":\"https:\/\/leppavedenhankasalmenkalatalousalue.fi\/sauvamaki1\/\",\"name\":\"Sauvam\u00e4ki 1:n osakaskunta\",\"description\":\"\",\"potentialAction\":[{\"@type\":\"SearchAction\",\"target\":{\"@type\":\"EntryPoint\",\"urlTemplate\":\"https:\/\/leppavedenhankasalmenkalatalousalue.fi\/sauvamaki1\/?s={search_term_string}\"},\"query-input\":{\"@type\":\"PropertyValueSpecification\",\"valueRequired\":true,\"valueName\":\"search_term_string\"}}],\"inLanguage\":\"fi\"}]}<\/script>\n<!-- \/ Yoast SEO plugin. -->","yoast_head_json":{"title":"Vuosikokoukset - Sauvam\u00e4ki 1:n osakaskunta","robots":{"index":"index","follow":"follow","max-snippet":"max-snippet:-1","max-image-preview":"max-image-preview:large","max-video-preview":"max-video-preview:-1"},"canonical":"https:\/\/leppavedenhankasalmenkalatalousalue.fi\/sauvamaki1\/hallinto\/vuosikokous\/","og_locale":"fi_FI","og_type":"article","og_title":"Vuosikokoukset - Sauvam\u00e4ki 1:n osakaskunta","og_description":"Vuosikokous 2025 Vuosikokokous j\u00e4rjestet\u00e4\u00e4n 24.4.2025 Juhlatalo Villa Mathildassa. Tarkemmat tiedot ajankohtaista-sivulla. Vuosikokous 2024 Kev\u00e4\u00e4n 2024 vuosikokous j\u00e4rjestettiin lauantaina 20.4.2024 Lomakeskus Revontulessa. Vuosikokouksen 2024 p\u00f6yt\u00e4kirja:","og_url":"https:\/\/leppavedenhankasalmenkalatalousalue.fi\/sauvamaki1\/hallinto\/vuosikokous\/","og_site_name":"Sauvam\u00e4ki 1:n osakaskunta","article_modified_time":"2025-03-31T17:55:43+00:00","twitter_card":"summary_large_image","twitter_misc":{"Arvioitu lukuaika":"1 minuutti"},"schema":{"@context":"https:\/\/schema.org","@graph":[{"@type":"WebPage","@id":"https:\/\/leppavedenhankasalmenkalatalousalue.fi\/sauvamaki1\/hallinto\/vuosikokous\/","url":"https:\/\/leppavedenhankasalmenkalatalousalue.fi\/sauvamaki1\/hallinto\/vuosikokous\/","name":"Vuosikokoukset - Sauvam\u00e4ki 1:n osakaskunta","isPartOf":{"@id":"https:\/\/leppavedenhankasalmenkalatalousalue.fi\/sauvamaki1\/#website"},"datePublished":"2020-10-29T12:25:46+00:00","dateModified":"2025-03-31T17:55:43+00:00","breadcrumb":{"@id":"https:\/\/leppavedenhankasalmenkalatalousalue.fi\/sauvamaki1\/hallinto\/vuosikokous\/#breadcrumb"},"inLanguage":"fi","potentialAction":[{"@type":"ReadAction","target":["https:\/\/leppavedenhankasalmenkalatalousalue.fi\/sauvamaki1\/hallinto\/vuosikokous\/"]}]},{"@type":"BreadcrumbList","@id":"https:\/\/leppavedenhankasalmenkalatalousalue.fi\/sauvamaki1\/hallinto\/vuosikokous\/#breadcrumb","itemListElement":[{"@type":"ListItem","position":1,"name":"Home","item":"https:\/\/leppavedenhankasalmenkalatalousalue.fi\/sauvamaki1\/"},{"@type":"ListItem","position":2,"name":"Hallinto","item":"https:\/\/leppavedenhankasalmenkalatalousalue.fi\/sauvamaki1\/hallinto\/"},{"@type":"ListItem","position":3,"name":"Vuosikokoukset"}]},{"@type":"WebSite","@id":"https:\/\/leppavedenhankasalmenkalatalousalue.fi\/sauvamaki1\/#website","url":"https:\/\/leppavedenhankasalmenkalatalousalue.fi\/sauvamaki1\/","name":"Sauvam\u00e4ki 1:n osakaskunta","description":"","potentialAction":[{"@type":"SearchAction","target":{"@type":"EntryPoint","urlTemplate":"https:\/\/leppavedenhankasalmenkalatalousalue.fi\/sauvamaki1\/?s={search_term_string}"},"query-input":{"@type":"PropertyValueSpecification","valueRequired":true,"valueName":"search_term_string"}}],"inLanguage":"fi"}]}},"_links":{"self":[{"href":"https:\/\/leppavedenhankasalmenkalatalousalue.fi\/sauvamaki1\/wp-json\/wp\/v2\/pages\/158","targetHints":{"allow":["GET"]}}],"collection":[{"href":"https:\/\/leppavedenhankasalmenkalatalousalue.fi\/sauvamaki1\/wp-json\/wp\/v2\/pages"}],"about":[{"href":"https:\/\/leppavedenhankasalmenkalatalousalue.fi\/sauvamaki1\/wp-json\/wp\/v2\/types\/page"}],"author":[{"embeddable":true,"href":"https:\/\/leppavedenhankasalmenkalatalousalue.fi\/sauvamaki1\/wp-json\/wp\/v2\/users\/1"}],"replies":[{"embeddable":true,"href":"https:\/\/leppavedenhankasalmenkalatalousalue.fi\/sauvamaki1\/wp-json\/wp\/v2\/comments?post=158"}],"version-history":[{"count":16,"href":"https:\/\/leppavedenhankasalmenkalatalousalue.fi\/sauvamaki1\/wp-json\/wp\/v2\/pages\/158\/revisions"}],"predecessor-version":[{"id":444,"href":"https:\/\/leppavedenhankasalmenkalatalousalue.fi\/sauvamaki1\/wp-json\/wp\/v2\/pages\/158\/revisions\/444"}],"up":[{"embeddable":true,"href":"https:\/\/leppavedenhankasalmenkalatalousalue.fi\/sauvamaki1\/wp-json\/wp\/v2\/pages\/32"}],"wp:attachment":[{"href":"https:\/\/leppavedenhankasalmenkalatalousalue.fi\/sauvamaki1\/wp-json\/wp\/v2\/media?parent=158"}],"curies":[{"name":"wp","href":"https:\/\/api.w.org\/{rel}","templated":true}]}}