{"id":26,"date":"2020-10-29T08:31:59","date_gmt":"2020-10-29T08:31:59","guid":{"rendered":"http:\/\/89.166.51.80\/~leppaveden\/hameenmaen-osakaskunta\/?page_id=26"},"modified":"2025-03-31T17:52:37","modified_gmt":"2025-03-31T17:52:37","slug":"tiedot","status":"publish","type":"page","link":"https:\/\/leppavedenhankasalmenkalatalousalue.fi\/sauvamaki1\/tiedot\/","title":{"rendered":"Yhteystiedot ja sijainti"},"content":{"rendered":"\n<h2 class=\"wp-block-heading\">Yhteystiedot<\/h2>\n\n\n\n<p><img loading=\"lazy\" decoding=\"async\" width=\"1080\" height=\"1080\" class=\"wp-image-287\" style=\"width: 150px\" src=\"https:\/\/leppavedenhankasalmenkalatalousalue.fi\/sauvamaki1\/wp-content\/uploads\/sites\/48\/2024\/01\/sauvamaki1_rgb-01.png\" alt=\"\" srcset=\"https:\/\/leppavedenhankasalmenkalatalousalue.fi\/sauvamaki1\/wp-content\/uploads\/sites\/48\/2024\/01\/sauvamaki1_rgb-01.png 1080w, https:\/\/leppavedenhankasalmenkalatalousalue.fi\/sauvamaki1\/wp-content\/uploads\/sites\/48\/2024\/01\/sauvamaki1_rgb-01-300x300.png 300w, https:\/\/leppavedenhankasalmenkalatalousalue.fi\/sauvamaki1\/wp-content\/uploads\/sites\/48\/2024\/01\/sauvamaki1_rgb-01-1024x1024.png 1024w, https:\/\/leppavedenhankasalmenkalatalousalue.fi\/sauvamaki1\/wp-content\/uploads\/sites\/48\/2024\/01\/sauvamaki1_rgb-01-150x150.png 150w, https:\/\/leppavedenhankasalmenkalatalousalue.fi\/sauvamaki1\/wp-content\/uploads\/sites\/48\/2024\/01\/sauvamaki1_rgb-01-768x768.png 768w\" sizes=\"auto, (max-width: 1080px) 100vw, 1080px\" \/><\/p>\n\n\n\n<p>Marko Matilainen (hoitokunnan puheenjohtaja)<br>Puh. 040 531 9063<\/p>\n\n\n\n<h2 class=\"wp-block-heading\">Sijainti (Sauvam\u00e4ki 1 vesialueet merkitty vihre\u00e4ll\u00e4)<\/h2>\n\n\n\n<figure class=\"wp-block-image size-large\"><img loading=\"lazy\" decoding=\"async\" width=\"1024\" height=\"724\" src=\"https:\/\/leppavedenhankasalmenkalatalousalue.fi\/sauvamaki1\/wp-content\/uploads\/sites\/48\/2024\/02\/sauvamaki-1-ok-1024x724.jpg\" alt=\"\" class=\"wp-image-289\" srcset=\"https:\/\/leppavedenhankasalmenkalatalousalue.fi\/sauvamaki1\/wp-content\/uploads\/sites\/48\/2024\/02\/sauvamaki-1-ok-1024x724.jpg 1024w, https:\/\/leppavedenhankasalmenkalatalousalue.fi\/sauvamaki1\/wp-content\/uploads\/sites\/48\/2024\/02\/sauvamaki-1-ok-300x212.jpg 300w, https:\/\/leppavedenhankasalmenkalatalousalue.fi\/sauvamaki1\/wp-content\/uploads\/sites\/48\/2024\/02\/sauvamaki-1-ok-768x543.jpg 768w, https:\/\/leppavedenhankasalmenkalatalousalue.fi\/sauvamaki1\/wp-content\/uploads\/sites\/48\/2024\/02\/sauvamaki-1-ok-1536x1086.jpg 1536w, https:\/\/leppavedenhankasalmenkalatalousalue.fi\/sauvamaki1\/wp-content\/uploads\/sites\/48\/2024\/02\/sauvamaki-1-ok-2048x1448.jpg 2048w\" sizes=\"auto, (max-width: 1024px) 100vw, 1024px\" \/><\/figure>\n\n\n\n<h2 class=\"wp-block-heading\">Vanha kartta osakaskuntien muodostamisesta:<\/h2>\n\n\n\n<figure class=\"wp-block-image size-large\"><img loading=\"lazy\" decoding=\"async\" width=\"724\" height=\"1024\" src=\"https:\/\/leppavedenhankasalmenkalatalousalue.fi\/sauvamaki1\/wp-content\/uploads\/sites\/48\/2025\/03\/vanhakartta-724x1024.jpg\" alt=\"\" class=\"wp-image-440\" srcset=\"https:\/\/leppavedenhankasalmenkalatalousalue.fi\/sauvamaki1\/wp-content\/uploads\/sites\/48\/2025\/03\/vanhakartta-724x1024.jpg 724w, https:\/\/leppavedenhankasalmenkalatalousalue.fi\/sauvamaki1\/wp-content\/uploads\/sites\/48\/2025\/03\/vanhakartta-212x300.jpg 212w, https:\/\/leppavedenhankasalmenkalatalousalue.fi\/sauvamaki1\/wp-content\/uploads\/sites\/48\/2025\/03\/vanhakartta-768x1086.jpg 768w, https:\/\/leppavedenhankasalmenkalatalousalue.fi\/sauvamaki1\/wp-content\/uploads\/sites\/48\/2025\/03\/vanhakartta-1086x1536.jpg 1086w, https:\/\/leppavedenhankasalmenkalatalousalue.fi\/sauvamaki1\/wp-content\/uploads\/sites\/48\/2025\/03\/vanhakartta-1448x2048.jpg 1448w, https:\/\/leppavedenhankasalmenkalatalousalue.fi\/sauvamaki1\/wp-content\/uploads\/sites\/48\/2025\/03\/vanhakartta.jpg 1768w\" sizes=\"auto, (max-width: 724px) 100vw, 724px\" \/><\/figure>\n","protected":false},"excerpt":{"rendered":"<p>Yhteystiedot Marko Matilainen (hoitokunnan puheenjohtaja)Puh. 040 531 9063 Sijainti (Sauvam\u00e4ki 1 vesialueet merkitty vihre\u00e4ll\u00e4) Vanha kartta osakaskuntien muodostamisesta:<\/p>\n","protected":false},"author":1,"featured_media":0,"parent":0,"menu_order":0,"comment_status":"closed","ping_status":"closed","template":"basic-sivu.php","meta":{"_acf_changed":false,"footnotes":""},"class_list":["post-26","page","type-page","status-publish","hentry"],"acf":[],"yoast_head":"<!-- This site is optimized with the Yoast SEO plugin v27.1.1 - https:\/\/yoast.com\/product\/yoast-seo-wordpress\/ -->\n<title>Yhteystiedot ja sijainti - Sauvam\u00e4ki 1:n osakaskunta<\/title>\n<meta name=\"robots\" content=\"index, follow, max-snippet:-1, max-image-preview:large, max-video-preview:-1\" \/>\n<link rel=\"canonical\" href=\"https:\/\/leppavedenhankasalmenkalatalousalue.fi\/sauvamaki1\/tiedot\/\" \/>\n<meta property=\"og:locale\" content=\"fi_FI\" \/>\n<meta property=\"og:type\" content=\"article\" \/>\n<meta property=\"og:title\" content=\"Yhteystiedot ja sijainti - Sauvam\u00e4ki 1:n osakaskunta\" \/>\n<meta property=\"og:description\" content=\"Yhteystiedot Marko Matilainen (hoitokunnan puheenjohtaja)Puh. 040 531 9063 Sijainti (Sauvam\u00e4ki 1 vesialueet merkitty vihre\u00e4ll\u00e4) Vanha kartta osakaskuntien muodostamisesta:\" \/>\n<meta property=\"og:url\" content=\"https:\/\/leppavedenhankasalmenkalatalousalue.fi\/sauvamaki1\/tiedot\/\" \/>\n<meta property=\"og:site_name\" content=\"Sauvam\u00e4ki 1:n osakaskunta\" \/>\n<meta property=\"article:modified_time\" content=\"2025-03-31T17:52:37+00:00\" \/>\n<meta property=\"og:image\" content=\"https:\/\/leppavedenhankasalmenkalatalousalue.fi\/sauvamaki1\/wp-content\/uploads\/sites\/48\/2024\/01\/sauvamaki1_rgb-01.png\" \/>\n\t<meta property=\"og:image:width\" content=\"1080\" \/>\n\t<meta property=\"og:image:height\" content=\"1080\" \/>\n\t<meta property=\"og:image:type\" content=\"image\/png\" \/>\n<meta name=\"twitter:card\" content=\"summary_large_image\" \/>\n<meta name=\"twitter:label1\" content=\"Arvioitu lukuaika\" \/>\n\t<meta name=\"twitter:data1\" content=\"1 minuutti\" \/>\n<script type=\"application\/ld+json\" class=\"yoast-schema-graph\">{\"@context\":\"https:\/\/schema.org\",\"@graph\":[{\"@type\":\"WebPage\",\"@id\":\"https:\/\/leppavedenhankasalmenkalatalousalue.fi\/sauvamaki1\/tiedot\/\",\"url\":\"https:\/\/leppavedenhankasalmenkalatalousalue.fi\/sauvamaki1\/tiedot\/\",\"name\":\"Yhteystiedot ja sijainti - Sauvam\u00e4ki 1:n osakaskunta\",\"isPartOf\":{\"@id\":\"https:\/\/leppavedenhankasalmenkalatalousalue.fi\/sauvamaki1\/#website\"},\"primaryImageOfPage\":{\"@id\":\"https:\/\/leppavedenhankasalmenkalatalousalue.fi\/sauvamaki1\/tiedot\/#primaryimage\"},\"image\":{\"@id\":\"https:\/\/leppavedenhankasalmenkalatalousalue.fi\/sauvamaki1\/tiedot\/#primaryimage\"},\"thumbnailUrl\":\"https:\/\/leppavedenhankasalmenkalatalousalue.fi\/sauvamaki1\/wp-content\/uploads\/sites\/48\/2024\/01\/sauvamaki1_rgb-01.png\",\"datePublished\":\"2020-10-29T08:31:59+00:00\",\"dateModified\":\"2025-03-31T17:52:37+00:00\",\"breadcrumb\":{\"@id\":\"https:\/\/leppavedenhankasalmenkalatalousalue.fi\/sauvamaki1\/tiedot\/#breadcrumb\"},\"inLanguage\":\"fi\",\"potentialAction\":[{\"@type\":\"ReadAction\",\"target\":[\"https:\/\/leppavedenhankasalmenkalatalousalue.fi\/sauvamaki1\/tiedot\/\"]}]},{\"@type\":\"ImageObject\",\"inLanguage\":\"fi\",\"@id\":\"https:\/\/leppavedenhankasalmenkalatalousalue.fi\/sauvamaki1\/tiedot\/#primaryimage\",\"url\":\"https:\/\/leppavedenhankasalmenkalatalousalue.fi\/sauvamaki1\/wp-content\/uploads\/sites\/48\/2024\/01\/sauvamaki1_rgb-01.png\",\"contentUrl\":\"https:\/\/leppavedenhankasalmenkalatalousalue.fi\/sauvamaki1\/wp-content\/uploads\/sites\/48\/2024\/01\/sauvamaki1_rgb-01.png\",\"width\":1080,\"height\":1080},{\"@type\":\"BreadcrumbList\",\"@id\":\"https:\/\/leppavedenhankasalmenkalatalousalue.fi\/sauvamaki1\/tiedot\/#breadcrumb\",\"itemListElement\":[{\"@type\":\"ListItem\",\"position\":1,\"name\":\"Home\",\"item\":\"https:\/\/leppavedenhankasalmenkalatalousalue.fi\/sauvamaki1\/\"},{\"@type\":\"ListItem\",\"position\":2,\"name\":\"Yhteystiedot ja sijainti\"}]},{\"@type\":\"WebSite\",\"@id\":\"https:\/\/leppavedenhankasalmenkalatalousalue.fi\/sauvamaki1\/#website\",\"url\":\"https:\/\/leppavedenhankasalmenkalatalousalue.fi\/sauvamaki1\/\",\"name\":\"Sauvam\u00e4ki 1:n osakaskunta\",\"description\":\"\",\"potentialAction\":[{\"@type\":\"SearchAction\",\"target\":{\"@type\":\"EntryPoint\",\"urlTemplate\":\"https:\/\/leppavedenhankasalmenkalatalousalue.fi\/sauvamaki1\/?s={search_term_string}\"},\"query-input\":{\"@type\":\"PropertyValueSpecification\",\"valueRequired\":true,\"valueName\":\"search_term_string\"}}],\"inLanguage\":\"fi\"}]}<\/script>\n<!-- \/ Yoast SEO plugin. -->","yoast_head_json":{"title":"Yhteystiedot ja sijainti - Sauvam\u00e4ki 1:n osakaskunta","robots":{"index":"index","follow":"follow","max-snippet":"max-snippet:-1","max-image-preview":"max-image-preview:large","max-video-preview":"max-video-preview:-1"},"canonical":"https:\/\/leppavedenhankasalmenkalatalousalue.fi\/sauvamaki1\/tiedot\/","og_locale":"fi_FI","og_type":"article","og_title":"Yhteystiedot ja sijainti - Sauvam\u00e4ki 1:n osakaskunta","og_description":"Yhteystiedot Marko Matilainen (hoitokunnan puheenjohtaja)Puh. 040 531 9063 Sijainti (Sauvam\u00e4ki 1 vesialueet merkitty vihre\u00e4ll\u00e4) Vanha kartta osakaskuntien muodostamisesta:","og_url":"https:\/\/leppavedenhankasalmenkalatalousalue.fi\/sauvamaki1\/tiedot\/","og_site_name":"Sauvam\u00e4ki 1:n osakaskunta","article_modified_time":"2025-03-31T17:52:37+00:00","og_image":[{"width":1080,"height":1080,"url":"https:\/\/leppavedenhankasalmenkalatalousalue.fi\/sauvamaki1\/wp-content\/uploads\/sites\/48\/2024\/01\/sauvamaki1_rgb-01.png","type":"image\/png"}],"twitter_card":"summary_large_image","twitter_misc":{"Arvioitu lukuaika":"1 minuutti"},"schema":{"@context":"https:\/\/schema.org","@graph":[{"@type":"WebPage","@id":"https:\/\/leppavedenhankasalmenkalatalousalue.fi\/sauvamaki1\/tiedot\/","url":"https:\/\/leppavedenhankasalmenkalatalousalue.fi\/sauvamaki1\/tiedot\/","name":"Yhteystiedot ja sijainti - Sauvam\u00e4ki 1:n osakaskunta","isPartOf":{"@id":"https:\/\/leppavedenhankasalmenkalatalousalue.fi\/sauvamaki1\/#website"},"primaryImageOfPage":{"@id":"https:\/\/leppavedenhankasalmenkalatalousalue.fi\/sauvamaki1\/tiedot\/#primaryimage"},"image":{"@id":"https:\/\/leppavedenhankasalmenkalatalousalue.fi\/sauvamaki1\/tiedot\/#primaryimage"},"thumbnailUrl":"https:\/\/leppavedenhankasalmenkalatalousalue.fi\/sauvamaki1\/wp-content\/uploads\/sites\/48\/2024\/01\/sauvamaki1_rgb-01.png","datePublished":"2020-10-29T08:31:59+00:00","dateModified":"2025-03-31T17:52:37+00:00","breadcrumb":{"@id":"https:\/\/leppavedenhankasalmenkalatalousalue.fi\/sauvamaki1\/tiedot\/#breadcrumb"},"inLanguage":"fi","potentialAction":[{"@type":"ReadAction","target":["https:\/\/leppavedenhankasalmenkalatalousalue.fi\/sauvamaki1\/tiedot\/"]}]},{"@type":"ImageObject","inLanguage":"fi","@id":"https:\/\/leppavedenhankasalmenkalatalousalue.fi\/sauvamaki1\/tiedot\/#primaryimage","url":"https:\/\/leppavedenhankasalmenkalatalousalue.fi\/sauvamaki1\/wp-content\/uploads\/sites\/48\/2024\/01\/sauvamaki1_rgb-01.png","contentUrl":"https:\/\/leppavedenhankasalmenkalatalousalue.fi\/sauvamaki1\/wp-content\/uploads\/sites\/48\/2024\/01\/sauvamaki1_rgb-01.png","width":1080,"height":1080},{"@type":"BreadcrumbList","@id":"https:\/\/leppavedenhankasalmenkalatalousalue.fi\/sauvamaki1\/tiedot\/#breadcrumb","itemListElement":[{"@type":"ListItem","position":1,"name":"Home","item":"https:\/\/leppavedenhankasalmenkalatalousalue.fi\/sauvamaki1\/"},{"@type":"ListItem","position":2,"name":"Yhteystiedot ja sijainti"}]},{"@type":"WebSite","@id":"https:\/\/leppavedenhankasalmenkalatalousalue.fi\/sauvamaki1\/#website","url":"https:\/\/leppavedenhankasalmenkalatalousalue.fi\/sauvamaki1\/","name":"Sauvam\u00e4ki 1:n osakaskunta","description":"","potentialAction":[{"@type":"SearchAction","target":{"@type":"EntryPoint","urlTemplate":"https:\/\/leppavedenhankasalmenkalatalousalue.fi\/sauvamaki1\/?s={search_term_string}"},"query-input":{"@type":"PropertyValueSpecification","valueRequired":true,"valueName":"search_term_string"}}],"inLanguage":"fi"}]}},"_links":{"self":[{"href":"https:\/\/leppavedenhankasalmenkalatalousalue.fi\/sauvamaki1\/wp-json\/wp\/v2\/pages\/26","targetHints":{"allow":["GET"]}}],"collection":[{"href":"https:\/\/leppavedenhankasalmenkalatalousalue.fi\/sauvamaki1\/wp-json\/wp\/v2\/pages"}],"about":[{"href":"https:\/\/leppavedenhankasalmenkalatalousalue.fi\/sauvamaki1\/wp-json\/wp\/v2\/types\/page"}],"author":[{"embeddable":true,"href":"https:\/\/leppavedenhankasalmenkalatalousalue.fi\/sauvamaki1\/wp-json\/wp\/v2\/users\/1"}],"replies":[{"embeddable":true,"href":"https:\/\/leppavedenhankasalmenkalatalousalue.fi\/sauvamaki1\/wp-json\/wp\/v2\/comments?post=26"}],"version-history":[{"count":17,"href":"https:\/\/leppavedenhankasalmenkalatalousalue.fi\/sauvamaki1\/wp-json\/wp\/v2\/pages\/26\/revisions"}],"predecessor-version":[{"id":441,"href":"https:\/\/leppavedenhankasalmenkalatalousalue.fi\/sauvamaki1\/wp-json\/wp\/v2\/pages\/26\/revisions\/441"}],"wp:attachment":[{"href":"https:\/\/leppavedenhankasalmenkalatalousalue.fi\/sauvamaki1\/wp-json\/wp\/v2\/media?parent=26"}],"curies":[{"name":"wp","href":"https:\/\/api.w.org\/{rel}","templated":true}]}}