{"id":56,"date":"2020-10-29T10:03:00","date_gmt":"2020-10-29T10:03:00","guid":{"rendered":"http:\/\/89.166.51.80\/~leppaveden\/hameenmaen-osakaskunta\/?page_id=56"},"modified":"2025-03-11T19:53:43","modified_gmt":"2025-03-11T19:53:43","slug":"saannot","status":"publish","type":"page","link":"https:\/\/leppavedenhankasalmenkalatalousalue.fi\/sauvamaki1\/hallinto\/saannot\/","title":{"rendered":"S\u00e4\u00e4nn\u00f6t"},"content":{"rendered":"\n<h2 class=\"wp-block-heading\">Osakaskunnan s\u00e4\u00e4nn\u00f6t<\/h2>\n\n\n\n<p>Vuoden 2024 vuosikokouksessa on hyv\u00e4ksytty seuraavat s\u00e4\u00e4nn\u00f6t. AVI on rekister\u00f6inyt hoitokunnan s\u00e4\u00e4nn\u00f6t.<\/p>\n\n\n\n<div data-wp-interactive=\"core\/file\" class=\"wp-block-file\"><object data-wp-bind--hidden=\"!state.hasPdfPreview\" hidden class=\"wp-block-file__embed\" data=\"https:\/\/leppavedenhankasalmenkalatalousalue.fi\/sauvamaki1\/wp-content\/uploads\/sites\/48\/2024\/03\/Saannot-hyvaksytaan-20.4.2024-2.pdf\" type=\"application\/pdf\" style=\"width:100%;height:600px\" aria-label=\"Tiedoston Saannot-hyvaksytaan-20.4.2024-2 upotus.\"><\/object><a id=\"wp-block-file--media-dc867b8f-9d8f-412b-b8b6-de4c8d60ed89\" href=\"https:\/\/leppavedenhankasalmenkalatalousalue.fi\/sauvamaki1\/wp-content\/uploads\/sites\/48\/2024\/03\/Saannot-hyvaksytaan-20.4.2024-2.pdf\">Saannot-hyvaksytaan-20.4.2024-2<\/a><a href=\"https:\/\/leppavedenhankasalmenkalatalousalue.fi\/sauvamaki1\/wp-content\/uploads\/sites\/48\/2024\/03\/Saannot-hyvaksytaan-20.4.2024-2.pdf\" class=\"wp-block-file__button wp-element-button\" download aria-describedby=\"wp-block-file--media-dc867b8f-9d8f-412b-b8b6-de4c8d60ed89\">Lataa<\/a><\/div>\n\n\n\n<h2 class=\"wp-block-heading\">Kartta Sauvam\u00e4ki 1 osakaskunnan alueesta<\/h2>\n\n\n\n<figure class=\"wp-block-image size-large\"><img loading=\"lazy\" decoding=\"async\" width=\"1024\" height=\"724\" src=\"https:\/\/leppavedenhankasalmenkalatalousalue.fi\/sauvamaki1\/wp-content\/uploads\/sites\/48\/2024\/02\/sauvamaki-1-ok-1024x724.jpg\" alt=\"\" class=\"wp-image-289\" srcset=\"https:\/\/leppavedenhankasalmenkalatalousalue.fi\/sauvamaki1\/wp-content\/uploads\/sites\/48\/2024\/02\/sauvamaki-1-ok-1024x724.jpg 1024w, https:\/\/leppavedenhankasalmenkalatalousalue.fi\/sauvamaki1\/wp-content\/uploads\/sites\/48\/2024\/02\/sauvamaki-1-ok-300x212.jpg 300w, https:\/\/leppavedenhankasalmenkalatalousalue.fi\/sauvamaki1\/wp-content\/uploads\/sites\/48\/2024\/02\/sauvamaki-1-ok-768x543.jpg 768w, https:\/\/leppavedenhankasalmenkalatalousalue.fi\/sauvamaki1\/wp-content\/uploads\/sites\/48\/2024\/02\/sauvamaki-1-ok-1536x1086.jpg 1536w, https:\/\/leppavedenhankasalmenkalatalousalue.fi\/sauvamaki1\/wp-content\/uploads\/sites\/48\/2024\/02\/sauvamaki-1-ok-2048x1448.jpg 2048w\" sizes=\"auto, (max-width: 1024px) 100vw, 1024px\" \/><\/figure>\n","protected":false},"excerpt":{"rendered":"<p>Osakaskunnan s\u00e4\u00e4nn\u00f6t Vuoden 2024 vuosikokouksessa on hyv\u00e4ksytty seuraavat s\u00e4\u00e4nn\u00f6t. AVI on rekister\u00f6inyt hoitokunnan s\u00e4\u00e4nn\u00f6t. Kartta Sauvam\u00e4ki 1 osakaskunnan alueesta<\/p>\n","protected":false},"author":1,"featured_media":0,"parent":32,"menu_order":0,"comment_status":"closed","ping_status":"closed","template":"basic-sivu.php","meta":{"_acf_changed":false,"footnotes":""},"class_list":["post-56","page","type-page","status-publish","hentry"],"acf":[],"yoast_head":"<!-- This site is optimized with the Yoast SEO plugin v27.1.1 - https:\/\/yoast.com\/product\/yoast-seo-wordpress\/ -->\n<title>S\u00e4\u00e4nn\u00f6t - Sauvam\u00e4ki 1:n osakaskunta<\/title>\n<meta name=\"robots\" content=\"index, follow, max-snippet:-1, max-image-preview:large, max-video-preview:-1\" \/>\n<link rel=\"canonical\" href=\"https:\/\/leppavedenhankasalmenkalatalousalue.fi\/sauvamaki1\/hallinto\/saannot\/\" \/>\n<meta property=\"og:locale\" content=\"fi_FI\" \/>\n<meta property=\"og:type\" content=\"article\" \/>\n<meta property=\"og:title\" content=\"S\u00e4\u00e4nn\u00f6t - Sauvam\u00e4ki 1:n osakaskunta\" \/>\n<meta property=\"og:description\" content=\"Osakaskunnan s\u00e4\u00e4nn\u00f6t Vuoden 2024 vuosikokouksessa on hyv\u00e4ksytty seuraavat s\u00e4\u00e4nn\u00f6t. AVI on rekister\u00f6inyt hoitokunnan s\u00e4\u00e4nn\u00f6t. Kartta Sauvam\u00e4ki 1 osakaskunnan alueesta\" \/>\n<meta property=\"og:url\" content=\"https:\/\/leppavedenhankasalmenkalatalousalue.fi\/sauvamaki1\/hallinto\/saannot\/\" \/>\n<meta property=\"og:site_name\" content=\"Sauvam\u00e4ki 1:n osakaskunta\" \/>\n<meta property=\"article:modified_time\" content=\"2025-03-11T19:53:43+00:00\" \/>\n<meta property=\"og:image\" content=\"https:\/\/leppavedenhankasalmenkalatalousalue.fi\/sauvamaki1\/wp-content\/uploads\/sites\/48\/2024\/02\/sauvamaki-1-ok-scaled.jpg\" \/>\n\t<meta property=\"og:image:width\" content=\"2560\" \/>\n\t<meta property=\"og:image:height\" content=\"1810\" \/>\n\t<meta property=\"og:image:type\" content=\"image\/jpeg\" \/>\n<meta name=\"twitter:card\" content=\"summary_large_image\" \/>\n<meta name=\"twitter:label1\" content=\"Arvioitu lukuaika\" \/>\n\t<meta name=\"twitter:data1\" content=\"1 minuutti\" \/>\n<script type=\"application\/ld+json\" class=\"yoast-schema-graph\">{\"@context\":\"https:\/\/schema.org\",\"@graph\":[{\"@type\":\"WebPage\",\"@id\":\"https:\/\/leppavedenhankasalmenkalatalousalue.fi\/sauvamaki1\/hallinto\/saannot\/\",\"url\":\"https:\/\/leppavedenhankasalmenkalatalousalue.fi\/sauvamaki1\/hallinto\/saannot\/\",\"name\":\"S\u00e4\u00e4nn\u00f6t - Sauvam\u00e4ki 1:n osakaskunta\",\"isPartOf\":{\"@id\":\"https:\/\/leppavedenhankasalmenkalatalousalue.fi\/sauvamaki1\/#website\"},\"primaryImageOfPage\":{\"@id\":\"https:\/\/leppavedenhankasalmenkalatalousalue.fi\/sauvamaki1\/hallinto\/saannot\/#primaryimage\"},\"image\":{\"@id\":\"https:\/\/leppavedenhankasalmenkalatalousalue.fi\/sauvamaki1\/hallinto\/saannot\/#primaryimage\"},\"thumbnailUrl\":\"https:\/\/leppavedenhankasalmenkalatalousalue.fi\/sauvamaki1\/wp-content\/uploads\/sites\/48\/2024\/02\/sauvamaki-1-ok-1024x724.jpg\",\"datePublished\":\"2020-10-29T10:03:00+00:00\",\"dateModified\":\"2025-03-11T19:53:43+00:00\",\"breadcrumb\":{\"@id\":\"https:\/\/leppavedenhankasalmenkalatalousalue.fi\/sauvamaki1\/hallinto\/saannot\/#breadcrumb\"},\"inLanguage\":\"fi\",\"potentialAction\":[{\"@type\":\"ReadAction\",\"target\":[\"https:\/\/leppavedenhankasalmenkalatalousalue.fi\/sauvamaki1\/hallinto\/saannot\/\"]}]},{\"@type\":\"ImageObject\",\"inLanguage\":\"fi\",\"@id\":\"https:\/\/leppavedenhankasalmenkalatalousalue.fi\/sauvamaki1\/hallinto\/saannot\/#primaryimage\",\"url\":\"https:\/\/leppavedenhankasalmenkalatalousalue.fi\/sauvamaki1\/wp-content\/uploads\/sites\/48\/2024\/02\/sauvamaki-1-ok-scaled.jpg\",\"contentUrl\":\"https:\/\/leppavedenhankasalmenkalatalousalue.fi\/sauvamaki1\/wp-content\/uploads\/sites\/48\/2024\/02\/sauvamaki-1-ok-scaled.jpg\",\"width\":2560,\"height\":1810},{\"@type\":\"BreadcrumbList\",\"@id\":\"https:\/\/leppavedenhankasalmenkalatalousalue.fi\/sauvamaki1\/hallinto\/saannot\/#breadcrumb\",\"itemListElement\":[{\"@type\":\"ListItem\",\"position\":1,\"name\":\"Home\",\"item\":\"https:\/\/leppavedenhankasalmenkalatalousalue.fi\/sauvamaki1\/\"},{\"@type\":\"ListItem\",\"position\":2,\"name\":\"Hallinto\",\"item\":\"https:\/\/leppavedenhankasalmenkalatalousalue.fi\/sauvamaki1\/hallinto\/\"},{\"@type\":\"ListItem\",\"position\":3,\"name\":\"S\u00e4\u00e4nn\u00f6t\"}]},{\"@type\":\"WebSite\",\"@id\":\"https:\/\/leppavedenhankasalmenkalatalousalue.fi\/sauvamaki1\/#website\",\"url\":\"https:\/\/leppavedenhankasalmenkalatalousalue.fi\/sauvamaki1\/\",\"name\":\"Sauvam\u00e4ki 1:n osakaskunta\",\"description\":\"\",\"potentialAction\":[{\"@type\":\"SearchAction\",\"target\":{\"@type\":\"EntryPoint\",\"urlTemplate\":\"https:\/\/leppavedenhankasalmenkalatalousalue.fi\/sauvamaki1\/?s={search_term_string}\"},\"query-input\":{\"@type\":\"PropertyValueSpecification\",\"valueRequired\":true,\"valueName\":\"search_term_string\"}}],\"inLanguage\":\"fi\"}]}<\/script>\n<!-- \/ Yoast SEO plugin. -->","yoast_head_json":{"title":"S\u00e4\u00e4nn\u00f6t - Sauvam\u00e4ki 1:n osakaskunta","robots":{"index":"index","follow":"follow","max-snippet":"max-snippet:-1","max-image-preview":"max-image-preview:large","max-video-preview":"max-video-preview:-1"},"canonical":"https:\/\/leppavedenhankasalmenkalatalousalue.fi\/sauvamaki1\/hallinto\/saannot\/","og_locale":"fi_FI","og_type":"article","og_title":"S\u00e4\u00e4nn\u00f6t - Sauvam\u00e4ki 1:n osakaskunta","og_description":"Osakaskunnan s\u00e4\u00e4nn\u00f6t Vuoden 2024 vuosikokouksessa on hyv\u00e4ksytty seuraavat s\u00e4\u00e4nn\u00f6t. AVI on rekister\u00f6inyt hoitokunnan s\u00e4\u00e4nn\u00f6t. Kartta Sauvam\u00e4ki 1 osakaskunnan alueesta","og_url":"https:\/\/leppavedenhankasalmenkalatalousalue.fi\/sauvamaki1\/hallinto\/saannot\/","og_site_name":"Sauvam\u00e4ki 1:n osakaskunta","article_modified_time":"2025-03-11T19:53:43+00:00","og_image":[{"width":2560,"height":1810,"url":"https:\/\/leppavedenhankasalmenkalatalousalue.fi\/sauvamaki1\/wp-content\/uploads\/sites\/48\/2024\/02\/sauvamaki-1-ok-scaled.jpg","type":"image\/jpeg"}],"twitter_card":"summary_large_image","twitter_misc":{"Arvioitu lukuaika":"1 minuutti"},"schema":{"@context":"https:\/\/schema.org","@graph":[{"@type":"WebPage","@id":"https:\/\/leppavedenhankasalmenkalatalousalue.fi\/sauvamaki1\/hallinto\/saannot\/","url":"https:\/\/leppavedenhankasalmenkalatalousalue.fi\/sauvamaki1\/hallinto\/saannot\/","name":"S\u00e4\u00e4nn\u00f6t - Sauvam\u00e4ki 1:n osakaskunta","isPartOf":{"@id":"https:\/\/leppavedenhankasalmenkalatalousalue.fi\/sauvamaki1\/#website"},"primaryImageOfPage":{"@id":"https:\/\/leppavedenhankasalmenkalatalousalue.fi\/sauvamaki1\/hallinto\/saannot\/#primaryimage"},"image":{"@id":"https:\/\/leppavedenhankasalmenkalatalousalue.fi\/sauvamaki1\/hallinto\/saannot\/#primaryimage"},"thumbnailUrl":"https:\/\/leppavedenhankasalmenkalatalousalue.fi\/sauvamaki1\/wp-content\/uploads\/sites\/48\/2024\/02\/sauvamaki-1-ok-1024x724.jpg","datePublished":"2020-10-29T10:03:00+00:00","dateModified":"2025-03-11T19:53:43+00:00","breadcrumb":{"@id":"https:\/\/leppavedenhankasalmenkalatalousalue.fi\/sauvamaki1\/hallinto\/saannot\/#breadcrumb"},"inLanguage":"fi","potentialAction":[{"@type":"ReadAction","target":["https:\/\/leppavedenhankasalmenkalatalousalue.fi\/sauvamaki1\/hallinto\/saannot\/"]}]},{"@type":"ImageObject","inLanguage":"fi","@id":"https:\/\/leppavedenhankasalmenkalatalousalue.fi\/sauvamaki1\/hallinto\/saannot\/#primaryimage","url":"https:\/\/leppavedenhankasalmenkalatalousalue.fi\/sauvamaki1\/wp-content\/uploads\/sites\/48\/2024\/02\/sauvamaki-1-ok-scaled.jpg","contentUrl":"https:\/\/leppavedenhankasalmenkalatalousalue.fi\/sauvamaki1\/wp-content\/uploads\/sites\/48\/2024\/02\/sauvamaki-1-ok-scaled.jpg","width":2560,"height":1810},{"@type":"BreadcrumbList","@id":"https:\/\/leppavedenhankasalmenkalatalousalue.fi\/sauvamaki1\/hallinto\/saannot\/#breadcrumb","itemListElement":[{"@type":"ListItem","position":1,"name":"Home","item":"https:\/\/leppavedenhankasalmenkalatalousalue.fi\/sauvamaki1\/"},{"@type":"ListItem","position":2,"name":"Hallinto","item":"https:\/\/leppavedenhankasalmenkalatalousalue.fi\/sauvamaki1\/hallinto\/"},{"@type":"ListItem","position":3,"name":"S\u00e4\u00e4nn\u00f6t"}]},{"@type":"WebSite","@id":"https:\/\/leppavedenhankasalmenkalatalousalue.fi\/sauvamaki1\/#website","url":"https:\/\/leppavedenhankasalmenkalatalousalue.fi\/sauvamaki1\/","name":"Sauvam\u00e4ki 1:n osakaskunta","description":"","potentialAction":[{"@type":"SearchAction","target":{"@type":"EntryPoint","urlTemplate":"https:\/\/leppavedenhankasalmenkalatalousalue.fi\/sauvamaki1\/?s={search_term_string}"},"query-input":{"@type":"PropertyValueSpecification","valueRequired":true,"valueName":"search_term_string"}}],"inLanguage":"fi"}]}},"_links":{"self":[{"href":"https:\/\/leppavedenhankasalmenkalatalousalue.fi\/sauvamaki1\/wp-json\/wp\/v2\/pages\/56","targetHints":{"allow":["GET"]}}],"collection":[{"href":"https:\/\/leppavedenhankasalmenkalatalousalue.fi\/sauvamaki1\/wp-json\/wp\/v2\/pages"}],"about":[{"href":"https:\/\/leppavedenhankasalmenkalatalousalue.fi\/sauvamaki1\/wp-json\/wp\/v2\/types\/page"}],"author":[{"embeddable":true,"href":"https:\/\/leppavedenhankasalmenkalatalousalue.fi\/sauvamaki1\/wp-json\/wp\/v2\/users\/1"}],"replies":[{"embeddable":true,"href":"https:\/\/leppavedenhankasalmenkalatalousalue.fi\/sauvamaki1\/wp-json\/wp\/v2\/comments?post=56"}],"version-history":[{"count":8,"href":"https:\/\/leppavedenhankasalmenkalatalousalue.fi\/sauvamaki1\/wp-json\/wp\/v2\/pages\/56\/revisions"}],"predecessor-version":[{"id":407,"href":"https:\/\/leppavedenhankasalmenkalatalousalue.fi\/sauvamaki1\/wp-json\/wp\/v2\/pages\/56\/revisions\/407"}],"up":[{"embeddable":true,"href":"https:\/\/leppavedenhankasalmenkalatalousalue.fi\/sauvamaki1\/wp-json\/wp\/v2\/pages\/32"}],"wp:attachment":[{"href":"https:\/\/leppavedenhankasalmenkalatalousalue.fi\/sauvamaki1\/wp-json\/wp\/v2\/media?parent=56"}],"curies":[{"name":"wp","href":"https:\/\/api.w.org\/{rel}","templated":true}]}}