{"id":86,"date":"2020-10-29T11:39:36","date_gmt":"2020-10-29T11:39:36","guid":{"rendered":"http:\/\/89.166.51.80\/~leppaveden\/hameenmaen-osakaskunta\/?page_id=86"},"modified":"2025-03-11T20:12:34","modified_gmt":"2025-03-11T20:12:34","slug":"lupamaksut-ja-ohjeet","status":"publish","type":"page","link":"https:\/\/leppavedenhankasalmenkalatalousalue.fi\/sauvamaki1\/luvat\/lupamaksut-ja-ohjeet\/","title":{"rendered":"Lupamaksut ja ohjeet"},"content":{"rendered":"\n<h2 class=\"wp-block-heading\"><img loading=\"lazy\" decoding=\"async\" width=\"1080\" height=\"1080\" class=\"wp-image-287\" style=\"width: 150px\" src=\"https:\/\/leppavedenhankasalmenkalatalousalue.fi\/sauvamaki1\/wp-content\/uploads\/sites\/48\/2024\/01\/sauvamaki1_rgb-01.png\" alt=\"\" srcset=\"https:\/\/leppavedenhankasalmenkalatalousalue.fi\/sauvamaki1\/wp-content\/uploads\/sites\/48\/2024\/01\/sauvamaki1_rgb-01.png 1080w, https:\/\/leppavedenhankasalmenkalatalousalue.fi\/sauvamaki1\/wp-content\/uploads\/sites\/48\/2024\/01\/sauvamaki1_rgb-01-300x300.png 300w, https:\/\/leppavedenhankasalmenkalatalousalue.fi\/sauvamaki1\/wp-content\/uploads\/sites\/48\/2024\/01\/sauvamaki1_rgb-01-1024x1024.png 1024w, https:\/\/leppavedenhankasalmenkalatalousalue.fi\/sauvamaki1\/wp-content\/uploads\/sites\/48\/2024\/01\/sauvamaki1_rgb-01-150x150.png 150w, https:\/\/leppavedenhankasalmenkalatalousalue.fi\/sauvamaki1\/wp-content\/uploads\/sites\/48\/2024\/01\/sauvamaki1_rgb-01-768x768.png 768w\" sizes=\"auto, (max-width: 1080px) 100vw, 1080px\" \/>Lupamaksut ja ohjeet<\/h2>\n\n\n\n<p>P\u00e4\u00e4tettiin 20.4.2024 vuosikokouksessa seuraavaa:<\/p>\n\n\n\n<p>5\u20ac \/ pyydysmerkki.<\/p>\n\n\n\n<p>Yksi merkki \/ verkko.<\/p>\n\n\n\n<p>Yksi merkki \/ katiska.<\/p>\n\n\n\n<p>Yksi merkki \/ 2 rapumertaa.<\/p>\n\n\n\n<p>Kerralla saa olla enint\u00e4\u00e4n 8 merkitty\u00e4 pyydyst\u00e4 pyynniss\u00e4 (osakas voi ostaa merkkej\u00e4 enemm\u00e4n kuin 8 kpl).<\/p>\n","protected":false},"excerpt":{"rendered":"<p>Lupamaksut ja ohjeet P\u00e4\u00e4tettiin 20.4.2024 vuosikokouksessa seuraavaa: 5\u20ac \/ pyydysmerkki. Yksi merkki \/ verkko. Yksi merkki \/ katiska. Yksi merkki \/ 2 rapumertaa. Kerralla saa olla enint\u00e4\u00e4n 8 merkitty\u00e4 pyydyst\u00e4 pyynniss\u00e4 (osakas voi ostaa merkkej\u00e4 enemm\u00e4n kuin 8 kpl).<\/p>\n","protected":false},"author":1,"featured_media":0,"parent":45,"menu_order":0,"comment_status":"closed","ping_status":"closed","template":"basic-sivu.php","meta":{"_acf_changed":false,"footnotes":""},"class_list":["post-86","page","type-page","status-publish","hentry"],"acf":[],"yoast_head":"<!-- This site is optimized with the Yoast SEO plugin v27.1.1 - https:\/\/yoast.com\/product\/yoast-seo-wordpress\/ -->\n<title>Lupamaksut ja ohjeet - Sauvam\u00e4ki 1:n osakaskunta<\/title>\n<meta name=\"robots\" content=\"index, follow, max-snippet:-1, max-image-preview:large, max-video-preview:-1\" \/>\n<link rel=\"canonical\" href=\"https:\/\/leppavedenhankasalmenkalatalousalue.fi\/sauvamaki1\/luvat\/lupamaksut-ja-ohjeet\/\" \/>\n<meta property=\"og:locale\" content=\"fi_FI\" \/>\n<meta property=\"og:type\" content=\"article\" \/>\n<meta property=\"og:title\" content=\"Lupamaksut ja ohjeet - Sauvam\u00e4ki 1:n osakaskunta\" \/>\n<meta property=\"og:description\" content=\"Lupamaksut ja ohjeet P\u00e4\u00e4tettiin 20.4.2024 vuosikokouksessa seuraavaa: 5\u20ac \/ pyydysmerkki. Yksi merkki \/ verkko. Yksi merkki \/ katiska. Yksi merkki \/ 2 rapumertaa. Kerralla saa olla enint\u00e4\u00e4n 8 merkitty\u00e4 pyydyst\u00e4 pyynniss\u00e4 (osakas voi ostaa merkkej\u00e4 enemm\u00e4n kuin 8 kpl).\" \/>\n<meta property=\"og:url\" content=\"https:\/\/leppavedenhankasalmenkalatalousalue.fi\/sauvamaki1\/luvat\/lupamaksut-ja-ohjeet\/\" \/>\n<meta property=\"og:site_name\" content=\"Sauvam\u00e4ki 1:n osakaskunta\" \/>\n<meta property=\"article:modified_time\" content=\"2025-03-11T20:12:34+00:00\" \/>\n<meta property=\"og:image\" content=\"https:\/\/leppavedenhankasalmenkalatalousalue.fi\/sauvamaki1\/wp-content\/uploads\/sites\/48\/2024\/01\/sauvamaki1_rgb-01.png\" \/>\n\t<meta property=\"og:image:width\" content=\"1080\" \/>\n\t<meta property=\"og:image:height\" content=\"1080\" \/>\n\t<meta property=\"og:image:type\" content=\"image\/png\" \/>\n<meta name=\"twitter:card\" content=\"summary_large_image\" \/>\n<meta name=\"twitter:label1\" content=\"Arvioitu lukuaika\" \/>\n\t<meta name=\"twitter:data1\" content=\"1 minuutti\" \/>\n<script type=\"application\/ld+json\" class=\"yoast-schema-graph\">{\"@context\":\"https:\/\/schema.org\",\"@graph\":[{\"@type\":\"WebPage\",\"@id\":\"https:\/\/leppavedenhankasalmenkalatalousalue.fi\/sauvamaki1\/luvat\/lupamaksut-ja-ohjeet\/\",\"url\":\"https:\/\/leppavedenhankasalmenkalatalousalue.fi\/sauvamaki1\/luvat\/lupamaksut-ja-ohjeet\/\",\"name\":\"Lupamaksut ja ohjeet - Sauvam\u00e4ki 1:n osakaskunta\",\"isPartOf\":{\"@id\":\"https:\/\/leppavedenhankasalmenkalatalousalue.fi\/sauvamaki1\/#website\"},\"primaryImageOfPage\":{\"@id\":\"https:\/\/leppavedenhankasalmenkalatalousalue.fi\/sauvamaki1\/luvat\/lupamaksut-ja-ohjeet\/#primaryimage\"},\"image\":{\"@id\":\"https:\/\/leppavedenhankasalmenkalatalousalue.fi\/sauvamaki1\/luvat\/lupamaksut-ja-ohjeet\/#primaryimage\"},\"thumbnailUrl\":\"https:\/\/leppavedenhankasalmenkalatalousalue.fi\/sauvamaki1\/wp-content\/uploads\/sites\/48\/2024\/01\/sauvamaki1_rgb-01.png\",\"datePublished\":\"2020-10-29T11:39:36+00:00\",\"dateModified\":\"2025-03-11T20:12:34+00:00\",\"breadcrumb\":{\"@id\":\"https:\/\/leppavedenhankasalmenkalatalousalue.fi\/sauvamaki1\/luvat\/lupamaksut-ja-ohjeet\/#breadcrumb\"},\"inLanguage\":\"fi\",\"potentialAction\":[{\"@type\":\"ReadAction\",\"target\":[\"https:\/\/leppavedenhankasalmenkalatalousalue.fi\/sauvamaki1\/luvat\/lupamaksut-ja-ohjeet\/\"]}]},{\"@type\":\"ImageObject\",\"inLanguage\":\"fi\",\"@id\":\"https:\/\/leppavedenhankasalmenkalatalousalue.fi\/sauvamaki1\/luvat\/lupamaksut-ja-ohjeet\/#primaryimage\",\"url\":\"https:\/\/leppavedenhankasalmenkalatalousalue.fi\/sauvamaki1\/wp-content\/uploads\/sites\/48\/2024\/01\/sauvamaki1_rgb-01.png\",\"contentUrl\":\"https:\/\/leppavedenhankasalmenkalatalousalue.fi\/sauvamaki1\/wp-content\/uploads\/sites\/48\/2024\/01\/sauvamaki1_rgb-01.png\",\"width\":1080,\"height\":1080},{\"@type\":\"BreadcrumbList\",\"@id\":\"https:\/\/leppavedenhankasalmenkalatalousalue.fi\/sauvamaki1\/luvat\/lupamaksut-ja-ohjeet\/#breadcrumb\",\"itemListElement\":[{\"@type\":\"ListItem\",\"position\":1,\"name\":\"Home\",\"item\":\"https:\/\/leppavedenhankasalmenkalatalousalue.fi\/sauvamaki1\/\"},{\"@type\":\"ListItem\",\"position\":2,\"name\":\"Yksityinen: Luvat\",\"item\":\"https:\/\/leppavedenhankasalmenkalatalousalue.fi\/sauvamaki1\/?page_id=45\"},{\"@type\":\"ListItem\",\"position\":3,\"name\":\"Lupamaksut ja ohjeet\"}]},{\"@type\":\"WebSite\",\"@id\":\"https:\/\/leppavedenhankasalmenkalatalousalue.fi\/sauvamaki1\/#website\",\"url\":\"https:\/\/leppavedenhankasalmenkalatalousalue.fi\/sauvamaki1\/\",\"name\":\"Sauvam\u00e4ki 1:n osakaskunta\",\"description\":\"\",\"potentialAction\":[{\"@type\":\"SearchAction\",\"target\":{\"@type\":\"EntryPoint\",\"urlTemplate\":\"https:\/\/leppavedenhankasalmenkalatalousalue.fi\/sauvamaki1\/?s={search_term_string}\"},\"query-input\":{\"@type\":\"PropertyValueSpecification\",\"valueRequired\":true,\"valueName\":\"search_term_string\"}}],\"inLanguage\":\"fi\"}]}<\/script>\n<!-- \/ Yoast SEO plugin. -->","yoast_head_json":{"title":"Lupamaksut ja ohjeet - Sauvam\u00e4ki 1:n osakaskunta","robots":{"index":"index","follow":"follow","max-snippet":"max-snippet:-1","max-image-preview":"max-image-preview:large","max-video-preview":"max-video-preview:-1"},"canonical":"https:\/\/leppavedenhankasalmenkalatalousalue.fi\/sauvamaki1\/luvat\/lupamaksut-ja-ohjeet\/","og_locale":"fi_FI","og_type":"article","og_title":"Lupamaksut ja ohjeet - Sauvam\u00e4ki 1:n osakaskunta","og_description":"Lupamaksut ja ohjeet P\u00e4\u00e4tettiin 20.4.2024 vuosikokouksessa seuraavaa: 5\u20ac \/ pyydysmerkki. Yksi merkki \/ verkko. Yksi merkki \/ katiska. Yksi merkki \/ 2 rapumertaa. Kerralla saa olla enint\u00e4\u00e4n 8 merkitty\u00e4 pyydyst\u00e4 pyynniss\u00e4 (osakas voi ostaa merkkej\u00e4 enemm\u00e4n kuin 8 kpl).","og_url":"https:\/\/leppavedenhankasalmenkalatalousalue.fi\/sauvamaki1\/luvat\/lupamaksut-ja-ohjeet\/","og_site_name":"Sauvam\u00e4ki 1:n osakaskunta","article_modified_time":"2025-03-11T20:12:34+00:00","og_image":[{"width":1080,"height":1080,"url":"https:\/\/leppavedenhankasalmenkalatalousalue.fi\/sauvamaki1\/wp-content\/uploads\/sites\/48\/2024\/01\/sauvamaki1_rgb-01.png","type":"image\/png"}],"twitter_card":"summary_large_image","twitter_misc":{"Arvioitu lukuaika":"1 minuutti"},"schema":{"@context":"https:\/\/schema.org","@graph":[{"@type":"WebPage","@id":"https:\/\/leppavedenhankasalmenkalatalousalue.fi\/sauvamaki1\/luvat\/lupamaksut-ja-ohjeet\/","url":"https:\/\/leppavedenhankasalmenkalatalousalue.fi\/sauvamaki1\/luvat\/lupamaksut-ja-ohjeet\/","name":"Lupamaksut ja ohjeet - Sauvam\u00e4ki 1:n osakaskunta","isPartOf":{"@id":"https:\/\/leppavedenhankasalmenkalatalousalue.fi\/sauvamaki1\/#website"},"primaryImageOfPage":{"@id":"https:\/\/leppavedenhankasalmenkalatalousalue.fi\/sauvamaki1\/luvat\/lupamaksut-ja-ohjeet\/#primaryimage"},"image":{"@id":"https:\/\/leppavedenhankasalmenkalatalousalue.fi\/sauvamaki1\/luvat\/lupamaksut-ja-ohjeet\/#primaryimage"},"thumbnailUrl":"https:\/\/leppavedenhankasalmenkalatalousalue.fi\/sauvamaki1\/wp-content\/uploads\/sites\/48\/2024\/01\/sauvamaki1_rgb-01.png","datePublished":"2020-10-29T11:39:36+00:00","dateModified":"2025-03-11T20:12:34+00:00","breadcrumb":{"@id":"https:\/\/leppavedenhankasalmenkalatalousalue.fi\/sauvamaki1\/luvat\/lupamaksut-ja-ohjeet\/#breadcrumb"},"inLanguage":"fi","potentialAction":[{"@type":"ReadAction","target":["https:\/\/leppavedenhankasalmenkalatalousalue.fi\/sauvamaki1\/luvat\/lupamaksut-ja-ohjeet\/"]}]},{"@type":"ImageObject","inLanguage":"fi","@id":"https:\/\/leppavedenhankasalmenkalatalousalue.fi\/sauvamaki1\/luvat\/lupamaksut-ja-ohjeet\/#primaryimage","url":"https:\/\/leppavedenhankasalmenkalatalousalue.fi\/sauvamaki1\/wp-content\/uploads\/sites\/48\/2024\/01\/sauvamaki1_rgb-01.png","contentUrl":"https:\/\/leppavedenhankasalmenkalatalousalue.fi\/sauvamaki1\/wp-content\/uploads\/sites\/48\/2024\/01\/sauvamaki1_rgb-01.png","width":1080,"height":1080},{"@type":"BreadcrumbList","@id":"https:\/\/leppavedenhankasalmenkalatalousalue.fi\/sauvamaki1\/luvat\/lupamaksut-ja-ohjeet\/#breadcrumb","itemListElement":[{"@type":"ListItem","position":1,"name":"Home","item":"https:\/\/leppavedenhankasalmenkalatalousalue.fi\/sauvamaki1\/"},{"@type":"ListItem","position":2,"name":"Yksityinen: Luvat","item":"https:\/\/leppavedenhankasalmenkalatalousalue.fi\/sauvamaki1\/?page_id=45"},{"@type":"ListItem","position":3,"name":"Lupamaksut ja ohjeet"}]},{"@type":"WebSite","@id":"https:\/\/leppavedenhankasalmenkalatalousalue.fi\/sauvamaki1\/#website","url":"https:\/\/leppavedenhankasalmenkalatalousalue.fi\/sauvamaki1\/","name":"Sauvam\u00e4ki 1:n osakaskunta","description":"","potentialAction":[{"@type":"SearchAction","target":{"@type":"EntryPoint","urlTemplate":"https:\/\/leppavedenhankasalmenkalatalousalue.fi\/sauvamaki1\/?s={search_term_string}"},"query-input":{"@type":"PropertyValueSpecification","valueRequired":true,"valueName":"search_term_string"}}],"inLanguage":"fi"}]}},"_links":{"self":[{"href":"https:\/\/leppavedenhankasalmenkalatalousalue.fi\/sauvamaki1\/wp-json\/wp\/v2\/pages\/86","targetHints":{"allow":["GET"]}}],"collection":[{"href":"https:\/\/leppavedenhankasalmenkalatalousalue.fi\/sauvamaki1\/wp-json\/wp\/v2\/pages"}],"about":[{"href":"https:\/\/leppavedenhankasalmenkalatalousalue.fi\/sauvamaki1\/wp-json\/wp\/v2\/types\/page"}],"author":[{"embeddable":true,"href":"https:\/\/leppavedenhankasalmenkalatalousalue.fi\/sauvamaki1\/wp-json\/wp\/v2\/users\/1"}],"replies":[{"embeddable":true,"href":"https:\/\/leppavedenhankasalmenkalatalousalue.fi\/sauvamaki1\/wp-json\/wp\/v2\/comments?post=86"}],"version-history":[{"count":8,"href":"https:\/\/leppavedenhankasalmenkalatalousalue.fi\/sauvamaki1\/wp-json\/wp\/v2\/pages\/86\/revisions"}],"predecessor-version":[{"id":420,"href":"https:\/\/leppavedenhankasalmenkalatalousalue.fi\/sauvamaki1\/wp-json\/wp\/v2\/pages\/86\/revisions\/420"}],"up":[{"embeddable":true,"href":"https:\/\/leppavedenhankasalmenkalatalousalue.fi\/sauvamaki1\/wp-json\/wp\/v2\/pages\/45"}],"wp:attachment":[{"href":"https:\/\/leppavedenhankasalmenkalatalousalue.fi\/sauvamaki1\/wp-json\/wp\/v2\/media?parent=86"}],"curies":[{"name":"wp","href":"https:\/\/api.w.org\/{rel}","templated":true}]}}