{"id":97,"date":"2020-10-29T11:48:36","date_gmt":"2020-10-29T11:48:36","guid":{"rendered":"http:\/\/89.166.51.80\/~leppaveden\/hameenmaen-osakaskunta\/?page_id=97"},"modified":"2025-03-31T17:59:20","modified_gmt":"2025-03-31T17:59:20","slug":"pyydysmerkinnat","status":"publish","type":"page","link":"https:\/\/leppavedenhankasalmenkalatalousalue.fi\/sauvamaki1\/luvat\/pyydysmerkinnat\/","title":{"rendered":"Pyydysmerkinn\u00e4t"},"content":{"rendered":"\n<h2 class=\"wp-block-heading\">Pyydysmerkinn\u00e4t<\/h2>\n\n\n\n<p>Sauvam\u00e4ki 1 osakaskunnan pyydyksiss\u00e4 pit\u00e4\u00e4 olla Osakaskunnan pyydysmerkin lis\u00e4ksi merkittyn\u00e4 pyydyksen asettajan nimi sek\u00e4 puhelinnumero tai postiosoite.<\/p>\n\n\n\n<p><strong>Kalastuslaki 1360\/2015 9 \u00a7<\/strong><\/p>\n\n\n\n<h2 class=\"wp-block-heading\">Yhteenveto kalastuksesta osakaskunnan alueilla:<\/h2>\n\n\n\n<figure class=\"wp-block-image size-large\"><img loading=\"lazy\" decoding=\"async\" width=\"739\" height=\"1024\" src=\"https:\/\/leppavedenhankasalmenkalatalousalue.fi\/sauvamaki1\/wp-content\/uploads\/sites\/48\/2025\/03\/kalastus_plus_jarvet-pdf-739x1024.jpg\" alt=\"\" class=\"wp-image-446\" \/><\/figure>\n\n\n\n<div class=\"wp-block-columns is-layout-flex wp-container-core-columns-is-layout-9d6595d7 wp-block-columns-is-layout-flex\"><\/div>\n\n\n\n<p><\/p>\n","protected":false},"excerpt":{"rendered":"<p>Pyydysmerkinn\u00e4t Sauvam\u00e4ki 1 osakaskunnan pyydyksiss\u00e4 pit\u00e4\u00e4 olla Osakaskunnan pyydysmerkin lis\u00e4ksi merkittyn\u00e4 pyydyksen asettajan nimi sek\u00e4 puhelinnumero tai postiosoite. Kalastuslaki 1360\/2015 9 \u00a7 Yhteenveto kalastuksesta osakaskunnan alueilla:<\/p>\n","protected":false},"author":1,"featured_media":0,"parent":45,"menu_order":0,"comment_status":"closed","ping_status":"closed","template":"basic-sivu.php","meta":{"_acf_changed":false,"footnotes":""},"class_list":["post-97","page","type-page","status-publish","hentry"],"acf":[],"yoast_head":"<!-- This site is optimized with the Yoast SEO plugin v27.1.1 - https:\/\/yoast.com\/product\/yoast-seo-wordpress\/ -->\n<title>Pyydysmerkinn\u00e4t - Sauvam\u00e4ki 1:n osakaskunta<\/title>\n<meta name=\"robots\" content=\"index, follow, max-snippet:-1, max-image-preview:large, max-video-preview:-1\" \/>\n<link rel=\"canonical\" href=\"https:\/\/leppavedenhankasalmenkalatalousalue.fi\/sauvamaki1\/luvat\/pyydysmerkinnat\/\" \/>\n<meta property=\"og:locale\" content=\"fi_FI\" \/>\n<meta property=\"og:type\" content=\"article\" \/>\n<meta property=\"og:title\" content=\"Pyydysmerkinn\u00e4t - Sauvam\u00e4ki 1:n osakaskunta\" \/>\n<meta property=\"og:description\" content=\"Pyydysmerkinn\u00e4t Sauvam\u00e4ki 1 osakaskunnan pyydyksiss\u00e4 pit\u00e4\u00e4 olla Osakaskunnan pyydysmerkin lis\u00e4ksi merkittyn\u00e4 pyydyksen asettajan nimi sek\u00e4 puhelinnumero tai postiosoite. Kalastuslaki 1360\/2015 9 \u00a7 Yhteenveto kalastuksesta osakaskunnan alueilla:\" \/>\n<meta property=\"og:url\" content=\"https:\/\/leppavedenhankasalmenkalatalousalue.fi\/sauvamaki1\/luvat\/pyydysmerkinnat\/\" \/>\n<meta property=\"og:site_name\" content=\"Sauvam\u00e4ki 1:n osakaskunta\" \/>\n<meta property=\"article:modified_time\" content=\"2025-03-31T17:59:20+00:00\" \/>\n<meta name=\"twitter:card\" content=\"summary_large_image\" \/>\n<meta name=\"twitter:label1\" content=\"Arvioitu lukuaika\" \/>\n\t<meta name=\"twitter:data1\" content=\"1 minuutti\" \/>\n<script type=\"application\/ld+json\" class=\"yoast-schema-graph\">{\"@context\":\"https:\/\/schema.org\",\"@graph\":[{\"@type\":\"WebPage\",\"@id\":\"https:\/\/leppavedenhankasalmenkalatalousalue.fi\/sauvamaki1\/luvat\/pyydysmerkinnat\/\",\"url\":\"https:\/\/leppavedenhankasalmenkalatalousalue.fi\/sauvamaki1\/luvat\/pyydysmerkinnat\/\",\"name\":\"Pyydysmerkinn\u00e4t - Sauvam\u00e4ki 1:n osakaskunta\",\"isPartOf\":{\"@id\":\"https:\/\/leppavedenhankasalmenkalatalousalue.fi\/sauvamaki1\/#website\"},\"primaryImageOfPage\":{\"@id\":\"https:\/\/leppavedenhankasalmenkalatalousalue.fi\/sauvamaki1\/luvat\/pyydysmerkinnat\/#primaryimage\"},\"image\":{\"@id\":\"https:\/\/leppavedenhankasalmenkalatalousalue.fi\/sauvamaki1\/luvat\/pyydysmerkinnat\/#primaryimage\"},\"thumbnailUrl\":\"https:\/\/leppavedenhankasalmenkalatalousalue.fi\/sauvamaki1\/wp-content\/uploads\/sites\/48\/2025\/03\/kalastus_plus_jarvet-pdf-739x1024.jpg\",\"datePublished\":\"2020-10-29T11:48:36+00:00\",\"dateModified\":\"2025-03-31T17:59:20+00:00\",\"breadcrumb\":{\"@id\":\"https:\/\/leppavedenhankasalmenkalatalousalue.fi\/sauvamaki1\/luvat\/pyydysmerkinnat\/#breadcrumb\"},\"inLanguage\":\"fi\",\"potentialAction\":[{\"@type\":\"ReadAction\",\"target\":[\"https:\/\/leppavedenhankasalmenkalatalousalue.fi\/sauvamaki1\/luvat\/pyydysmerkinnat\/\"]}]},{\"@type\":\"ImageObject\",\"inLanguage\":\"fi\",\"@id\":\"https:\/\/leppavedenhankasalmenkalatalousalue.fi\/sauvamaki1\/luvat\/pyydysmerkinnat\/#primaryimage\",\"url\":\"https:\/\/leppavedenhankasalmenkalatalousalue.fi\/sauvamaki1\/wp-content\/uploads\/sites\/48\/2025\/03\/kalastus_plus_jarvet-pdf.jpg\",\"contentUrl\":\"https:\/\/leppavedenhankasalmenkalatalousalue.fi\/sauvamaki1\/wp-content\/uploads\/sites\/48\/2025\/03\/kalastus_plus_jarvet-pdf.jpg\"},{\"@type\":\"BreadcrumbList\",\"@id\":\"https:\/\/leppavedenhankasalmenkalatalousalue.fi\/sauvamaki1\/luvat\/pyydysmerkinnat\/#breadcrumb\",\"itemListElement\":[{\"@type\":\"ListItem\",\"position\":1,\"name\":\"Home\",\"item\":\"https:\/\/leppavedenhankasalmenkalatalousalue.fi\/sauvamaki1\/\"},{\"@type\":\"ListItem\",\"position\":2,\"name\":\"Yksityinen: Luvat\",\"item\":\"https:\/\/leppavedenhankasalmenkalatalousalue.fi\/sauvamaki1\/?page_id=45\"},{\"@type\":\"ListItem\",\"position\":3,\"name\":\"Pyydysmerkinn\u00e4t\"}]},{\"@type\":\"WebSite\",\"@id\":\"https:\/\/leppavedenhankasalmenkalatalousalue.fi\/sauvamaki1\/#website\",\"url\":\"https:\/\/leppavedenhankasalmenkalatalousalue.fi\/sauvamaki1\/\",\"name\":\"Sauvam\u00e4ki 1:n osakaskunta\",\"description\":\"\",\"potentialAction\":[{\"@type\":\"SearchAction\",\"target\":{\"@type\":\"EntryPoint\",\"urlTemplate\":\"https:\/\/leppavedenhankasalmenkalatalousalue.fi\/sauvamaki1\/?s={search_term_string}\"},\"query-input\":{\"@type\":\"PropertyValueSpecification\",\"valueRequired\":true,\"valueName\":\"search_term_string\"}}],\"inLanguage\":\"fi\"}]}<\/script>\n<!-- \/ Yoast SEO plugin. -->","yoast_head_json":{"title":"Pyydysmerkinn\u00e4t - Sauvam\u00e4ki 1:n osakaskunta","robots":{"index":"index","follow":"follow","max-snippet":"max-snippet:-1","max-image-preview":"max-image-preview:large","max-video-preview":"max-video-preview:-1"},"canonical":"https:\/\/leppavedenhankasalmenkalatalousalue.fi\/sauvamaki1\/luvat\/pyydysmerkinnat\/","og_locale":"fi_FI","og_type":"article","og_title":"Pyydysmerkinn\u00e4t - Sauvam\u00e4ki 1:n osakaskunta","og_description":"Pyydysmerkinn\u00e4t Sauvam\u00e4ki 1 osakaskunnan pyydyksiss\u00e4 pit\u00e4\u00e4 olla Osakaskunnan pyydysmerkin lis\u00e4ksi merkittyn\u00e4 pyydyksen asettajan nimi sek\u00e4 puhelinnumero tai postiosoite. Kalastuslaki 1360\/2015 9 \u00a7 Yhteenveto kalastuksesta osakaskunnan alueilla:","og_url":"https:\/\/leppavedenhankasalmenkalatalousalue.fi\/sauvamaki1\/luvat\/pyydysmerkinnat\/","og_site_name":"Sauvam\u00e4ki 1:n osakaskunta","article_modified_time":"2025-03-31T17:59:20+00:00","twitter_card":"summary_large_image","twitter_misc":{"Arvioitu lukuaika":"1 minuutti"},"schema":{"@context":"https:\/\/schema.org","@graph":[{"@type":"WebPage","@id":"https:\/\/leppavedenhankasalmenkalatalousalue.fi\/sauvamaki1\/luvat\/pyydysmerkinnat\/","url":"https:\/\/leppavedenhankasalmenkalatalousalue.fi\/sauvamaki1\/luvat\/pyydysmerkinnat\/","name":"Pyydysmerkinn\u00e4t - Sauvam\u00e4ki 1:n osakaskunta","isPartOf":{"@id":"https:\/\/leppavedenhankasalmenkalatalousalue.fi\/sauvamaki1\/#website"},"primaryImageOfPage":{"@id":"https:\/\/leppavedenhankasalmenkalatalousalue.fi\/sauvamaki1\/luvat\/pyydysmerkinnat\/#primaryimage"},"image":{"@id":"https:\/\/leppavedenhankasalmenkalatalousalue.fi\/sauvamaki1\/luvat\/pyydysmerkinnat\/#primaryimage"},"thumbnailUrl":"https:\/\/leppavedenhankasalmenkalatalousalue.fi\/sauvamaki1\/wp-content\/uploads\/sites\/48\/2025\/03\/kalastus_plus_jarvet-pdf-739x1024.jpg","datePublished":"2020-10-29T11:48:36+00:00","dateModified":"2025-03-31T17:59:20+00:00","breadcrumb":{"@id":"https:\/\/leppavedenhankasalmenkalatalousalue.fi\/sauvamaki1\/luvat\/pyydysmerkinnat\/#breadcrumb"},"inLanguage":"fi","potentialAction":[{"@type":"ReadAction","target":["https:\/\/leppavedenhankasalmenkalatalousalue.fi\/sauvamaki1\/luvat\/pyydysmerkinnat\/"]}]},{"@type":"ImageObject","inLanguage":"fi","@id":"https:\/\/leppavedenhankasalmenkalatalousalue.fi\/sauvamaki1\/luvat\/pyydysmerkinnat\/#primaryimage","url":"https:\/\/leppavedenhankasalmenkalatalousalue.fi\/sauvamaki1\/wp-content\/uploads\/sites\/48\/2025\/03\/kalastus_plus_jarvet-pdf.jpg","contentUrl":"https:\/\/leppavedenhankasalmenkalatalousalue.fi\/sauvamaki1\/wp-content\/uploads\/sites\/48\/2025\/03\/kalastus_plus_jarvet-pdf.jpg"},{"@type":"BreadcrumbList","@id":"https:\/\/leppavedenhankasalmenkalatalousalue.fi\/sauvamaki1\/luvat\/pyydysmerkinnat\/#breadcrumb","itemListElement":[{"@type":"ListItem","position":1,"name":"Home","item":"https:\/\/leppavedenhankasalmenkalatalousalue.fi\/sauvamaki1\/"},{"@type":"ListItem","position":2,"name":"Yksityinen: Luvat","item":"https:\/\/leppavedenhankasalmenkalatalousalue.fi\/sauvamaki1\/?page_id=45"},{"@type":"ListItem","position":3,"name":"Pyydysmerkinn\u00e4t"}]},{"@type":"WebSite","@id":"https:\/\/leppavedenhankasalmenkalatalousalue.fi\/sauvamaki1\/#website","url":"https:\/\/leppavedenhankasalmenkalatalousalue.fi\/sauvamaki1\/","name":"Sauvam\u00e4ki 1:n osakaskunta","description":"","potentialAction":[{"@type":"SearchAction","target":{"@type":"EntryPoint","urlTemplate":"https:\/\/leppavedenhankasalmenkalatalousalue.fi\/sauvamaki1\/?s={search_term_string}"},"query-input":{"@type":"PropertyValueSpecification","valueRequired":true,"valueName":"search_term_string"}}],"inLanguage":"fi"}]}},"_links":{"self":[{"href":"https:\/\/leppavedenhankasalmenkalatalousalue.fi\/sauvamaki1\/wp-json\/wp\/v2\/pages\/97","targetHints":{"allow":["GET"]}}],"collection":[{"href":"https:\/\/leppavedenhankasalmenkalatalousalue.fi\/sauvamaki1\/wp-json\/wp\/v2\/pages"}],"about":[{"href":"https:\/\/leppavedenhankasalmenkalatalousalue.fi\/sauvamaki1\/wp-json\/wp\/v2\/types\/page"}],"author":[{"embeddable":true,"href":"https:\/\/leppavedenhankasalmenkalatalousalue.fi\/sauvamaki1\/wp-json\/wp\/v2\/users\/1"}],"replies":[{"embeddable":true,"href":"https:\/\/leppavedenhankasalmenkalatalousalue.fi\/sauvamaki1\/wp-json\/wp\/v2\/comments?post=97"}],"version-history":[{"count":12,"href":"https:\/\/leppavedenhankasalmenkalatalousalue.fi\/sauvamaki1\/wp-json\/wp\/v2\/pages\/97\/revisions"}],"predecessor-version":[{"id":447,"href":"https:\/\/leppavedenhankasalmenkalatalousalue.fi\/sauvamaki1\/wp-json\/wp\/v2\/pages\/97\/revisions\/447"}],"up":[{"embeddable":true,"href":"https:\/\/leppavedenhankasalmenkalatalousalue.fi\/sauvamaki1\/wp-json\/wp\/v2\/pages\/45"}],"wp:attachment":[{"href":"https:\/\/leppavedenhankasalmenkalatalousalue.fi\/sauvamaki1\/wp-json\/wp\/v2\/media?parent=97"}],"curies":[{"name":"wp","href":"https:\/\/api.w.org\/{rel}","templated":true}]}}