{"id":2,"date":"2020-10-22T07:32:51","date_gmt":"2020-10-22T07:32:51","guid":{"rendered":"http:\/\/89.166.51.80\/~leppaveden\/hameenmaen-osakaskunta\/?page_id=2"},"modified":"2026-03-11T09:06:17","modified_gmt":"2026-03-11T09:06:17","slug":"etusivu","status":"publish","type":"page","link":"https:\/\/leppavedenhankasalmenkalatalousalue.fi\/seppala\/","title":{"rendered":"Etusivu"},"content":{"rendered":"\n<h2 class=\"wp-block-heading\">Tervetuloa Sepp\u00e4l\u00e4n&nbsp;osakaskuntaan<\/h2>\n\n\n\n<p><strong>Ajankohtaista<\/strong><\/p>\n\n\n\n<p><strong>Sepp\u00e4l\u00e4n osakaskunnan (kalastuskunnan) RN:o 410-406-876-4<\/strong> varsinainen kokous pidet\u00e4\u00e4n 19.4.2026 Kalmarissa, Vaajakoskentie 104, Lepp\u00e4vedell\u00e4 alkaen sunnuntaina klo 15.00 alkaen. <\/p>\n\n\n\n<p><strong>Sepp\u00e4l\u00e4n jakokunnan rauhoitusalue-nimisen osakaskunnan RN:o 410-406-876-3<\/strong> varsinainen kokous pidet\u00e4\u00e4n 19.4.2026 Kalmarissa ed. kokouksen j\u00e4lkeen n. 16.00. <\/p>\n\n\n\n<p>Kokouksessa k\u00e4sitell\u00e4\u00e4n osakaskuntien s\u00e4\u00e4nn\u00f6iss\u00e4 m\u00e4\u00e4r\u00e4tyt varsinaiselle kokoukselle kuuluvat asiat. <\/p>\n\n\n\n<p>Kokouksissa laaditut tarkistetut p\u00f6yt\u00e4kirjat ovat n\u00e4ht\u00e4vin\u00e4 21.4. &#8211; 30.4. Lis\u00e4tietoja kokouksesta puh 0400 546 590<\/p>\n\n\n\n<p><\/p>\n\n\n\n<p><\/p>\n\n\n\n\n\n<p><\/p>\n\n\n\n<p><strong>Kalastuskunnan alueelle pyydysmerkkien myynti on siirtynyt p\u00e4\u00e4osin nettiin<\/strong><\/p>\n\n\n\n<p><a href=\"http:\/\/www.ostaluvat.fi\">www.ostaluvat.fi<\/a><\/p>\n\n\n\n<p>Paikallisesti pyydysmerkit myy edelleen Jukka H\u00e4kkinen Lepp\u00e4vesi.<\/p>\n\n\n\n<p><\/p>\n","protected":false},"excerpt":{"rendered":"<p>Tervetuloa Sepp\u00e4l\u00e4n&nbsp;osakaskuntaan Ajankohtaista Sepp\u00e4l\u00e4n osakaskunnan (kalastuskunnan) RN:o 410-406-876-4 varsinainen kokous pidet\u00e4\u00e4n 19.4.2026 Kalmarissa, Vaajakoskentie 104, Lepp\u00e4vedell\u00e4 alkaen sunnuntaina klo 15.00 alkaen. Sepp\u00e4l\u00e4n jakokunnan rauhoitusalue-nimisen osakaskunnan RN:o 410-406-876-3 varsinainen kokous pidet\u00e4\u00e4n 19.4.2026 Kalmarissa ed. kokouksen j\u00e4lkeen n. 16.00. Kokouksessa k\u00e4sitell\u00e4\u00e4n osakaskuntien s\u00e4\u00e4nn\u00f6iss\u00e4 m\u00e4\u00e4r\u00e4tyt varsinaiselle kokoukselle kuuluvat asiat. Kokouksissa laaditut tarkistetut p\u00f6yt\u00e4kirjat ovat n\u00e4ht\u00e4vin\u00e4 21.4. &#8211; 30.4.<\/p>\n<p><a class=\"moretag\" href=\"https:\/\/leppavedenhankasalmenkalatalousalue.fi\/seppala\/\"> Lue lis\u00e4\u00e4 ><\/a><\/p>\n","protected":false},"author":1,"featured_media":0,"parent":0,"menu_order":0,"comment_status":"closed","ping_status":"open","template":"","meta":{"_acf_changed":false,"footnotes":""},"class_list":["post-2","page","type-page","status-publish","hentry"],"acf":[],"yoast_head":"<!-- This site is optimized with the Yoast SEO plugin v27.1.1 - https:\/\/yoast.com\/product\/yoast-seo-wordpress\/ -->\n<title>Etusivu - Sepp\u00e4l\u00e4n osakaskunta<\/title>\n<meta name=\"robots\" content=\"index, follow, max-snippet:-1, max-image-preview:large, max-video-preview:-1\" \/>\n<link rel=\"canonical\" href=\"https:\/\/leppavedenhankasalmenkalatalousalue.fi\/seppala\/\" \/>\n<meta property=\"og:locale\" content=\"fi_FI\" \/>\n<meta property=\"og:type\" content=\"article\" \/>\n<meta property=\"og:title\" content=\"Etusivu - Sepp\u00e4l\u00e4n osakaskunta\" \/>\n<meta property=\"og:description\" content=\"Tervetuloa Sepp\u00e4l\u00e4n&nbsp;osakaskuntaan Ajankohtaista Sepp\u00e4l\u00e4n osakaskunnan (kalastuskunnan) RN:o 410-406-876-4 varsinainen kokous pidet\u00e4\u00e4n 19.4.2026 Kalmarissa, Vaajakoskentie 104, Lepp\u00e4vedell\u00e4 alkaen sunnuntaina klo 15.00 alkaen. Sepp\u00e4l\u00e4n jakokunnan rauhoitusalue-nimisen osakaskunnan RN:o 410-406-876-3 varsinainen kokous pidet\u00e4\u00e4n 19.4.2026 Kalmarissa ed. kokouksen j\u00e4lkeen n. 16.00. Kokouksessa k\u00e4sitell\u00e4\u00e4n osakaskuntien s\u00e4\u00e4nn\u00f6iss\u00e4 m\u00e4\u00e4r\u00e4tyt varsinaiselle kokoukselle kuuluvat asiat. Kokouksissa laaditut tarkistetut p\u00f6yt\u00e4kirjat ovat n\u00e4ht\u00e4vin\u00e4 21.4. &#8211; 30.4. Lue lis\u00e4\u00e4 &gt;\" \/>\n<meta property=\"og:url\" content=\"https:\/\/leppavedenhankasalmenkalatalousalue.fi\/seppala\/\" \/>\n<meta property=\"og:site_name\" content=\"Sepp\u00e4l\u00e4n osakaskunta\" \/>\n<meta property=\"article:modified_time\" content=\"2026-03-11T09:06:17+00:00\" \/>\n<meta name=\"twitter:card\" content=\"summary_large_image\" \/>\n<meta name=\"twitter:label1\" content=\"Arvioitu lukuaika\" \/>\n\t<meta name=\"twitter:data1\" content=\"1 minuutti\" \/>\n<script type=\"application\/ld+json\" class=\"yoast-schema-graph\">{\"@context\":\"https:\/\/schema.org\",\"@graph\":[{\"@type\":\"WebPage\",\"@id\":\"https:\/\/leppavedenhankasalmenkalatalousalue.fi\/seppala\/\",\"url\":\"https:\/\/leppavedenhankasalmenkalatalousalue.fi\/seppala\/\",\"name\":\"Etusivu - Sepp\u00e4l\u00e4n osakaskunta\",\"isPartOf\":{\"@id\":\"https:\/\/leppavedenhankasalmenkalatalousalue.fi\/seppala\/#website\"},\"datePublished\":\"2020-10-22T07:32:51+00:00\",\"dateModified\":\"2026-03-11T09:06:17+00:00\",\"breadcrumb\":{\"@id\":\"https:\/\/leppavedenhankasalmenkalatalousalue.fi\/seppala\/#breadcrumb\"},\"inLanguage\":\"fi\",\"potentialAction\":[{\"@type\":\"ReadAction\",\"target\":[\"https:\/\/leppavedenhankasalmenkalatalousalue.fi\/seppala\/\"]}]},{\"@type\":\"BreadcrumbList\",\"@id\":\"https:\/\/leppavedenhankasalmenkalatalousalue.fi\/seppala\/#breadcrumb\",\"itemListElement\":[{\"@type\":\"ListItem\",\"position\":1,\"name\":\"Home\",\"item\":\"https:\/\/leppavedenhankasalmenkalatalousalue.fi\/seppala\/\"},{\"@type\":\"ListItem\",\"position\":2,\"name\":\"Etusivu\"}]},{\"@type\":\"WebSite\",\"@id\":\"https:\/\/leppavedenhankasalmenkalatalousalue.fi\/seppala\/#website\",\"url\":\"https:\/\/leppavedenhankasalmenkalatalousalue.fi\/seppala\/\",\"name\":\"Sepp\u00e4l\u00e4n osakaskunta\",\"description\":\"\",\"potentialAction\":[{\"@type\":\"SearchAction\",\"target\":{\"@type\":\"EntryPoint\",\"urlTemplate\":\"https:\/\/leppavedenhankasalmenkalatalousalue.fi\/seppala\/?s={search_term_string}\"},\"query-input\":{\"@type\":\"PropertyValueSpecification\",\"valueRequired\":true,\"valueName\":\"search_term_string\"}}],\"inLanguage\":\"fi\"}]}<\/script>\n<!-- \/ Yoast SEO plugin. -->","yoast_head_json":{"title":"Etusivu - Sepp\u00e4l\u00e4n osakaskunta","robots":{"index":"index","follow":"follow","max-snippet":"max-snippet:-1","max-image-preview":"max-image-preview:large","max-video-preview":"max-video-preview:-1"},"canonical":"https:\/\/leppavedenhankasalmenkalatalousalue.fi\/seppala\/","og_locale":"fi_FI","og_type":"article","og_title":"Etusivu - Sepp\u00e4l\u00e4n osakaskunta","og_description":"Tervetuloa Sepp\u00e4l\u00e4n&nbsp;osakaskuntaan Ajankohtaista Sepp\u00e4l\u00e4n osakaskunnan (kalastuskunnan) RN:o 410-406-876-4 varsinainen kokous pidet\u00e4\u00e4n 19.4.2026 Kalmarissa, Vaajakoskentie 104, Lepp\u00e4vedell\u00e4 alkaen sunnuntaina klo 15.00 alkaen. Sepp\u00e4l\u00e4n jakokunnan rauhoitusalue-nimisen osakaskunnan RN:o 410-406-876-3 varsinainen kokous pidet\u00e4\u00e4n 19.4.2026 Kalmarissa ed. kokouksen j\u00e4lkeen n. 16.00. Kokouksessa k\u00e4sitell\u00e4\u00e4n osakaskuntien s\u00e4\u00e4nn\u00f6iss\u00e4 m\u00e4\u00e4r\u00e4tyt varsinaiselle kokoukselle kuuluvat asiat. Kokouksissa laaditut tarkistetut p\u00f6yt\u00e4kirjat ovat n\u00e4ht\u00e4vin\u00e4 21.4. &#8211; 30.4. Lue lis\u00e4\u00e4 >","og_url":"https:\/\/leppavedenhankasalmenkalatalousalue.fi\/seppala\/","og_site_name":"Sepp\u00e4l\u00e4n osakaskunta","article_modified_time":"2026-03-11T09:06:17+00:00","twitter_card":"summary_large_image","twitter_misc":{"Arvioitu lukuaika":"1 minuutti"},"schema":{"@context":"https:\/\/schema.org","@graph":[{"@type":"WebPage","@id":"https:\/\/leppavedenhankasalmenkalatalousalue.fi\/seppala\/","url":"https:\/\/leppavedenhankasalmenkalatalousalue.fi\/seppala\/","name":"Etusivu - Sepp\u00e4l\u00e4n osakaskunta","isPartOf":{"@id":"https:\/\/leppavedenhankasalmenkalatalousalue.fi\/seppala\/#website"},"datePublished":"2020-10-22T07:32:51+00:00","dateModified":"2026-03-11T09:06:17+00:00","breadcrumb":{"@id":"https:\/\/leppavedenhankasalmenkalatalousalue.fi\/seppala\/#breadcrumb"},"inLanguage":"fi","potentialAction":[{"@type":"ReadAction","target":["https:\/\/leppavedenhankasalmenkalatalousalue.fi\/seppala\/"]}]},{"@type":"BreadcrumbList","@id":"https:\/\/leppavedenhankasalmenkalatalousalue.fi\/seppala\/#breadcrumb","itemListElement":[{"@type":"ListItem","position":1,"name":"Home","item":"https:\/\/leppavedenhankasalmenkalatalousalue.fi\/seppala\/"},{"@type":"ListItem","position":2,"name":"Etusivu"}]},{"@type":"WebSite","@id":"https:\/\/leppavedenhankasalmenkalatalousalue.fi\/seppala\/#website","url":"https:\/\/leppavedenhankasalmenkalatalousalue.fi\/seppala\/","name":"Sepp\u00e4l\u00e4n osakaskunta","description":"","potentialAction":[{"@type":"SearchAction","target":{"@type":"EntryPoint","urlTemplate":"https:\/\/leppavedenhankasalmenkalatalousalue.fi\/seppala\/?s={search_term_string}"},"query-input":{"@type":"PropertyValueSpecification","valueRequired":true,"valueName":"search_term_string"}}],"inLanguage":"fi"}]}},"_links":{"self":[{"href":"https:\/\/leppavedenhankasalmenkalatalousalue.fi\/seppala\/wp-json\/wp\/v2\/pages\/2","targetHints":{"allow":["GET"]}}],"collection":[{"href":"https:\/\/leppavedenhankasalmenkalatalousalue.fi\/seppala\/wp-json\/wp\/v2\/pages"}],"about":[{"href":"https:\/\/leppavedenhankasalmenkalatalousalue.fi\/seppala\/wp-json\/wp\/v2\/types\/page"}],"author":[{"embeddable":true,"href":"https:\/\/leppavedenhankasalmenkalatalousalue.fi\/seppala\/wp-json\/wp\/v2\/users\/1"}],"replies":[{"embeddable":true,"href":"https:\/\/leppavedenhankasalmenkalatalousalue.fi\/seppala\/wp-json\/wp\/v2\/comments?post=2"}],"version-history":[{"count":36,"href":"https:\/\/leppavedenhankasalmenkalatalousalue.fi\/seppala\/wp-json\/wp\/v2\/pages\/2\/revisions"}],"predecessor-version":[{"id":324,"href":"https:\/\/leppavedenhankasalmenkalatalousalue.fi\/seppala\/wp-json\/wp\/v2\/pages\/2\/revisions\/324"}],"wp:attachment":[{"href":"https:\/\/leppavedenhankasalmenkalatalousalue.fi\/seppala\/wp-json\/wp\/v2\/media?parent=2"}],"curies":[{"name":"wp","href":"https:\/\/api.w.org\/{rel}","templated":true}]}}