{"id":61,"date":"2020-10-29T11:12:03","date_gmt":"2020-10-29T11:12:03","guid":{"rendered":"http:\/\/89.166.51.80\/~leppaveden\/hameenmaen-osakaskunta\/?page_id=61"},"modified":"2025-04-28T07:31:59","modified_gmt":"2025-04-28T07:31:59","slug":"toimintakertomus","status":"publish","type":"page","link":"https:\/\/leppavedenhankasalmenkalatalousalue.fi\/seppala\/hallinto\/toimintakertomus\/","title":{"rendered":"Toimintakertomus"},"content":{"rendered":"\n<h2 class=\"wp-block-heading\">Toimintakertomus<\/h2>\n\n\n\n<h3 class=\"wp-block-heading\">Kokoukset<\/h3>\n\n\n\n<p>Vuosikokous  22.5.2025 Kalmari, Vaajakoskentie 104<br><\/p>\n\n\n\n<p>Johtokunta<\/p>\n\n\n\n<p>Puheenjohtaja Erkki Kalmari<br>Varapuheenjohtaja Antero Vesterinen<br>Sihteeri\/rahastonhoitaja Olavi Kivi<br>Muut j\u00e4senet Seppo Salenius, Jukka H\u00e4kkinen, Marko Kivel\u00e4<\/p>\n\n\n\n<h3 class=\"wp-block-heading\">Kalastus<\/h3>\n\n\n\n<p>Kalastusalueen valvontaa on tehty Lepp\u00e4vesi-Hankasalmen kalastusalueen valvontaryhm\u00e4n Mankonen \/ Niemi toimesta. Nuottaa on vedetty Kalmarin rannasta Sepp\u00e4l\u00e4nlahdella viimeksi 2018 ja tarkoitus on elvytt\u00e4\u00e4 nuotanvetoperinne. Nuotanvedon yhteyteen kuuluu perinteisesti nokipannukahvit. Nuotta ja muut varusteet tallessa ja korjattu. \u00a0Nuottamestariksi haetaan vapaaehtoista vet\u00e4j\u00e4\u00e4. Suomun\u00e4ytteit\u00e4 Kalatalouskeskukselle ovat ottaneet Risto Kaiponen.<\/p>\n\n\n\n<h3 class=\"wp-block-heading\">Velvoiteistutukset<\/h3>\n\n\n\n<p><br>Istutukset on tehty Kalmarin rannasta.<\/p>\n\n\n\n<h3 class=\"wp-block-heading\">Hiihtoladut<\/h3>\n\n\n\n<p>Laukaan Vapaa-aikatoimen&nbsp;kanssa tehdyn sopimuksen mukaisesti hiihtolatuaja tehtiin&nbsp;Lepp\u00e4veden koulun ymp\u00e4rist\u00f6\u00f6n&nbsp;opettajien kanssa yhteisty\u00f6ss\u00e4. P\u00e4iv\u00e4kodin lapsille ajettu oma latu hoitopaikan l\u00e4heisyyteen. Lis\u00e4ksi kuntolatuja pidetty auki mahdollisuuksien mukaan&nbsp;Lepp\u00e4veden taajamassa. Maanomistajien kanssa on neuvoteltu latuv\u00e4yl\u00e4t ja opettajien kanssa sovittu hiihtop\u00e4iv\u00e4t.&nbsp;Vesi j\u00e4\u00e4ll\u00e4 aiheuttivat lis\u00e4haittaa &nbsp;talvisin. Ladut ovat palvelleet j\u00e4senist\u00f6\u00e4 ja antaneet kalustolle tuottoa.<\/p>\n\n\n\n<h3 class=\"wp-block-heading\">Kalusto<\/h3>\n\n\n\n<p>Moottorikelkka, latuh\u00f6yl\u00e4, nuottavene ja valvontaan k\u00e4ytetty Buster. Kalusto on ollut varastoituna Kalmarin tilalla. <\/p>\n\n\n\n<h3 class=\"wp-block-heading\">Muut kokoukset<\/h3>\n\n\n\n<p><br>Keski-Suomen Kalatalouskeskuksen vuosikokous pidettiin Varjolan tilalla 25.4.2025 ja siihen osallistui Olavi Kivi.  Yhteisty\u00f6t\u00e4 tehty Kalatalouskeskuksen Timo Merosen kanssa.&nbsp;<\/p>\n\n\n\n<h3 class=\"wp-block-heading\">Kalastuslehdet<\/h3>\n\n\n\n<p>Tilattu johtokunnan j\u00e4senille, toiminnantarkastajalle sek\u00e4 kalastuksenvalvojalle.<\/p>\n\n\n\n<h3 class=\"wp-block-heading\">Kartat ja merkkien myynti<\/h3>\n\n\n\n<p> Jukka H\u00e4kkinen Lepp\u00e4vedell\u00e4 ja Putti Pajan myym\u00e4l\u00e4, Wanha Paja Vaajakoskella. Kalastusohjeet ja kartat jaettu merkkien ostajille myyjien toimesta.<\/p>\n\n\n\n<h3 class=\"wp-block-heading\">Rantakalatapahtuma<\/h3>\n\n\n\n<p>Ei pidetty.&nbsp;<\/p>\n\n\n\n<h3 class=\"wp-block-heading\"><strong>Muut asiat<\/strong><\/h3>\n\n\n\n<p>Johtokunnan j\u00e4senet ovat seuranneet tiedostusv\u00e4lineist\u00e4 Lepp\u00e4veden yl\u00e4puolisten vesist\u00f6jen tilasta annettuja tietoja veden laadusta. <\/p>\n\n\n\n<p><\/p>\n","protected":false},"excerpt":{"rendered":"<p>Toimintakertomus Kokoukset Vuosikokous 22.5.2025 Kalmari, Vaajakoskentie 104 Johtokunta Puheenjohtaja Erkki KalmariVarapuheenjohtaja Antero VesterinenSihteeri\/rahastonhoitaja Olavi KiviMuut j\u00e4senet Seppo Salenius, Jukka H\u00e4kkinen, Marko Kivel\u00e4 Kalastus Kalastusalueen valvontaa on tehty Lepp\u00e4vesi-Hankasalmen kalastusalueen valvontaryhm\u00e4n Mankonen \/ Niemi toimesta. Nuottaa on vedetty Kalmarin rannasta Sepp\u00e4l\u00e4nlahdella viimeksi 2018 ja tarkoitus on elvytt\u00e4\u00e4 nuotanvetoperinne. Nuotanvedon yhteyteen kuuluu perinteisesti nokipannukahvit. Nuotta ja muut<\/p>\n<p><a class=\"moretag\" href=\"https:\/\/leppavedenhankasalmenkalatalousalue.fi\/seppala\/hallinto\/toimintakertomus\/\"> Lue lis\u00e4\u00e4 ><\/a><\/p>\n","protected":false},"author":1,"featured_media":0,"parent":32,"menu_order":0,"comment_status":"closed","ping_status":"closed","template":"basic-sivu.php","meta":{"_acf_changed":false,"footnotes":""},"class_list":["post-61","page","type-page","status-publish","hentry"],"acf":[],"yoast_head":"<!-- This site is optimized with the Yoast SEO plugin v27.1.1 - https:\/\/yoast.com\/product\/yoast-seo-wordpress\/ -->\n<title>Toimintakertomus - Sepp\u00e4l\u00e4n osakaskunta<\/title>\n<meta name=\"robots\" content=\"index, follow, max-snippet:-1, max-image-preview:large, max-video-preview:-1\" \/>\n<link rel=\"canonical\" href=\"https:\/\/leppavedenhankasalmenkalatalousalue.fi\/seppala\/hallinto\/toimintakertomus\/\" \/>\n<meta property=\"og:locale\" content=\"fi_FI\" \/>\n<meta property=\"og:type\" content=\"article\" \/>\n<meta property=\"og:title\" content=\"Toimintakertomus - Sepp\u00e4l\u00e4n osakaskunta\" \/>\n<meta property=\"og:description\" content=\"Toimintakertomus Kokoukset Vuosikokous 22.5.2025 Kalmari, Vaajakoskentie 104 Johtokunta Puheenjohtaja Erkki KalmariVarapuheenjohtaja Antero VesterinenSihteeri\/rahastonhoitaja Olavi KiviMuut j\u00e4senet Seppo Salenius, Jukka H\u00e4kkinen, Marko Kivel\u00e4 Kalastus Kalastusalueen valvontaa on tehty Lepp\u00e4vesi-Hankasalmen kalastusalueen valvontaryhm\u00e4n Mankonen \/ Niemi toimesta. Nuottaa on vedetty Kalmarin rannasta Sepp\u00e4l\u00e4nlahdella viimeksi 2018 ja tarkoitus on elvytt\u00e4\u00e4 nuotanvetoperinne. Nuotanvedon yhteyteen kuuluu perinteisesti nokipannukahvit. Nuotta ja muut Lue lis\u00e4\u00e4 &gt;\" \/>\n<meta property=\"og:url\" content=\"https:\/\/leppavedenhankasalmenkalatalousalue.fi\/seppala\/hallinto\/toimintakertomus\/\" \/>\n<meta property=\"og:site_name\" content=\"Sepp\u00e4l\u00e4n osakaskunta\" \/>\n<meta property=\"article:modified_time\" content=\"2025-04-28T07:31:59+00:00\" \/>\n<meta name=\"twitter:card\" content=\"summary_large_image\" \/>\n<meta name=\"twitter:label1\" content=\"Arvioitu lukuaika\" \/>\n\t<meta name=\"twitter:data1\" content=\"2 minuuttia\" \/>\n<script type=\"application\/ld+json\" class=\"yoast-schema-graph\">{\"@context\":\"https:\/\/schema.org\",\"@graph\":[{\"@type\":\"WebPage\",\"@id\":\"https:\/\/leppavedenhankasalmenkalatalousalue.fi\/seppala\/hallinto\/toimintakertomus\/\",\"url\":\"https:\/\/leppavedenhankasalmenkalatalousalue.fi\/seppala\/hallinto\/toimintakertomus\/\",\"name\":\"Toimintakertomus - Sepp\u00e4l\u00e4n osakaskunta\",\"isPartOf\":{\"@id\":\"https:\/\/leppavedenhankasalmenkalatalousalue.fi\/seppala\/#website\"},\"datePublished\":\"2020-10-29T11:12:03+00:00\",\"dateModified\":\"2025-04-28T07:31:59+00:00\",\"breadcrumb\":{\"@id\":\"https:\/\/leppavedenhankasalmenkalatalousalue.fi\/seppala\/hallinto\/toimintakertomus\/#breadcrumb\"},\"inLanguage\":\"fi\",\"potentialAction\":[{\"@type\":\"ReadAction\",\"target\":[\"https:\/\/leppavedenhankasalmenkalatalousalue.fi\/seppala\/hallinto\/toimintakertomus\/\"]}]},{\"@type\":\"BreadcrumbList\",\"@id\":\"https:\/\/leppavedenhankasalmenkalatalousalue.fi\/seppala\/hallinto\/toimintakertomus\/#breadcrumb\",\"itemListElement\":[{\"@type\":\"ListItem\",\"position\":1,\"name\":\"Home\",\"item\":\"https:\/\/leppavedenhankasalmenkalatalousalue.fi\/seppala\/\"},{\"@type\":\"ListItem\",\"position\":2,\"name\":\"Yksityinen: Hallinto\",\"item\":\"https:\/\/leppavedenhankasalmenkalatalousalue.fi\/seppala\/?page_id=32\"},{\"@type\":\"ListItem\",\"position\":3,\"name\":\"Toimintakertomus\"}]},{\"@type\":\"WebSite\",\"@id\":\"https:\/\/leppavedenhankasalmenkalatalousalue.fi\/seppala\/#website\",\"url\":\"https:\/\/leppavedenhankasalmenkalatalousalue.fi\/seppala\/\",\"name\":\"Sepp\u00e4l\u00e4n osakaskunta\",\"description\":\"\",\"potentialAction\":[{\"@type\":\"SearchAction\",\"target\":{\"@type\":\"EntryPoint\",\"urlTemplate\":\"https:\/\/leppavedenhankasalmenkalatalousalue.fi\/seppala\/?s={search_term_string}\"},\"query-input\":{\"@type\":\"PropertyValueSpecification\",\"valueRequired\":true,\"valueName\":\"search_term_string\"}}],\"inLanguage\":\"fi\"}]}<\/script>\n<!-- \/ Yoast SEO plugin. -->","yoast_head_json":{"title":"Toimintakertomus - Sepp\u00e4l\u00e4n osakaskunta","robots":{"index":"index","follow":"follow","max-snippet":"max-snippet:-1","max-image-preview":"max-image-preview:large","max-video-preview":"max-video-preview:-1"},"canonical":"https:\/\/leppavedenhankasalmenkalatalousalue.fi\/seppala\/hallinto\/toimintakertomus\/","og_locale":"fi_FI","og_type":"article","og_title":"Toimintakertomus - Sepp\u00e4l\u00e4n osakaskunta","og_description":"Toimintakertomus Kokoukset Vuosikokous 22.5.2025 Kalmari, Vaajakoskentie 104 Johtokunta Puheenjohtaja Erkki KalmariVarapuheenjohtaja Antero VesterinenSihteeri\/rahastonhoitaja Olavi KiviMuut j\u00e4senet Seppo Salenius, Jukka H\u00e4kkinen, Marko Kivel\u00e4 Kalastus Kalastusalueen valvontaa on tehty Lepp\u00e4vesi-Hankasalmen kalastusalueen valvontaryhm\u00e4n Mankonen \/ Niemi toimesta. Nuottaa on vedetty Kalmarin rannasta Sepp\u00e4l\u00e4nlahdella viimeksi 2018 ja tarkoitus on elvytt\u00e4\u00e4 nuotanvetoperinne. Nuotanvedon yhteyteen kuuluu perinteisesti nokipannukahvit. Nuotta ja muut Lue lis\u00e4\u00e4 >","og_url":"https:\/\/leppavedenhankasalmenkalatalousalue.fi\/seppala\/hallinto\/toimintakertomus\/","og_site_name":"Sepp\u00e4l\u00e4n osakaskunta","article_modified_time":"2025-04-28T07:31:59+00:00","twitter_card":"summary_large_image","twitter_misc":{"Arvioitu lukuaika":"2 minuuttia"},"schema":{"@context":"https:\/\/schema.org","@graph":[{"@type":"WebPage","@id":"https:\/\/leppavedenhankasalmenkalatalousalue.fi\/seppala\/hallinto\/toimintakertomus\/","url":"https:\/\/leppavedenhankasalmenkalatalousalue.fi\/seppala\/hallinto\/toimintakertomus\/","name":"Toimintakertomus - Sepp\u00e4l\u00e4n osakaskunta","isPartOf":{"@id":"https:\/\/leppavedenhankasalmenkalatalousalue.fi\/seppala\/#website"},"datePublished":"2020-10-29T11:12:03+00:00","dateModified":"2025-04-28T07:31:59+00:00","breadcrumb":{"@id":"https:\/\/leppavedenhankasalmenkalatalousalue.fi\/seppala\/hallinto\/toimintakertomus\/#breadcrumb"},"inLanguage":"fi","potentialAction":[{"@type":"ReadAction","target":["https:\/\/leppavedenhankasalmenkalatalousalue.fi\/seppala\/hallinto\/toimintakertomus\/"]}]},{"@type":"BreadcrumbList","@id":"https:\/\/leppavedenhankasalmenkalatalousalue.fi\/seppala\/hallinto\/toimintakertomus\/#breadcrumb","itemListElement":[{"@type":"ListItem","position":1,"name":"Home","item":"https:\/\/leppavedenhankasalmenkalatalousalue.fi\/seppala\/"},{"@type":"ListItem","position":2,"name":"Yksityinen: Hallinto","item":"https:\/\/leppavedenhankasalmenkalatalousalue.fi\/seppala\/?page_id=32"},{"@type":"ListItem","position":3,"name":"Toimintakertomus"}]},{"@type":"WebSite","@id":"https:\/\/leppavedenhankasalmenkalatalousalue.fi\/seppala\/#website","url":"https:\/\/leppavedenhankasalmenkalatalousalue.fi\/seppala\/","name":"Sepp\u00e4l\u00e4n osakaskunta","description":"","potentialAction":[{"@type":"SearchAction","target":{"@type":"EntryPoint","urlTemplate":"https:\/\/leppavedenhankasalmenkalatalousalue.fi\/seppala\/?s={search_term_string}"},"query-input":{"@type":"PropertyValueSpecification","valueRequired":true,"valueName":"search_term_string"}}],"inLanguage":"fi"}]}},"_links":{"self":[{"href":"https:\/\/leppavedenhankasalmenkalatalousalue.fi\/seppala\/wp-json\/wp\/v2\/pages\/61","targetHints":{"allow":["GET"]}}],"collection":[{"href":"https:\/\/leppavedenhankasalmenkalatalousalue.fi\/seppala\/wp-json\/wp\/v2\/pages"}],"about":[{"href":"https:\/\/leppavedenhankasalmenkalatalousalue.fi\/seppala\/wp-json\/wp\/v2\/types\/page"}],"author":[{"embeddable":true,"href":"https:\/\/leppavedenhankasalmenkalatalousalue.fi\/seppala\/wp-json\/wp\/v2\/users\/1"}],"replies":[{"embeddable":true,"href":"https:\/\/leppavedenhankasalmenkalatalousalue.fi\/seppala\/wp-json\/wp\/v2\/comments?post=61"}],"version-history":[{"count":11,"href":"https:\/\/leppavedenhankasalmenkalatalousalue.fi\/seppala\/wp-json\/wp\/v2\/pages\/61\/revisions"}],"predecessor-version":[{"id":244,"href":"https:\/\/leppavedenhankasalmenkalatalousalue.fi\/seppala\/wp-json\/wp\/v2\/pages\/61\/revisions\/244"}],"up":[{"embeddable":true,"href":"https:\/\/leppavedenhankasalmenkalatalousalue.fi\/seppala\/wp-json\/wp\/v2\/pages\/32"}],"wp:attachment":[{"href":"https:\/\/leppavedenhankasalmenkalatalousalue.fi\/seppala\/wp-json\/wp\/v2\/media?parent=61"}],"curies":[{"name":"wp","href":"https:\/\/api.w.org\/{rel}","templated":true}]}}