{"id":72,"date":"2020-10-29T11:24:00","date_gmt":"2020-10-29T11:24:00","guid":{"rendered":"http:\/\/89.166.51.80\/~leppaveden\/hameenmaen-osakaskunta\/?page_id=72"},"modified":"2025-04-28T08:14:47","modified_gmt":"2025-04-28T08:14:47","slug":"toimintasuunnitelma","status":"publish","type":"page","link":"https:\/\/leppavedenhankasalmenkalatalousalue.fi\/seppala\/hallinto\/toimintasuunnitelma\/","title":{"rendered":"Toimintasuunnitelma"},"content":{"rendered":"\n<h2 class=\"wp-block-heading\">Toimintasuunnitelma<\/h2>\n\n\n\n<p>SEPP\u00c4L\u00c4N OSAKASKUNTA &nbsp;&nbsp;&nbsp;&nbsp;&nbsp;&nbsp;&nbsp;&nbsp;&nbsp;&nbsp;&nbsp;&nbsp;&nbsp;&nbsp;&nbsp;&nbsp;&nbsp;&nbsp;&nbsp;&nbsp;&nbsp;&nbsp;&nbsp;&nbsp;&nbsp;&nbsp;&nbsp;&nbsp;&nbsp;&nbsp;&nbsp;&nbsp;&nbsp;&nbsp;&nbsp; TOIMINTASUUNNITELMA 2025<\/p>\n\n\n\n<p>Kokoukset&nbsp;&nbsp;&nbsp;&nbsp;&nbsp;&nbsp;&nbsp;&nbsp;&nbsp;&nbsp;&nbsp;&nbsp;&nbsp;&nbsp;&nbsp;&nbsp;&nbsp;&nbsp;&nbsp;&nbsp;&nbsp;&nbsp; Vuosikokous 22.4.2025<\/p>\n\n\n\n<p>Johtokunta&nbsp;&nbsp;&nbsp;&nbsp;&nbsp;&nbsp;&nbsp;&nbsp;&nbsp;&nbsp;&nbsp;&nbsp;&nbsp;&nbsp;&nbsp;&nbsp;&nbsp;&nbsp;&nbsp;&nbsp;&nbsp; Nimet\u00e4\u00e4n vuosikokouksessa.<\/p>\n\n\n\n<p>Kalastuksen valvonta\u00a0\u00a0\u00a0\u00a0 Kalastuksen valvontaa tehd\u00e4\u00e4n Lepp\u00e4veden-Hankasalmen kalatalousalueen toimesta. Kalastusvalvojakoulutukseen kannustetaan omia j\u00e4seni\u00e4.<\/p>\n\n\n\n<p>Nuottaus&nbsp;&nbsp;&nbsp;&nbsp;&nbsp;&nbsp;&nbsp;&nbsp;&nbsp;&nbsp;&nbsp;&nbsp;&nbsp;&nbsp;&nbsp;&nbsp;&nbsp;&nbsp;&nbsp;&nbsp;&nbsp;&nbsp;&nbsp;&nbsp;&nbsp; Nuotta on varastoituna laatikossa ja muu kalusto on vuodelta 2018. Nuottamestari ja nuottauskalastajat pyrit\u00e4\u00e4n l\u00f6yt\u00e4m\u00e4\u00e4n ja nuottaus aloittamaan perinteen mukaan. &nbsp;&nbsp;<\/p>\n\n\n\n<p>Suomun\u00e4ytteet&nbsp;&nbsp;&nbsp;&nbsp;&nbsp;&nbsp;&nbsp;&nbsp;&nbsp;&nbsp;&nbsp;&nbsp;&nbsp;&nbsp;&nbsp; Kalatalouskeskukselle n\u00e4ytteit\u00e4 annetaan sopimuksen mukaan. &nbsp;<\/p>\n\n\n\n<p>Yhteisty\u00f6 &nbsp;&nbsp;&nbsp;&nbsp;&nbsp;&nbsp;&nbsp;&nbsp;&nbsp;&nbsp;&nbsp;&nbsp;&nbsp;&nbsp;&nbsp;&nbsp;&nbsp;&nbsp;&nbsp;&nbsp;&nbsp;&nbsp; Kalatalouskeskuksen kanssa yhteisty\u00f6 jatkunee Risto Merosen kanssa.<\/p>\n\n\n\n<p>Muut kokoukset&nbsp;&nbsp;&nbsp;&nbsp;&nbsp;&nbsp;&nbsp;&nbsp;&nbsp;&nbsp;&nbsp;&nbsp;&nbsp; Lepp\u00e4veden \u2013 Hankasalmen kalatalousalueen kokouksiin osallistutaan mahdollisuuksien mukaan.<\/p>\n\n\n\n<p>Kalastuslehdet&nbsp;&nbsp;&nbsp;&nbsp;&nbsp;&nbsp;&nbsp;&nbsp;&nbsp;&nbsp;&nbsp;&nbsp;&nbsp;&nbsp;&nbsp; Lehti tilataan toimihenkil\u00f6ille ja toiminnantarkastajalle. .<\/p>\n\n\n\n<p>Hiihtoladut&nbsp;&nbsp;&nbsp;&nbsp;&nbsp;&nbsp;&nbsp;&nbsp;&nbsp;&nbsp;&nbsp;&nbsp;&nbsp;&nbsp;&nbsp;&nbsp;&nbsp;&nbsp;&nbsp;&nbsp;&nbsp; Laukaa Vapaa-aikatoimen kanssa tehdyn sopimuksen mukaisesti hiihtoladut pidet\u00e4\u00e4n kunnossa ja Lepp\u00e4veden koulun ymp\u00e4rist\u00f6\u00f6n opettajien kanssa sovittujen hiihtop\u00e4ivien mukaan mik\u00e4li mahdollista. Lis\u00e4ksi hiihtolatu pyrit\u00e4\u00e4n tekem\u00e4\u00e4n Lepp\u00e4veden j\u00e4\u00e4lle ja taajamaan mik\u00e4li lumiolosuhteet sen sallii. &nbsp;<\/p>\n\n\n\n<p>Velvoiteistutukset&nbsp;&nbsp;&nbsp;&nbsp;&nbsp;&nbsp;&nbsp;&nbsp;&nbsp; Kalaistutukset tarvittaessa tehd\u00e4\u00e4n&nbsp; Kalmarin rannasta.<\/p>\n\n\n\n<p>Kalusto&nbsp;&nbsp;&nbsp;&nbsp;&nbsp;&nbsp;&nbsp;&nbsp;&nbsp;&nbsp;&nbsp;&nbsp;&nbsp;&nbsp;&nbsp;&nbsp;&nbsp;&nbsp;&nbsp;&nbsp;&nbsp;&nbsp;&nbsp;&nbsp;&nbsp;&nbsp;&nbsp; Moottorikelkka, latuh\u00f6yl\u00e4, nuottavene ja valvonnassa k\u00e4ytetty Buster 20 hv per\u00e4moottorilla. Buster alumiiniveneen ohjausyksik\u00f6n uusiminen ja muut tarpeelliset hankinnat ovat tarpeellisia toiminnan kannalta. Viime vuosina on k\u00e4ytetty talkoov\u00e4en yksityist\u00e4 venekalustoa. &nbsp;&nbsp;&nbsp;<\/p>\n\n\n\n<p>Pyydysmerkit&nbsp;&nbsp;&nbsp;&nbsp;&nbsp;&nbsp;&nbsp;&nbsp;&nbsp;&nbsp;&nbsp;&nbsp;&nbsp;&nbsp;&nbsp;&nbsp;&nbsp; Sepp\u00e4l\u00e4n osakaskunnan vesialueen karttojen ja merkkien myyjin\u00e4 toimivat Jukka H\u00e4kkinen Lepp\u00e4vedell\u00e4 ja Putti Pajan myym\u00e4l\u00e4 Vaajakoskella. Tavoitteena on avata pyydysmerkkien myyntiin nettiversio. &nbsp;Kalastusohjeet ja kartat jaetaan merkkien myyjien toimesta ja ne l\u00f6ytyv\u00e4t my\u00f6s puhelimen karttaohjelmista.<\/p>\n\n\n\n<p>Vesij\u00e4tt\u00f6maat&nbsp;&nbsp;&nbsp;&nbsp;&nbsp;&nbsp;&nbsp;&nbsp;&nbsp;&nbsp;&nbsp;&nbsp;&nbsp;&nbsp;&nbsp;&nbsp; Vesij\u00e4tt\u00f6maiden lunastukset k\u00e4sitell\u00e4\u00e4n hakemuksien mukaan.<\/p>\n\n\n\n<p>Rantakalatapahtuma &nbsp;&nbsp;&nbsp;&nbsp;&nbsp; Rantakalatapahtuma toteutuu mik\u00e4li vapaaehtoisia l\u00f6ytyy. &nbsp;<\/p>\n\n\n\n<p><\/p>\n","protected":false},"excerpt":{"rendered":"<p>Toimintasuunnitelma SEPP\u00c4L\u00c4N OSAKASKUNTA &nbsp;&nbsp;&nbsp;&nbsp;&nbsp;&nbsp;&nbsp;&nbsp;&nbsp;&nbsp;&nbsp;&nbsp;&nbsp;&nbsp;&nbsp;&nbsp;&nbsp;&nbsp;&nbsp;&nbsp;&nbsp;&nbsp;&nbsp;&nbsp;&nbsp;&nbsp;&nbsp;&nbsp;&nbsp;&nbsp;&nbsp;&nbsp;&nbsp;&nbsp;&nbsp; TOIMINTASUUNNITELMA 2025 Kokoukset&nbsp;&nbsp;&nbsp;&nbsp;&nbsp;&nbsp;&nbsp;&nbsp;&nbsp;&nbsp;&nbsp;&nbsp;&nbsp;&nbsp;&nbsp;&nbsp;&nbsp;&nbsp;&nbsp;&nbsp;&nbsp;&nbsp; Vuosikokous 22.4.2025 Johtokunta&nbsp;&nbsp;&nbsp;&nbsp;&nbsp;&nbsp;&nbsp;&nbsp;&nbsp;&nbsp;&nbsp;&nbsp;&nbsp;&nbsp;&nbsp;&nbsp;&nbsp;&nbsp;&nbsp;&nbsp;&nbsp; Nimet\u00e4\u00e4n vuosikokouksessa. Kalastuksen valvonta\u00a0\u00a0\u00a0\u00a0 Kalastuksen valvontaa tehd\u00e4\u00e4n Lepp\u00e4veden-Hankasalmen kalatalousalueen toimesta. Kalastusvalvojakoulutukseen kannustetaan omia j\u00e4seni\u00e4. Nuottaus&nbsp;&nbsp;&nbsp;&nbsp;&nbsp;&nbsp;&nbsp;&nbsp;&nbsp;&nbsp;&nbsp;&nbsp;&nbsp;&nbsp;&nbsp;&nbsp;&nbsp;&nbsp;&nbsp;&nbsp;&nbsp;&nbsp;&nbsp;&nbsp;&nbsp; Nuotta on varastoituna laatikossa ja muu kalusto on vuodelta 2018. Nuottamestari ja nuottauskalastajat pyrit\u00e4\u00e4n l\u00f6yt\u00e4m\u00e4\u00e4n ja nuottaus aloittamaan perinteen mukaan. &nbsp;&nbsp; Suomun\u00e4ytteet&nbsp;&nbsp;&nbsp;&nbsp;&nbsp;&nbsp;&nbsp;&nbsp;&nbsp;&nbsp;&nbsp;&nbsp;&nbsp;&nbsp;&nbsp; Kalatalouskeskukselle n\u00e4ytteit\u00e4 annetaan sopimuksen mukaan. &nbsp; Yhteisty\u00f6 &nbsp;&nbsp;&nbsp;&nbsp;&nbsp;&nbsp;&nbsp;&nbsp;&nbsp;&nbsp;&nbsp;&nbsp;&nbsp;&nbsp;&nbsp;&nbsp;&nbsp;&nbsp;&nbsp;&nbsp;&nbsp;&nbsp;<\/p>\n<p><a class=\"moretag\" href=\"https:\/\/leppavedenhankasalmenkalatalousalue.fi\/seppala\/hallinto\/toimintasuunnitelma\/\"> Lue lis\u00e4\u00e4 ><\/a><\/p>\n","protected":false},"author":1,"featured_media":0,"parent":32,"menu_order":0,"comment_status":"closed","ping_status":"closed","template":"basic-sivu.php","meta":{"_acf_changed":false,"footnotes":""},"class_list":["post-72","page","type-page","status-publish","hentry"],"acf":[],"yoast_head":"<!-- This site is optimized with the Yoast SEO plugin v27.1.1 - https:\/\/yoast.com\/product\/yoast-seo-wordpress\/ -->\n<title>Toimintasuunnitelma - Sepp\u00e4l\u00e4n osakaskunta<\/title>\n<meta name=\"robots\" content=\"index, follow, max-snippet:-1, max-image-preview:large, max-video-preview:-1\" \/>\n<link rel=\"canonical\" href=\"https:\/\/leppavedenhankasalmenkalatalousalue.fi\/seppala\/hallinto\/toimintasuunnitelma\/\" \/>\n<meta property=\"og:locale\" content=\"fi_FI\" \/>\n<meta property=\"og:type\" content=\"article\" \/>\n<meta property=\"og:title\" content=\"Toimintasuunnitelma - Sepp\u00e4l\u00e4n osakaskunta\" \/>\n<meta property=\"og:description\" content=\"Toimintasuunnitelma SEPP\u00c4L\u00c4N OSAKASKUNTA &nbsp;&nbsp;&nbsp;&nbsp;&nbsp;&nbsp;&nbsp;&nbsp;&nbsp;&nbsp;&nbsp;&nbsp;&nbsp;&nbsp;&nbsp;&nbsp;&nbsp;&nbsp;&nbsp;&nbsp;&nbsp;&nbsp;&nbsp;&nbsp;&nbsp;&nbsp;&nbsp;&nbsp;&nbsp;&nbsp;&nbsp;&nbsp;&nbsp;&nbsp;&nbsp; TOIMINTASUUNNITELMA 2025 Kokoukset&nbsp;&nbsp;&nbsp;&nbsp;&nbsp;&nbsp;&nbsp;&nbsp;&nbsp;&nbsp;&nbsp;&nbsp;&nbsp;&nbsp;&nbsp;&nbsp;&nbsp;&nbsp;&nbsp;&nbsp;&nbsp;&nbsp; Vuosikokous 22.4.2025 Johtokunta&nbsp;&nbsp;&nbsp;&nbsp;&nbsp;&nbsp;&nbsp;&nbsp;&nbsp;&nbsp;&nbsp;&nbsp;&nbsp;&nbsp;&nbsp;&nbsp;&nbsp;&nbsp;&nbsp;&nbsp;&nbsp; Nimet\u00e4\u00e4n vuosikokouksessa. Kalastuksen valvonta\u00a0\u00a0\u00a0\u00a0 Kalastuksen valvontaa tehd\u00e4\u00e4n Lepp\u00e4veden-Hankasalmen kalatalousalueen toimesta. Kalastusvalvojakoulutukseen kannustetaan omia j\u00e4seni\u00e4. Nuottaus&nbsp;&nbsp;&nbsp;&nbsp;&nbsp;&nbsp;&nbsp;&nbsp;&nbsp;&nbsp;&nbsp;&nbsp;&nbsp;&nbsp;&nbsp;&nbsp;&nbsp;&nbsp;&nbsp;&nbsp;&nbsp;&nbsp;&nbsp;&nbsp;&nbsp; Nuotta on varastoituna laatikossa ja muu kalusto on vuodelta 2018. Nuottamestari ja nuottauskalastajat pyrit\u00e4\u00e4n l\u00f6yt\u00e4m\u00e4\u00e4n ja nuottaus aloittamaan perinteen mukaan. &nbsp;&nbsp; Suomun\u00e4ytteet&nbsp;&nbsp;&nbsp;&nbsp;&nbsp;&nbsp;&nbsp;&nbsp;&nbsp;&nbsp;&nbsp;&nbsp;&nbsp;&nbsp;&nbsp; Kalatalouskeskukselle n\u00e4ytteit\u00e4 annetaan sopimuksen mukaan. &nbsp; Yhteisty\u00f6 &nbsp;&nbsp;&nbsp;&nbsp;&nbsp;&nbsp;&nbsp;&nbsp;&nbsp;&nbsp;&nbsp;&nbsp;&nbsp;&nbsp;&nbsp;&nbsp;&nbsp;&nbsp;&nbsp;&nbsp;&nbsp;&nbsp; Lue lis\u00e4\u00e4 &gt;\" \/>\n<meta property=\"og:url\" content=\"https:\/\/leppavedenhankasalmenkalatalousalue.fi\/seppala\/hallinto\/toimintasuunnitelma\/\" \/>\n<meta property=\"og:site_name\" content=\"Sepp\u00e4l\u00e4n osakaskunta\" \/>\n<meta property=\"article:modified_time\" content=\"2025-04-28T08:14:47+00:00\" \/>\n<meta name=\"twitter:card\" content=\"summary_large_image\" \/>\n<meta name=\"twitter:label1\" content=\"Arvioitu lukuaika\" \/>\n\t<meta name=\"twitter:data1\" content=\"2 minuuttia\" \/>\n<script type=\"application\/ld+json\" class=\"yoast-schema-graph\">{\"@context\":\"https:\/\/schema.org\",\"@graph\":[{\"@type\":\"WebPage\",\"@id\":\"https:\/\/leppavedenhankasalmenkalatalousalue.fi\/seppala\/hallinto\/toimintasuunnitelma\/\",\"url\":\"https:\/\/leppavedenhankasalmenkalatalousalue.fi\/seppala\/hallinto\/toimintasuunnitelma\/\",\"name\":\"Toimintasuunnitelma - Sepp\u00e4l\u00e4n osakaskunta\",\"isPartOf\":{\"@id\":\"https:\/\/leppavedenhankasalmenkalatalousalue.fi\/seppala\/#website\"},\"datePublished\":\"2020-10-29T11:24:00+00:00\",\"dateModified\":\"2025-04-28T08:14:47+00:00\",\"breadcrumb\":{\"@id\":\"https:\/\/leppavedenhankasalmenkalatalousalue.fi\/seppala\/hallinto\/toimintasuunnitelma\/#breadcrumb\"},\"inLanguage\":\"fi\",\"potentialAction\":[{\"@type\":\"ReadAction\",\"target\":[\"https:\/\/leppavedenhankasalmenkalatalousalue.fi\/seppala\/hallinto\/toimintasuunnitelma\/\"]}]},{\"@type\":\"BreadcrumbList\",\"@id\":\"https:\/\/leppavedenhankasalmenkalatalousalue.fi\/seppala\/hallinto\/toimintasuunnitelma\/#breadcrumb\",\"itemListElement\":[{\"@type\":\"ListItem\",\"position\":1,\"name\":\"Home\",\"item\":\"https:\/\/leppavedenhankasalmenkalatalousalue.fi\/seppala\/\"},{\"@type\":\"ListItem\",\"position\":2,\"name\":\"Yksityinen: Hallinto\",\"item\":\"https:\/\/leppavedenhankasalmenkalatalousalue.fi\/seppala\/?page_id=32\"},{\"@type\":\"ListItem\",\"position\":3,\"name\":\"Toimintasuunnitelma\"}]},{\"@type\":\"WebSite\",\"@id\":\"https:\/\/leppavedenhankasalmenkalatalousalue.fi\/seppala\/#website\",\"url\":\"https:\/\/leppavedenhankasalmenkalatalousalue.fi\/seppala\/\",\"name\":\"Sepp\u00e4l\u00e4n osakaskunta\",\"description\":\"\",\"potentialAction\":[{\"@type\":\"SearchAction\",\"target\":{\"@type\":\"EntryPoint\",\"urlTemplate\":\"https:\/\/leppavedenhankasalmenkalatalousalue.fi\/seppala\/?s={search_term_string}\"},\"query-input\":{\"@type\":\"PropertyValueSpecification\",\"valueRequired\":true,\"valueName\":\"search_term_string\"}}],\"inLanguage\":\"fi\"}]}<\/script>\n<!-- \/ Yoast SEO plugin. -->","yoast_head_json":{"title":"Toimintasuunnitelma - Sepp\u00e4l\u00e4n osakaskunta","robots":{"index":"index","follow":"follow","max-snippet":"max-snippet:-1","max-image-preview":"max-image-preview:large","max-video-preview":"max-video-preview:-1"},"canonical":"https:\/\/leppavedenhankasalmenkalatalousalue.fi\/seppala\/hallinto\/toimintasuunnitelma\/","og_locale":"fi_FI","og_type":"article","og_title":"Toimintasuunnitelma - Sepp\u00e4l\u00e4n osakaskunta","og_description":"Toimintasuunnitelma SEPP\u00c4L\u00c4N OSAKASKUNTA &nbsp;&nbsp;&nbsp;&nbsp;&nbsp;&nbsp;&nbsp;&nbsp;&nbsp;&nbsp;&nbsp;&nbsp;&nbsp;&nbsp;&nbsp;&nbsp;&nbsp;&nbsp;&nbsp;&nbsp;&nbsp;&nbsp;&nbsp;&nbsp;&nbsp;&nbsp;&nbsp;&nbsp;&nbsp;&nbsp;&nbsp;&nbsp;&nbsp;&nbsp;&nbsp; TOIMINTASUUNNITELMA 2025 Kokoukset&nbsp;&nbsp;&nbsp;&nbsp;&nbsp;&nbsp;&nbsp;&nbsp;&nbsp;&nbsp;&nbsp;&nbsp;&nbsp;&nbsp;&nbsp;&nbsp;&nbsp;&nbsp;&nbsp;&nbsp;&nbsp;&nbsp; Vuosikokous 22.4.2025 Johtokunta&nbsp;&nbsp;&nbsp;&nbsp;&nbsp;&nbsp;&nbsp;&nbsp;&nbsp;&nbsp;&nbsp;&nbsp;&nbsp;&nbsp;&nbsp;&nbsp;&nbsp;&nbsp;&nbsp;&nbsp;&nbsp; Nimet\u00e4\u00e4n vuosikokouksessa. Kalastuksen valvonta\u00a0\u00a0\u00a0\u00a0 Kalastuksen valvontaa tehd\u00e4\u00e4n Lepp\u00e4veden-Hankasalmen kalatalousalueen toimesta. Kalastusvalvojakoulutukseen kannustetaan omia j\u00e4seni\u00e4. Nuottaus&nbsp;&nbsp;&nbsp;&nbsp;&nbsp;&nbsp;&nbsp;&nbsp;&nbsp;&nbsp;&nbsp;&nbsp;&nbsp;&nbsp;&nbsp;&nbsp;&nbsp;&nbsp;&nbsp;&nbsp;&nbsp;&nbsp;&nbsp;&nbsp;&nbsp; Nuotta on varastoituna laatikossa ja muu kalusto on vuodelta 2018. Nuottamestari ja nuottauskalastajat pyrit\u00e4\u00e4n l\u00f6yt\u00e4m\u00e4\u00e4n ja nuottaus aloittamaan perinteen mukaan. &nbsp;&nbsp; Suomun\u00e4ytteet&nbsp;&nbsp;&nbsp;&nbsp;&nbsp;&nbsp;&nbsp;&nbsp;&nbsp;&nbsp;&nbsp;&nbsp;&nbsp;&nbsp;&nbsp; Kalatalouskeskukselle n\u00e4ytteit\u00e4 annetaan sopimuksen mukaan. &nbsp; Yhteisty\u00f6 &nbsp;&nbsp;&nbsp;&nbsp;&nbsp;&nbsp;&nbsp;&nbsp;&nbsp;&nbsp;&nbsp;&nbsp;&nbsp;&nbsp;&nbsp;&nbsp;&nbsp;&nbsp;&nbsp;&nbsp;&nbsp;&nbsp; Lue lis\u00e4\u00e4 >","og_url":"https:\/\/leppavedenhankasalmenkalatalousalue.fi\/seppala\/hallinto\/toimintasuunnitelma\/","og_site_name":"Sepp\u00e4l\u00e4n osakaskunta","article_modified_time":"2025-04-28T08:14:47+00:00","twitter_card":"summary_large_image","twitter_misc":{"Arvioitu lukuaika":"2 minuuttia"},"schema":{"@context":"https:\/\/schema.org","@graph":[{"@type":"WebPage","@id":"https:\/\/leppavedenhankasalmenkalatalousalue.fi\/seppala\/hallinto\/toimintasuunnitelma\/","url":"https:\/\/leppavedenhankasalmenkalatalousalue.fi\/seppala\/hallinto\/toimintasuunnitelma\/","name":"Toimintasuunnitelma - Sepp\u00e4l\u00e4n osakaskunta","isPartOf":{"@id":"https:\/\/leppavedenhankasalmenkalatalousalue.fi\/seppala\/#website"},"datePublished":"2020-10-29T11:24:00+00:00","dateModified":"2025-04-28T08:14:47+00:00","breadcrumb":{"@id":"https:\/\/leppavedenhankasalmenkalatalousalue.fi\/seppala\/hallinto\/toimintasuunnitelma\/#breadcrumb"},"inLanguage":"fi","potentialAction":[{"@type":"ReadAction","target":["https:\/\/leppavedenhankasalmenkalatalousalue.fi\/seppala\/hallinto\/toimintasuunnitelma\/"]}]},{"@type":"BreadcrumbList","@id":"https:\/\/leppavedenhankasalmenkalatalousalue.fi\/seppala\/hallinto\/toimintasuunnitelma\/#breadcrumb","itemListElement":[{"@type":"ListItem","position":1,"name":"Home","item":"https:\/\/leppavedenhankasalmenkalatalousalue.fi\/seppala\/"},{"@type":"ListItem","position":2,"name":"Yksityinen: Hallinto","item":"https:\/\/leppavedenhankasalmenkalatalousalue.fi\/seppala\/?page_id=32"},{"@type":"ListItem","position":3,"name":"Toimintasuunnitelma"}]},{"@type":"WebSite","@id":"https:\/\/leppavedenhankasalmenkalatalousalue.fi\/seppala\/#website","url":"https:\/\/leppavedenhankasalmenkalatalousalue.fi\/seppala\/","name":"Sepp\u00e4l\u00e4n osakaskunta","description":"","potentialAction":[{"@type":"SearchAction","target":{"@type":"EntryPoint","urlTemplate":"https:\/\/leppavedenhankasalmenkalatalousalue.fi\/seppala\/?s={search_term_string}"},"query-input":{"@type":"PropertyValueSpecification","valueRequired":true,"valueName":"search_term_string"}}],"inLanguage":"fi"}]}},"_links":{"self":[{"href":"https:\/\/leppavedenhankasalmenkalatalousalue.fi\/seppala\/wp-json\/wp\/v2\/pages\/72","targetHints":{"allow":["GET"]}}],"collection":[{"href":"https:\/\/leppavedenhankasalmenkalatalousalue.fi\/seppala\/wp-json\/wp\/v2\/pages"}],"about":[{"href":"https:\/\/leppavedenhankasalmenkalatalousalue.fi\/seppala\/wp-json\/wp\/v2\/types\/page"}],"author":[{"embeddable":true,"href":"https:\/\/leppavedenhankasalmenkalatalousalue.fi\/seppala\/wp-json\/wp\/v2\/users\/1"}],"replies":[{"embeddable":true,"href":"https:\/\/leppavedenhankasalmenkalatalousalue.fi\/seppala\/wp-json\/wp\/v2\/comments?post=72"}],"version-history":[{"count":7,"href":"https:\/\/leppavedenhankasalmenkalatalousalue.fi\/seppala\/wp-json\/wp\/v2\/pages\/72\/revisions"}],"predecessor-version":[{"id":253,"href":"https:\/\/leppavedenhankasalmenkalatalousalue.fi\/seppala\/wp-json\/wp\/v2\/pages\/72\/revisions\/253"}],"up":[{"embeddable":true,"href":"https:\/\/leppavedenhankasalmenkalatalousalue.fi\/seppala\/wp-json\/wp\/v2\/pages\/32"}],"wp:attachment":[{"href":"https:\/\/leppavedenhankasalmenkalatalousalue.fi\/seppala\/wp-json\/wp\/v2\/media?parent=72"}],"curies":[{"name":"wp","href":"https:\/\/api.w.org\/{rel}","templated":true}]}}