{"id":86,"date":"2020-10-29T11:39:36","date_gmt":"2020-10-29T11:39:36","guid":{"rendered":"http:\/\/89.166.51.80\/~leppaveden\/hameenmaen-osakaskunta\/?page_id=86"},"modified":"2026-03-11T09:20:55","modified_gmt":"2026-03-11T09:20:55","slug":"lupamaksut-ja-ohjeet","status":"publish","type":"page","link":"https:\/\/leppavedenhankasalmenkalatalousalue.fi\/seppala\/luvat\/lupamaksut-ja-ohjeet\/","title":{"rendered":"Lupamaksut ja ohjeet"},"content":{"rendered":"\n<h2 class=\"wp-block-heading\"><strong>Lupamaksut ja ohjeet<\/strong><\/h2>\n\n\n\n<h3 class=\"wp-block-heading\"><strong>Kalastuksen valvojat:<\/strong><\/h3>\n\n\n\n<p>&#8211; tutkintokoulutuksen suoritti kaksi henkil\u00f6\u00e4<\/p>\n\n\n\n<p>&#8211; t\u00e4ll\u00e4 hetkell\u00e4 vesist\u00f6\u00e4 valvovat Lepp\u00e4veden &#8211; Hankasalmen kalatalousalueen valvojat. <\/p>\n\n\n\n<h3 class=\"wp-block-heading\"><\/h3>\n\n\n\n<h3 class=\"wp-block-heading\"><strong>Ohjeita kalastajille<\/strong><\/h3>\n\n\n\n<p>Pyydysmerkkej\u00e4 ostettaessa on esitett\u00e4v\u00e4 todistus kalastonhoitomaksun suorittamisesta ns. &#8221;kalastuskortti&#8221;<br>Kalastuskorttiin merkit\u00e4\u00e4n ostettujen pyydysmerkkien numerot (ei annettuun kuittiin).<br>Pyydysmerkkien hinta vuoden 2025 alusta on Sepp\u00e4l\u00e4n kalastuskunnan alueella kaikille 5\u20ac kpl.<br>Pyydysmerkkej\u00e4 myyd\u00e4\u00e4n ulkopuolisille enint\u00e4\u00e4n 5 kpl \/ ruokakunta ja<br>j\u00e4senille 10 kpl. Rapujen pyyntiin merkin hinta 3\u20ac kpl.&nbsp;<br>Pyydysmerkill\u00e4 saa kalastaa &#8211; verkolla(30m), katiskalla, virvelill\u00e4,<br>vetouisteella, kolmella iskukoukulla, pitk\u00e4siimalla (100 koukkua)<br>Pyydysmerkkej\u00e4 tarvitaan pieneen rys\u00e4\u00e4n 2 kpl ja isoon 4 kpl<\/p>\n\n\n\n<p>Vain osakas voi k\u00e4ytt\u00e4\u00e4 kalastusoikeutta Vaajakosken Ylisenkoski-palstalla ja taimenen rauhoitus on selvitett\u00e4v\u00e4 kalastajan toimesta ennen kalastusta.<\/p>\n\n\n\n<p>Nuottapyynti\u00e4 valvoo johtokunta.<\/p>\n\n\n\n<p>&nbsp;<strong>Pyydysten merkint\u00e4<\/strong><\/p>\n\n\n\n<p>Kaikki pyydykset on merkitt\u00e4v\u00e4.<br>Kes\u00e4ll\u00e4 verkot merkit\u00e4\u00e4n vesiliikenteen k\u00e4ytt\u00e4mill\u00e4 alueilla lipuilla ( veden yl\u00e4puolella n\u00e4kyv\u00e4 120cm tanko ja v\u00e4hin\u00e4\u00e4n 20 x 20 cm lippu). Kun pyydys alle 1,5 metrin syvyydess\u00e4 k\u00e4ytet\u00e4\u00e4n kahta p\u00e4\u00e4llekk\u00e4ist\u00e4 lippua. Alueilla, jotka eiv\u00e4t haittaa vesiliikennett\u00e4 riitt\u00e4\u00e4 lippusalon korkeudeksi vedenpinnasta 40 cm varustettuna v\u00e4hint\u00e4\u00e4n 15 x 15 cm lipulla. Pyydyksiin on merkitt\u00e4v\u00e4 kalastajan nimi ja yhteystiedot (nimi, puhelinnumero tai osoite). Verkkojen v\u00e4himm\u00e4iset\u00e4isyys 100 m toiseen pyydykseen.&nbsp;<br>Liput on oltava molemmissa p\u00e4iss\u00e4. Pyydysmerkit on sijoitettava jatan uloimman merkin juureen.<br>Katiska ja rys\u00e4 on merkitt\u00e4v\u00e4 selv\u00e4sti ja pyydysmerkkien on oltava n\u00e4kyvill\u00e4.<br>Talvella on avannot merkitt\u00e4v\u00e4 selv\u00e4sti ja pyydysmerkit on oltava avannon p\u00e4\u00e4ll\u00e4 tai pyydysmerkkien numerot selv\u00e4sti luettavissa. Talvella koukkupyydyksiss\u00e4 oltava lappu, josta selvi\u00e4\u00e4 pyydysmerkkien numero ja kalastajan nimi sek\u00e4 puhelinnumero.<br>Kalapaikan varaaminen ilman pyydyksi\u00e4 on kielletty. Pyydyksill\u00e4 ei saa h\u00e4irit\u00e4 asuttua rantaa, laituria tai uimapaikkaa.&nbsp;<br>Seisovien pyydysten k\u00e4ytt\u00f6 kielletty Vaajakosken rautatiesillan ja Ylisenkosken v\u00e4lisell\u00e4 alueella.<\/p>\n\n\n\n<p>Pyydyksill\u00e4 ei saa h\u00e4irit\u00e4 asunutta rantaa, laituria tai uimapaikkaa.<\/p>\n\n\n\n<p>Vesialueen karttoja myynniss\u00e4 pyydysmerkkien myyntipisteiss\u00e4, kartoissa syvyysmitat ja sepp\u00e4l\u00e4n osakaskunnan www-sivuilta.<\/p>\n\n\n\n<h3 class=\"wp-block-heading\">Pyydysrajoitus<\/h3>\n\n\n\n<p>&nbsp;Verkon silm\u00e4koko on oltava v\u00e4hint\u00e4\u00e4n 55 mm 1.12. &#8211; 30.6. v\u00e4lisen\u00e4 aikana kuhakannan elvytt\u00e4miseksi.&nbsp;&nbsp;<\/p>\n\n\n\n<h3 class=\"wp-block-heading\">Yhteyshenkil\u00f6<\/h3>\n\n\n\n<p><br>Olavi Kivi<br>Sepp\u00e4l\u00e4n osakaskunnan sihteeri&nbsp;<br><\/p>\n\n\n\n<p><\/p>\n\n\n\n<p>&nbsp; &nbsp; &nbsp; &nbsp; &nbsp;&nbsp;puh. 0442355709<\/p>\n\n\n\n<h2 class=\"wp-block-heading\">Sorsanmets\u00e4styksen mets\u00e4stysohjeet<\/h2>\n\n\n\n<p><strong>Sorsanmets\u00e4styksen kieltoalueet<\/strong><\/p>\n\n\n\n<p>Marasteen ranta, Kiinteist\u00f6 Ranta-Rutanen RN:o 410-406-9-67 on kieltoaluetta. <\/p>\n\n\n\n<ol class=\"wp-block-list\">\n<li>Sorsanmets\u00e4stys on tapahduttava veneest\u00e4 k\u00e4sin.<\/li>\n\n\n\n<li>Rantakivilt\u00e4 ampuminen kielletty.<\/li>\n\n\n\n<li>Huomioi et\u00e4isyys: 150m asunnoista (m\u00e4\u00e4ritelty mets\u00e4styslaissa)<\/li>\n\n\n\n<li>Moottoriveneest\u00e4 ampuminen kielletty, jos vene liikkuu moottorin voimalla<\/li>\n\n\n\n<li>Muista turvallisuus!! Katso mihin suuntaan ammut.<\/li>\n\n\n\n<li>Sorsanmets\u00e4styslupaa ostettaessa on esitett\u00e4v\u00e4 seuraavat luvat:<br>&#8211; Voimassa oleva mets\u00e4styskortti<br>&#8211; Aseenkantolupa<\/li>\n\n\n\n<li>Katso saamastasi kartasta mets\u00e4styksen rauhoitusalue.<\/li>\n\n\n\n<li>Sorsastuslupia myyv\u00e4t:<\/li>\n<\/ol>\n\n\n\n<p><strong>Luvanmyyj\u00e4t<\/strong><\/p>\n\n\n\n<ul class=\"wp-block-list\">\n<li>&#8211; Country H\u00e4kkinen Raikkolantie 45, 0400 345 849<\/li>\n\n\n\n<li>&#8211; Palvelusta <a href=\"http:\/\/www.ostaluvat.fi\">www.ostaluvat.fi<\/a> myyd\u00e4\u00e4n kalastukseen pyydysmerkit<\/li>\n<\/ul>\n\n\n\n<h3 class=\"wp-block-heading\">Lupamaksut&nbsp;sorsanmets\u00e4stykseen<\/h3>\n\n\n\n<p>&#8211; Vuorokausimaksu 9\u20ac<br>&#8211; Kausimaksu 25\u20ac <\/p>\n\n\n\n<p>Sorsastuksen aikana list\u00e4\u00e4n vesialueen valvontaa.&nbsp;<br>HUOMIOI SORSASTUSKIELTO RANTA-RUTASEN VESIALUEELLA&nbsp;(merkitty osakaskunnan karttaan)&nbsp;<\/p>\n\n\n\n<p><\/p>\n","protected":false},"excerpt":{"rendered":"<p>Lupamaksut ja ohjeet Kalastuksen valvojat: &#8211; tutkintokoulutuksen suoritti kaksi henkil\u00f6\u00e4 &#8211; t\u00e4ll\u00e4 hetkell\u00e4 vesist\u00f6\u00e4 valvovat Lepp\u00e4veden &#8211; Hankasalmen kalatalousalueen valvojat. Ohjeita kalastajille Pyydysmerkkej\u00e4 ostettaessa on esitett\u00e4v\u00e4 todistus kalastonhoitomaksun suorittamisesta ns. &#8221;kalastuskortti&#8221;Kalastuskorttiin merkit\u00e4\u00e4n ostettujen pyydysmerkkien numerot (ei annettuun kuittiin).Pyydysmerkkien hinta vuoden 2025 alusta on Sepp\u00e4l\u00e4n kalastuskunnan alueella kaikille 5\u20ac kpl.Pyydysmerkkej\u00e4 myyd\u00e4\u00e4n ulkopuolisille enint\u00e4\u00e4n 5 kpl \/<\/p>\n<p><a class=\"moretag\" href=\"https:\/\/leppavedenhankasalmenkalatalousalue.fi\/seppala\/luvat\/lupamaksut-ja-ohjeet\/\"> Lue lis\u00e4\u00e4 ><\/a><\/p>\n","protected":false},"author":1,"featured_media":0,"parent":45,"menu_order":0,"comment_status":"closed","ping_status":"closed","template":"basic-sivu.php","meta":{"_acf_changed":false,"footnotes":""},"class_list":["post-86","page","type-page","status-publish","hentry"],"acf":[],"yoast_head":"<!-- This site is optimized with the Yoast SEO plugin v27.1.1 - https:\/\/yoast.com\/product\/yoast-seo-wordpress\/ -->\n<title>Lupamaksut ja ohjeet - Sepp\u00e4l\u00e4n osakaskunta<\/title>\n<meta name=\"robots\" content=\"index, follow, max-snippet:-1, max-image-preview:large, max-video-preview:-1\" \/>\n<link rel=\"canonical\" href=\"https:\/\/leppavedenhankasalmenkalatalousalue.fi\/seppala\/luvat\/lupamaksut-ja-ohjeet\/\" \/>\n<meta property=\"og:locale\" content=\"fi_FI\" \/>\n<meta property=\"og:type\" content=\"article\" \/>\n<meta property=\"og:title\" content=\"Lupamaksut ja ohjeet - Sepp\u00e4l\u00e4n osakaskunta\" \/>\n<meta property=\"og:description\" content=\"Lupamaksut ja ohjeet Kalastuksen valvojat: &#8211; tutkintokoulutuksen suoritti kaksi henkil\u00f6\u00e4 &#8211; t\u00e4ll\u00e4 hetkell\u00e4 vesist\u00f6\u00e4 valvovat Lepp\u00e4veden &#8211; Hankasalmen kalatalousalueen valvojat. Ohjeita kalastajille Pyydysmerkkej\u00e4 ostettaessa on esitett\u00e4v\u00e4 todistus kalastonhoitomaksun suorittamisesta ns. &#8221;kalastuskortti&#8221;Kalastuskorttiin merkit\u00e4\u00e4n ostettujen pyydysmerkkien numerot (ei annettuun kuittiin).Pyydysmerkkien hinta vuoden 2025 alusta on Sepp\u00e4l\u00e4n kalastuskunnan alueella kaikille 5\u20ac kpl.Pyydysmerkkej\u00e4 myyd\u00e4\u00e4n ulkopuolisille enint\u00e4\u00e4n 5 kpl \/ Lue lis\u00e4\u00e4 &gt;\" \/>\n<meta property=\"og:url\" content=\"https:\/\/leppavedenhankasalmenkalatalousalue.fi\/seppala\/luvat\/lupamaksut-ja-ohjeet\/\" \/>\n<meta property=\"og:site_name\" content=\"Sepp\u00e4l\u00e4n osakaskunta\" \/>\n<meta property=\"article:modified_time\" content=\"2026-03-11T09:20:55+00:00\" \/>\n<meta name=\"twitter:card\" content=\"summary_large_image\" \/>\n<meta name=\"twitter:label1\" content=\"Arvioitu lukuaika\" \/>\n\t<meta name=\"twitter:data1\" content=\"3 minuuttia\" \/>\n<script type=\"application\/ld+json\" class=\"yoast-schema-graph\">{\"@context\":\"https:\/\/schema.org\",\"@graph\":[{\"@type\":\"WebPage\",\"@id\":\"https:\/\/leppavedenhankasalmenkalatalousalue.fi\/seppala\/luvat\/lupamaksut-ja-ohjeet\/\",\"url\":\"https:\/\/leppavedenhankasalmenkalatalousalue.fi\/seppala\/luvat\/lupamaksut-ja-ohjeet\/\",\"name\":\"Lupamaksut ja ohjeet - Sepp\u00e4l\u00e4n osakaskunta\",\"isPartOf\":{\"@id\":\"https:\/\/leppavedenhankasalmenkalatalousalue.fi\/seppala\/#website\"},\"datePublished\":\"2020-10-29T11:39:36+00:00\",\"dateModified\":\"2026-03-11T09:20:55+00:00\",\"breadcrumb\":{\"@id\":\"https:\/\/leppavedenhankasalmenkalatalousalue.fi\/seppala\/luvat\/lupamaksut-ja-ohjeet\/#breadcrumb\"},\"inLanguage\":\"fi\",\"potentialAction\":[{\"@type\":\"ReadAction\",\"target\":[\"https:\/\/leppavedenhankasalmenkalatalousalue.fi\/seppala\/luvat\/lupamaksut-ja-ohjeet\/\"]}]},{\"@type\":\"BreadcrumbList\",\"@id\":\"https:\/\/leppavedenhankasalmenkalatalousalue.fi\/seppala\/luvat\/lupamaksut-ja-ohjeet\/#breadcrumb\",\"itemListElement\":[{\"@type\":\"ListItem\",\"position\":1,\"name\":\"Home\",\"item\":\"https:\/\/leppavedenhankasalmenkalatalousalue.fi\/seppala\/\"},{\"@type\":\"ListItem\",\"position\":2,\"name\":\"Yksityinen: Luvat\",\"item\":\"https:\/\/leppavedenhankasalmenkalatalousalue.fi\/seppala\/?page_id=45\"},{\"@type\":\"ListItem\",\"position\":3,\"name\":\"Lupamaksut ja ohjeet\"}]},{\"@type\":\"WebSite\",\"@id\":\"https:\/\/leppavedenhankasalmenkalatalousalue.fi\/seppala\/#website\",\"url\":\"https:\/\/leppavedenhankasalmenkalatalousalue.fi\/seppala\/\",\"name\":\"Sepp\u00e4l\u00e4n osakaskunta\",\"description\":\"\",\"potentialAction\":[{\"@type\":\"SearchAction\",\"target\":{\"@type\":\"EntryPoint\",\"urlTemplate\":\"https:\/\/leppavedenhankasalmenkalatalousalue.fi\/seppala\/?s={search_term_string}\"},\"query-input\":{\"@type\":\"PropertyValueSpecification\",\"valueRequired\":true,\"valueName\":\"search_term_string\"}}],\"inLanguage\":\"fi\"}]}<\/script>\n<!-- \/ Yoast SEO plugin. -->","yoast_head_json":{"title":"Lupamaksut ja ohjeet - Sepp\u00e4l\u00e4n osakaskunta","robots":{"index":"index","follow":"follow","max-snippet":"max-snippet:-1","max-image-preview":"max-image-preview:large","max-video-preview":"max-video-preview:-1"},"canonical":"https:\/\/leppavedenhankasalmenkalatalousalue.fi\/seppala\/luvat\/lupamaksut-ja-ohjeet\/","og_locale":"fi_FI","og_type":"article","og_title":"Lupamaksut ja ohjeet - Sepp\u00e4l\u00e4n osakaskunta","og_description":"Lupamaksut ja ohjeet Kalastuksen valvojat: &#8211; tutkintokoulutuksen suoritti kaksi henkil\u00f6\u00e4 &#8211; t\u00e4ll\u00e4 hetkell\u00e4 vesist\u00f6\u00e4 valvovat Lepp\u00e4veden &#8211; Hankasalmen kalatalousalueen valvojat. Ohjeita kalastajille Pyydysmerkkej\u00e4 ostettaessa on esitett\u00e4v\u00e4 todistus kalastonhoitomaksun suorittamisesta ns. &#8221;kalastuskortti&#8221;Kalastuskorttiin merkit\u00e4\u00e4n ostettujen pyydysmerkkien numerot (ei annettuun kuittiin).Pyydysmerkkien hinta vuoden 2025 alusta on Sepp\u00e4l\u00e4n kalastuskunnan alueella kaikille 5\u20ac kpl.Pyydysmerkkej\u00e4 myyd\u00e4\u00e4n ulkopuolisille enint\u00e4\u00e4n 5 kpl \/ Lue lis\u00e4\u00e4 >","og_url":"https:\/\/leppavedenhankasalmenkalatalousalue.fi\/seppala\/luvat\/lupamaksut-ja-ohjeet\/","og_site_name":"Sepp\u00e4l\u00e4n osakaskunta","article_modified_time":"2026-03-11T09:20:55+00:00","twitter_card":"summary_large_image","twitter_misc":{"Arvioitu lukuaika":"3 minuuttia"},"schema":{"@context":"https:\/\/schema.org","@graph":[{"@type":"WebPage","@id":"https:\/\/leppavedenhankasalmenkalatalousalue.fi\/seppala\/luvat\/lupamaksut-ja-ohjeet\/","url":"https:\/\/leppavedenhankasalmenkalatalousalue.fi\/seppala\/luvat\/lupamaksut-ja-ohjeet\/","name":"Lupamaksut ja ohjeet - Sepp\u00e4l\u00e4n osakaskunta","isPartOf":{"@id":"https:\/\/leppavedenhankasalmenkalatalousalue.fi\/seppala\/#website"},"datePublished":"2020-10-29T11:39:36+00:00","dateModified":"2026-03-11T09:20:55+00:00","breadcrumb":{"@id":"https:\/\/leppavedenhankasalmenkalatalousalue.fi\/seppala\/luvat\/lupamaksut-ja-ohjeet\/#breadcrumb"},"inLanguage":"fi","potentialAction":[{"@type":"ReadAction","target":["https:\/\/leppavedenhankasalmenkalatalousalue.fi\/seppala\/luvat\/lupamaksut-ja-ohjeet\/"]}]},{"@type":"BreadcrumbList","@id":"https:\/\/leppavedenhankasalmenkalatalousalue.fi\/seppala\/luvat\/lupamaksut-ja-ohjeet\/#breadcrumb","itemListElement":[{"@type":"ListItem","position":1,"name":"Home","item":"https:\/\/leppavedenhankasalmenkalatalousalue.fi\/seppala\/"},{"@type":"ListItem","position":2,"name":"Yksityinen: Luvat","item":"https:\/\/leppavedenhankasalmenkalatalousalue.fi\/seppala\/?page_id=45"},{"@type":"ListItem","position":3,"name":"Lupamaksut ja ohjeet"}]},{"@type":"WebSite","@id":"https:\/\/leppavedenhankasalmenkalatalousalue.fi\/seppala\/#website","url":"https:\/\/leppavedenhankasalmenkalatalousalue.fi\/seppala\/","name":"Sepp\u00e4l\u00e4n osakaskunta","description":"","potentialAction":[{"@type":"SearchAction","target":{"@type":"EntryPoint","urlTemplate":"https:\/\/leppavedenhankasalmenkalatalousalue.fi\/seppala\/?s={search_term_string}"},"query-input":{"@type":"PropertyValueSpecification","valueRequired":true,"valueName":"search_term_string"}}],"inLanguage":"fi"}]}},"_links":{"self":[{"href":"https:\/\/leppavedenhankasalmenkalatalousalue.fi\/seppala\/wp-json\/wp\/v2\/pages\/86","targetHints":{"allow":["GET"]}}],"collection":[{"href":"https:\/\/leppavedenhankasalmenkalatalousalue.fi\/seppala\/wp-json\/wp\/v2\/pages"}],"about":[{"href":"https:\/\/leppavedenhankasalmenkalatalousalue.fi\/seppala\/wp-json\/wp\/v2\/types\/page"}],"author":[{"embeddable":true,"href":"https:\/\/leppavedenhankasalmenkalatalousalue.fi\/seppala\/wp-json\/wp\/v2\/users\/1"}],"replies":[{"embeddable":true,"href":"https:\/\/leppavedenhankasalmenkalatalousalue.fi\/seppala\/wp-json\/wp\/v2\/comments?post=86"}],"version-history":[{"count":15,"href":"https:\/\/leppavedenhankasalmenkalatalousalue.fi\/seppala\/wp-json\/wp\/v2\/pages\/86\/revisions"}],"predecessor-version":[{"id":329,"href":"https:\/\/leppavedenhankasalmenkalatalousalue.fi\/seppala\/wp-json\/wp\/v2\/pages\/86\/revisions\/329"}],"up":[{"embeddable":true,"href":"https:\/\/leppavedenhankasalmenkalatalousalue.fi\/seppala\/wp-json\/wp\/v2\/pages\/45"}],"wp:attachment":[{"href":"https:\/\/leppavedenhankasalmenkalatalousalue.fi\/seppala\/wp-json\/wp\/v2\/media?parent=86"}],"curies":[{"name":"wp","href":"https:\/\/api.w.org\/{rel}","templated":true}]}}