{"id":97,"date":"2020-10-29T11:48:36","date_gmt":"2020-10-29T11:48:36","guid":{"rendered":"http:\/\/89.166.51.80\/~leppaveden\/hameenmaen-osakaskunta\/?page_id=97"},"modified":"2026-03-11T09:32:31","modified_gmt":"2026-03-11T09:32:31","slug":"pyydysmerkinnat","status":"publish","type":"page","link":"https:\/\/leppavedenhankasalmenkalatalousalue.fi\/seppala\/luvat\/pyydysmerkinnat\/","title":{"rendered":"Pyydysmerkinn\u00e4t"},"content":{"rendered":"\n<h2 class=\"wp-block-heading\">Pyydysmerkinn\u00e4t<\/h2>\n\n\n\n<p>Pyydysmerkkej\u00e4 ostettaessa on esitett\u00e4v\u00e4 valtion kalastuskortti. Kalastuskorttiin merkit\u00e4\u00e4n ostettujen pyydysmerkkien numerot (tai annettuun kuittiin)<\/p>\n\n\n\n<p>Pyydysmerkkien hinta on kaikille 5 \u20ac kappale.<\/p>\n\n\n\n<p>Rapumerkit 3 \u20ac kappale \/ rapumerta<\/p>\n\n\n\n<p>Pyydysmerkkej\u00e4 myyd\u00e4\u00e4n ulkopuolisille enint\u00e4\u00e4n 5 kpl\/ruokakunta ja j\u00e4senille 10 kpl\/ruokakunta.<\/p>\n\n\n\n<p>Pyydysmerkill\u00e4 saa kalastaa: verkolla (30m), katiskalla, virvelill\u00e4, vetouisteella, kolmella iskukoukulla ja pitk\u00e4siimalla (100 koukkua).<\/p>\n\n\n\n<p>Pyydysmerkkej\u00e4 tarvitaan pieneen rys\u00e4\u00e4n 2 kpl ja isoon rys\u00e4\u00e4n 4 kpl.<\/p>\n\n\n\n<p>Vain osakas voi k\u00e4ytt\u00e4\u00e4 kalastusoikeutta Vaajakosken&nbsp; (rautatiensilta \u2013 Ylisenkoski) palstalla.<\/p>\n\n\n\n<p>Nuottapyynti\u00e4 valvoo johtokunta.<\/p>\n\n\n\n<p><strong>VERKON SILM\u00c4KOON RAJOITUS<\/strong><\/p>\n\n\n\n<p>1.12. \u2013 30.6. v\u00e4lisen\u00e4 aikana kiellet\u00e4\u00e4n alle 55 mm solmuv\u00e4lisill\u00e4 verkoilla pyynti kuhakannan elvytt\u00e4miseksi.<\/p>\n\n\n\n<p><strong>PYYDYSTEN MERKINT\u00c4<\/strong><\/p>\n\n\n\n<p>Kaikki pyydykset on merkitt\u00e4v\u00e4.<\/p>\n\n\n\n<p>Kes\u00e4ll\u00e4 verkot merkit\u00e4\u00e4n lipuilla (150 cm tanko ja liput 30&#215;30 cm).<\/p>\n\n\n\n<p>Lis\u00e4ksi pyydykseen n\u00e4ht\u00e4ville omistajan nimi ja puhelin numero.<\/p>\n\n\n\n<p>Liput on oltava molemmissa p\u00e4iss\u00e4. Pyydysmerkit on sijoitettava jatan uloimman merkin juureen.<\/p>\n\n\n\n<p>Katiska ja rys\u00e4 on merkitt\u00e4v\u00e4 selv\u00e4sti ja pyydysmerkkien on oltava n\u00e4kyvill\u00e4.<\/p>\n\n\n\n<p>Talvella on avannot merkitt\u00e4v\u00e4 selv\u00e4sti ja pyydysmerkit oltava avannon p\u00e4\u00e4ll\u00e4 tai pyydysmerkkien numerot selv\u00e4sti luettavissa. Avannot oltava v\u00e4rillisell\u00e4 salkoheijastimella varustettuja. Lis\u00e4ksi nimi ja puhelin numero.<\/p>\n\n\n\n<p>Talvella koukkupyydyksiss\u00e4 on oltava lappu, josta selvi\u00e4\u00e4 pyydysmerkkien numero, nimi ja puhelin.<\/p>\n\n\n\n<p><strong>YLEISI\u00c4 S\u00c4\u00c4NT\u00d6J\u00c4<\/strong><\/p>\n\n\n\n<p>Verkkojen v\u00e4himm\u00e4iset\u00e4isyys 100 m toiseen pyydykseen.<\/p>\n\n\n\n<p>Kalapaikan varaaminen ilman pyydyksi\u00e4 kielletty.<\/p>\n\n\n\n<p>Pyydyksill\u00e4 ei saa h\u00e4irit\u00e4 asuttua rantaa, laituria tai uimapaikkaa.<\/p>\n\n\n\n<p>Seisovien pyydysten k\u00e4ytt\u00f6 on kielletty Vaajakosken rautatiesillan ja Ylisenkosken v\u00e4lisell\u00e4 vesialueella.<\/p>\n\n\n\n<p>Kalastuskunta voi kalanistutuspaikkojen l\u00e4hist\u00f6ll\u00e4 tilap\u00e4isesti rajoittaa kalastusta (poistaa tai siirt\u00e4\u00e4 pyydyksi\u00e4) Vesialueen karttoja on myynniss\u00e4 pyydysmerkkien myyjill\u00e4.<\/p>\n\n\n\n<div class=\"wp-block-columns is-layout-flex wp-container-core-columns-is-layout-9d6595d7 wp-block-columns-is-layout-flex\">\n<div class=\"wp-block-column is-layout-flow wp-block-column-is-layout-flow\"><\/div>\n\n\n\n<div class=\"wp-block-column is-layout-flow wp-block-column-is-layout-flow\"><\/div>\n<\/div>\n\n\n\n<p><\/p>\n\n\n\n<p class=\"has-text-align-center\">&nbsp;&nbsp;&nbsp;&nbsp;&nbsp;&nbsp;&nbsp;&nbsp;&nbsp;&nbsp;&nbsp;&nbsp;&nbsp;&nbsp;&nbsp;&nbsp;&nbsp;&nbsp;&nbsp;&nbsp;&nbsp;&nbsp;&nbsp;&nbsp;&nbsp;&nbsp;&nbsp;&nbsp;&nbsp;&nbsp;<\/p>\n","protected":false},"excerpt":{"rendered":"<p>Pyydysmerkinn\u00e4t Pyydysmerkkej\u00e4 ostettaessa on esitett\u00e4v\u00e4 valtion kalastuskortti. Kalastuskorttiin merkit\u00e4\u00e4n ostettujen pyydysmerkkien numerot (tai annettuun kuittiin) Pyydysmerkkien hinta on kaikille 5 \u20ac kappale. Rapumerkit 3 \u20ac kappale \/ rapumerta Pyydysmerkkej\u00e4 myyd\u00e4\u00e4n ulkopuolisille enint\u00e4\u00e4n 5 kpl\/ruokakunta ja j\u00e4senille 10 kpl\/ruokakunta. Pyydysmerkill\u00e4 saa kalastaa: verkolla (30m), katiskalla, virvelill\u00e4, vetouisteella, kolmella iskukoukulla ja pitk\u00e4siimalla (100 koukkua). Pyydysmerkkej\u00e4 tarvitaan pieneen<\/p>\n<p><a class=\"moretag\" href=\"https:\/\/leppavedenhankasalmenkalatalousalue.fi\/seppala\/luvat\/pyydysmerkinnat\/\"> Lue lis\u00e4\u00e4 ><\/a><\/p>\n","protected":false},"author":1,"featured_media":0,"parent":45,"menu_order":0,"comment_status":"closed","ping_status":"closed","template":"basic-sivu.php","meta":{"_acf_changed":false,"footnotes":""},"class_list":["post-97","page","type-page","status-publish","hentry"],"acf":[],"yoast_head":"<!-- This site is optimized with the Yoast SEO plugin v27.1.1 - https:\/\/yoast.com\/product\/yoast-seo-wordpress\/ -->\n<title>Pyydysmerkinn\u00e4t - Sepp\u00e4l\u00e4n osakaskunta<\/title>\n<meta name=\"robots\" content=\"index, follow, max-snippet:-1, max-image-preview:large, max-video-preview:-1\" \/>\n<link rel=\"canonical\" href=\"https:\/\/leppavedenhankasalmenkalatalousalue.fi\/seppala\/luvat\/pyydysmerkinnat\/\" \/>\n<meta property=\"og:locale\" content=\"fi_FI\" \/>\n<meta property=\"og:type\" content=\"article\" \/>\n<meta property=\"og:title\" content=\"Pyydysmerkinn\u00e4t - Sepp\u00e4l\u00e4n osakaskunta\" \/>\n<meta property=\"og:description\" content=\"Pyydysmerkinn\u00e4t Pyydysmerkkej\u00e4 ostettaessa on esitett\u00e4v\u00e4 valtion kalastuskortti. Kalastuskorttiin merkit\u00e4\u00e4n ostettujen pyydysmerkkien numerot (tai annettuun kuittiin) Pyydysmerkkien hinta on kaikille 5 \u20ac kappale. Rapumerkit 3 \u20ac kappale \/ rapumerta Pyydysmerkkej\u00e4 myyd\u00e4\u00e4n ulkopuolisille enint\u00e4\u00e4n 5 kpl\/ruokakunta ja j\u00e4senille 10 kpl\/ruokakunta. Pyydysmerkill\u00e4 saa kalastaa: verkolla (30m), katiskalla, virvelill\u00e4, vetouisteella, kolmella iskukoukulla ja pitk\u00e4siimalla (100 koukkua). Pyydysmerkkej\u00e4 tarvitaan pieneen Lue lis\u00e4\u00e4 &gt;\" \/>\n<meta property=\"og:url\" content=\"https:\/\/leppavedenhankasalmenkalatalousalue.fi\/seppala\/luvat\/pyydysmerkinnat\/\" \/>\n<meta property=\"og:site_name\" content=\"Sepp\u00e4l\u00e4n osakaskunta\" \/>\n<meta property=\"article:modified_time\" content=\"2026-03-11T09:32:31+00:00\" \/>\n<meta name=\"twitter:card\" content=\"summary_large_image\" \/>\n<meta name=\"twitter:label1\" content=\"Arvioitu lukuaika\" \/>\n\t<meta name=\"twitter:data1\" content=\"2 minuuttia\" \/>\n<script type=\"application\/ld+json\" class=\"yoast-schema-graph\">{\"@context\":\"https:\/\/schema.org\",\"@graph\":[{\"@type\":\"WebPage\",\"@id\":\"https:\/\/leppavedenhankasalmenkalatalousalue.fi\/seppala\/luvat\/pyydysmerkinnat\/\",\"url\":\"https:\/\/leppavedenhankasalmenkalatalousalue.fi\/seppala\/luvat\/pyydysmerkinnat\/\",\"name\":\"Pyydysmerkinn\u00e4t - Sepp\u00e4l\u00e4n osakaskunta\",\"isPartOf\":{\"@id\":\"https:\/\/leppavedenhankasalmenkalatalousalue.fi\/seppala\/#website\"},\"datePublished\":\"2020-10-29T11:48:36+00:00\",\"dateModified\":\"2026-03-11T09:32:31+00:00\",\"breadcrumb\":{\"@id\":\"https:\/\/leppavedenhankasalmenkalatalousalue.fi\/seppala\/luvat\/pyydysmerkinnat\/#breadcrumb\"},\"inLanguage\":\"fi\",\"potentialAction\":[{\"@type\":\"ReadAction\",\"target\":[\"https:\/\/leppavedenhankasalmenkalatalousalue.fi\/seppala\/luvat\/pyydysmerkinnat\/\"]}]},{\"@type\":\"BreadcrumbList\",\"@id\":\"https:\/\/leppavedenhankasalmenkalatalousalue.fi\/seppala\/luvat\/pyydysmerkinnat\/#breadcrumb\",\"itemListElement\":[{\"@type\":\"ListItem\",\"position\":1,\"name\":\"Home\",\"item\":\"https:\/\/leppavedenhankasalmenkalatalousalue.fi\/seppala\/\"},{\"@type\":\"ListItem\",\"position\":2,\"name\":\"Yksityinen: Luvat\",\"item\":\"https:\/\/leppavedenhankasalmenkalatalousalue.fi\/seppala\/?page_id=45\"},{\"@type\":\"ListItem\",\"position\":3,\"name\":\"Pyydysmerkinn\u00e4t\"}]},{\"@type\":\"WebSite\",\"@id\":\"https:\/\/leppavedenhankasalmenkalatalousalue.fi\/seppala\/#website\",\"url\":\"https:\/\/leppavedenhankasalmenkalatalousalue.fi\/seppala\/\",\"name\":\"Sepp\u00e4l\u00e4n osakaskunta\",\"description\":\"\",\"potentialAction\":[{\"@type\":\"SearchAction\",\"target\":{\"@type\":\"EntryPoint\",\"urlTemplate\":\"https:\/\/leppavedenhankasalmenkalatalousalue.fi\/seppala\/?s={search_term_string}\"},\"query-input\":{\"@type\":\"PropertyValueSpecification\",\"valueRequired\":true,\"valueName\":\"search_term_string\"}}],\"inLanguage\":\"fi\"}]}<\/script>\n<!-- \/ Yoast SEO plugin. -->","yoast_head_json":{"title":"Pyydysmerkinn\u00e4t - Sepp\u00e4l\u00e4n osakaskunta","robots":{"index":"index","follow":"follow","max-snippet":"max-snippet:-1","max-image-preview":"max-image-preview:large","max-video-preview":"max-video-preview:-1"},"canonical":"https:\/\/leppavedenhankasalmenkalatalousalue.fi\/seppala\/luvat\/pyydysmerkinnat\/","og_locale":"fi_FI","og_type":"article","og_title":"Pyydysmerkinn\u00e4t - Sepp\u00e4l\u00e4n osakaskunta","og_description":"Pyydysmerkinn\u00e4t Pyydysmerkkej\u00e4 ostettaessa on esitett\u00e4v\u00e4 valtion kalastuskortti. Kalastuskorttiin merkit\u00e4\u00e4n ostettujen pyydysmerkkien numerot (tai annettuun kuittiin) Pyydysmerkkien hinta on kaikille 5 \u20ac kappale. Rapumerkit 3 \u20ac kappale \/ rapumerta Pyydysmerkkej\u00e4 myyd\u00e4\u00e4n ulkopuolisille enint\u00e4\u00e4n 5 kpl\/ruokakunta ja j\u00e4senille 10 kpl\/ruokakunta. Pyydysmerkill\u00e4 saa kalastaa: verkolla (30m), katiskalla, virvelill\u00e4, vetouisteella, kolmella iskukoukulla ja pitk\u00e4siimalla (100 koukkua). Pyydysmerkkej\u00e4 tarvitaan pieneen Lue lis\u00e4\u00e4 >","og_url":"https:\/\/leppavedenhankasalmenkalatalousalue.fi\/seppala\/luvat\/pyydysmerkinnat\/","og_site_name":"Sepp\u00e4l\u00e4n osakaskunta","article_modified_time":"2026-03-11T09:32:31+00:00","twitter_card":"summary_large_image","twitter_misc":{"Arvioitu lukuaika":"2 minuuttia"},"schema":{"@context":"https:\/\/schema.org","@graph":[{"@type":"WebPage","@id":"https:\/\/leppavedenhankasalmenkalatalousalue.fi\/seppala\/luvat\/pyydysmerkinnat\/","url":"https:\/\/leppavedenhankasalmenkalatalousalue.fi\/seppala\/luvat\/pyydysmerkinnat\/","name":"Pyydysmerkinn\u00e4t - Sepp\u00e4l\u00e4n osakaskunta","isPartOf":{"@id":"https:\/\/leppavedenhankasalmenkalatalousalue.fi\/seppala\/#website"},"datePublished":"2020-10-29T11:48:36+00:00","dateModified":"2026-03-11T09:32:31+00:00","breadcrumb":{"@id":"https:\/\/leppavedenhankasalmenkalatalousalue.fi\/seppala\/luvat\/pyydysmerkinnat\/#breadcrumb"},"inLanguage":"fi","potentialAction":[{"@type":"ReadAction","target":["https:\/\/leppavedenhankasalmenkalatalousalue.fi\/seppala\/luvat\/pyydysmerkinnat\/"]}]},{"@type":"BreadcrumbList","@id":"https:\/\/leppavedenhankasalmenkalatalousalue.fi\/seppala\/luvat\/pyydysmerkinnat\/#breadcrumb","itemListElement":[{"@type":"ListItem","position":1,"name":"Home","item":"https:\/\/leppavedenhankasalmenkalatalousalue.fi\/seppala\/"},{"@type":"ListItem","position":2,"name":"Yksityinen: Luvat","item":"https:\/\/leppavedenhankasalmenkalatalousalue.fi\/seppala\/?page_id=45"},{"@type":"ListItem","position":3,"name":"Pyydysmerkinn\u00e4t"}]},{"@type":"WebSite","@id":"https:\/\/leppavedenhankasalmenkalatalousalue.fi\/seppala\/#website","url":"https:\/\/leppavedenhankasalmenkalatalousalue.fi\/seppala\/","name":"Sepp\u00e4l\u00e4n osakaskunta","description":"","potentialAction":[{"@type":"SearchAction","target":{"@type":"EntryPoint","urlTemplate":"https:\/\/leppavedenhankasalmenkalatalousalue.fi\/seppala\/?s={search_term_string}"},"query-input":{"@type":"PropertyValueSpecification","valueRequired":true,"valueName":"search_term_string"}}],"inLanguage":"fi"}]}},"_links":{"self":[{"href":"https:\/\/leppavedenhankasalmenkalatalousalue.fi\/seppala\/wp-json\/wp\/v2\/pages\/97","targetHints":{"allow":["GET"]}}],"collection":[{"href":"https:\/\/leppavedenhankasalmenkalatalousalue.fi\/seppala\/wp-json\/wp\/v2\/pages"}],"about":[{"href":"https:\/\/leppavedenhankasalmenkalatalousalue.fi\/seppala\/wp-json\/wp\/v2\/types\/page"}],"author":[{"embeddable":true,"href":"https:\/\/leppavedenhankasalmenkalatalousalue.fi\/seppala\/wp-json\/wp\/v2\/users\/1"}],"replies":[{"embeddable":true,"href":"https:\/\/leppavedenhankasalmenkalatalousalue.fi\/seppala\/wp-json\/wp\/v2\/comments?post=97"}],"version-history":[{"count":10,"href":"https:\/\/leppavedenhankasalmenkalatalousalue.fi\/seppala\/wp-json\/wp\/v2\/pages\/97\/revisions"}],"predecessor-version":[{"id":334,"href":"https:\/\/leppavedenhankasalmenkalatalousalue.fi\/seppala\/wp-json\/wp\/v2\/pages\/97\/revisions\/334"}],"up":[{"embeddable":true,"href":"https:\/\/leppavedenhankasalmenkalatalousalue.fi\/seppala\/wp-json\/wp\/v2\/pages\/45"}],"wp:attachment":[{"href":"https:\/\/leppavedenhankasalmenkalatalousalue.fi\/seppala\/wp-json\/wp\/v2\/media?parent=97"}],"curies":[{"name":"wp","href":"https:\/\/api.w.org\/{rel}","templated":true}]}}