{"id":49,"date":"2020-10-29T09:51:51","date_gmt":"2020-10-29T09:51:51","guid":{"rendered":"http:\/\/89.166.51.80\/~leppaveden\/hameenmaen-osakaskunta\/?page_id=49"},"modified":"2021-01-18T07:40:49","modified_gmt":"2021-01-18T07:40:49","slug":"paatokset","status":"publish","type":"page","link":"https:\/\/leppavedenhankasalmenkalatalousalue.fi\/siikakoski\/paatokset\/","title":{"rendered":"P\u00e4\u00e4t\u00f6kset"},"content":{"rendered":"\n<h2 class=\"wp-block-heading\">P\u00e4\u00e4t\u00f6kset<\/h2>\n\n\n\n<h3 class=\"wp-block-heading\">Rajoitukset<\/h3>\n\n\n\n<h4 class=\"wp-block-heading\">Pyyntirajoitukset:<\/h4>\n\n\n\n<p>Kalastusalueen suositus v\u00e4ltt\u00e4\u00e4 solmuv\u00e4lialueella 31-54 mm tapahtuvaa verkkopyynti\u00e4<br>jatkuu Konnevesi-j\u00e4rvess\u00e4.<\/p>\n\n\n\n<p>Samoin suositellaan enint\u00e4\u00e4n kahden alle 35 mm solmuv\u00e4lialueella olevan verkon k\u00e4ytt\u00f6\u00e4<br>rantavesissa tapahtuvassa pyynniss\u00e4.<\/p>\n\n\n\n<h4 class=\"wp-block-heading\">Rauhoitusalueet:<\/h4>\n\n\n\n<ul class=\"wp-block-list\"><li>M\u00e4mmijarven laskuojan suu, kalastus kielletty<\/li><li>Siikakosken yl\u00e4puolella olevassa olevassa kalav\u00e4yl\u00e4ss\u00e4 sallittu vain onginta<br>ja uistelu. My\u00f6skin kalav\u00e4ylien ulkopuoleisessa sulassa verkkopyynti kielletty.<\/li><\/ul>\n\n\n\n<h4 class=\"wp-block-heading\">Seuraavissa paikoissa pyydysten k\u00e4ytt\u00f6 on kielletty toukokuun ajan:<\/h4>\n\n\n\n<ul class=\"wp-block-list\"><li>Majaastensalmi<\/li><li>Lapinsalon lahdet<\/li><li>Isokaarre<\/li><li>Savolaislahti<\/li><li>M\u00e4mmijarven laskuojan suuhun merkitty alue.<\/li><li>M\u00e4t\u00e4jarvi<\/li><li>M\u00e4ntylahti<\/li><li>alueet merkitty maalilla maakiviin ja tauluilla &#8221;Rauhoitusalue&#8221;<\/li><\/ul>\n\n\n\n<p>Ruotoj\u00e4rvi, M\u00e4mmij\u00e4rvi, Kotalampi, Pitk\u00e4j\u00e4rvi, Sirkkalampi, Kolulampi,<br>Salmentauslampi, Lev\u00e4senlampi, Kangaslampi, Ruuhilampi:<br>verkkoja sallittu enint\u00e4\u00e4n 2 kpl\/ruokakunta, solmuvali v\u00e4hint\u00e4\u00e4n 45 mm.<\/p>\n\n\n\n<h3 class=\"wp-block-heading\">Mets\u00e4stys ja ravustus<\/h3>\n\n\n\n<p>Vesilintujen mets\u00e4stys sallittu vain osakkaille ja heid\u00e4n mukanaan oleville vieraille.<\/p>\n\n\n\n<p>Vesilintujen mets\u00e4stykselt\u00e4 rauhoitetaan seuraavat alueet:<\/p>\n\n\n\n<ul class=\"wp-block-list\"><li>Tulisalmi<\/li><li>Kangaslampi<\/li><li>M\u00e4mmij\u00e4rvi<\/li><li>Ruotaj\u00e4rvi<\/li><li>Kolulampi<\/li><li>Mieronvirta<\/li><li>Rappaatlahti Pieni Savolaissaari-Aittosaaren etel\u00e4p\u00e4\u00e4n linjaan asti<\/li><li>Aittolahti Aittoniemennp\u00e4\u00e4-M\u00e4ntyniemen p\u00e4\u00e4 linjaan asti<\/li><li>Ruotolahti Peuraniemi-Ruotoniemenkummeli-Pynn\u00f6l\u00e4n venevaja linjaan<\/li><li>Osakaskunnan omistamissa saarissa pienriistan, j\u00e4nis ja kanalinnut mets\u00e4stys kielletty.<\/li><li>Pienpetojen pyynti (minkki ja supi) sallittu osakaskunnan alueella osakkaille.<\/li><\/ul>\n\n\n\n<p>Ravustus sallittu vain osakkaille. Haavilla ravustus kielletty<\/p>\n\n\n\n<p>Piisaminpyynti sallittu kaikille<\/p>\n","protected":false},"excerpt":{"rendered":"<p>P\u00e4\u00e4t\u00f6kset Rajoitukset Pyyntirajoitukset: Kalastusalueen suositus v\u00e4ltt\u00e4\u00e4 solmuv\u00e4lialueella 31-54 mm tapahtuvaa verkkopyynti\u00e4jatkuu Konnevesi-j\u00e4rvess\u00e4. Samoin suositellaan enint\u00e4\u00e4n kahden alle 35 mm solmuv\u00e4lialueella olevan verkon k\u00e4ytt\u00f6\u00e4rantavesissa tapahtuvassa pyynniss\u00e4. Rauhoitusalueet: M\u00e4mmijarven laskuojan suu, kalastus kielletty Siikakosken yl\u00e4puolella olevassa olevassa kalav\u00e4yl\u00e4ss\u00e4 sallittu vain ongintaja uistelu. My\u00f6skin kalav\u00e4ylien ulkopuoleisessa sulassa verkkopyynti kielletty. Seuraavissa paikoissa pyydysten k\u00e4ytt\u00f6 on kielletty toukokuun ajan: Majaastensalmi<\/p>\n<p><a class=\"moretag\" href=\"https:\/\/leppavedenhankasalmenkalatalousalue.fi\/siikakoski\/paatokset\/\"> Lue lis\u00e4\u00e4 ><\/a><\/p>\n","protected":false},"author":1,"featured_media":0,"parent":0,"menu_order":0,"comment_status":"closed","ping_status":"closed","template":"basic-sivu.php","meta":{"_acf_changed":false,"footnotes":""},"class_list":["post-49","page","type-page","status-publish","hentry"],"acf":[],"yoast_head":"<!-- This site is optimized with the Yoast SEO plugin v27.1.1 - https:\/\/yoast.com\/product\/yoast-seo-wordpress\/ -->\n<title>P\u00e4\u00e4t\u00f6kset - Siikakosken osakaskunta<\/title>\n<meta name=\"robots\" content=\"index, follow, max-snippet:-1, max-image-preview:large, max-video-preview:-1\" \/>\n<link rel=\"canonical\" href=\"https:\/\/leppavedenhankasalmenkalatalousalue.fi\/siikakoski\/paatokset\/\" \/>\n<meta property=\"og:locale\" content=\"fi_FI\" \/>\n<meta property=\"og:type\" content=\"article\" \/>\n<meta property=\"og:title\" content=\"P\u00e4\u00e4t\u00f6kset - Siikakosken osakaskunta\" \/>\n<meta property=\"og:description\" content=\"P\u00e4\u00e4t\u00f6kset Rajoitukset Pyyntirajoitukset: Kalastusalueen suositus v\u00e4ltt\u00e4\u00e4 solmuv\u00e4lialueella 31-54 mm tapahtuvaa verkkopyynti\u00e4jatkuu Konnevesi-j\u00e4rvess\u00e4. Samoin suositellaan enint\u00e4\u00e4n kahden alle 35 mm solmuv\u00e4lialueella olevan verkon k\u00e4ytt\u00f6\u00e4rantavesissa tapahtuvassa pyynniss\u00e4. Rauhoitusalueet: M\u00e4mmijarven laskuojan suu, kalastus kielletty Siikakosken yl\u00e4puolella olevassa olevassa kalav\u00e4yl\u00e4ss\u00e4 sallittu vain ongintaja uistelu. My\u00f6skin kalav\u00e4ylien ulkopuoleisessa sulassa verkkopyynti kielletty. Seuraavissa paikoissa pyydysten k\u00e4ytt\u00f6 on kielletty toukokuun ajan: Majaastensalmi Lue lis\u00e4\u00e4 &gt;\" \/>\n<meta property=\"og:url\" content=\"https:\/\/leppavedenhankasalmenkalatalousalue.fi\/siikakoski\/paatokset\/\" \/>\n<meta property=\"og:site_name\" content=\"Siikakosken osakaskunta\" \/>\n<meta property=\"article:modified_time\" content=\"2021-01-18T07:40:49+00:00\" \/>\n<meta name=\"twitter:card\" content=\"summary_large_image\" \/>\n<meta name=\"twitter:label1\" content=\"Arvioitu lukuaika\" \/>\n\t<meta name=\"twitter:data1\" content=\"1 minuutti\" \/>\n<script type=\"application\/ld+json\" class=\"yoast-schema-graph\">{\"@context\":\"https:\/\/schema.org\",\"@graph\":[{\"@type\":\"WebPage\",\"@id\":\"https:\/\/leppavedenhankasalmenkalatalousalue.fi\/siikakoski\/paatokset\/\",\"url\":\"https:\/\/leppavedenhankasalmenkalatalousalue.fi\/siikakoski\/paatokset\/\",\"name\":\"P\u00e4\u00e4t\u00f6kset - Siikakosken osakaskunta\",\"isPartOf\":{\"@id\":\"https:\/\/leppavedenhankasalmenkalatalousalue.fi\/siikakoski\/#website\"},\"datePublished\":\"2020-10-29T09:51:51+00:00\",\"dateModified\":\"2021-01-18T07:40:49+00:00\",\"breadcrumb\":{\"@id\":\"https:\/\/leppavedenhankasalmenkalatalousalue.fi\/siikakoski\/paatokset\/#breadcrumb\"},\"inLanguage\":\"fi\",\"potentialAction\":[{\"@type\":\"ReadAction\",\"target\":[\"https:\/\/leppavedenhankasalmenkalatalousalue.fi\/siikakoski\/paatokset\/\"]}]},{\"@type\":\"BreadcrumbList\",\"@id\":\"https:\/\/leppavedenhankasalmenkalatalousalue.fi\/siikakoski\/paatokset\/#breadcrumb\",\"itemListElement\":[{\"@type\":\"ListItem\",\"position\":1,\"name\":\"Home\",\"item\":\"https:\/\/leppavedenhankasalmenkalatalousalue.fi\/siikakoski\/\"},{\"@type\":\"ListItem\",\"position\":2,\"name\":\"P\u00e4\u00e4t\u00f6kset\"}]},{\"@type\":\"WebSite\",\"@id\":\"https:\/\/leppavedenhankasalmenkalatalousalue.fi\/siikakoski\/#website\",\"url\":\"https:\/\/leppavedenhankasalmenkalatalousalue.fi\/siikakoski\/\",\"name\":\"Siikakosken osakaskunta\",\"description\":\"\",\"potentialAction\":[{\"@type\":\"SearchAction\",\"target\":{\"@type\":\"EntryPoint\",\"urlTemplate\":\"https:\/\/leppavedenhankasalmenkalatalousalue.fi\/siikakoski\/?s={search_term_string}\"},\"query-input\":{\"@type\":\"PropertyValueSpecification\",\"valueRequired\":true,\"valueName\":\"search_term_string\"}}],\"inLanguage\":\"fi\"}]}<\/script>\n<!-- \/ Yoast SEO plugin. -->","yoast_head_json":{"title":"P\u00e4\u00e4t\u00f6kset - Siikakosken osakaskunta","robots":{"index":"index","follow":"follow","max-snippet":"max-snippet:-1","max-image-preview":"max-image-preview:large","max-video-preview":"max-video-preview:-1"},"canonical":"https:\/\/leppavedenhankasalmenkalatalousalue.fi\/siikakoski\/paatokset\/","og_locale":"fi_FI","og_type":"article","og_title":"P\u00e4\u00e4t\u00f6kset - Siikakosken osakaskunta","og_description":"P\u00e4\u00e4t\u00f6kset Rajoitukset Pyyntirajoitukset: Kalastusalueen suositus v\u00e4ltt\u00e4\u00e4 solmuv\u00e4lialueella 31-54 mm tapahtuvaa verkkopyynti\u00e4jatkuu Konnevesi-j\u00e4rvess\u00e4. Samoin suositellaan enint\u00e4\u00e4n kahden alle 35 mm solmuv\u00e4lialueella olevan verkon k\u00e4ytt\u00f6\u00e4rantavesissa tapahtuvassa pyynniss\u00e4. Rauhoitusalueet: M\u00e4mmijarven laskuojan suu, kalastus kielletty Siikakosken yl\u00e4puolella olevassa olevassa kalav\u00e4yl\u00e4ss\u00e4 sallittu vain ongintaja uistelu. My\u00f6skin kalav\u00e4ylien ulkopuoleisessa sulassa verkkopyynti kielletty. Seuraavissa paikoissa pyydysten k\u00e4ytt\u00f6 on kielletty toukokuun ajan: Majaastensalmi Lue lis\u00e4\u00e4 >","og_url":"https:\/\/leppavedenhankasalmenkalatalousalue.fi\/siikakoski\/paatokset\/","og_site_name":"Siikakosken osakaskunta","article_modified_time":"2021-01-18T07:40:49+00:00","twitter_card":"summary_large_image","twitter_misc":{"Arvioitu lukuaika":"1 minuutti"},"schema":{"@context":"https:\/\/schema.org","@graph":[{"@type":"WebPage","@id":"https:\/\/leppavedenhankasalmenkalatalousalue.fi\/siikakoski\/paatokset\/","url":"https:\/\/leppavedenhankasalmenkalatalousalue.fi\/siikakoski\/paatokset\/","name":"P\u00e4\u00e4t\u00f6kset - Siikakosken osakaskunta","isPartOf":{"@id":"https:\/\/leppavedenhankasalmenkalatalousalue.fi\/siikakoski\/#website"},"datePublished":"2020-10-29T09:51:51+00:00","dateModified":"2021-01-18T07:40:49+00:00","breadcrumb":{"@id":"https:\/\/leppavedenhankasalmenkalatalousalue.fi\/siikakoski\/paatokset\/#breadcrumb"},"inLanguage":"fi","potentialAction":[{"@type":"ReadAction","target":["https:\/\/leppavedenhankasalmenkalatalousalue.fi\/siikakoski\/paatokset\/"]}]},{"@type":"BreadcrumbList","@id":"https:\/\/leppavedenhankasalmenkalatalousalue.fi\/siikakoski\/paatokset\/#breadcrumb","itemListElement":[{"@type":"ListItem","position":1,"name":"Home","item":"https:\/\/leppavedenhankasalmenkalatalousalue.fi\/siikakoski\/"},{"@type":"ListItem","position":2,"name":"P\u00e4\u00e4t\u00f6kset"}]},{"@type":"WebSite","@id":"https:\/\/leppavedenhankasalmenkalatalousalue.fi\/siikakoski\/#website","url":"https:\/\/leppavedenhankasalmenkalatalousalue.fi\/siikakoski\/","name":"Siikakosken osakaskunta","description":"","potentialAction":[{"@type":"SearchAction","target":{"@type":"EntryPoint","urlTemplate":"https:\/\/leppavedenhankasalmenkalatalousalue.fi\/siikakoski\/?s={search_term_string}"},"query-input":{"@type":"PropertyValueSpecification","valueRequired":true,"valueName":"search_term_string"}}],"inLanguage":"fi"}]}},"_links":{"self":[{"href":"https:\/\/leppavedenhankasalmenkalatalousalue.fi\/siikakoski\/wp-json\/wp\/v2\/pages\/49","targetHints":{"allow":["GET"]}}],"collection":[{"href":"https:\/\/leppavedenhankasalmenkalatalousalue.fi\/siikakoski\/wp-json\/wp\/v2\/pages"}],"about":[{"href":"https:\/\/leppavedenhankasalmenkalatalousalue.fi\/siikakoski\/wp-json\/wp\/v2\/types\/page"}],"author":[{"embeddable":true,"href":"https:\/\/leppavedenhankasalmenkalatalousalue.fi\/siikakoski\/wp-json\/wp\/v2\/users\/1"}],"replies":[{"embeddable":true,"href":"https:\/\/leppavedenhankasalmenkalatalousalue.fi\/siikakoski\/wp-json\/wp\/v2\/comments?post=49"}],"version-history":[{"count":4,"href":"https:\/\/leppavedenhankasalmenkalatalousalue.fi\/siikakoski\/wp-json\/wp\/v2\/pages\/49\/revisions"}],"predecessor-version":[{"id":234,"href":"https:\/\/leppavedenhankasalmenkalatalousalue.fi\/siikakoski\/wp-json\/wp\/v2\/pages\/49\/revisions\/234"}],"wp:attachment":[{"href":"https:\/\/leppavedenhankasalmenkalatalousalue.fi\/siikakoski\/wp-json\/wp\/v2\/media?parent=49"}],"curies":[{"name":"wp","href":"https:\/\/api.w.org\/{rel}","templated":true}]}}