{"id":86,"date":"2020-10-29T11:39:36","date_gmt":"2020-10-29T11:39:36","guid":{"rendered":"http:\/\/89.166.51.80\/~leppaveden\/hameenmaen-osakaskunta\/?page_id=86"},"modified":"2021-01-18T08:02:15","modified_gmt":"2021-01-18T08:02:15","slug":"lupamaksut-ja-ohjeet","status":"publish","type":"page","link":"https:\/\/leppavedenhankasalmenkalatalousalue.fi\/taipale\/luvat\/lupamaksut-ja-ohjeet\/","title":{"rendered":"Lupamaksut ja ohjeet"},"content":{"rendered":"\n<h2 class=\"wp-block-heading\">Lupamaksut ja ohjeet<\/h2>\n\n\n\n<p>Taipaleen Osakaskunnan kalastusluvat ovat myynniss\u00e4 netiss\u00e4 v.2018. OstaLuvat.fi paikassa.<\/p>\n\n\n\n<p>(huom. lohikalojen uudet alamitat)<\/p>\n\n\n\n<h4 class=\"wp-block-heading\">Osakasluvat:<\/h4>\n\n\n\n<ul class=\"wp-block-list\"><li>5\u20ac \/ merkki, enint\u00e4\u00e4n myyntiluettelon mukainen m\u00e4\u00e4r\u00e4\/ osakastila.(Osakkaalla voi olla useampia tiloja omistuksessaan. Tilojen Rno:t ilmoitettava ostettaessa.)<\/li><\/ul>\n\n\n\n<p>-Kyl\u00e4ll\u00e4 asuville ja osakkaille voidaan myyd\u00e4 8\u20ac hintaisia lis\u00e4merkkej\u00e4 rajoituksetta.<\/p>\n\n\n\n<ul class=\"wp-block-list\"><li>Myydyt luvat kirjataan myyntiluetteloon.<\/li><li>Mik\u00e4li osakas luovuttaa itselleen kuuluvaa kalastusoikeutta toiselle, tulee siit\u00e4 ilmoittaa kirjallisesti Martti Kovaselle os. Huippulantie 73 41340 LAUKAA (Luovutus koskee vain osakaslupia.)<\/li><\/ul>\n\n\n\n<h4 class=\"wp-block-heading\">Kyl\u00e4ll\u00e4 asuvat ei osakkaat:<\/h4>\n\n\n\n<ul class=\"wp-block-list\"><li>8\u20ac\/ merkki, ei rajoitusta<\/li><\/ul>\n\n\n\n<h4 class=\"wp-block-heading\">Toispaikkakuntalaiset:<\/h4>\n\n\n\n<ul class=\"wp-block-list\"><li>8\u20ac\/ merkki, ei rajoitusta<\/li><\/ul>\n\n\n\n<p>Kaikista luvista kirjoitetaan kuitti.<\/p>\n\n\n\n<h4 class=\"wp-block-heading\">Pyydysmerkki vastaa yht\u00e4 pyydysyksikk\u00f6\u00e4. Eri pyydyksi\u00e4 kohti vaaditaan pyydysyksik\u00f6it\u00e4 seuraavasti:<\/h4>\n\n\n\n<p>-verkko(5m*30m tai alle) 1 yksikk\u00f6\u00e4<\/p>\n\n\n\n<p>-verkko(yli 5m*30m) 2 yksikk\u00f6\u00e4<\/p>\n\n\n\n<p>-katiska 1 yksikk\u00f6<\/p>\n\n\n\n<p>-nuotta 20 yksikk\u00f6\u00e4<\/p>\n\n\n\n<p>-pitk\u00e4siima (100 koukkua) 2 yksikk\u00f6\u00e4<\/p>\n\n\n\n<p>-rantarys\u00e4 1 yksikk\u00f6<\/p>\n\n\n\n<p>-rys\u00e4, korkeus 2m tai alle 2 yksikk\u00f6\u00e4<\/p>\n\n\n\n<p>-rys\u00e4, korkeus yli 2m 4 yksikk\u00f6\u00e4<\/p>\n\n\n\n<p>-avorys\u00e4 ja paunetti 20 yksikk\u00f6\u00e4<\/p>\n\n\n\n<p>-uistin 1 vapa 1 yksikk\u00f6<\/p>\n\n\n\n<p>-pystyrys\u00e4, merta 1 yksikk\u00f6<\/p>\n\n\n\n<p>-rapumerta 5kpl 1 yksikk\u00f6<\/p>\n\n\n\n<p>-kaikenlaiset koukut 5 kpl 1 yksikk\u00f6<\/p>\n\n\n\n<p>-tuulastus 1 yksikk\u00f6<\/p>\n\n\n\n<p>Katiska on pyydysmaksusta vapaa, mutta on merkitt\u00e4v\u00e4 ja varustettava omistajan nimell\u00e4 ja puhelinnumerolla.<\/p>\n\n\n\n<p>Luvat ovat voimassa kalenterivuoden.<\/p>\n\n\n\n<h4 class=\"wp-block-heading\">Kalastuksessa on noudatettava seuraavia rajoituksia:<\/h4>\n\n\n\n<p>Kalastusalue on m\u00e4\u00e4r\u00e4nnyt Saravedell\u00e4 kuhan alamitaksi 42 cm ja MMM on asetuksella m\u00e4\u00e4r\u00e4nnyt J\u00e4rvilohen alamitaksi 60cm, ja Harjuksen alamitaksi 35cm ev\u00e4leikattu J\u00e4rvitaimen 50 cm, luontainen J\u00e4rvitaimen on kokonaan rauhoitettu 1.1.2014 alkaen . Avovesipyynniss\u00e4 verkot on merkitt\u00e4v\u00e4 kalastusasetuksen mukaisilla 1,2 m korkuisilla lippusaloilla. Pyydysmerkit ja kalastajan yhteystiedot kiinnitet\u00e4\u00e4n talvella verkkokeppiin ja avovesikaudella lippusalkoon.<\/p>\n\n\n\n<h3 class=\"wp-block-heading\">Mets\u00e4stysluvat:<\/h3>\n\n\n\n<p>Osakkaat 10\u20ac\/ lupa. Lupa on voimassa koko osakaskunnan alueella.<\/p>\n\n\n\n<p>Ulkopuoliset 30\u20ac\/ lupa. Lupa on voimassa osakaskunnan koko vesialueella mets\u00e4styslain asettamin rajoituksin.<\/p>\n\n\n\n<p>Piisamin pyynti on osakkaille vapaa.<\/p>\n\n\n\n<p>Luvat ovat voimassa mets\u00e4styskauden.<\/p>\n\n\n\n<p>Mets\u00e4styksess\u00e4 on huomioitava mets\u00e4styslaissa m\u00e4\u00e4r\u00e4tyt suojaet\u00e4isyydet asuttuihin kiinteist\u00f6ihin.<\/p>\n","protected":false},"excerpt":{"rendered":"<p>Lupamaksut ja ohjeet Taipaleen Osakaskunnan kalastusluvat ovat myynniss\u00e4 netiss\u00e4 v.2018. OstaLuvat.fi paikassa. (huom. lohikalojen uudet alamitat) Osakasluvat: 5\u20ac \/ merkki, enint\u00e4\u00e4n myyntiluettelon mukainen m\u00e4\u00e4r\u00e4\/ osakastila.(Osakkaalla voi olla useampia tiloja omistuksessaan. Tilojen Rno:t ilmoitettava ostettaessa.) -Kyl\u00e4ll\u00e4 asuville ja osakkaille voidaan myyd\u00e4 8\u20ac hintaisia lis\u00e4merkkej\u00e4 rajoituksetta. Myydyt luvat kirjataan myyntiluetteloon. Mik\u00e4li osakas luovuttaa itselleen kuuluvaa kalastusoikeutta toiselle,<\/p>\n<p><a class=\"moretag\" href=\"https:\/\/leppavedenhankasalmenkalatalousalue.fi\/taipale\/luvat\/lupamaksut-ja-ohjeet\/\"> Lue lis\u00e4\u00e4 ><\/a><\/p>\n","protected":false},"author":1,"featured_media":0,"parent":45,"menu_order":0,"comment_status":"closed","ping_status":"closed","template":"basic-sivu.php","meta":{"_acf_changed":false,"footnotes":""},"class_list":["post-86","page","type-page","status-publish","hentry"],"acf":[],"yoast_head":"<!-- This site is optimized with the Yoast SEO plugin v27.1.1 - https:\/\/yoast.com\/product\/yoast-seo-wordpress\/ -->\n<title>Lupamaksut ja ohjeet - Taipaleen osakaskunta<\/title>\n<meta name=\"robots\" content=\"index, follow, max-snippet:-1, max-image-preview:large, max-video-preview:-1\" \/>\n<link rel=\"canonical\" href=\"https:\/\/leppavedenhankasalmenkalatalousalue.fi\/taipale\/luvat\/lupamaksut-ja-ohjeet\/\" \/>\n<meta property=\"og:locale\" content=\"fi_FI\" \/>\n<meta property=\"og:type\" content=\"article\" \/>\n<meta property=\"og:title\" content=\"Lupamaksut ja ohjeet - Taipaleen osakaskunta\" \/>\n<meta property=\"og:description\" content=\"Lupamaksut ja ohjeet Taipaleen Osakaskunnan kalastusluvat ovat myynniss\u00e4 netiss\u00e4 v.2018. OstaLuvat.fi paikassa. (huom. lohikalojen uudet alamitat) Osakasluvat: 5\u20ac \/ merkki, enint\u00e4\u00e4n myyntiluettelon mukainen m\u00e4\u00e4r\u00e4\/ osakastila.(Osakkaalla voi olla useampia tiloja omistuksessaan. Tilojen Rno:t ilmoitettava ostettaessa.) -Kyl\u00e4ll\u00e4 asuville ja osakkaille voidaan myyd\u00e4 8\u20ac hintaisia lis\u00e4merkkej\u00e4 rajoituksetta. Myydyt luvat kirjataan myyntiluetteloon. Mik\u00e4li osakas luovuttaa itselleen kuuluvaa kalastusoikeutta toiselle, Lue lis\u00e4\u00e4 &gt;\" \/>\n<meta property=\"og:url\" content=\"https:\/\/leppavedenhankasalmenkalatalousalue.fi\/taipale\/luvat\/lupamaksut-ja-ohjeet\/\" \/>\n<meta property=\"og:site_name\" content=\"Taipaleen osakaskunta\" \/>\n<meta property=\"article:modified_time\" content=\"2021-01-18T08:02:15+00:00\" \/>\n<meta name=\"twitter:card\" content=\"summary_large_image\" \/>\n<meta name=\"twitter:label1\" content=\"Arvioitu lukuaika\" \/>\n\t<meta name=\"twitter:data1\" content=\"1 minuutti\" \/>\n<script type=\"application\/ld+json\" class=\"yoast-schema-graph\">{\"@context\":\"https:\/\/schema.org\",\"@graph\":[{\"@type\":\"WebPage\",\"@id\":\"https:\/\/leppavedenhankasalmenkalatalousalue.fi\/taipale\/luvat\/lupamaksut-ja-ohjeet\/\",\"url\":\"https:\/\/leppavedenhankasalmenkalatalousalue.fi\/taipale\/luvat\/lupamaksut-ja-ohjeet\/\",\"name\":\"Lupamaksut ja ohjeet - Taipaleen osakaskunta\",\"isPartOf\":{\"@id\":\"https:\/\/leppavedenhankasalmenkalatalousalue.fi\/taipale\/#website\"},\"datePublished\":\"2020-10-29T11:39:36+00:00\",\"dateModified\":\"2021-01-18T08:02:15+00:00\",\"breadcrumb\":{\"@id\":\"https:\/\/leppavedenhankasalmenkalatalousalue.fi\/taipale\/luvat\/lupamaksut-ja-ohjeet\/#breadcrumb\"},\"inLanguage\":\"fi\",\"potentialAction\":[{\"@type\":\"ReadAction\",\"target\":[\"https:\/\/leppavedenhankasalmenkalatalousalue.fi\/taipale\/luvat\/lupamaksut-ja-ohjeet\/\"]}]},{\"@type\":\"BreadcrumbList\",\"@id\":\"https:\/\/leppavedenhankasalmenkalatalousalue.fi\/taipale\/luvat\/lupamaksut-ja-ohjeet\/#breadcrumb\",\"itemListElement\":[{\"@type\":\"ListItem\",\"position\":1,\"name\":\"Home\",\"item\":\"https:\/\/leppavedenhankasalmenkalatalousalue.fi\/taipale\/\"},{\"@type\":\"ListItem\",\"position\":2,\"name\":\"Yksityinen: Luvat\",\"item\":\"https:\/\/leppavedenhankasalmenkalatalousalue.fi\/taipale\/?page_id=45\"},{\"@type\":\"ListItem\",\"position\":3,\"name\":\"Lupamaksut ja ohjeet\"}]},{\"@type\":\"WebSite\",\"@id\":\"https:\/\/leppavedenhankasalmenkalatalousalue.fi\/taipale\/#website\",\"url\":\"https:\/\/leppavedenhankasalmenkalatalousalue.fi\/taipale\/\",\"name\":\"Taipaleen osakaskunta\",\"description\":\"\",\"potentialAction\":[{\"@type\":\"SearchAction\",\"target\":{\"@type\":\"EntryPoint\",\"urlTemplate\":\"https:\/\/leppavedenhankasalmenkalatalousalue.fi\/taipale\/?s={search_term_string}\"},\"query-input\":{\"@type\":\"PropertyValueSpecification\",\"valueRequired\":true,\"valueName\":\"search_term_string\"}}],\"inLanguage\":\"fi\"}]}<\/script>\n<!-- \/ Yoast SEO plugin. -->","yoast_head_json":{"title":"Lupamaksut ja ohjeet - Taipaleen osakaskunta","robots":{"index":"index","follow":"follow","max-snippet":"max-snippet:-1","max-image-preview":"max-image-preview:large","max-video-preview":"max-video-preview:-1"},"canonical":"https:\/\/leppavedenhankasalmenkalatalousalue.fi\/taipale\/luvat\/lupamaksut-ja-ohjeet\/","og_locale":"fi_FI","og_type":"article","og_title":"Lupamaksut ja ohjeet - Taipaleen osakaskunta","og_description":"Lupamaksut ja ohjeet Taipaleen Osakaskunnan kalastusluvat ovat myynniss\u00e4 netiss\u00e4 v.2018. OstaLuvat.fi paikassa. (huom. lohikalojen uudet alamitat) Osakasluvat: 5\u20ac \/ merkki, enint\u00e4\u00e4n myyntiluettelon mukainen m\u00e4\u00e4r\u00e4\/ osakastila.(Osakkaalla voi olla useampia tiloja omistuksessaan. Tilojen Rno:t ilmoitettava ostettaessa.) -Kyl\u00e4ll\u00e4 asuville ja osakkaille voidaan myyd\u00e4 8\u20ac hintaisia lis\u00e4merkkej\u00e4 rajoituksetta. Myydyt luvat kirjataan myyntiluetteloon. Mik\u00e4li osakas luovuttaa itselleen kuuluvaa kalastusoikeutta toiselle, Lue lis\u00e4\u00e4 >","og_url":"https:\/\/leppavedenhankasalmenkalatalousalue.fi\/taipale\/luvat\/lupamaksut-ja-ohjeet\/","og_site_name":"Taipaleen osakaskunta","article_modified_time":"2021-01-18T08:02:15+00:00","twitter_card":"summary_large_image","twitter_misc":{"Arvioitu lukuaika":"1 minuutti"},"schema":{"@context":"https:\/\/schema.org","@graph":[{"@type":"WebPage","@id":"https:\/\/leppavedenhankasalmenkalatalousalue.fi\/taipale\/luvat\/lupamaksut-ja-ohjeet\/","url":"https:\/\/leppavedenhankasalmenkalatalousalue.fi\/taipale\/luvat\/lupamaksut-ja-ohjeet\/","name":"Lupamaksut ja ohjeet - Taipaleen osakaskunta","isPartOf":{"@id":"https:\/\/leppavedenhankasalmenkalatalousalue.fi\/taipale\/#website"},"datePublished":"2020-10-29T11:39:36+00:00","dateModified":"2021-01-18T08:02:15+00:00","breadcrumb":{"@id":"https:\/\/leppavedenhankasalmenkalatalousalue.fi\/taipale\/luvat\/lupamaksut-ja-ohjeet\/#breadcrumb"},"inLanguage":"fi","potentialAction":[{"@type":"ReadAction","target":["https:\/\/leppavedenhankasalmenkalatalousalue.fi\/taipale\/luvat\/lupamaksut-ja-ohjeet\/"]}]},{"@type":"BreadcrumbList","@id":"https:\/\/leppavedenhankasalmenkalatalousalue.fi\/taipale\/luvat\/lupamaksut-ja-ohjeet\/#breadcrumb","itemListElement":[{"@type":"ListItem","position":1,"name":"Home","item":"https:\/\/leppavedenhankasalmenkalatalousalue.fi\/taipale\/"},{"@type":"ListItem","position":2,"name":"Yksityinen: Luvat","item":"https:\/\/leppavedenhankasalmenkalatalousalue.fi\/taipale\/?page_id=45"},{"@type":"ListItem","position":3,"name":"Lupamaksut ja ohjeet"}]},{"@type":"WebSite","@id":"https:\/\/leppavedenhankasalmenkalatalousalue.fi\/taipale\/#website","url":"https:\/\/leppavedenhankasalmenkalatalousalue.fi\/taipale\/","name":"Taipaleen osakaskunta","description":"","potentialAction":[{"@type":"SearchAction","target":{"@type":"EntryPoint","urlTemplate":"https:\/\/leppavedenhankasalmenkalatalousalue.fi\/taipale\/?s={search_term_string}"},"query-input":{"@type":"PropertyValueSpecification","valueRequired":true,"valueName":"search_term_string"}}],"inLanguage":"fi"}]}},"_links":{"self":[{"href":"https:\/\/leppavedenhankasalmenkalatalousalue.fi\/taipale\/wp-json\/wp\/v2\/pages\/86","targetHints":{"allow":["GET"]}}],"collection":[{"href":"https:\/\/leppavedenhankasalmenkalatalousalue.fi\/taipale\/wp-json\/wp\/v2\/pages"}],"about":[{"href":"https:\/\/leppavedenhankasalmenkalatalousalue.fi\/taipale\/wp-json\/wp\/v2\/types\/page"}],"author":[{"embeddable":true,"href":"https:\/\/leppavedenhankasalmenkalatalousalue.fi\/taipale\/wp-json\/wp\/v2\/users\/1"}],"replies":[{"embeddable":true,"href":"https:\/\/leppavedenhankasalmenkalatalousalue.fi\/taipale\/wp-json\/wp\/v2\/comments?post=86"}],"version-history":[{"count":5,"href":"https:\/\/leppavedenhankasalmenkalatalousalue.fi\/taipale\/wp-json\/wp\/v2\/pages\/86\/revisions"}],"predecessor-version":[{"id":225,"href":"https:\/\/leppavedenhankasalmenkalatalousalue.fi\/taipale\/wp-json\/wp\/v2\/pages\/86\/revisions\/225"}],"up":[{"embeddable":true,"href":"https:\/\/leppavedenhankasalmenkalatalousalue.fi\/taipale\/wp-json\/wp\/v2\/pages\/45"}],"wp:attachment":[{"href":"https:\/\/leppavedenhankasalmenkalatalousalue.fi\/taipale\/wp-json\/wp\/v2\/media?parent=86"}],"curies":[{"name":"wp","href":"https:\/\/api.w.org\/{rel}","templated":true}]}}