{"id":2,"date":"2020-10-22T07:32:51","date_gmt":"2020-10-22T07:32:51","guid":{"rendered":"http:\/\/89.166.51.80\/~leppaveden\/laitjarven-osakaskunta\/?page_id=2"},"modified":"2025-04-06T15:29:34","modified_gmt":"2025-04-06T15:29:34","slug":"etusivu","status":"publish","type":"page","link":"https:\/\/leppavedenhankasalmenkalatalousalue.fi\/toivakka\/","title":{"rendered":"Etusivu"},"content":{"rendered":"\n<h2 class=\"wp-block-heading\">Tervetuloa Toivakan&nbsp;osakaskuntaan<\/h2>\n\n\n\n<p><strong>Vuosikokous<\/strong><br>Toivakan osakaskunnan vuosikokous j\u00e4rjestet\u00e4\u00e4n to 24.04.2025 klo 19:00 alkaen Ravintola Sun Toiveessa (Toivakantie 30, 41660 Toivakka) P\u00f6yt\u00e4kirja n\u00e4ht\u00e4vill\u00e4 01.05.2025 alkaen Miian Kukkapalvelussa (Toivakantie 30, 41660 Toivakka).<\/p>\n","protected":false},"excerpt":{"rendered":"<p>Tervetuloa Toivakan&nbsp;osakaskuntaan VuosikokousToivakan osakaskunnan vuosikokous j\u00e4rjestet\u00e4\u00e4n to 24.04.2025 klo 19:00 alkaen Ravintola Sun Toiveessa (Toivakantie 30, 41660 Toivakka) P\u00f6yt\u00e4kirja n\u00e4ht\u00e4vill\u00e4 01.05.2025 alkaen Miian Kukkapalvelussa (Toivakantie 30, 41660 Toivakka).<\/p>\n","protected":false},"author":1,"featured_media":0,"parent":0,"menu_order":0,"comment_status":"closed","ping_status":"open","template":"","meta":{"_acf_changed":false,"footnotes":""},"class_list":["post-2","page","type-page","status-publish","hentry"],"acf":[],"yoast_head":"<!-- This site is optimized with the Yoast SEO plugin v27.1.1 - https:\/\/yoast.com\/product\/yoast-seo-wordpress\/ -->\n<title>Etusivu - Toivakan osakaskunta<\/title>\n<meta name=\"robots\" content=\"index, follow, max-snippet:-1, max-image-preview:large, max-video-preview:-1\" \/>\n<link rel=\"canonical\" href=\"https:\/\/leppavedenhankasalmenkalatalousalue.fi\/toivakka\/\" \/>\n<meta property=\"og:locale\" content=\"fi_FI\" \/>\n<meta property=\"og:type\" content=\"article\" \/>\n<meta property=\"og:title\" content=\"Etusivu - Toivakan osakaskunta\" \/>\n<meta property=\"og:description\" content=\"Tervetuloa Toivakan&nbsp;osakaskuntaan VuosikokousToivakan osakaskunnan vuosikokous j\u00e4rjestet\u00e4\u00e4n to 24.04.2025 klo 19:00 alkaen Ravintola Sun Toiveessa (Toivakantie 30, 41660 Toivakka) P\u00f6yt\u00e4kirja n\u00e4ht\u00e4vill\u00e4 01.05.2025 alkaen Miian Kukkapalvelussa (Toivakantie 30, 41660 Toivakka).\" \/>\n<meta property=\"og:url\" content=\"https:\/\/leppavedenhankasalmenkalatalousalue.fi\/toivakka\/\" \/>\n<meta property=\"og:site_name\" content=\"Toivakan osakaskunta\" \/>\n<meta property=\"article:modified_time\" content=\"2025-04-06T15:29:34+00:00\" \/>\n<meta name=\"twitter:card\" content=\"summary_large_image\" \/>\n<meta name=\"twitter:label1\" content=\"Arvioitu lukuaika\" \/>\n\t<meta name=\"twitter:data1\" content=\"1 minuutti\" \/>\n<script type=\"application\/ld+json\" class=\"yoast-schema-graph\">{\"@context\":\"https:\/\/schema.org\",\"@graph\":[{\"@type\":\"WebPage\",\"@id\":\"https:\/\/leppavedenhankasalmenkalatalousalue.fi\/toivakka\/\",\"url\":\"https:\/\/leppavedenhankasalmenkalatalousalue.fi\/toivakka\/\",\"name\":\"Etusivu - Toivakan osakaskunta\",\"isPartOf\":{\"@id\":\"https:\/\/leppavedenhankasalmenkalatalousalue.fi\/toivakka\/#website\"},\"datePublished\":\"2020-10-22T07:32:51+00:00\",\"dateModified\":\"2025-04-06T15:29:34+00:00\",\"breadcrumb\":{\"@id\":\"https:\/\/leppavedenhankasalmenkalatalousalue.fi\/toivakka\/#breadcrumb\"},\"inLanguage\":\"fi\",\"potentialAction\":[{\"@type\":\"ReadAction\",\"target\":[\"https:\/\/leppavedenhankasalmenkalatalousalue.fi\/toivakka\/\"]}]},{\"@type\":\"BreadcrumbList\",\"@id\":\"https:\/\/leppavedenhankasalmenkalatalousalue.fi\/toivakka\/#breadcrumb\",\"itemListElement\":[{\"@type\":\"ListItem\",\"position\":1,\"name\":\"Home\",\"item\":\"https:\/\/leppavedenhankasalmenkalatalousalue.fi\/toivakka\/\"},{\"@type\":\"ListItem\",\"position\":2,\"name\":\"Etusivu\"}]},{\"@type\":\"WebSite\",\"@id\":\"https:\/\/leppavedenhankasalmenkalatalousalue.fi\/toivakka\/#website\",\"url\":\"https:\/\/leppavedenhankasalmenkalatalousalue.fi\/toivakka\/\",\"name\":\"Toivakan osakaskunta\",\"description\":\"\",\"potentialAction\":[{\"@type\":\"SearchAction\",\"target\":{\"@type\":\"EntryPoint\",\"urlTemplate\":\"https:\/\/leppavedenhankasalmenkalatalousalue.fi\/toivakka\/?s={search_term_string}\"},\"query-input\":{\"@type\":\"PropertyValueSpecification\",\"valueRequired\":true,\"valueName\":\"search_term_string\"}}],\"inLanguage\":\"fi\"}]}<\/script>\n<!-- \/ Yoast SEO plugin. -->","yoast_head_json":{"title":"Etusivu - Toivakan osakaskunta","robots":{"index":"index","follow":"follow","max-snippet":"max-snippet:-1","max-image-preview":"max-image-preview:large","max-video-preview":"max-video-preview:-1"},"canonical":"https:\/\/leppavedenhankasalmenkalatalousalue.fi\/toivakka\/","og_locale":"fi_FI","og_type":"article","og_title":"Etusivu - Toivakan osakaskunta","og_description":"Tervetuloa Toivakan&nbsp;osakaskuntaan VuosikokousToivakan osakaskunnan vuosikokous j\u00e4rjestet\u00e4\u00e4n to 24.04.2025 klo 19:00 alkaen Ravintola Sun Toiveessa (Toivakantie 30, 41660 Toivakka) P\u00f6yt\u00e4kirja n\u00e4ht\u00e4vill\u00e4 01.05.2025 alkaen Miian Kukkapalvelussa (Toivakantie 30, 41660 Toivakka).","og_url":"https:\/\/leppavedenhankasalmenkalatalousalue.fi\/toivakka\/","og_site_name":"Toivakan osakaskunta","article_modified_time":"2025-04-06T15:29:34+00:00","twitter_card":"summary_large_image","twitter_misc":{"Arvioitu lukuaika":"1 minuutti"},"schema":{"@context":"https:\/\/schema.org","@graph":[{"@type":"WebPage","@id":"https:\/\/leppavedenhankasalmenkalatalousalue.fi\/toivakka\/","url":"https:\/\/leppavedenhankasalmenkalatalousalue.fi\/toivakka\/","name":"Etusivu - Toivakan osakaskunta","isPartOf":{"@id":"https:\/\/leppavedenhankasalmenkalatalousalue.fi\/toivakka\/#website"},"datePublished":"2020-10-22T07:32:51+00:00","dateModified":"2025-04-06T15:29:34+00:00","breadcrumb":{"@id":"https:\/\/leppavedenhankasalmenkalatalousalue.fi\/toivakka\/#breadcrumb"},"inLanguage":"fi","potentialAction":[{"@type":"ReadAction","target":["https:\/\/leppavedenhankasalmenkalatalousalue.fi\/toivakka\/"]}]},{"@type":"BreadcrumbList","@id":"https:\/\/leppavedenhankasalmenkalatalousalue.fi\/toivakka\/#breadcrumb","itemListElement":[{"@type":"ListItem","position":1,"name":"Home","item":"https:\/\/leppavedenhankasalmenkalatalousalue.fi\/toivakka\/"},{"@type":"ListItem","position":2,"name":"Etusivu"}]},{"@type":"WebSite","@id":"https:\/\/leppavedenhankasalmenkalatalousalue.fi\/toivakka\/#website","url":"https:\/\/leppavedenhankasalmenkalatalousalue.fi\/toivakka\/","name":"Toivakan osakaskunta","description":"","potentialAction":[{"@type":"SearchAction","target":{"@type":"EntryPoint","urlTemplate":"https:\/\/leppavedenhankasalmenkalatalousalue.fi\/toivakka\/?s={search_term_string}"},"query-input":{"@type":"PropertyValueSpecification","valueRequired":true,"valueName":"search_term_string"}}],"inLanguage":"fi"}]}},"_links":{"self":[{"href":"https:\/\/leppavedenhankasalmenkalatalousalue.fi\/toivakka\/wp-json\/wp\/v2\/pages\/2","targetHints":{"allow":["GET"]}}],"collection":[{"href":"https:\/\/leppavedenhankasalmenkalatalousalue.fi\/toivakka\/wp-json\/wp\/v2\/pages"}],"about":[{"href":"https:\/\/leppavedenhankasalmenkalatalousalue.fi\/toivakka\/wp-json\/wp\/v2\/types\/page"}],"author":[{"embeddable":true,"href":"https:\/\/leppavedenhankasalmenkalatalousalue.fi\/toivakka\/wp-json\/wp\/v2\/users\/1"}],"replies":[{"embeddable":true,"href":"https:\/\/leppavedenhankasalmenkalatalousalue.fi\/toivakka\/wp-json\/wp\/v2\/comments?post=2"}],"version-history":[{"count":44,"href":"https:\/\/leppavedenhankasalmenkalatalousalue.fi\/toivakka\/wp-json\/wp\/v2\/pages\/2\/revisions"}],"predecessor-version":[{"id":334,"href":"https:\/\/leppavedenhankasalmenkalatalousalue.fi\/toivakka\/wp-json\/wp\/v2\/pages\/2\/revisions\/334"}],"wp:attachment":[{"href":"https:\/\/leppavedenhankasalmenkalatalousalue.fi\/toivakka\/wp-json\/wp\/v2\/media?parent=2"}],"curies":[{"name":"wp","href":"https:\/\/api.w.org\/{rel}","templated":true}]}}