{"id":56,"date":"2020-10-29T10:03:00","date_gmt":"2020-10-29T10:03:00","guid":{"rendered":"http:\/\/89.166.51.80\/~leppaveden\/laitjarven-osakaskunta\/?page_id=56"},"modified":"2022-05-08T12:37:13","modified_gmt":"2022-05-08T12:37:13","slug":"saannot","status":"publish","type":"page","link":"https:\/\/leppavedenhankasalmenkalatalousalue.fi\/toivakka\/hallinto\/saannot\/","title":{"rendered":"S\u00e4\u00e4nn\u00f6t"},"content":{"rendered":"\n<h2 class=\"wp-block-heading\">Yhteisen vesialueen osakaskunnan s\u00e4\u00e4nn\u00f6t<\/h2>\n\n\n\n<p>Osakaskunnan nimi: Toivakan osakaskunta<br>Kotipaikka: Toivakka<br>Sijaintikunta: Toivakka<br>Kyl\u00e4: Toivakka\/Oravasaari<br>Kiinteist\u00f6tunnus: &nbsp;850-876-4-1<\/p>\n\n\n\n<p>Osakaskunnan vesialue on pinta-alaltaan 1258&nbsp; hehtaaria ja sen sijainti on ilmaistu karttaliitteess\u00e4. Lis\u00e4ksi osakaskunnan yhteiseen alueeseen kuuluvat yhteisen vesialueen kanssa samalla kiinteist\u00f6tunnuksella olevat vesij\u00e4tt\u00f6- ja muut yhteiset alueet.<\/p>\n\n\n\n<p>Osakaskunta on kokouksessaan 06. p\u00e4iv\u00e4n\u00e4 toukokuuta 2022 hyv\u00e4ksynyt itselleen seuraavat s\u00e4\u00e4nn\u00f6t:<\/p>\n\n\n\n<p><br><\/p>\n\n\n\n<p><strong>1 \u00a7<\/strong><\/p>\n\n\n\n<p>Osakaskunnan teht\u00e4v\u00e4n\u00e4 on huolehtia osakaskunnalle kuuluvan yhteisen alueen hallinnosta ja aluetta koskevien asioiden hoidosta.<\/p>\n\n\n\n<p>Osakaskunnan teht\u00e4v\u00e4n\u00e4 on kalastuksen j\u00e4rjest\u00e4minen alueellaan kalavarojen k\u00e4ytt\u00f6- ja hoitosuunnitelman mukaisesti siten, ett\u00e4 pyrit\u00e4\u00e4n turvaaman kalavarojen kest\u00e4v\u00e4 ja monipuolinen tuotto, kalakantojen luontainen elinkierto sek\u00e4 kalavarojen ja muun vesiluonnon monimuotoisuus ja suojelu.<\/p>\n\n\n\n<p>Osakaskunnan p\u00e4\u00e4t\u00f6svaltaa k\u00e4ytt\u00e4\u00e4 osakaskunnan kokous, lukuun ottamatta niit\u00e4 teht\u00e4vi\u00e4, jotka j\u00e4ljemp\u00e4n\u00e4 n\u00e4iss\u00e4 s\u00e4\u00e4nn\u00f6iss\u00e4 on m\u00e4\u00e4r\u00e4tty hoitokunnan p\u00e4\u00e4t\u00f6svaltaan kuuluviksi.<\/p>\n\n\n\n<p><br><\/p>\n\n\n\n<p><strong>2 \u00a7<\/strong><\/p>\n\n\n\n<p>Osakaskunnan alueella harjoitetaan kalastusta kalastuslaissa ja sen nojalla s\u00e4\u00e4detyll\u00e4 sek\u00e4 tarkemmin n\u00e4iss\u00e4 s\u00e4\u00e4nn\u00f6iss\u00e4 m\u00e4\u00e4r\u00e4tyll\u00e4 ja osakaskunnan kokouksen p\u00e4\u00e4tt\u00e4m\u00e4ll\u00e4 tavalla.<\/p>\n\n\n\n<p>Osakaskunnan kokous voi kala- tai rapukantojen tuottavuuden parantamiseksi tai s\u00e4ilytt\u00e4miseksi p\u00e4\u00e4tt\u00e4\u00e4 kalastusta tai ravustusta koskevista rajoituksista.<\/p>\n\n\n\n<p><br><\/p>\n\n\n\n<p><strong>3 \u00a7<\/strong><\/p>\n\n\n\n<p>Oikeus kalaveden k\u00e4ytt\u00f6\u00f6n m\u00e4\u00e4r\u00e4ytyy pyydysyksikk\u00f6jen perusteella siten, ett\u00e4 kalavedess\u00e4 k\u00e4ytettyjen pyydysyksik\u00f6iden kokonaism\u00e4\u00e4r\u00e4 on enint\u00e4\u00e4n 1250 &nbsp;pyydysyksikk\u00f6\u00e4.<\/p>\n\n\n\n<p>Eri pyydysten ja pyyntiv\u00e4lineiden yksik\u00f6innist\u00e4 tehd\u00e4\u00e4n p\u00e4\u00e4t\u00f6s osakaskunnan kokouksessa.<\/p>\n\n\n\n<p>Pyydysyksikk\u00f6jen jako suoritetaan kunkin osakkaan vesialueosuuden mukaan tasoittamalla murto-osat l\u00e4hinn\u00e4 seuraavaksi suuremmaksi kokonaisluvuksi. Jaon perusteena k\u00e4ytet\u00e4\u00e4n kiinteist\u00f6jen yhteist\u00e4 vesialueosuuslukua.<\/p>\n\n\n\n<p>Osakkailta lunastamatta j\u00e4\u00e4neist\u00e4 pyydysyksik\u00f6ist\u00e4 voidaan my\u00f6nt\u00e4\u00e4 kalastuslupia vapaa-ajan- ja kaupalliseen kalastuksen, koe- ja tutkimustoimintaan sek\u00e4 hoitokalastukseen.<\/p>\n\n\n\n<p>Pyydysyksik\u00f6t voidaan jakaa osakaskunnan p\u00e4\u00e4t\u00f6ksell\u00e4 my\u00f6s muun perusteen mukaan.<\/p>\n\n\n\n<p><br><\/p>\n\n\n\n<p><strong>4 \u00a7<\/strong><\/p>\n\n\n\n<p>Osakkailta ja muilta osakaskunnan vesill\u00e4 kalastavilta peritt\u00e4vist\u00e4 pyydysyksikk\u00f6- ja muista kalastuksen harjoittamiseen liittyvist\u00e4 maksuista p\u00e4\u00e4tet\u00e4\u00e4n osakaskunnan kokouksessa.<\/p>\n\n\n\n<p>Osakaskunta voi kalaveden hoitoa ja muita osakaskunnan menoja varten m\u00e4\u00e4r\u00e4t\u00e4 osakkaiden suoritettavaksi maksun, jonka peruste on kunkin vesialueosuus tai muu tapauskohtaisesti osakaskunnan kokouksessa p\u00e4\u00e4tett\u00e4v\u00e4 peruste.<\/p>\n\n\n\n<p><br><\/p>\n\n\n\n<p><strong>5 \u00a7<\/strong><\/p>\n\n\n\n<p>Oikeus kalastaa osakaskunnan yhteisell\u00e4 vesialueella voidaan antaa vuokralle osakaskunnan kokouksen p\u00e4\u00e4t\u00f6ksell\u00e4.<\/p>\n\n\n\n<p>Osakkaalla on oikeus ilman muiden osakkaiden suostumusta antaa toiselle luvan vastikkeetta tai vastiketta vastaan k\u00e4ytt\u00e4\u00e4 h\u00e4nelle yhteisell\u00e4 vesialueella kuuluvaa kalastusoikeuttaan. Luovutuksesta on ilmoitettava hoitokunnalle.<\/p>\n\n\n\n<p><br><\/p>\n\n\n\n<p><strong>6 \u00a7<\/strong><\/p>\n\n\n\n<p>Osakaskunta p\u00e4\u00e4tt\u00e4\u00e4 kokouksessaan siit\u00e4, mill\u00e4 tavalla kalastusoikeus osoitetaan seisovilla pyydyksill\u00e4 kalastettaessa.<\/p>\n\n\n\n<p>Osakaskunnan vesialueella muutoin kuin yleiskalastusoikeuksin kalastusta harjoittavat henkil\u00f6t voidaan osakaskunnan kokouksen p\u00e4\u00e4t\u00f6ksell\u00e4 velvoittaa antamaan kalastusta ja sen tuottoa koskevia tietoja kokouksen tarkemmin p\u00e4\u00e4tt\u00e4m\u00e4ll\u00e4 tavalla.<\/p>\n\n\n\n<p><br><\/p>\n\n\n\n<p><strong>7 \u00a7<\/strong><\/p>\n\n\n\n<p>Osakaskunta p\u00e4\u00e4tt\u00e4\u00e4 kokouksessaan yhteisen vesialueen kalastuksen j\u00e4rjest\u00e4misest\u00e4 ja kalaveden hoitotoimenpiteist\u00e4.<\/p>\n\n\n\n<p>Osakaskunnan kokouksessa p\u00e4\u00e4tet\u00e4\u00e4n alueen tai sen osan k\u00e4yt\u00f6st\u00e4 muuta tarkoitusta kuin kalastusta varten, mukaan lukien mets\u00e4styksen harjoittamisesta alueella, ja t\u00e4llaisesta k\u00e4yt\u00f6st\u00e4 peritt\u00e4v\u00e4st\u00e4 korvauksesta.<\/p>\n\n\n\n<p><br><\/p>\n\n\n\n<p><strong>8 \u00a7<\/strong><\/p>\n\n\n\n<p>Ellei kokousp\u00e4\u00e4t\u00f6ksess\u00e4 tosin m\u00e4\u00e4r\u00e4t\u00e4, on 3\u20137 pyk\u00e4liss\u00e4 tarkoitettu p\u00e4\u00e4t\u00f6s voimassa toistaiseksi.<\/p>\n\n\n\n<p><br><\/p>\n\n\n\n<p><strong>9 \u00a7<\/strong><\/p>\n\n\n\n<p>Osakaskunnan p\u00e4\u00e4t\u00e4nt\u00e4valtaa k\u00e4ytt\u00e4\u00e4 osakaskunnan kokous. Osakaskunnan varsinainen kokous tulee j\u00e4rjest\u00e4\u00e4 vuosittain kes\u00e4kuun loppuun menness\u00e4. Osakaskunnan kokouksen kutsuu koolle hoitokunta.<\/p>\n\n\n\n<p>Osakaskunnan kokouksesta kuulutetaan sanomalehdess\u00e4 ja s\u00e4hk\u00f6postilla tai kirjeell\u00e4 osakkaan osakaskunnalle ilmoittamaan osoitteeseen. Kuulutus on julkaistava ja s\u00e4hk\u00f6postit tai kirjeet on l\u00e4hetett\u00e4v\u00e4 v\u00e4hint\u00e4\u00e4n 14 vuorokautta ennen kokousta.<\/p>\n\n\n\n<p>Kokouskutsussa tulee olla mainittuna kokouksen aika, paikka ja siell\u00e4 ratkaistavat asiat sek\u00e4 miss\u00e4 ja milloin kokouksesta laadittu tarkistettu p\u00f6yt\u00e4kirja pidet\u00e4\u00e4n asianosaisten n\u00e4ht\u00e4v\u00e4n\u00e4.<\/p>\n\n\n\n<p>Tarkastettu p\u00f6yt\u00e4kirja pidet\u00e4\u00e4n n\u00e4ht\u00e4v\u00e4n\u00e4 kokouskutsussa ilmoitetussa paikassa seitsem\u00e4nnest\u00e4 kokousp\u00e4iv\u00e4n j\u00e4lkeisest\u00e4 p\u00e4iv\u00e4st\u00e4 lukien siihen saakka kunnes kokousp\u00e4iv\u00e4st\u00e4 on kulunut 60 p\u00e4iv\u00e4\u00e4.<\/p>\n\n\n\n<p>Kokouksessa ei saa ratkaista asioita, joista kokouskutsussa ei ole ilmoitettu.<\/p>\n\n\n\n<p><br><\/p>\n\n\n\n<p><strong>10 \u00a7<\/strong><\/p>\n\n\n\n<p>Hoitokunta voi tarvittaessa p\u00e4\u00e4tt\u00e4\u00e4 ylim\u00e4\u00e4r\u00e4isen kokouksen koolle kutsumisesta. Jos osakkaat, joiden yhteenlasketut osuudet edustavat v\u00e4hint\u00e4\u00e4n kymmenett\u00e4 osaa kaikista osuuksista, sit\u00e4 m\u00e4\u00e4r\u00e4tty\u00e4 asiaa varten kirjallisesti vaativat, ylim\u00e4\u00e4r\u00e4inen kokous on kutsuttava koolle 3 viikon kuluessa siit\u00e4, kun vaatimus kokouksen pit\u00e4misest\u00e4 esitettiin hoitokunnalle tai toimitsijalle.<\/p>\n\n\n\n<p><br><\/p>\n\n\n\n<p><strong>11 \u00a7<\/strong><\/p>\n\n\n\n<p>Osakaskunnan varsinaisessa kokouksessa:<\/p>\n\n\n\n<p>1) esitet\u00e4\u00e4n hoitokunnan kertomus edelliselt\u00e4 toimintavuodelta;<\/p>\n\n\n\n<p>2) esitet\u00e4\u00e4n ja vahvistetaan edellisen vuoden tilinp\u00e4\u00e4t\u00f6s ja kertomus toiminnasta;<\/p>\n\n\n\n<p>3) p\u00e4\u00e4tet\u00e4\u00e4n vastuuvapauden my\u00f6nt\u00e4misest\u00e4 hoitokunnalle ja vastuullisille toimihenkil\u00f6ille;<\/p>\n\n\n\n<p>4) tehd\u00e4\u00e4n n\u00e4iden s\u00e4\u00e4nt\u00f6jen 3\u20137 \u00a7:ss\u00e4 tarkoitetut p\u00e4\u00e4t\u00f6kset;<\/p>\n\n\n\n<p>5) p\u00e4\u00e4tet\u00e4\u00e4n kalastuslain 82 \u00a7:n mukaisen omistajakorvauksen k\u00e4yt\u00f6st\u00e4;<\/p>\n\n\n\n<p>6) hyv\u00e4ksyt\u00e4\u00e4n osakaskunnalle tulo- ja menoarvio kuluvaksi\/tulevaksi vuodeksi;<\/p>\n\n\n\n<p>7) hyv\u00e4ksyt\u00e4\u00e4n osakaskunnalle toimintasuunnitelma kuluvaksi\/tulevaksi vuodeksi;<\/p>\n\n\n\n<p>8) m\u00e4\u00e4r\u00e4t\u00e4\u00e4n hoitokunnan j\u00e4senten, hallinnon tarkastajien, kokousedustajien ja muiden toimihenkil\u00f6iden palkkiot;<\/p>\n\n\n\n<p>9) valitaan hoitokunnan erovuorossa olevien tilalle seuraavaksi kaksivuotiskaudeksi kaksi j\u00e4sent\u00e4 sek\u00e4 heille henkil\u00f6kohtaiset varamiehet;<\/p>\n\n\n\n<p>10) valitaan Yksi henkil\u00f6\u00e4 ja&nbsp; varahenkil\u00f6 tarkastamaan tulevan toimintakauden hallintoa ja tilej\u00e4;<br><br>11) valitaan osakaskunnan edustaja ja h\u00e4nelle varamies kalatalousalueen kokouksiin;<\/p>\n\n\n\n<p>12) p\u00e4\u00e4tet\u00e4\u00e4n sanomalehdest\u00e4, jossa osakaskunnan kokouksista tiedotetaan;<\/p>\n\n\n\n<p>13) p\u00e4\u00e4tet\u00e4\u00e4n muista kokouskutsussa mainituista asioista;<\/p>\n\n\n\n<p>14) k\u00e4sitell\u00e4\u00e4n muut esille tulevat asiat.<\/p>\n\n\n\n<p>Sen est\u00e4m\u00e4tt\u00e4, mit\u00e4 edell\u00e4 on m\u00e4\u00e4r\u00e4tty toimikaudesta, jatkavat edell\u00e4 kohtien 9\u201311 nojalla valitut henkil\u00f6t teht\u00e4viss\u00e4\u00e4n, kunnes uusi valintap\u00e4\u00e4t\u00f6s on t\u00e4yt\u00e4nt\u00f6\u00f6npanokelpoinen.<\/p>\n\n\n\n<p><br><\/p>\n\n\n\n<p><strong>12 \u00a7<\/strong><\/p>\n\n\n\n<p>Osakaskunnan hoitokunnan p\u00e4\u00e4t\u00f6kset, kalastusviranomaisen m\u00e4\u00e4r\u00e4ykset, osakaskunnalle annetut haasteet tai muut tiedonannot saatetaan osakaskunnan osakkaiden tietoon ilmoittamalla niist\u00e4 l\u00e4hinn\u00e4 seuraavassa osakaskunnan kokouksessa.<\/p>\n\n\n\n<p><br><\/p>\n\n\n\n<p><strong>13 \u00a7<\/strong><\/p>\n\n\n\n<p>Osakaskunnan kokouksessa kullakin osakkaalla on osuuttaan vastaava \u00e4\u00e4nioikeus. Kokouksen puheenjohtajaa valittaessa ja \u00e4\u00e4nestysluetteloa hyv\u00e4ksytt\u00e4ess\u00e4 on kuitenkin jokaisella kokoukseen osaa ottavalla yksi \u00e4\u00e4ni ja, jos osakaskunnan kokouksessa osanottajat siit\u00e4 yksimielisesti sopivat, voidaan kokouksessa muutkin p\u00e4\u00e4t\u00f6kset tehd\u00e4 niin.<\/p>\n\n\n\n<p>Kokouksessa osakasta voi edustaa h\u00e4nen valtuuttamansa asiamies. Kokouksessa ei kuitenkaan kukaan saa \u00e4\u00e4nest\u00e4\u00e4 enemm\u00e4ll\u00e4 kuin kolmellakymmenell\u00e4 prosentilla l\u00e4sn\u00e4 olevien yhteenlasketusta \u00e4\u00e4nim\u00e4\u00e4r\u00e4st\u00e4. Jos useammalla osakkaalla on sama asiamies, \u00e4\u00e4nim\u00e4\u00e4r\u00e4leikkuri kohdistetaan koko asiamiehen edustamaan \u00e4\u00e4nim\u00e4\u00e4r\u00e4\u00e4n.<\/p>\n\n\n\n<p>Kokousp\u00e4\u00e4t\u00f6sten teossa, \u00e4\u00e4nestystulosten laskemisessa ja p\u00e4\u00e4t\u00f6sten t\u00e4yt\u00e4nt\u00f6\u00f6npanossa noudatetaan muilta osin yhteisaluelakia.<\/p>\n\n\n\n<p><br><\/p>\n\n\n\n<p><strong>14 \u00a7<\/strong><\/p>\n\n\n\n<p>Osakaskunnan kokouksessa on pidett\u00e4v\u00e4 p\u00f6yt\u00e4kirjaa, johon on merkitt\u00e4v\u00e4 kokouksen aika ja paikka, miten kokous on kutsuttu koolle, l\u00e4sn\u00e4 olevat osakaskunnan osakkaat tai heid\u00e4n asiamiehens\u00e4, kunkin \u00e4\u00e4nim\u00e4\u00e4r\u00e4 sek\u00e4 kokouksessa tehdyt ehdotukset, tapahtuneet \u00e4\u00e4nestykset sek\u00e4 kokouksen p\u00e4\u00e4t\u00f6kset.<\/p>\n\n\n\n<p>P\u00f6yt\u00e4kirjan allekirjoittavat puheenjohtaja ja p\u00f6yt\u00e4kirjan pit\u00e4j\u00e4 sek\u00e4 kaksi kokouksen valitsemaa p\u00f6yt\u00e4kirjan tarkistajaa. Milloin puheenjohtaja itse pit\u00e4\u00e4 p\u00f6yt\u00e4kirjaa, p\u00f6yt\u00e4kirjan allekirjoittavat puheenjohtaja ja v\u00e4hint\u00e4\u00e4n yksi kokouksen valitsema p\u00f6yt\u00e4kirjan tarkistaja.<\/p>\n\n\n\n<p><br><\/p>\n\n\n\n<p><strong>15 \u00a7<\/strong><\/p>\n\n\n\n<p>Osakaskunta valitsee hoitokunnan, johon kuuluu nelj\u00e4 j\u00e4sent\u00e4, sek\u00e4 heille henkil\u00f6kohtaiset varamiehet. Hoitokunnan j\u00e4senten toimikausi on kaksi vuotta. Ensi kerran valituista j\u00e4senist\u00e4 eroaa ensimm\u00e4isen vuoden lopussa arvan mukaan puolet ja toisen vuoden lopussa j\u00e4ljelle j\u00e4\u00e4neet j\u00e4senet. Sen j\u00e4lkeen erovuoroisuus ratkaistaan siten, ett\u00e4 puolet j\u00e4senist\u00e4 on valitsemisj\u00e4rjestyksess\u00e4 kunakin vuonna erovuorossa.<\/p>\n\n\n\n<p>Hoitokunta valitsee keskuudestaan puheenjohtajan ja varapuheenjohtajan vuodeksi kerrallaan. Hoitokunta on p\u00e4\u00e4t\u00f6svaltainen, kun puheenjohtaja tai varapuheenjohtaja ja v\u00e4hint\u00e4\u00e4n puolet muista j\u00e4senist\u00e4 tai heid\u00e4n henkil\u00f6kohtaisista varamiehist\u00e4\u00e4n on saapuvilla.<\/p>\n\n\n\n<p>Hoitokunnan kokouksissa johtaa puhetta hoitokunnan puheenjohtaja tai h\u00e4nen estyneen\u00e4 ollessaan varapuheenjohtaja. Hoitokunnan p\u00e4\u00e4t\u00f6kseksi katsotaan se mielipide, jota enemmist\u00f6 on kannattanut. \u00c4\u00e4nten menness\u00e4 tasan ratkaisee puheenjohtajan mielipide. Hoitokunnan kokouksesta on pidett\u00e4v\u00e4 p\u00f6yt\u00e4kirjaa, johon on kirjattava kokouksen aika ja paikka, l\u00e4sn\u00e4 olleet henkil\u00f6t sek\u00e4 kokousp\u00e4\u00e4t\u00f6kset.<\/p>\n\n\n\n<p>Hoitokunnan puheenjohtaja tai h\u00e4nen estyneen\u00e4 ollessaan varapuheenjohtaja k\u00e4ytt\u00e4\u00e4 hoitokunnan puolesta puhevaltaa tuomioistuimessa ja viranomaisen luona, jollei hoitokunta jossakin asiassa erikseen m\u00e4\u00e4r\u00e4\u00e4 toista asiamiest\u00e4.<\/p>\n\n\n\n<p><br><\/p>\n\n\n\n<p><strong>16 \u00a7<\/strong><\/p>\n\n\n\n<p>Sen lis\u00e4ksi mit\u00e4 kalastuslaissa ja yhteisaluelaissa sek\u00e4 niiden nojalla muutoin on s\u00e4\u00e4detty tai m\u00e4\u00e4r\u00e4tty tulee hoitokunnan:<\/p>\n\n\n\n<p>1) johtaa osakaskunnan toimintaa;<\/p>\n\n\n\n<p>2) valvoa osakaskunnan etua;<\/p>\n\n\n\n<p>3) tehd\u00e4 osakaskunnan kokoukselle osakaskunnan toimintaa koskevia ehdotuksia ja valmistella osakaskunnan kokouksessa esille tulevat asiat;<\/p>\n\n\n\n<p>4) panna t\u00e4yt\u00e4nt\u00f6\u00f6n osakaskunnan kokouksen p\u00e4\u00e4t\u00f6kset sek\u00e4 huolehtia niiden tiedottamisesta;<\/p>\n\n\n\n<p>5) huolehtia osakaskunnan taloudenpidosta ja omaisuudesta;<\/p>\n\n\n\n<p>6) edustaa osakaskuntaa yhteisen alueen k\u00e4ytt\u00f6\u00e4 ja hoitoa koskevissa asioissa yksityist\u00e4 osakasta ja kolmatta henkil\u00f6\u00e4 kohtaan;<\/p>\n\n\n\n<p>7) pit\u00e4\u00e4 luetteloa osakaskunnan osakkaista ja heid\u00e4n \u00e4\u00e4nim\u00e4\u00e4rist\u00e4;<\/p>\n\n\n\n<p>8) valvoa osakaskunnan s\u00e4\u00e4nt\u00f6jen ja p\u00e4\u00e4t\u00f6sten noudattamista; sek\u00e4<\/p>\n\n\n\n<p>9) ilmoittaa hoitokunnan puheenjohtajan ja varapuheenjohtajan tultua valituiksi heid\u00e4n nimens\u00e4 ja postiosoitteensa aluehallintovirastolle, Maanmittauslaitokselle sek\u00e4 sen kalatalousalueen hallitukselle, jonka alueella osakaskunta toimii;<\/p>\n\n\n\n<p>10) p\u00e4\u00e4tt\u00e4\u00e4 osakaskunnan toimintasuunnitelmassa m\u00e4\u00e4riteltyjen ehtojen puitteissa seuraavista asioista:<\/p>\n\n\n\n<ul class=\"wp-block-list\"><li>suostumuksen antamisesta merkitykselt\u00e4\u00e4n v\u00e4h\u00e4isen laiturin, kaapelin, johdon tai muun sellaisen laitteen sijoittamiseksi,<\/li><li>kilpailujen ja muiden j\u00e4rjestettyjen tilaisuuksien j\u00e4rjest\u00e4miseksi,<\/li><li>vainajan tuhkan sirottamiseksi yhteiselle alueelle,<\/li><li>suostumukset v\u00e4h\u00e4isiin ruoppauksiin ja ruoppausmassojen sijoittamiseen<\/li><li>&nbsp;suostumukset kalastus- ym. tutkimuksiin osakaskunnan alueella.<\/li><li>\u2026. (p\u00e4\u00e4t\u00f6svalta voidaan antaa hoitokunnalle vain merkitykselt\u00e4\u00e4n v\u00e4h\u00e4isiss\u00e4 asioissa, ks. yhteisaluelaki 19 \u00a7)<br><\/li><\/ul>\n\n\n\n<p><\/p>\n\n\n\n<p><strong>17 \u00a7<\/strong><\/p>\n\n\n\n<p>Osakaskunnan nimen kirjoittaa hoitokunnan puheenjohtaja yksin tai varapuheenjohtaja ja yksi hoitokunnan j\u00e4sen yhdess\u00e4.<\/p>\n\n\n\n<p><br><\/p>\n\n\n\n<p><strong>18 \u00a7<\/strong><\/p>\n\n\n\n<p>Osakaskunnan toiminta- ja tilivuosi on kalenterivuosi. Osakaskunnan tilinp\u00e4\u00e4t\u00f6s ja kertomus toiminnasta on annettava hallintoa tarkastaville henkil\u00f6ille ennen helmikuun loppua. Tarkastajien on annettava kertomuksensa hoitokunnalle ennen maaliskuun loppua.<\/p>\n\n\n\n<p><br><\/p>\n\n\n\n<p><strong>19 \u00a7<\/strong><\/p>\n\n\n\n<p>Osakkaalla on oikeus tutustua osakaskunnan kirjanpitoon ja muihin osakaskunnan toimintaan liittyviin asiakirjoihin. Osakkaalla on oikeus k\u00e4ytt\u00e4\u00e4 avustajaa sek\u00e4 oikeus saada j\u00e4ljenn\u00f6ksi\u00e4 kirjanpidosta ja muista asiakirjoista. T\u00e4ll\u00f6in osakaskunnalla on oikeus saada osakkaalta korvaus osakaskunnalle aiheutuneista asiakirjojen j\u00e4ljent\u00e4mis- ja l\u00e4hett\u00e4miskuluista.<\/p>\n\n\n\n<p><br><\/p>\n\n\n\n<p><strong>20 \u00a7<\/strong><\/p>\n\n\n\n<p>Osakas voi vaatia hoitokunnalle toimitetulla oikaisuvaatimuksella tai kanteella k\u00e4r\u00e4j\u00e4oikeudessa laittoman, s\u00e4\u00e4nt\u00f6jen vastaisen tai oikeuttaan loukkaavan p\u00e4\u00e4t\u00f6ksen oikaisemista sen mukaan, kuin siit\u00e4 on yhteisaluelaissa s\u00e4\u00e4detty.<\/p>\n\n\n\n<p><br><\/p>\n\n\n\n<p><strong>21 \u00a7<\/strong><\/p>\n\n\n\n<p>Osakaskunnalla voi olla sihteeri, rahastonhoitaja, elinkeino-, liikenne- ja ymp\u00e4rist\u00f6keskuksen hyv\u00e4ksymi\u00e4 kalastuksenvalvojia ja muita toimihenkil\u00f6it\u00e4, jotka hoitokunta ottaa toimiinsa ja vapauttaa teht\u00e4vist\u00e4\u00e4n.&nbsp;<\/p>\n","protected":false},"excerpt":{"rendered":"<p>Yhteisen vesialueen osakaskunnan s\u00e4\u00e4nn\u00f6t Osakaskunnan nimi: Toivakan osakaskuntaKotipaikka: ToivakkaSijaintikunta: ToivakkaKyl\u00e4: Toivakka\/OravasaariKiinteist\u00f6tunnus: &nbsp;850-876-4-1 Osakaskunnan vesialue on pinta-alaltaan 1258&nbsp; hehtaaria ja sen sijainti on ilmaistu karttaliitteess\u00e4. Lis\u00e4ksi osakaskunnan yhteiseen alueeseen kuuluvat yhteisen vesialueen kanssa samalla kiinteist\u00f6tunnuksella olevat vesij\u00e4tt\u00f6- ja muut yhteiset alueet. Osakaskunta on kokouksessaan 06. p\u00e4iv\u00e4n\u00e4 toukokuuta 2022 hyv\u00e4ksynyt itselleen seuraavat s\u00e4\u00e4nn\u00f6t: 1 \u00a7 Osakaskunnan teht\u00e4v\u00e4n\u00e4<\/p>\n<p><a class=\"moretag\" href=\"https:\/\/leppavedenhankasalmenkalatalousalue.fi\/toivakka\/hallinto\/saannot\/\"> Lue lis\u00e4\u00e4 ><\/a><\/p>\n","protected":false},"author":1,"featured_media":0,"parent":32,"menu_order":0,"comment_status":"closed","ping_status":"closed","template":"basic-sivu.php","meta":{"_acf_changed":false,"footnotes":""},"class_list":["post-56","page","type-page","status-publish","hentry"],"acf":[],"yoast_head":"<!-- This site is optimized with the Yoast SEO plugin v27.1.1 - https:\/\/yoast.com\/product\/yoast-seo-wordpress\/ -->\n<title>S\u00e4\u00e4nn\u00f6t - Toivakan osakaskunta<\/title>\n<meta name=\"robots\" content=\"index, follow, max-snippet:-1, max-image-preview:large, max-video-preview:-1\" \/>\n<link rel=\"canonical\" href=\"https:\/\/leppavedenhankasalmenkalatalousalue.fi\/toivakka\/hallinto\/saannot\/\" \/>\n<meta property=\"og:locale\" content=\"fi_FI\" \/>\n<meta property=\"og:type\" content=\"article\" \/>\n<meta property=\"og:title\" content=\"S\u00e4\u00e4nn\u00f6t - Toivakan osakaskunta\" \/>\n<meta property=\"og:description\" content=\"Yhteisen vesialueen osakaskunnan s\u00e4\u00e4nn\u00f6t Osakaskunnan nimi: Toivakan osakaskuntaKotipaikka: ToivakkaSijaintikunta: ToivakkaKyl\u00e4: Toivakka\/OravasaariKiinteist\u00f6tunnus: &nbsp;850-876-4-1 Osakaskunnan vesialue on pinta-alaltaan 1258&nbsp; hehtaaria ja sen sijainti on ilmaistu karttaliitteess\u00e4. Lis\u00e4ksi osakaskunnan yhteiseen alueeseen kuuluvat yhteisen vesialueen kanssa samalla kiinteist\u00f6tunnuksella olevat vesij\u00e4tt\u00f6- ja muut yhteiset alueet. Osakaskunta on kokouksessaan 06. p\u00e4iv\u00e4n\u00e4 toukokuuta 2022 hyv\u00e4ksynyt itselleen seuraavat s\u00e4\u00e4nn\u00f6t: 1 \u00a7 Osakaskunnan teht\u00e4v\u00e4n\u00e4 Lue lis\u00e4\u00e4 &gt;\" \/>\n<meta property=\"og:url\" content=\"https:\/\/leppavedenhankasalmenkalatalousalue.fi\/toivakka\/hallinto\/saannot\/\" \/>\n<meta property=\"og:site_name\" content=\"Toivakan osakaskunta\" \/>\n<meta property=\"article:modified_time\" content=\"2022-05-08T12:37:13+00:00\" \/>\n<meta name=\"twitter:card\" content=\"summary_large_image\" \/>\n<meta name=\"twitter:label1\" content=\"Arvioitu lukuaika\" \/>\n\t<meta name=\"twitter:data1\" content=\"9 minuuttia\" \/>\n<script type=\"application\/ld+json\" class=\"yoast-schema-graph\">{\"@context\":\"https:\/\/schema.org\",\"@graph\":[{\"@type\":\"WebPage\",\"@id\":\"https:\/\/leppavedenhankasalmenkalatalousalue.fi\/toivakka\/hallinto\/saannot\/\",\"url\":\"https:\/\/leppavedenhankasalmenkalatalousalue.fi\/toivakka\/hallinto\/saannot\/\",\"name\":\"S\u00e4\u00e4nn\u00f6t - Toivakan osakaskunta\",\"isPartOf\":{\"@id\":\"https:\/\/leppavedenhankasalmenkalatalousalue.fi\/toivakka\/#website\"},\"datePublished\":\"2020-10-29T10:03:00+00:00\",\"dateModified\":\"2022-05-08T12:37:13+00:00\",\"breadcrumb\":{\"@id\":\"https:\/\/leppavedenhankasalmenkalatalousalue.fi\/toivakka\/hallinto\/saannot\/#breadcrumb\"},\"inLanguage\":\"fi\",\"potentialAction\":[{\"@type\":\"ReadAction\",\"target\":[\"https:\/\/leppavedenhankasalmenkalatalousalue.fi\/toivakka\/hallinto\/saannot\/\"]}]},{\"@type\":\"BreadcrumbList\",\"@id\":\"https:\/\/leppavedenhankasalmenkalatalousalue.fi\/toivakka\/hallinto\/saannot\/#breadcrumb\",\"itemListElement\":[{\"@type\":\"ListItem\",\"position\":1,\"name\":\"Home\",\"item\":\"https:\/\/leppavedenhankasalmenkalatalousalue.fi\/toivakka\/\"},{\"@type\":\"ListItem\",\"position\":2,\"name\":\"Yksityinen: Hallinto\",\"item\":\"https:\/\/leppavedenhankasalmenkalatalousalue.fi\/toivakka\/?page_id=32\"},{\"@type\":\"ListItem\",\"position\":3,\"name\":\"S\u00e4\u00e4nn\u00f6t\"}]},{\"@type\":\"WebSite\",\"@id\":\"https:\/\/leppavedenhankasalmenkalatalousalue.fi\/toivakka\/#website\",\"url\":\"https:\/\/leppavedenhankasalmenkalatalousalue.fi\/toivakka\/\",\"name\":\"Toivakan osakaskunta\",\"description\":\"\",\"potentialAction\":[{\"@type\":\"SearchAction\",\"target\":{\"@type\":\"EntryPoint\",\"urlTemplate\":\"https:\/\/leppavedenhankasalmenkalatalousalue.fi\/toivakka\/?s={search_term_string}\"},\"query-input\":{\"@type\":\"PropertyValueSpecification\",\"valueRequired\":true,\"valueName\":\"search_term_string\"}}],\"inLanguage\":\"fi\"}]}<\/script>\n<!-- \/ Yoast SEO plugin. -->","yoast_head_json":{"title":"S\u00e4\u00e4nn\u00f6t - Toivakan osakaskunta","robots":{"index":"index","follow":"follow","max-snippet":"max-snippet:-1","max-image-preview":"max-image-preview:large","max-video-preview":"max-video-preview:-1"},"canonical":"https:\/\/leppavedenhankasalmenkalatalousalue.fi\/toivakka\/hallinto\/saannot\/","og_locale":"fi_FI","og_type":"article","og_title":"S\u00e4\u00e4nn\u00f6t - Toivakan osakaskunta","og_description":"Yhteisen vesialueen osakaskunnan s\u00e4\u00e4nn\u00f6t Osakaskunnan nimi: Toivakan osakaskuntaKotipaikka: ToivakkaSijaintikunta: ToivakkaKyl\u00e4: Toivakka\/OravasaariKiinteist\u00f6tunnus: &nbsp;850-876-4-1 Osakaskunnan vesialue on pinta-alaltaan 1258&nbsp; hehtaaria ja sen sijainti on ilmaistu karttaliitteess\u00e4. Lis\u00e4ksi osakaskunnan yhteiseen alueeseen kuuluvat yhteisen vesialueen kanssa samalla kiinteist\u00f6tunnuksella olevat vesij\u00e4tt\u00f6- ja muut yhteiset alueet. Osakaskunta on kokouksessaan 06. p\u00e4iv\u00e4n\u00e4 toukokuuta 2022 hyv\u00e4ksynyt itselleen seuraavat s\u00e4\u00e4nn\u00f6t: 1 \u00a7 Osakaskunnan teht\u00e4v\u00e4n\u00e4 Lue lis\u00e4\u00e4 >","og_url":"https:\/\/leppavedenhankasalmenkalatalousalue.fi\/toivakka\/hallinto\/saannot\/","og_site_name":"Toivakan osakaskunta","article_modified_time":"2022-05-08T12:37:13+00:00","twitter_card":"summary_large_image","twitter_misc":{"Arvioitu lukuaika":"9 minuuttia"},"schema":{"@context":"https:\/\/schema.org","@graph":[{"@type":"WebPage","@id":"https:\/\/leppavedenhankasalmenkalatalousalue.fi\/toivakka\/hallinto\/saannot\/","url":"https:\/\/leppavedenhankasalmenkalatalousalue.fi\/toivakka\/hallinto\/saannot\/","name":"S\u00e4\u00e4nn\u00f6t - Toivakan osakaskunta","isPartOf":{"@id":"https:\/\/leppavedenhankasalmenkalatalousalue.fi\/toivakka\/#website"},"datePublished":"2020-10-29T10:03:00+00:00","dateModified":"2022-05-08T12:37:13+00:00","breadcrumb":{"@id":"https:\/\/leppavedenhankasalmenkalatalousalue.fi\/toivakka\/hallinto\/saannot\/#breadcrumb"},"inLanguage":"fi","potentialAction":[{"@type":"ReadAction","target":["https:\/\/leppavedenhankasalmenkalatalousalue.fi\/toivakka\/hallinto\/saannot\/"]}]},{"@type":"BreadcrumbList","@id":"https:\/\/leppavedenhankasalmenkalatalousalue.fi\/toivakka\/hallinto\/saannot\/#breadcrumb","itemListElement":[{"@type":"ListItem","position":1,"name":"Home","item":"https:\/\/leppavedenhankasalmenkalatalousalue.fi\/toivakka\/"},{"@type":"ListItem","position":2,"name":"Yksityinen: Hallinto","item":"https:\/\/leppavedenhankasalmenkalatalousalue.fi\/toivakka\/?page_id=32"},{"@type":"ListItem","position":3,"name":"S\u00e4\u00e4nn\u00f6t"}]},{"@type":"WebSite","@id":"https:\/\/leppavedenhankasalmenkalatalousalue.fi\/toivakka\/#website","url":"https:\/\/leppavedenhankasalmenkalatalousalue.fi\/toivakka\/","name":"Toivakan osakaskunta","description":"","potentialAction":[{"@type":"SearchAction","target":{"@type":"EntryPoint","urlTemplate":"https:\/\/leppavedenhankasalmenkalatalousalue.fi\/toivakka\/?s={search_term_string}"},"query-input":{"@type":"PropertyValueSpecification","valueRequired":true,"valueName":"search_term_string"}}],"inLanguage":"fi"}]}},"_links":{"self":[{"href":"https:\/\/leppavedenhankasalmenkalatalousalue.fi\/toivakka\/wp-json\/wp\/v2\/pages\/56","targetHints":{"allow":["GET"]}}],"collection":[{"href":"https:\/\/leppavedenhankasalmenkalatalousalue.fi\/toivakka\/wp-json\/wp\/v2\/pages"}],"about":[{"href":"https:\/\/leppavedenhankasalmenkalatalousalue.fi\/toivakka\/wp-json\/wp\/v2\/types\/page"}],"author":[{"embeddable":true,"href":"https:\/\/leppavedenhankasalmenkalatalousalue.fi\/toivakka\/wp-json\/wp\/v2\/users\/1"}],"replies":[{"embeddable":true,"href":"https:\/\/leppavedenhankasalmenkalatalousalue.fi\/toivakka\/wp-json\/wp\/v2\/comments?post=56"}],"version-history":[{"count":5,"href":"https:\/\/leppavedenhankasalmenkalatalousalue.fi\/toivakka\/wp-json\/wp\/v2\/pages\/56\/revisions"}],"predecessor-version":[{"id":307,"href":"https:\/\/leppavedenhankasalmenkalatalousalue.fi\/toivakka\/wp-json\/wp\/v2\/pages\/56\/revisions\/307"}],"up":[{"embeddable":true,"href":"https:\/\/leppavedenhankasalmenkalatalousalue.fi\/toivakka\/wp-json\/wp\/v2\/pages\/32"}],"wp:attachment":[{"href":"https:\/\/leppavedenhankasalmenkalatalousalue.fi\/toivakka\/wp-json\/wp\/v2\/media?parent=56"}],"curies":[{"name":"wp","href":"https:\/\/api.w.org\/{rel}","templated":true}]}}