{"id":45,"date":"2024-03-29T10:31:19","date_gmt":"2024-03-29T10:31:19","guid":{"rendered":"http:\/\/89.166.51.80\/~leppaveden\/hameenmaen-osakaskunta\/?page_id=45"},"modified":"2024-04-08T11:33:48","modified_gmt":"2024-04-08T11:33:48","slug":"luvat","status":"publish","type":"page","link":"https:\/\/leppavedenhankasalmenkalatalousalue.fi\/vatia\/luvat\/","title":{"rendered":"Luvat"},"content":{"rendered":"\n<p>Yleiskalastusoikeus on voimassa Vatian osakaskunnan vesialueella lukuun ottamatta virta-alueita ja kalastusrajoitusalueita. <br><a href=\"https:\/\/kartta.paikkatietoikkuna.fi\/?zoomLevel=8&amp;coord=442353.2268721361_6931593.693562428&amp;mapLayers=802+100+default,1485+40+default,1691+100+cp:CP.CadastralBoundary.Default,99+100+default,myplaces_113707+40+default,myplaces_113702+40+default,myplaces_113709+40+default,myplaces_113715+40+default,myplaces_113672+60+default,myplaces_113720+40+default,myplaces_113704+40+default,myplaces_113703+40+default,myplaces_113705+40+default,myplaces_113711+40+default,myplaces_113700+40+default,myplaces_113708+40+default,myplaces_113673+40+default,myplaces_113710+40+default,myplaces_113712+40+default,myplaces_113714+40+default,myplaces_113701+40+default&amp;uuid=90246d84-3958-fd8c-cb2c-2510cccca1d3&amp;noSavedState=true&amp;showIntro=false\" target=\"_blank\" rel=\"noreferrer noopener\">Karttalinkki Paikkatietoikkunan<\/a> palveluun, jossa on Vatian osakaskunnan hallinnoimat vesialueet.<br><br><strong>Pyydysluvat Vatian osakaskunnan vesialueille<\/strong><br>\u21aa Hinta 20 \u20ac \/ vuosi \/ pyydysmerkki<br>\u21aa Pyydysmerkkej\u00e4 myyd\u00e4\u00e4n enint\u00e4\u00e4n 4 kpl \/ asiakas ja niit\u00e4 ei saa luovuttaa eteenp\u00e4in<br><br>Pyyntiv\u00e4lineet ja niiden vaatimat pyydysmerkit (pm)<br>\u21aa Katiska, 1 pm<br>\u21aa Verkko jokainen alkava 90 m2 (3 x 30 m), 1 pm<br>\u21aa Iskukoukku, 1 pm<\/p>\n\n\n\n<p>Pyyntiv\u00e4lineet on merkitt\u00e4v\u00e4 asianmukaisesti kalatalousalueen suositusten mukaisesti. Lis\u00e4tietoa pyydysten merkinn\u00e4st\u00e4: https:\/\/ahven.net\/kalastus\/pyydysten-merkinta\/. Pyydysten merkinn\u00e4n lis\u00e4ksi pyydyksiss\u00e4 pit\u00e4\u00e4 olla pyydysmerkki.<\/p>\n\n\n\n<p>Lupien ostaminen:<br>\u21aa Ulkopuolisten pyydysluvat ja pyydysmerkit myy ja toimittaa <a href=\"https:\/\/www.ostaluvat.fi\/lupa.tmpl?sivu_id=113&amp;id=1614\" target=\"_blank\" rel=\"noreferrer noopener\">ostaluvat.fi<\/a> -sivusto. Lupa sis\u00e4lt\u00e4\u00e4 pyydysmerkin. <br>\u21aa Pyydyskalastus edellytt\u00e4\u00e4 my\u00f6s <a href=\"https:\/\/www.eraluvat.fi\/kalastus\/kalastonhoitomaksu.html\" target=\"_blank\" rel=\"noreferrer noopener\">kalastonhoitomaksun<\/a> suorittamisen <\/p>\n\n\n\n<p><strong>Viehekalastus Vatian osakaskunnan hallinnoimilla vesialueilla<\/strong><br>Viehekalastus (uistin-, heittouistin- ja perhokalastukseen sek\u00e4 vetouisteluun maksimissaan 5 vavalla) edellytt\u00e4\u00e4 virta-aluelupaa ja Valtion kalastonhoitomaksua. Virta-aluelupa ei koske kalastusrajoitusaluetta, joka on merkitty maastoon M\u00f6rk\u00f6saaren etel\u00e4puolelle ja Aatunsel\u00e4n kohdalle.<\/p>\n\n\n\n<p>Lepp\u00e4veden-Hankasalmen kalatalousalue myy virta-aluelupaa Vatianj\u00e4rvelle. Lue lis\u00e4\u00e4 Lepp\u00e4veden-Hankasalmen kalatalousalueen <a href=\"https:\/\/leppavedenhankasalmenkalatalousalue.fi\/kalastusluvat\/\" target=\"_blank\" rel=\"noreferrer noopener\">nettisivuilta<\/a>.<\/p>\n\n\n\n<p>Kalastaminen pyyntiv\u00e4lineill\u00e4 tai vieheill\u00e4 edellytt\u00e4\u00e4 my\u00f6s kalastonhoitomaksun suorittamisen.<\/p>\n\n\n\n<p><strong>Ravustus on ulkopuolisilta kielletty.<\/strong><\/p>\n\n\n\n<p><strong>Vatian osakaskunnan osakkaat<br><\/strong>Osakkaat voivat kalastaa Vatian osakaskunnan p\u00e4\u00e4t\u00f6ksen mukaan toistaiseksi veloituksetta, mutta osakas tarvitsee osakaskunnan digitaalisen kalastusluvan ja h\u00e4nen pit\u00e4\u00e4 maksaa yleinen kalastonhoitomaksu. <br>Lis\u00e4tietoa osakkaille antaa<br>Markku Peura<br>puheenjohtaja<br>\ud83d\udcde 0400 434 219<br>vatianosakaskunta(at)gmail.com<\/p>\n","protected":false},"excerpt":{"rendered":"<p>Yleiskalastusoikeus on voimassa Vatian osakaskunnan vesialueella lukuun ottamatta virta-alueita ja kalastusrajoitusalueita. Karttalinkki Paikkatietoikkunan palveluun, jossa on Vatian osakaskunnan hallinnoimat vesialueet. Pyydysluvat Vatian osakaskunnan vesialueille\u21aa Hinta 20 \u20ac \/ vuosi \/ pyydysmerkki\u21aa Pyydysmerkkej\u00e4 myyd\u00e4\u00e4n enint\u00e4\u00e4n 4 kpl \/ asiakas ja niit\u00e4 ei saa luovuttaa eteenp\u00e4in Pyyntiv\u00e4lineet ja niiden vaatimat pyydysmerkit (pm)\u21aa Katiska, 1 pm\u21aa Verkko jokainen<\/p>\n<p><a class=\"moretag\" href=\"https:\/\/leppavedenhankasalmenkalatalousalue.fi\/vatia\/luvat\/\"> Lue lis\u00e4\u00e4 ><\/a><\/p>\n","protected":false},"author":51,"featured_media":0,"parent":0,"menu_order":0,"comment_status":"closed","ping_status":"closed","template":"basic-sivu.php","meta":{"_acf_changed":false,"footnotes":""},"class_list":["post-45","page","type-page","status-publish","hentry"],"acf":[],"yoast_head":"<!-- This site is optimized with the Yoast SEO plugin v27.1.1 - https:\/\/yoast.com\/product\/yoast-seo-wordpress\/ -->\n<title>Luvat - Vatian osakaskunta<\/title>\n<meta name=\"robots\" content=\"index, follow, max-snippet:-1, max-image-preview:large, max-video-preview:-1\" \/>\n<link rel=\"canonical\" href=\"https:\/\/leppavedenhankasalmenkalatalousalue.fi\/vatia\/luvat\/\" \/>\n<meta property=\"og:locale\" content=\"fi_FI\" \/>\n<meta property=\"og:type\" content=\"article\" \/>\n<meta property=\"og:title\" content=\"Luvat - Vatian osakaskunta\" \/>\n<meta property=\"og:description\" content=\"Yleiskalastusoikeus on voimassa Vatian osakaskunnan vesialueella lukuun ottamatta virta-alueita ja kalastusrajoitusalueita. Karttalinkki Paikkatietoikkunan palveluun, jossa on Vatian osakaskunnan hallinnoimat vesialueet. Pyydysluvat Vatian osakaskunnan vesialueille\u21aa Hinta 20 \u20ac \/ vuosi \/ pyydysmerkki\u21aa Pyydysmerkkej\u00e4 myyd\u00e4\u00e4n enint\u00e4\u00e4n 4 kpl \/ asiakas ja niit\u00e4 ei saa luovuttaa eteenp\u00e4in Pyyntiv\u00e4lineet ja niiden vaatimat pyydysmerkit (pm)\u21aa Katiska, 1 pm\u21aa Verkko jokainen Lue lis\u00e4\u00e4 &gt;\" \/>\n<meta property=\"og:url\" content=\"https:\/\/leppavedenhankasalmenkalatalousalue.fi\/vatia\/luvat\/\" \/>\n<meta property=\"og:site_name\" content=\"Vatian osakaskunta\" \/>\n<meta property=\"article:modified_time\" content=\"2024-04-08T11:33:48+00:00\" \/>\n<meta name=\"twitter:card\" content=\"summary_large_image\" \/>\n<meta name=\"twitter:label1\" content=\"Arvioitu lukuaika\" \/>\n\t<meta name=\"twitter:data1\" content=\"2 minuuttia\" \/>\n<script type=\"application\/ld+json\" class=\"yoast-schema-graph\">{\"@context\":\"https:\/\/schema.org\",\"@graph\":[{\"@type\":\"WebPage\",\"@id\":\"https:\/\/leppavedenhankasalmenkalatalousalue.fi\/vatia\/luvat\/\",\"url\":\"https:\/\/leppavedenhankasalmenkalatalousalue.fi\/vatia\/luvat\/\",\"name\":\"Luvat - Vatian osakaskunta\",\"isPartOf\":{\"@id\":\"https:\/\/leppavedenhankasalmenkalatalousalue.fi\/vatia\/#website\"},\"datePublished\":\"2024-03-29T10:31:19+00:00\",\"dateModified\":\"2024-04-08T11:33:48+00:00\",\"breadcrumb\":{\"@id\":\"https:\/\/leppavedenhankasalmenkalatalousalue.fi\/vatia\/luvat\/#breadcrumb\"},\"inLanguage\":\"fi\",\"potentialAction\":[{\"@type\":\"ReadAction\",\"target\":[\"https:\/\/leppavedenhankasalmenkalatalousalue.fi\/vatia\/luvat\/\"]}]},{\"@type\":\"BreadcrumbList\",\"@id\":\"https:\/\/leppavedenhankasalmenkalatalousalue.fi\/vatia\/luvat\/#breadcrumb\",\"itemListElement\":[{\"@type\":\"ListItem\",\"position\":1,\"name\":\"Home\",\"item\":\"https:\/\/leppavedenhankasalmenkalatalousalue.fi\/vatia\/\"},{\"@type\":\"ListItem\",\"position\":2,\"name\":\"Luvat\"}]},{\"@type\":\"WebSite\",\"@id\":\"https:\/\/leppavedenhankasalmenkalatalousalue.fi\/vatia\/#website\",\"url\":\"https:\/\/leppavedenhankasalmenkalatalousalue.fi\/vatia\/\",\"name\":\"Vatian osakaskunta\",\"description\":\"\",\"potentialAction\":[{\"@type\":\"SearchAction\",\"target\":{\"@type\":\"EntryPoint\",\"urlTemplate\":\"https:\/\/leppavedenhankasalmenkalatalousalue.fi\/vatia\/?s={search_term_string}\"},\"query-input\":{\"@type\":\"PropertyValueSpecification\",\"valueRequired\":true,\"valueName\":\"search_term_string\"}}],\"inLanguage\":\"fi\"}]}<\/script>\n<!-- \/ Yoast SEO plugin. -->","yoast_head_json":{"title":"Luvat - Vatian osakaskunta","robots":{"index":"index","follow":"follow","max-snippet":"max-snippet:-1","max-image-preview":"max-image-preview:large","max-video-preview":"max-video-preview:-1"},"canonical":"https:\/\/leppavedenhankasalmenkalatalousalue.fi\/vatia\/luvat\/","og_locale":"fi_FI","og_type":"article","og_title":"Luvat - Vatian osakaskunta","og_description":"Yleiskalastusoikeus on voimassa Vatian osakaskunnan vesialueella lukuun ottamatta virta-alueita ja kalastusrajoitusalueita. Karttalinkki Paikkatietoikkunan palveluun, jossa on Vatian osakaskunnan hallinnoimat vesialueet. Pyydysluvat Vatian osakaskunnan vesialueille\u21aa Hinta 20 \u20ac \/ vuosi \/ pyydysmerkki\u21aa Pyydysmerkkej\u00e4 myyd\u00e4\u00e4n enint\u00e4\u00e4n 4 kpl \/ asiakas ja niit\u00e4 ei saa luovuttaa eteenp\u00e4in Pyyntiv\u00e4lineet ja niiden vaatimat pyydysmerkit (pm)\u21aa Katiska, 1 pm\u21aa Verkko jokainen Lue lis\u00e4\u00e4 >","og_url":"https:\/\/leppavedenhankasalmenkalatalousalue.fi\/vatia\/luvat\/","og_site_name":"Vatian osakaskunta","article_modified_time":"2024-04-08T11:33:48+00:00","twitter_card":"summary_large_image","twitter_misc":{"Arvioitu lukuaika":"2 minuuttia"},"schema":{"@context":"https:\/\/schema.org","@graph":[{"@type":"WebPage","@id":"https:\/\/leppavedenhankasalmenkalatalousalue.fi\/vatia\/luvat\/","url":"https:\/\/leppavedenhankasalmenkalatalousalue.fi\/vatia\/luvat\/","name":"Luvat - Vatian osakaskunta","isPartOf":{"@id":"https:\/\/leppavedenhankasalmenkalatalousalue.fi\/vatia\/#website"},"datePublished":"2024-03-29T10:31:19+00:00","dateModified":"2024-04-08T11:33:48+00:00","breadcrumb":{"@id":"https:\/\/leppavedenhankasalmenkalatalousalue.fi\/vatia\/luvat\/#breadcrumb"},"inLanguage":"fi","potentialAction":[{"@type":"ReadAction","target":["https:\/\/leppavedenhankasalmenkalatalousalue.fi\/vatia\/luvat\/"]}]},{"@type":"BreadcrumbList","@id":"https:\/\/leppavedenhankasalmenkalatalousalue.fi\/vatia\/luvat\/#breadcrumb","itemListElement":[{"@type":"ListItem","position":1,"name":"Home","item":"https:\/\/leppavedenhankasalmenkalatalousalue.fi\/vatia\/"},{"@type":"ListItem","position":2,"name":"Luvat"}]},{"@type":"WebSite","@id":"https:\/\/leppavedenhankasalmenkalatalousalue.fi\/vatia\/#website","url":"https:\/\/leppavedenhankasalmenkalatalousalue.fi\/vatia\/","name":"Vatian osakaskunta","description":"","potentialAction":[{"@type":"SearchAction","target":{"@type":"EntryPoint","urlTemplate":"https:\/\/leppavedenhankasalmenkalatalousalue.fi\/vatia\/?s={search_term_string}"},"query-input":{"@type":"PropertyValueSpecification","valueRequired":true,"valueName":"search_term_string"}}],"inLanguage":"fi"}]}},"_links":{"self":[{"href":"https:\/\/leppavedenhankasalmenkalatalousalue.fi\/vatia\/wp-json\/wp\/v2\/pages\/45","targetHints":{"allow":["GET"]}}],"collection":[{"href":"https:\/\/leppavedenhankasalmenkalatalousalue.fi\/vatia\/wp-json\/wp\/v2\/pages"}],"about":[{"href":"https:\/\/leppavedenhankasalmenkalatalousalue.fi\/vatia\/wp-json\/wp\/v2\/types\/page"}],"author":[{"embeddable":true,"href":"https:\/\/leppavedenhankasalmenkalatalousalue.fi\/vatia\/wp-json\/wp\/v2\/users\/51"}],"replies":[{"embeddable":true,"href":"https:\/\/leppavedenhankasalmenkalatalousalue.fi\/vatia\/wp-json\/wp\/v2\/comments?post=45"}],"version-history":[{"count":9,"href":"https:\/\/leppavedenhankasalmenkalatalousalue.fi\/vatia\/wp-json\/wp\/v2\/pages\/45\/revisions"}],"predecessor-version":[{"id":386,"href":"https:\/\/leppavedenhankasalmenkalatalousalue.fi\/vatia\/wp-json\/wp\/v2\/pages\/45\/revisions\/386"}],"wp:attachment":[{"href":"https:\/\/leppavedenhankasalmenkalatalousalue.fi\/vatia\/wp-json\/wp\/v2\/media?parent=45"}],"curies":[{"name":"wp","href":"https:\/\/api.w.org\/{rel}","templated":true}]}}